{"id":111358,"date":"2019-01-16T11:04:52","date_gmt":"2019-01-16T10:04:52","guid":{"rendered":"https:\/\/gsara.tv\/charleroi\/?page_id=111358"},"modified":"2019-02-04T15:12:09","modified_gmt":"2019-02-04T14:12:09","slug":"2-module-rate-me","status":"publish","type":"page","link":"https:\/\/gsara.tv\/charleroi\/ateliers\/2-module-rate-me\/","title":{"rendered":"2. Module Rate Me"},"content":{"rendered":"<h2>Enjeux<\/h2>\n<p>Nous le constatons chaque jours sur le terrain, le citoyen lambda face \u00e0 son mur Facebook ne sait plus \u00e0 qui se fier. Le pire y c\u00f4toie le meilleur et c\u2019est un algorithme qui nous y sert la soupe sans que l\u2019on puisse savoir comment, pourquoi et si il y a des \u00e9pices. Et qui a pay\u00e9 pour les y mettre.<\/p>\n<p>Le changement de paradigme <strong>de l\u2019\u00e8re de l\u2019information \u00e0 l\u2019\u00e8re de la r\u00e9putation<\/strong> doit \u00eatre pris en compte lorsque nous essayons de nous d\u00e9fendre contre les \u00ab&nbsp;fausses nouvelles&nbsp;\u00bb et d\u2019autres techniques de m\u00e9sinformation et de d\u00e9sinformation qui prolif\u00e8rent dans les soci\u00e9t\u00e9s contemporaines.<\/p>\n<h2><img data-attachment-id=\"111289\" data-permalink=\"https:\/\/gsara.tv\/charleroi\/rate-me-atelier-de-reflexions-et-dexpression-sur-les-enjeux-lies-aux-nouvelles-technologies-2018\/rating\/\" data-orig-file=\"https:\/\/gsara.tv\/charleroi\/wp-content\/uploads\/2018\/08\/rating.jpg\" data-orig-size=\"160,160\" data-comments-opened=\"0\" data-image-meta=\"{&quot;aperture&quot;:&quot;0&quot;,&quot;credit&quot;:&quot;&quot;,&quot;camera&quot;:&quot;&quot;,&quot;caption&quot;:&quot;&quot;,&quot;created_timestamp&quot;:&quot;0&quot;,&quot;copyright&quot;:&quot;&quot;,&quot;focal_length&quot;:&quot;0&quot;,&quot;iso&quot;:&quot;0&quot;,&quot;shutter_speed&quot;:&quot;0&quot;,&quot;title&quot;:&quot;&quot;,&quot;orientation&quot;:&quot;0&quot;}\" data-image-title=\"rating\" data-image-description=\"\" data-image-caption=\"\" data-medium-file=\"https:\/\/gsara.tv\/charleroi\/wp-content\/uploads\/2018\/08\/rating.jpg\" data-large-file=\"https:\/\/gsara.tv\/charleroi\/wp-content\/uploads\/2018\/08\/rating.jpg\" decoding=\"async\" loading=\"lazy\" class=\"size-full wp-image-111289 alignleft\" src=\"https:\/\/gsara.tv\/charleroi\/wp-content\/uploads\/2018\/08\/rating.jpg\" alt=\"\" width=\"160\" height=\"160\" srcset=\"https:\/\/gsara.tv\/charleroi\/wp-content\/uploads\/2018\/08\/rating.jpg 160w, https:\/\/gsara.tv\/charleroi\/wp-content\/uploads\/2018\/08\/rating-150x150.jpg 150w, https:\/\/gsara.tv\/charleroi\/wp-content\/uploads\/2018\/08\/rating-144x144.jpg 144w\" sizes=\"(max-width: 160px) 100vw, 160px\" \/><\/h2>\n<p>\u00c0 l\u2019\u00e8re de la r\u00e9putation, nos \u00e9valuations critiques ne devraient pas tant porter sur le contenu de l\u2019information, mais plut\u00f4t sur le r\u00e9seau social des relations qui a fa\u00e7onn\u00e9 ce contenu et lui a donn\u00e9 un certain&nbsp; \u00ab\u00a0rang\u00a0\u00bb m\u00e9rit\u00e9 ou non m\u00e9rit\u00e9 dans notre syst\u00e8me de connaissances.<\/p>\n<p><strong>La valeur d\u2019une information, d\u2019une donn\u00e9e, ne r\u00e9side plus tant dans son contenu que par son contexte, par les filtres par lesquels elle est pass\u00e9e&nbsp;: qui l\u2019a post\u00e9e&nbsp;? o\u00f9&nbsp;?, qui l\u2019a v\u00e9rifi\u00e9e&nbsp;?, qui la re-publi\u00e9e&nbsp;?, y-a-t-il de l\u2019argent autour de la publication&nbsp;?, quels \u00e9taient les groupes cibl\u00e9s par la publications initiale&nbsp;?, \u2026.&nbsp; <\/strong>C\u2019est le genre de facteur qu\u2019utilise Facebook pour trier les contenus qu\u2019il nous adresse\u2026. Plus une info passe de filtres, plus elle doit avoir de la valeur. Plus le contexte dans laquelle elle nait est d\u00e9taill\u00e9, plus elle est valable. (reste \u00e0 savoir pour quel destinataire &#8230;)<\/p>\n<p>Et il en est ainsi pour bon nombre de choses&nbsp;;<strong> la r\u00e9putation prime.<\/strong> Comment choisissons-nous dor\u00e9navant un restaurant, un film, un h\u00f4tel, \u2026&nbsp;? Nous regardons les petites \u00e9toiles qui indiquent combien de personnes ont vot\u00e9 et quelle note sut cinq a \u00e9t\u00e9 attribu\u00e9e \u00e0 la chose. Certain syst\u00e8mes complexes reposent enti\u00e8rement sur ces \u00e9valuations ( Ebay, Ali-baba, et bient\u00f4t la Chine enti\u00e8re).<\/p>\n<p><img data-attachment-id=\"111311\" data-permalink=\"https:\/\/gsara.tv\/charleroi\/rate-me-atelier-de-reflexions-et-dexpression-sur-les-enjeux-lies-aux-nouvelles-technologies-2018\/stats\/\" data-orig-file=\"https:\/\/gsara.tv\/charleroi\/wp-content\/uploads\/2018\/08\/stats.gif\" data-orig-size=\"800,400\" data-comments-opened=\"0\" data-image-meta=\"{&quot;aperture&quot;:&quot;0&quot;,&quot;credit&quot;:&quot;&quot;,&quot;camera&quot;:&quot;&quot;,&quot;caption&quot;:&quot;&quot;,&quot;created_timestamp&quot;:&quot;0&quot;,&quot;copyright&quot;:&quot;&quot;,&quot;focal_length&quot;:&quot;0&quot;,&quot;iso&quot;:&quot;0&quot;,&quot;shutter_speed&quot;:&quot;0&quot;,&quot;title&quot;:&quot;&quot;,&quot;orientation&quot;:&quot;0&quot;}\" data-image-title=\"stats\" data-image-description=\"\" data-image-caption=\"\" data-medium-file=\"https:\/\/gsara.tv\/charleroi\/wp-content\/uploads\/2018\/08\/stats-300x150.gif\" data-large-file=\"https:\/\/gsara.tv\/charleroi\/wp-content\/uploads\/2018\/08\/stats.gif\" decoding=\"async\" loading=\"lazy\" class=\"aligncenter wp-image-111311\" src=\"https:\/\/gsara.tv\/charleroi\/wp-content\/uploads\/2018\/08\/stats.gif\" alt=\"\" width=\"692\" height=\"346\"><\/p>\n<p>&nbsp;<\/p>\n<p>Au-del\u00e0 de la sph\u00e8re informative ou \u00e9conomique, c\u2019est tout un mod\u00e8le de consommation et de soci\u00e9t\u00e9 qui se met en place. A travers la <strong>quantification massive de nos relations<\/strong> (sociales, \u00e9conomiques, politiques, \u2026) et via des appareils sans cesse plus nombreux et \u00ab\u00a0intelligents\u00a0\u00bb (cam\u00e9ra, voitures, frigo, t\u00e9l\u00e9phones, banques, etc.) nous mettons doucement en place un soci\u00e9t\u00e9 qui sanctuarise le vote personnel ( et plus seulement celui des journalistes, d\u00e9cideurs et autres VIP\u2019s influenceurs d&rsquo;autrefois) et promet ainsi <strong>une soci\u00e9t\u00e9 algorithmique en apparence d\u00e9mocratique.<\/strong> Mais tout cela repose sur des syst\u00e8mes, des technologies qui n\u2019ont rien de neutres.<\/p>\n<h2><img data-attachment-id=\"111431\" data-permalink=\"https:\/\/gsara.tv\/charleroi\/ateliers\/2-module-rate-me\/bandetechno1-2\/\" data-orig-file=\"https:\/\/gsara.tv\/charleroi\/wp-content\/uploads\/2019\/02\/bandetechno1.png\" data-orig-size=\"6131,754\" data-comments-opened=\"0\" data-image-meta=\"{&quot;aperture&quot;:&quot;0&quot;,&quot;credit&quot;:&quot;&quot;,&quot;camera&quot;:&quot;&quot;,&quot;caption&quot;:&quot;&quot;,&quot;created_timestamp&quot;:&quot;0&quot;,&quot;copyright&quot;:&quot;&quot;,&quot;focal_length&quot;:&quot;0&quot;,&quot;iso&quot;:&quot;0&quot;,&quot;shutter_speed&quot;:&quot;0&quot;,&quot;title&quot;:&quot;&quot;,&quot;orientation&quot;:&quot;0&quot;}\" data-image-title=\"bandetechno[1]\" data-image-description=\"\" data-image-caption=\"\" data-medium-file=\"https:\/\/gsara.tv\/charleroi\/wp-content\/uploads\/2019\/02\/bandetechno1-300x37.png\" data-large-file=\"https:\/\/gsara.tv\/charleroi\/wp-content\/uploads\/2019\/02\/bandetechno1-1024x126.png\" decoding=\"async\" loading=\"lazy\" class=\"aligncenter size-large wp-image-111431\" src=\"https:\/\/gsara.tv\/charleroi\/wp-content\/uploads\/2019\/02\/bandetechno1-1024x126.png\" alt=\"\" width=\"678\" height=\"83\" srcset=\"https:\/\/gsara.tv\/charleroi\/wp-content\/uploads\/2019\/02\/bandetechno1-1024x126.png 1024w, https:\/\/gsara.tv\/charleroi\/wp-content\/uploads\/2019\/02\/bandetechno1-300x37.png 300w, https:\/\/gsara.tv\/charleroi\/wp-content\/uploads\/2019\/02\/bandetechno1-768x94.png 768w\" sizes=\"(max-width: 678px) 100vw, 678px\" \/><\/h2>\n<p>&nbsp;<\/p>\n<p style=\"text-align: center;\"><span style=\"color: #3366ff;\"><strong><em>Internet \/ le cloud \/ l\u2019Intelligence Artificielle \/ L\u2019Internet des Objets \/ la robotique \/ la domotiques \/ la blockchain \/ les cryptomonnaies \/ le peer2peer \/ le machine learning \/ <\/em>\u2026 <\/strong><\/span><\/p>\n<p><strong>Autant de technologies \u00e9mergentes qui promettent de transformer le monde pour le meilleur ou \u2026..<\/strong><\/p>\n<p>&nbsp;<\/p>\n<p>Ces \u2018progr\u00e8s\u2019 technologiques, les innovations d\u00e9ploy\u00e9es \u00e0 l\u2019\u00e9chelle d\u2019une commune, d\u2019une r\u00e9gion ou d\u2019un pays devraient faire l\u2019objet de d\u00e9bats publics. C\u2019est rarement le cas.&nbsp; Les vrais enjeux d\u00e9mocratiques qui se cachent derri\u00e8re ces technologies sont souvent ignor\u00e9s ou intentionnellement mis sous le tapis (pensons juste \u00e0 Internet \u2026)<\/p>\n<p>Le Gsara-Charleroi a donc entam\u00e9 des animations de r\u00e9flexion et d\u2019expression autour de ces enjeux hautement politiques. Faisant \u0153uvre de vulgarisateurs techniques, les animateurs d\u00e9battent de grandes questions pos\u00e9es par les technologies cit\u00e9es plus haut. Ils tentent de pousser les participants \u00e0 se positionner et \u00e0 expliquer leur choix. (<a href=\"https:\/\/www.gsara.tv\/charleroi\/sites_d_ateliers\/rateme\/\">voir le r\u00e9sultat <\/a>de notre premier groupe \u00ab&nbsp;<a href=\"https:\/\/www.gsara.tv\/charleroi\/sites_d_ateliers\/rateme\/\">Rate Me<\/a>&nbsp;\u00bb)<\/p>\n<p>Nous ne pouvons ici qu\u2019insister sur l\u2019importance de l\u2019enjeu politique global qui sous-tend ce type d\u2019\u00e9ducation aux m\u00e9dias&nbsp;: transmettre aux citoyens la culture et les moyens de comprendre le monde digital qui se construit avec, en ligne de mire, la participation \u00e0 une gouvernance algorithmique sans doute in\u00e9luctable\u2026. ( article&nbsp;: <a href=\"https:\/\/siecledigital.fr\/2018\/09\/04\/gouvernement-algorithmique-vers-la-fin-du-politique\/\">https:\/\/siecledigital.fr\/2018\/09\/04\/gouvernement-algorithmique-vers-la-fin-du-politique\/<\/a> )<\/p>\n<p><img data-attachment-id=\"111389\" data-permalink=\"https:\/\/gsara.tv\/charleroi\/ateliers\/2-module-rate-me\/11-17-ftbotsman__03\/\" data-orig-file=\"https:\/\/gsara.tv\/charleroi\/wp-content\/uploads\/2019\/01\/11-17-FTbotsman__03.jpg\" data-orig-size=\"1620,1080\" data-comments-opened=\"0\" data-image-meta=\"{&quot;aperture&quot;:&quot;0&quot;,&quot;credit&quot;:&quot;&quot;,&quot;camera&quot;:&quot;&quot;,&quot;caption&quot;:&quot;&quot;,&quot;created_timestamp&quot;:&quot;0&quot;,&quot;copyright&quot;:&quot;&quot;,&quot;focal_length&quot;:&quot;0&quot;,&quot;iso&quot;:&quot;0&quot;,&quot;shutter_speed&quot;:&quot;0&quot;,&quot;title&quot;:&quot;&quot;,&quot;orientation&quot;:&quot;0&quot;}\" data-image-title=\"11-17-FTbotsman__03\" data-image-description=\"\" data-image-caption=\"\" data-medium-file=\"https:\/\/gsara.tv\/charleroi\/wp-content\/uploads\/2019\/01\/11-17-FTbotsman__03-300x200.jpg\" data-large-file=\"https:\/\/gsara.tv\/charleroi\/wp-content\/uploads\/2019\/01\/11-17-FTbotsman__03-1024x683.jpg\" decoding=\"async\" loading=\"lazy\" class=\"aligncenter size-large wp-image-111389\" src=\"https:\/\/gsara.tv\/charleroi\/wp-content\/uploads\/2019\/01\/11-17-FTbotsman__03-1024x683.jpg\" alt=\"\" width=\"678\" height=\"452\" srcset=\"https:\/\/gsara.tv\/charleroi\/wp-content\/uploads\/2019\/01\/11-17-FTbotsman__03-1024x683.jpg 1024w, https:\/\/gsara.tv\/charleroi\/wp-content\/uploads\/2019\/01\/11-17-FTbotsman__03-300x200.jpg 300w, https:\/\/gsara.tv\/charleroi\/wp-content\/uploads\/2019\/01\/11-17-FTbotsman__03-768x512.jpg 768w, https:\/\/gsara.tv\/charleroi\/wp-content\/uploads\/2019\/01\/11-17-FTbotsman__03.jpg 1620w\" sizes=\"(max-width: 678px) 100vw, 678px\" \/><\/p>\n<p><strong>\u00c9tapes d&rsquo;animation<\/strong><\/p>\n<p>A l\u2019int\u00e9rieur du groupe, nous mettons en place un module exp\u00e9rimental de notations sur cinq \u00e9toiles. On se met \u00e0 noter une multitudes de choses ( les personnes, les relations avec les personnes, l\u2019animateur, la qualit\u00e9 du repas, l\u2019int\u00e9r\u00eat de la pause-clope, l\u2019int\u00e9r\u00eat d\u2019une plateforme web, les commerces de l\u2019entit\u00e9, \u2026)<\/p>\n<p>A la fin de l\u2019animation, on se retrouve avec un jeu de donn\u00e9es assez int\u00e9ressantes. Et un classement des participants, bien entendu. Cela \u00e9claire sur les syst\u00e8mes politiques, les relations personnelles, les dynamiques collectives, \u2026.&nbsp;&nbsp; Mais aussi un historique des votes et des comportements \u00e9lectoraux par personne ou pour le groupe entier, on peut noter des choses sur un territoire (des commerces, par exemple), des choses qui concernent Internet,..<\/p>\n<p>Chaque groupe \u00e0 ses sp\u00e9cificit\u00e9s et ses contraintes et nos programmes sont adaptables. Mais voici un programme tr\u00e8s charg\u00e9 propos\u00e9 pour une animation \u00ab\u00a0Rate-me\u00a0\u00bb r\u00e9partie sur cinq jours complets, une vingtaine d&rsquo;heures.<\/p>\n<p>&nbsp;<\/p>\n<p style=\"padding-left: 60px;\">J1&nbsp;:<\/p>\n<p style=\"padding-left: 60px;\">&nbsp;&#8211; Parler du projet de contr\u00f4le social chinois. (sesame credits)<\/p>\n<p style=\"padding-left: 60px;\">&#8211; Vision d\u2019un \u00e9pisode de la s\u00e9rie Black Mirror (S03E01)<\/p>\n<p style=\"padding-left: 60px;\">&#8211; exercice de cotation personnelle et de groupe. ( \u00e9valuation \u00e0 chaud \/ \u00e0 froid \/ obligatoire \/ volontaire \/ \u2026)<\/p>\n<p style=\"padding-left: 60px;\">&#8211; Discussion sur les crit\u00e8res de quotation<\/p>\n<p style=\"padding-left: 60px;\">-Discussion sur les habitudes online des participants<\/p>\n<p style=\"padding-left: 60px;\">J2&nbsp;:<\/p>\n<p style=\"padding-left: 60px;\">-\u00e9criture de notre algorithme de quotation.<\/p>\n<p style=\"padding-left: 60px;\">&#8211; Reconnaissance sur Google Maps puis balade dans la commune<\/p>\n<p style=\"padding-left: 60px;\">\u2013 Notation de plusieurs \u00e9tablissements commerciaux du quartier (sur Trip Advisor, Google, etc)<\/p>\n<p style=\"padding-left: 60px;\">J3&nbsp;:<\/p>\n<p style=\"padding-left: 60px;\">&#8211; r\u00e9alisation du travail choisi, encaissement de l\u2019argent, quotation de l\u2019employeur et d\u00e9pense du salaire sur un site de commerce&nbsp;;<\/p>\n<p style=\"padding-left: 60px;\">-Quotation du vendeur, quotation de la transaction.&nbsp;<\/p>\n<p style=\"padding-left: 60px;\">S\u2019il reste du temps, nous-nous int\u00e9resserons aux bots et\/ou \u00e0 la blockchain.<\/p>\n<p style=\"padding-left: 60px;\">J4&nbsp;:<\/p>\n<p style=\"padding-left: 60px;\">-Facebook, fake news, fact chacking etc \u2026<\/p>\n<p style=\"padding-left: 60px;\">&#8211; le r\u00f4le du journaliste dans les d\u00e9mocraties occidentales<\/p>\n<p style=\"padding-left: 60px;\">&#8211; quels contre-pouvoir en action dans le monde digital&nbsp;?<\/p>\n<p style=\"padding-left: 60px;\">&#8211; essai d\u2019\u00e9criture d\u2019un algorithme de cotation \u00ab&nbsp;subversif&nbsp;\u00bb<\/p>\n<p style=\"padding-left: 60px;\">J5&nbsp;:<\/p>\n<p style=\"padding-left: 60px;\">&#8211; Inscription sur&nbsp; credo360, cr\u00e9ation d\u2019un personnage virtuel d\u2019exp\u00e9rimentation (paypal etc \u2026).<\/p>\n<p style=\"padding-left: 60px;\">-Discussion sur les plateformes de services et sur les ph\u00e9nom\u00e8nes d\u2019 \u00ab&nbsp;uberisation&nbsp;\u00bb en cours aujourd\u2019hui.<\/p>\n<p style=\"padding-left: 60px;\">&nbsp;-Recherche de travail en micro t\u00e2che sur reddit \/ Mechanical Turk \/ codeur.com \/&nbsp; \u2026.<\/p>\n<p>&nbsp;<\/p>\n<p>Voir \u00e9galement : <a href=\"https:\/\/www.gsara.tv\/charleroi\/sites_d_ateliers\/rateme\/\">https:\/\/www.gsara.tv\/charleroi\/sites_d_ateliers\/rateme\/<\/a><\/p>\n<p>&nbsp;<\/p>\n","protected":false},"excerpt":{"rendered":"<p>Enjeux Nous le constatons chaque jours sur le terrain, le citoyen lambda face \u00e0 son mur Facebook ne sait plus \u00e0 qui se fier. Le pire y c\u00f4toie le meilleur et c\u2019est un algorithme qui nous y sert la soupe sans que l\u2019on puisse savoir comment, pourquoi et si il y a des \u00e9pices. Et [&hellip;]<\/p>\n","protected":false},"author":2,"featured_media":111389,"parent":33,"menu_order":1,"comment_status":"closed","ping_status":"closed","template":"","meta":{"ngg_post_thumbnail":0},"jetpack_sharing_enabled":true,"_links":{"self":[{"href":"https:\/\/gsara.tv\/charleroi\/wp-json\/wp\/v2\/pages\/111358"}],"collection":[{"href":"https:\/\/gsara.tv\/charleroi\/wp-json\/wp\/v2\/pages"}],"about":[{"href":"https:\/\/gsara.tv\/charleroi\/wp-json\/wp\/v2\/types\/page"}],"author":[{"embeddable":true,"href":"https:\/\/gsara.tv\/charleroi\/wp-json\/wp\/v2\/users\/2"}],"replies":[{"embeddable":true,"href":"https:\/\/gsara.tv\/charleroi\/wp-json\/wp\/v2\/comments?post=111358"}],"version-history":[{"count":11,"href":"https:\/\/gsara.tv\/charleroi\/wp-json\/wp\/v2\/pages\/111358\/revisions"}],"predecessor-version":[{"id":111432,"href":"https:\/\/gsara.tv\/charleroi\/wp-json\/wp\/v2\/pages\/111358\/revisions\/111432"}],"up":[{"embeddable":true,"href":"https:\/\/gsara.tv\/charleroi\/wp-json\/wp\/v2\/pages\/33"}],"wp:featuredmedia":[{"embeddable":true,"href":"https:\/\/gsara.tv\/charleroi\/wp-json\/wp\/v2\/media\/111389"}],"wp:attachment":[{"href":"https:\/\/gsara.tv\/charleroi\/wp-json\/wp\/v2\/media?parent=111358"}],"curies":[{"name":"wp","href":"https:\/\/api.w.org\/{rel}","templated":true}]}}