{"id":13,"date":"2012-10-11T09:33:15","date_gmt":"2012-10-11T08:33:15","guid":{"rendered":"http:\/\/gsara.tv\/charleroi\/?page_id=13"},"modified":"2020-04-16T09:57:18","modified_gmt":"2020-04-16T08:57:18","slug":"contacts","status":"publish","type":"page","link":"https:\/\/gsara.tv\/charleroi\/contacts\/","title":{"rendered":"Contacts"},"content":{"rendered":"\n<p style=\"font-size:18px\">Une proposition ? Envie d&rsquo;un atelier ou de participer ? <br>N\u2019h\u00e9sitez pas \u00e0 nous \u00e9crire ou nous appeler. <br>Nous sommes ouverts du lundi au vendredi de 9h \u00e0 17h.<\/p>\n\n\n\n<h5><strong>NOS COORDONN\u00c9ES <br><\/strong><\/h5>\n\n\n\n<p style=\"font-size:18px\">charleroi@gsara.be <br>071\/65 19 45<\/p>\n\n\n\n<p style=\"font-size:18px\">&#8211; <br>GSARA Charleroi<br>Rue de Montigny, 39 &#8211; 6000 Charleroi<\/p>\n\n\n\n<p><a rel=\"noreferrer noopener\" href=\"http:\/\/maps.google.be\/maps?f=q&amp;source=embed&amp;hl=fr&amp;geocode=&amp;q=Rue+de+Montigny+39+%C3%A0+6000+Charleroi&amp;aq=&amp;sll=50.640752,4.375305&amp;sspn=0.968463,2.705383&amp;ie=UTF8&amp;hq=&amp;hnear=Rue+de+Montigny+39,+Charleroi+6000+Charleroi,+Hainaut,+R%C3%A9gion+wallonne&amp;t=m&amp;z=14&amp;iwloc=A\" target=\"_blank\">Voir sur la carte<\/a><\/p>\n\n\n\n<p>&#8211;<\/p>\n\n\n\n<h5><strong>RESPONSABLE<br><\/strong><\/h5>\n\n\n\n<p style=\"font-size:18px\">\nBernard Fostier &#8211; bernard.fostier@gsara.be\n&nbsp;\n<\/p>\n\n\n\n<h5><strong>ANIMATEURS<br><\/strong><\/h5>\n\n\n\n<p style=\"font-size:18px\"> Jer\u00f4me Noel &#8211; jerome.noel@gsara.be \u00a0 <br>L\u00e9andre Nicola\u00ef &#8211; leandre.nicolai@gsara.be \u00a0 <br>Victoire Delignies &#8211; victoire.delignies@gsara.be <\/p>\n\n\n\n<p><strong>SUIVEZ-NOUS<\/strong><\/p>\n\n\n\n<p><a href=\"https:\/\/www.facebook.com\/Gsara.charle\/?ref=search&amp;__tn__=%2Cd%2CP-R&amp;eid=ARBRPD7ARr3YG0YzNxSHFWfahklrozq40A1itEfY7wi8Q1NDjxhk9v4G1zaBh0UcYQcN7DGB-03Xpum0\">Facebook<\/a> &#8211; <a href=\"https:\/\/soundcloud.com\/you\/library\">Soundcloud<\/a> &#8211; <a href=\"https:\/\/www.youtube.com\/channel\/UCkv7DENvFtCDgMCyvQZ7GVA\/videos?view_as=subscriber\">Youtube<\/a> &#8211; <a href=\"https:\/\/www.instagram.com\/gsara.asbl\/\">Instagram<\/a> <\/p>\n","protected":false},"excerpt":{"rendered":"<p>Une proposition ? Envie d&rsquo;un atelier ou de participer ? N\u2019h\u00e9sitez pas \u00e0 nous \u00e9crire ou nous appeler. Nous sommes ouverts du lundi au vendredi de 9h \u00e0 17h. NOS COORDONN\u00c9ES charleroi@gsara.be 071\/65 19 45 &#8211; GSARA CharleroiRue de Montigny, 39 &#8211; 6000 Charleroi Voir sur la carte &#8211; RESPONSABLE Bernard Fostier &#8211; bernard.fostier@gsara.be &nbsp; [&hellip;]<\/p>\n","protected":false},"author":2,"featured_media":0,"parent":0,"menu_order":0,"comment_status":"closed","ping_status":"open","template":"","meta":{"ngg_post_thumbnail":0},"jetpack_sharing_enabled":true,"_links":{"self":[{"href":"https:\/\/gsara.tv\/charleroi\/wp-json\/wp\/v2\/pages\/13"}],"collection":[{"href":"https:\/\/gsara.tv\/charleroi\/wp-json\/wp\/v2\/pages"}],"about":[{"href":"https:\/\/gsara.tv\/charleroi\/wp-json\/wp\/v2\/types\/page"}],"author":[{"embeddable":true,"href":"https:\/\/gsara.tv\/charleroi\/wp-json\/wp\/v2\/users\/2"}],"replies":[{"embeddable":true,"href":"https:\/\/gsara.tv\/charleroi\/wp-json\/wp\/v2\/comments?post=13"}],"version-history":[{"count":51,"href":"https:\/\/gsara.tv\/charleroi\/wp-json\/wp\/v2\/pages\/13\/revisions"}],"predecessor-version":[{"id":113220,"href":"https:\/\/gsara.tv\/charleroi\/wp-json\/wp\/v2\/pages\/13\/revisions\/113220"}],"wp:attachment":[{"href":"https:\/\/gsara.tv\/charleroi\/wp-json\/wp\/v2\/media?parent=13"}],"curies":[{"name":"wp","href":"https:\/\/api.w.org\/{rel}","templated":true}]}}