{"id":2,"date":"2012-04-04T09:48:26","date_gmt":"2012-04-04T09:48:26","guid":{"rendered":"http:\/\/gsara.tv\/charleroi\/?page_id=2"},"modified":"2020-04-09T11:40:22","modified_gmt":"2020-04-09T10:40:22","slug":"page-d-exemple","status":"publish","type":"page","link":"https:\/\/gsara.tv\/charleroi\/page-d-exemple\/","title":{"rendered":"\u00c0 Propos"},"content":{"rendered":"\n<p style=\"font-size:18px\">Situ\u00e9e en plein c\u0153ur de la ville ouvri\u00e8re, le GSARA-Charleroi organise des <strong>ateliers audiovisuels et multim\u00e9dia<\/strong>. \u00c0 travers des activit\u00e9s\u00a0 autour de l&rsquo;outil audiovisuel, nous proposons de r\u00e9fl\u00e9chir sur notre place dans le monde, dans cette soci\u00e9t\u00e9 &#8230;. <\/p>\n\n\n\n<p style=\"font-size:18px\">Nous voulons encourager les participants \u00e0 se lancer dans une action de production (radio, vid\u00e9o, web, crossmedia, &#8230; il n&rsquo;y a pas de limite \u00e0 l&rsquo;imagination&#8230;) et \u00e0 d\u00e9livrer un message collectif dans l&rsquo;espace public.<\/p>\n\n\n\n<p>***<\/p>\n\n\n\n<p style=\"font-size:18px\">Avec la digitalisation croissante de nombreux champs de la vie quotidienne (alimentation, s\u00e9curit\u00e9, travail, enseignement, divertissement, information), l&rsquo;analyse et l&rsquo;exercice des droits et devoirs du citoyen se trouvent chamboul\u00e9s, renouvel\u00e9s. <\/p>\n\n\n\n<p style=\"font-size:18px\">La r\u00e9gionale Gsara-Charleroi se donne donc \u00e9galement pour mission de d\u00e9fricher ces questions li\u00e9es \u00e0 l&rsquo;utilisation massive des nouvelles technologies. \u00c9changer, l\u00e9gif\u00e9rer, gouverner ne s&rsquo;imaginent d\u00e9j\u00e0 plus sans passer par des syst\u00e8mes complexes informatiques.<\/p>\n\n\n\n<p style=\"font-size:18px\">Alors, pour nous, pour nos publics, pour les citoyens et pour les institutions vont se re-poser les questions d\u2019analyse critique de la soci\u00e9t\u00e9 et des relations qui la structurent.\u00a0 Au travers de l&rsquo;\u00e9ducation aux m\u00e9dias distill\u00e9es au cours de nos ateliers, ce sont ces questions que nous voulons investiguer<strong>.<\/strong> La r\u00e9gionale de Charleroi d\u00e9veloppe toute ces actions dans le champ de l\u2019<a href=\"https:\/\/www.google.com\/url?sa=t&amp;rct=j&amp;q=&amp;esrc=s&amp;source=web&amp;cd=1&amp;cad=rja&amp;uact=8&amp;ved=2ahUKEwjH0pSLs_7nAhXOC-wKHbweCu0QFjAAegQIAxAB&amp;url=http%3A%2F%2Fwww.educationpermanente.cfwb.be%2F&amp;usg=AOvVaw34GRK1IzYgDsfTAjKPZ8mD\">\u00e9ducation permanente<\/a>. <\/p>\n\n\n\n<blockquote class=\"wp-block-quote is-style-large\"><p>\u00ab\u00a0Vous avez plus de 16 ans, vous \u00eates en groupe ou vous \u00eates pr\u00eat \u00e0 participer \u00e0 un projet collectif ?\u00a0 Vous avez envie de faire passer un message, d&rsquo;exprimer un point de vue, de crier \u00e0 la face du monde ?\u00a0\u00bb <\/p><\/blockquote>\n\n\n\n<h5>Contactez-nous <\/h5>\n\n\n\n<p>0 71\/65.19.45 <br>***<br>Gsara-Charleroi<br>39, rue de Montigny<br>6000 Charleroi \u00a0<\/p>\n\n\n\n<h5>Responsable r\u00e9gional : <\/h5>\n\n\n\n<p>bernard.fostier@gsara.be \u00a0<\/p>\n\n\n\n<h5> Animateurs :<\/h5>\n\n\n\n<p>jerome.noel@gsara.be<\/p>\n\n\n\n<p> leandre.nicolai@gsara.be <\/p>\n\n\n\n<p>victoire.delignies@gsara.be \u00a0<\/p>\n\n\n\n<div class=\"wp-block-image\"><figure class=\"aligncenter is-resized\"><img data-attachment-id=\"11\" data-permalink=\"https:\/\/gsara.tv\/charleroi\/page-d-exemple\/archives2\/\" data-orig-file=\"https:\/\/gsara.tv\/charleroi\/wp-content\/uploads\/2012\/04\/archives2.jpg\" data-orig-size=\"353,245\" data-comments-opened=\"1\" data-image-meta=\"{&quot;aperture&quot;:&quot;0&quot;,&quot;credit&quot;:&quot;&quot;,&quot;camera&quot;:&quot;&quot;,&quot;caption&quot;:&quot;&quot;,&quot;created_timestamp&quot;:&quot;0&quot;,&quot;copyright&quot;:&quot;&quot;,&quot;focal_length&quot;:&quot;0&quot;,&quot;iso&quot;:&quot;0&quot;,&quot;shutter_speed&quot;:&quot;0&quot;,&quot;title&quot;:&quot;&quot;}\" data-image-title=\"archives2\" data-image-description=\"\" data-image-caption=\"\" data-medium-file=\"https:\/\/gsara.tv\/charleroi\/wp-content\/uploads\/2012\/04\/archives2-300x208.jpg\" data-large-file=\"https:\/\/gsara.tv\/charleroi\/wp-content\/uploads\/2012\/04\/archives2.jpg\" decoding=\"async\" loading=\"lazy\" src=\"http:\/\/gsara.tv\/charleroi\/wp-content\/uploads\/2012\/04\/archives2.jpg\" alt=\"\" class=\"wp-image-11\" width=\"619\" height=\"430\" srcset=\"https:\/\/gsara.tv\/charleroi\/wp-content\/uploads\/2012\/04\/archives2.jpg 353w, https:\/\/gsara.tv\/charleroi\/wp-content\/uploads\/2012\/04\/archives2-300x208.jpg 300w\" sizes=\"(max-width: 619px) 100vw, 619px\" \/><\/figure><\/div>\n\n\n\n<p>Par ailleurs, la r\u00e9gionale abrite toujours les archives vid\u00e9os du GSARA, nous tentons actuellement de trouver les budgets n\u00e9cessaires \u00e0 la\u00a0 num\u00e9risation de ce patrimoine.<\/p>\n","protected":false},"excerpt":{"rendered":"<p>Situ\u00e9e en plein c\u0153ur de la ville ouvri\u00e8re, le GSARA-Charleroi organise des ateliers audiovisuels et multim\u00e9dia. \u00c0 travers des activit\u00e9s\u00a0 autour de l&rsquo;outil audiovisuel, nous proposons de r\u00e9fl\u00e9chir sur notre place dans le monde, dans cette soci\u00e9t\u00e9 &#8230;. Nous voulons encourager les participants \u00e0 se lancer dans une action de production (radio, vid\u00e9o, web, crossmedia, [&hellip;]<\/p>\n","protected":false},"author":2,"featured_media":0,"parent":0,"menu_order":0,"comment_status":"open","ping_status":"open","template":"","meta":{"ngg_post_thumbnail":0},"jetpack_sharing_enabled":true,"_links":{"self":[{"href":"https:\/\/gsara.tv\/charleroi\/wp-json\/wp\/v2\/pages\/2"}],"collection":[{"href":"https:\/\/gsara.tv\/charleroi\/wp-json\/wp\/v2\/pages"}],"about":[{"href":"https:\/\/gsara.tv\/charleroi\/wp-json\/wp\/v2\/types\/page"}],"author":[{"embeddable":true,"href":"https:\/\/gsara.tv\/charleroi\/wp-json\/wp\/v2\/users\/2"}],"replies":[{"embeddable":true,"href":"https:\/\/gsara.tv\/charleroi\/wp-json\/wp\/v2\/comments?post=2"}],"version-history":[{"count":14,"href":"https:\/\/gsara.tv\/charleroi\/wp-json\/wp\/v2\/pages\/2\/revisions"}],"predecessor-version":[{"id":113207,"href":"https:\/\/gsara.tv\/charleroi\/wp-json\/wp\/v2\/pages\/2\/revisions\/113207"}],"wp:attachment":[{"href":"https:\/\/gsara.tv\/charleroi\/wp-json\/wp\/v2\/media?parent=2"}],"curies":[{"name":"wp","href":"https:\/\/api.w.org\/{rel}","templated":true}]}}