{"id":35,"date":"2014-09-22T11:55:58","date_gmt":"2014-09-22T11:55:58","guid":{"rendered":"http:\/\/surveillonslesmedias.wordpress.com\/?page_id=35"},"modified":"2014-12-09T15:59:53","modified_gmt":"2014-12-09T14:59:53","slug":"clip","status":"publish","type":"page","link":"https:\/\/gsara.tv\/grandemesse\/?page_id=35","title":{"rendered":"Clip"},"content":{"rendered":"<p><iframe loading=\"lazy\" src=\"\/\/player.vimeo.com\/video\/106801667\" width=\"720\" height=\"405\" frameborder=\"0\" title=\"La grande messe m&eacute;diatique\" webkitallowfullscreen mozallowfullscreen allowfullscreen><\/iframe><\/p>\n<p><strong>Le pluralisme et l&rsquo;imagination, \u00e0 table !<\/strong><\/p>\n<p>Toute ressemblance avec des clips existants ou ayant exist\u00e9 ne saurait \u00eatre que&#8230; pr\u00e9m\u00e9dit\u00e9e. Le clip du Gsara s&rsquo;est en effet volontairement inspir\u00e9 du clip de sensibilisation de la F\u00e9d\u00e9ration Wallonie-Bruxelles (<a href=\"http:\/\/surveillezlatele.be\">surveillezlatele.be<\/a>) dans le but de prolonger la r\u00e9flexion et d&rsquo;inviter au d\u00e9bat sur la question de l&rsquo;uniformisation de l&rsquo;information.<\/p>\n","protected":false},"excerpt":{"rendered":"<p>Le pluralisme et l&rsquo;imagination, \u00e0 table ! Toute ressemblance avec des clips existants ou ayant exist\u00e9 ne saurait \u00eatre que&#8230; pr\u00e9m\u00e9dit\u00e9e. Le clip du Gsara s&rsquo;est en effet volontairement inspir\u00e9 du clip de sensibilisation de la F\u00e9d\u00e9ration Wallonie-Bruxelles (surveillezlatele.be) dans<\/p>\n","protected":false},"author":2,"featured_media":0,"parent":0,"menu_order":0,"comment_status":"open","ping_status":"open","template":"","meta":{"footnotes":""},"tags":[15,14,12,13,16],"_links":{"self":[{"href":"https:\/\/gsara.tv\/grandemesse\/index.php?rest_route=\/wp\/v2\/pages\/35"}],"collection":[{"href":"https:\/\/gsara.tv\/grandemesse\/index.php?rest_route=\/wp\/v2\/pages"}],"about":[{"href":"https:\/\/gsara.tv\/grandemesse\/index.php?rest_route=\/wp\/v2\/types\/page"}],"author":[{"embeddable":true,"href":"https:\/\/gsara.tv\/grandemesse\/index.php?rest_route=\/wp\/v2\/users\/2"}],"replies":[{"embeddable":true,"href":"https:\/\/gsara.tv\/grandemesse\/index.php?rest_route=%2Fwp%2Fv2%2Fcomments&post=35"}],"version-history":[{"count":8,"href":"https:\/\/gsara.tv\/grandemesse\/index.php?rest_route=\/wp\/v2\/pages\/35\/revisions"}],"predecessor-version":[{"id":345,"href":"https:\/\/gsara.tv\/grandemesse\/index.php?rest_route=\/wp\/v2\/pages\/35\/revisions\/345"}],"wp:attachment":[{"href":"https:\/\/gsara.tv\/grandemesse\/index.php?rest_route=%2Fwp%2Fv2%2Fmedia&parent=35"}],"wp:term":[{"taxonomy":"post_tag","embeddable":true,"href":"https:\/\/gsara.tv\/grandemesse\/index.php?rest_route=%2Fwp%2Fv2%2Ftags&post=35"}],"curies":[{"name":"wp","href":"https:\/\/api.w.org\/{rel}","templated":true}]}}