{"id":78,"date":"2022-09-01T11:33:27","date_gmt":"2022-09-01T09:33:27","guid":{"rendered":"https:\/\/gsara.tv\/campagne2022\/?page_id=78"},"modified":"2022-10-19T12:04:41","modified_gmt":"2022-10-19T10:04:41","slug":"edito","status":"publish","type":"page","link":"https:\/\/gsara.tv\/lenversdudecor\/edito\/","title":{"rendered":"\u00c9dito"},"content":{"rendered":"\n<p>Nous assistons \u00e0 une num\u00e9risation acc\u00e9l\u00e9r\u00e9e des services publics et d\u2019int\u00e9r\u00eat g\u00e9n\u00e9ral.<\/p>\n\n\n\n<p>Et pourtant aucun d\u00e9bat public n\u2019existe \u00e0 ce sujet. Pire, une absence quasi totale de prise en compte du corps social dans ce d\u00e9ploiement, si ce n&rsquo;est celle en bout de course, d&rsquo;ordre quasi anecdotique, qui intervient -au mieux- au moment des questions d\u2019ergonomie de telle application ou site web d\u00e9velopp\u00e9. Rarement voire jamais n\u2019est questionn\u00e9, en amont, le choix ou la pertinence de la num\u00e9risation de tel ou tel service.<\/p>\n\n\n\n<p>Parce que les effets de la num\u00e9risation d\u00e9passent de loin leurs simples usages techniques, nous ne nous int\u00e9resserons pas ici \u00e0 autre chose qu\u2019aux questions sociales, culturelles et politiques que ce ph\u00e9nom\u00e8ne impose.<\/p>\n\n\n\n<p>La num\u00e9risation est toujours pr\u00e9sent\u00e9e comme une facilitation de la vie du citoyen. Bien souvent pourtant, il en voit les effets contraires\u00a0: des d\u00e9marches plus compliqu\u00e9es, selon un formatage qui ne correspond ni \u00e0 ses besoins, ni \u00e0 ses capacit\u00e9s. A cet \u00e9gard, s&rsquo;il s&rsquo;agit aussi de lui permettre de d\u00e9velopper ces derni\u00e8res, nous avons aussi vu les limites de la chose lors de la <a href=\"https:\/\/gsara.tv\/fracturenumerique\/\" target=\"_blank\" rel=\"noreferrer noopener\">campagne pr\u00e9c\u00e9dente<\/a>, portant sur les in\u00e9galit\u00e9s socio-num\u00e9riques.<\/p>\n\n\n\n<p>Le second argument majeur qui accompagne ce mouvement est l\u2019\u00e9conomie de co\u00fbt r\u00e9alis\u00e9. Face \u00e0 la fermeture des guichets, souvent ce sont d\u2019autres acteurs de premi\u00e8re ligne qui reprennent le relais de l\u2019accompagnement, quand celui-ci n\u2019est pas le fait de canaux encore plus informels, plus invisibles encore. Ce sont eux, secteur associatif, proches, familles, qui, face \u00e0 la d\u00e9sh\u00e9rence de l\u2019\u00c9tat, permettent encore \u00e0 la machine de tenir, alors que le dernier barom\u00e8tre pour l\u2019inclusion num\u00e9rique montre que les personnes touch\u00e9es par la fracture num\u00e9rique sont en augmentation, d\u00e9passant la moiti\u00e9 de la population belge, tous \u00e2ges confondus.<\/p>\n\n\n\n<p>Parmi ces acteurs de premi\u00e8re ligne, toute une s\u00e9rie de m\u00e9tiers, de natures diff\u00e9rentes, des assistants sociaux aux animateurs des espaces publics num\u00e9riques en passant par les informaticiens publics. En plus d\u2019\u00eatre le plus souvent rel\u00e9gu\u00e9s \u00e0 entreprendre des d\u00e9marches administratives \u00ab&nbsp;\u00e0 la place de&nbsp;\u00bb, ils sont aussi de plus en plus souvent assujettis \u00e0 un financement via des appels \u00e0 projets. Au sentiment de d\u00e9classement professionnel s\u2019ajoute alors une pr\u00e9carisation de leur statut qui rend d\u2019autant plus fragile leur propre situation. Dans un m\u00eame mouvement, sont li\u00e9es pr\u00e9carisations individuelles et associatives. Se pose alors la question de savoir si les \u00e9conomies faites \u00e0 un endroit ne sont pas source d\u2019un d\u00e9ficit finalement plus grand encore.<\/p>\n\n\n\n<p>Si les politiques prescriptrices de la num\u00e9risation continuent d\u2019associer progr\u00e8s social et progr\u00e8s technique, il s\u2019agit de rendre enfin visible ses effets sur le terrain, o\u00f9 les cas de non-recours aux droits fondamentaux sont de plus en plus nombreux, contrairement aux mots entendus dans les discours sur la num\u00e9risation, promesses souvent vides de tout sens effectif.<\/p>\n\n\n\n<p>Nous l\u2019avons d\u00e9j\u00e0 dit. Insistons de nouveau&nbsp;: le paradoxe est de plus en plus criant. En m\u00eame temps que l\u2019\u00e9cart continue de se creuser entre les modalit\u00e9s actuelles de la num\u00e9risation du social d\u2019un c\u00f4t\u00e9, et les r\u00e9alit\u00e9s de terrain de l\u2019autre, o\u00f9 l\u2019on note sans ambigu\u00eft\u00e9 possible un accroissement des in\u00e9galit\u00e9s sociales, les politiques de num\u00e9risation continuent malgr\u00e9 tout d\u2019acc\u00e9l\u00e9rer dans le m\u00eame sens. C\u2019est pourquoi nous avons voulu travailler \u00e0 partir de ces deux points de d\u00e9part apparemment oppos\u00e9s, de les analyser au plus pr\u00e8s afin de mettre en lumi\u00e8re cet \u00e9cart.<\/p>\n\n\n\n<p>C\u2019est dans cette optique que nous sommes all\u00e9s interroger P\u00e9rine Brotcorne, co-autrice du Barom\u00e8tre de l\u2019inclusion num\u00e9rique, mais aussi co-autrice d\u2019\u00e9tudes sur les modalit\u00e9s de la num\u00e9risation au sein des services d\u2019int\u00e9r\u00eat g\u00e9n\u00e9ral.<\/p>\n\n\n\n<p>Ensuite, nous avons aussi voulu \u00e9clairer les cons\u00e9quences sur le terrain. Pour cela, nous avons suivi le travail de deux animateurs d\u2019EPN (espaces publics num\u00e9riques), \u00e0 partir duquel nous avons r\u00e9alis\u00e9 un podcast dont nous pr\u00e9sentons ici les deux premiers \u00e9pisodes.<\/p>\n\n\n\n<p>Enfin, nous avons tenu une s\u00e9rie d\u2019ateliers depuis le mois de juin, intitul\u00e9s \u00ab&nbsp;Reprendre la main face \u00e0 la digitalisation&nbsp;du monde \u00bb, qui a r\u00e9uni de nombreux collectifs, associations, citoyens et universitaires, et qui a permis, entre autres, de mesurer l\u2019\u00e9tendue des constats que chacun voit et vit localement. A cet \u00e9gard, une des conclusions a port\u00e9 sur le travail \u00e0 faire sur l\u2019ordonnance \u2018Bruxelles num\u00e9rique\u2019 en pr\u00e9paration \u00e0 la R\u00e9gion de Bruxelles-Capitale.<\/p>\n\n\n\n<p>Il ne fait pas de doute que nous sommes de plus en plus nombreux \u00e0 nous emparer de ces enjeux, qu\u2019il s\u2019agit de se r\u00e9approprier et de r\u00e9investir d\u2019un sens collectif, afin d\u2019imaginer et d\u2019arpenter ensemble de nouveaux chemins.<\/p>\n\n\n\n<p><\/p>\n","protected":false},"excerpt":{"rendered":"<p>Nous assistons \u00e0 une num\u00e9risation acc\u00e9l\u00e9r\u00e9e des services publics et d\u2019int\u00e9r\u00eat g\u00e9n\u00e9ral. Et pourtant aucun d\u00e9bat public n\u2019existe \u00e0 ce sujet. Pire, une absence quasi totale de prise en compte du corps social dans ce d\u00e9ploiement, si ce n&rsquo;est celle en bout de course, d&rsquo;ordre quasi anecdotique, qui intervient -au mieux- au moment des questions d\u2019ergonomie de telle application ou site web d\u00e9velopp\u00e9. Rarement voire jamais n\u2019est questionn\u00e9, en amont, le choix ou la pertinence de la num\u00e9risation de tel ou tel service. Parce que les effets de la num\u00e9risation d\u00e9passent de loin leurs simples usages techniques, nous ne nous int\u00e9resserons pas ici \u00e0 autre chose qu\u2019aux questions sociales, culturelles et politiques que ce ph\u00e9nom\u00e8ne impose. &hellip; <\/p>\n<p class=\"link-more\"><a href=\"https:\/\/gsara.tv\/lenversdudecor\/edito\/\" class=\"more-link\">Continue reading<span class=\"screen-reader-text\"> \u00ab\u00a0\u00c9dito\u00a0\u00bb<\/span><\/a><\/p>\n","protected":false},"author":1,"featured_media":75,"parent":0,"menu_order":0,"comment_status":"closed","ping_status":"closed","template":"","meta":{"_mi_skip_tracking":false,"footnotes":""},"class_list":["post-78","page","type-page","status-publish","has-post-thumbnail","hentry"],"_links":{"self":[{"href":"https:\/\/gsara.tv\/lenversdudecor\/wp-json\/wp\/v2\/pages\/78","targetHints":{"allow":["GET"]}}],"collection":[{"href":"https:\/\/gsara.tv\/lenversdudecor\/wp-json\/wp\/v2\/pages"}],"about":[{"href":"https:\/\/gsara.tv\/lenversdudecor\/wp-json\/wp\/v2\/types\/page"}],"author":[{"embeddable":true,"href":"https:\/\/gsara.tv\/lenversdudecor\/wp-json\/wp\/v2\/users\/1"}],"replies":[{"embeddable":true,"href":"https:\/\/gsara.tv\/lenversdudecor\/wp-json\/wp\/v2\/comments?post=78"}],"version-history":[{"count":5,"href":"https:\/\/gsara.tv\/lenversdudecor\/wp-json\/wp\/v2\/pages\/78\/revisions"}],"predecessor-version":[{"id":274,"href":"https:\/\/gsara.tv\/lenversdudecor\/wp-json\/wp\/v2\/pages\/78\/revisions\/274"}],"wp:featuredmedia":[{"embeddable":true,"href":"https:\/\/gsara.tv\/lenversdudecor\/wp-json\/wp\/v2\/media\/75"}],"wp:attachment":[{"href":"https:\/\/gsara.tv\/lenversdudecor\/wp-json\/wp\/v2\/media?parent=78"}],"curies":[{"name":"wp","href":"https:\/\/api.w.org\/{rel}","templated":true}]}}