{"id":11,"date":"2018-06-04T09:01:53","date_gmt":"2018-06-04T07:01:53","guid":{"rendered":"https:\/\/gsara.tv\/libramont\/potalesencentreardenne\/?page_id=11"},"modified":"2018-06-04T09:01:53","modified_gmt":"2018-06-04T07:01:53","slug":"contact","status":"publish","type":"page","link":"https:\/\/gsara.tv\/libramont\/potalesencentreardenne\/contact\/","title":{"rendered":"Contact"},"content":{"rendered":"<p>C\u2019est une page avec des informations de contact de base, comme l\u2019adresse et le num\u00e9ro de t\u00e9l\u00e9phone. Vous pouvez aussi essayer une extension pour ajouter un formulaire de contact.<\/p>\n","protected":false},"excerpt":{"rendered":"<p>C\u2019est une page avec des informations de contact de base, comme l\u2019adresse et le num\u00e9ro de t\u00e9l\u00e9phone. Vous pouvez aussi essayer une extension pour ajouter un formulaire de contact.<\/p>\n","protected":false},"author":2,"featured_media":0,"parent":0,"menu_order":0,"comment_status":"closed","ping_status":"closed","template":"","meta":[],"acf":[],"_links":{"self":[{"href":"https:\/\/gsara.tv\/libramont\/potalesencentreardenne\/wp-json\/wp\/v2\/pages\/11"}],"collection":[{"href":"https:\/\/gsara.tv\/libramont\/potalesencentreardenne\/wp-json\/wp\/v2\/pages"}],"about":[{"href":"https:\/\/gsara.tv\/libramont\/potalesencentreardenne\/wp-json\/wp\/v2\/types\/page"}],"author":[{"embeddable":true,"href":"https:\/\/gsara.tv\/libramont\/potalesencentreardenne\/wp-json\/wp\/v2\/users\/2"}],"replies":[{"embeddable":true,"href":"https:\/\/gsara.tv\/libramont\/potalesencentreardenne\/wp-json\/wp\/v2\/comments?post=11"}],"version-history":[{"count":1,"href":"https:\/\/gsara.tv\/libramont\/potalesencentreardenne\/wp-json\/wp\/v2\/pages\/11\/revisions"}],"predecessor-version":[{"id":17,"href":"https:\/\/gsara.tv\/libramont\/potalesencentreardenne\/wp-json\/wp\/v2\/pages\/11\/revisions\/17"}],"wp:attachment":[{"href":"https:\/\/gsara.tv\/libramont\/potalesencentreardenne\/wp-json\/wp\/v2\/media?parent=11"}],"curies":[{"name":"wp","href":"https:\/\/api.w.org\/{rel}","templated":true}]}}