{"id":134,"date":"2018-06-05T09:42:29","date_gmt":"2018-06-05T07:42:29","guid":{"rendered":"https:\/\/gsara.tv\/libramont\/potalesencentreardenne\/?page_id=134"},"modified":"2018-06-08T09:41:36","modified_gmt":"2018-06-08T07:41:36","slug":"carte-centre-ardenne","status":"publish","type":"page","link":"https:\/\/gsara.tv\/libramont\/potalesencentreardenne\/carte-centre-ardenne\/","title":{"rendered":"D\u00e9finition"},"content":{"rendered":"<h1 style=\"text-align: center;\"><span style=\"color: #999999;\">Par d\u00e9finition, une potale (terme sp\u00e9cifiquement belge, pour ne pas dire wallon) est une petite niche plac\u00e9e dans un mur ou sur un support \u00e0 l&rsquo;int\u00e9rieur de laquelle on pla\u00e7ait une statue: saints, saintes, Vierge, Sacr\u00e9 C\u0153ur et m\u00eame le Christ.<\/span><\/h1>\n","protected":false},"excerpt":{"rendered":"<p>Par d\u00e9finition, une potale (terme sp\u00e9cifiquement belge, pour ne pas dire wallon) est une petite niche plac\u00e9e dans un mur ou sur un support \u00e0 l&rsquo;int\u00e9rieur de laquelle on pla\u00e7ait une statue: saints, saintes, Vierge, Sacr\u00e9 C\u0153ur et m\u00eame le Christ.<\/p>\n","protected":false},"author":2,"featured_media":0,"parent":0,"menu_order":0,"comment_status":"closed","ping_status":"closed","template":"","meta":[],"acf":[],"_links":{"self":[{"href":"https:\/\/gsara.tv\/libramont\/potalesencentreardenne\/wp-json\/wp\/v2\/pages\/134"}],"collection":[{"href":"https:\/\/gsara.tv\/libramont\/potalesencentreardenne\/wp-json\/wp\/v2\/pages"}],"about":[{"href":"https:\/\/gsara.tv\/libramont\/potalesencentreardenne\/wp-json\/wp\/v2\/types\/page"}],"author":[{"embeddable":true,"href":"https:\/\/gsara.tv\/libramont\/potalesencentreardenne\/wp-json\/wp\/v2\/users\/2"}],"replies":[{"embeddable":true,"href":"https:\/\/gsara.tv\/libramont\/potalesencentreardenne\/wp-json\/wp\/v2\/comments?post=134"}],"version-history":[{"count":26,"href":"https:\/\/gsara.tv\/libramont\/potalesencentreardenne\/wp-json\/wp\/v2\/pages\/134\/revisions"}],"predecessor-version":[{"id":205,"href":"https:\/\/gsara.tv\/libramont\/potalesencentreardenne\/wp-json\/wp\/v2\/pages\/134\/revisions\/205"}],"wp:attachment":[{"href":"https:\/\/gsara.tv\/libramont\/potalesencentreardenne\/wp-json\/wp\/v2\/media?parent=134"}],"curies":[{"name":"wp","href":"https:\/\/api.w.org\/{rel}","templated":true}]}}