{"id":10,"date":"2016-01-27T14:00:45","date_gmt":"2016-01-27T13:00:45","guid":{"rendered":"http:\/\/gsara.tv\/libramont\/routeverlaine\/?page_id=10"},"modified":"2017-01-24T11:59:17","modified_gmt":"2017-01-24T10:59:17","slug":"beth","status":"publish","type":"page","link":"https:\/\/gsara.tv\/libramont\/routeverlaine\/beth\/","title":{"rendered":"Beth"},"content":{"rendered":"<p style=\"text-align: left;\">A deux kilom\u00e8tres du village d&rsquo;Opont, sur la route de Our, quelques jolies demeures forment le hameau de Beth. A la sortie d&rsquo;un grand virage, un portail monumental donne acc\u00e8s au parc et au ch\u00e2teau des Abbys qui abrite une institution pour enfants plac\u00e9s par le juge.<br \/>\n<a href=\"http:\/\/gsara.tv\/libramont\/routeverlaine\/beth\/les-abbys\/\"><img decoding=\"async\" loading=\"lazy\" class=\"wp-image-491 size-medium aligncenter\" src=\"http:\/\/gsara.tv\/libramont\/routeverlaine\/wp-content\/uploads\/2016\/06\/les-abbys_10-300x256.jpg\" alt=\"les-abbys_10\" width=\"300\" height=\"256\" srcset=\"https:\/\/gsara.tv\/libramont\/routeverlaine\/wp-content\/uploads\/2016\/06\/les-abbys_10-300x256.jpg 300w, https:\/\/gsara.tv\/libramont\/routeverlaine\/wp-content\/uploads\/2016\/06\/les-abbys_10.jpg 468w\" sizes=\"(max-width: 300px) 100vw, 300px\" \/><\/a><a href=\"https:\/\/youtu.be\/jBsafDz4mbk\"><img decoding=\"async\" loading=\"lazy\" class=\"wp-image-2137 alignright\" src=\"http:\/\/gsara.tv\/libramont\/routeverlaine\/wp-content\/uploads\/2017\/01\/ICONE-MUSIQUE-11.png\" alt=\"\" width=\"139\" height=\"139\" srcset=\"https:\/\/gsara.tv\/libramont\/routeverlaine\/wp-content\/uploads\/2017\/01\/ICONE-MUSIQUE-11.png 256w, https:\/\/gsara.tv\/libramont\/routeverlaine\/wp-content\/uploads\/2017\/01\/ICONE-MUSIQUE-11-150x150.png 150w\" sizes=\"(max-width: 139px) 100vw, 139px\" \/><\/a><\/p>\n","protected":false},"excerpt":{"rendered":"<p>A deux kilom\u00e8tres du village d&rsquo;Opont, sur la route de Our, quelques jolies demeures forment le hameau de Beth. A la sortie d&rsquo;un grand virage, un portail monumental donne acc\u00e8s au parc et au ch\u00e2teau des Abbys qui abrite une institution pour enfants plac\u00e9s par le juge.<\/p>\n","protected":false},"author":2,"featured_media":0,"parent":0,"menu_order":0,"comment_status":"closed","ping_status":"closed","template":"","meta":{"_mi_skip_tracking":false},"_links":{"self":[{"href":"https:\/\/gsara.tv\/libramont\/routeverlaine\/wp-json\/wp\/v2\/pages\/10"}],"collection":[{"href":"https:\/\/gsara.tv\/libramont\/routeverlaine\/wp-json\/wp\/v2\/pages"}],"about":[{"href":"https:\/\/gsara.tv\/libramont\/routeverlaine\/wp-json\/wp\/v2\/types\/page"}],"author":[{"embeddable":true,"href":"https:\/\/gsara.tv\/libramont\/routeverlaine\/wp-json\/wp\/v2\/users\/2"}],"replies":[{"embeddable":true,"href":"https:\/\/gsara.tv\/libramont\/routeverlaine\/wp-json\/wp\/v2\/comments?post=10"}],"version-history":[{"count":10,"href":"https:\/\/gsara.tv\/libramont\/routeverlaine\/wp-json\/wp\/v2\/pages\/10\/revisions"}],"predecessor-version":[{"id":2145,"href":"https:\/\/gsara.tv\/libramont\/routeverlaine\/wp-json\/wp\/v2\/pages\/10\/revisions\/2145"}],"wp:attachment":[{"href":"https:\/\/gsara.tv\/libramont\/routeverlaine\/wp-json\/wp\/v2\/media?parent=10"}],"curies":[{"name":"wp","href":"https:\/\/api.w.org\/{rel}","templated":true}]}}