{"id":114,"date":"2016-04-22T12:48:29","date_gmt":"2016-04-22T11:48:29","guid":{"rendered":"http:\/\/gsara.tv\/libramont\/routeverlaine\/?page_id=114"},"modified":"2017-01-30T13:20:21","modified_gmt":"2017-01-30T12:20:21","slug":"la-hache","status":"publish","type":"page","link":"https:\/\/gsara.tv\/libramont\/routeverlaine\/paliseul\/la-hache\/","title":{"rendered":"La hache"},"content":{"rendered":"<p>&nbsp;<\/p>\n<div id='gallery-1' class='gallery galleryid-114 gallery-columns-2 gallery-size-medium'><figure class='gallery-item'>\n\t\t\t<div class='gallery-icon portrait'>\n\t\t\t\t<a href='https:\/\/gsara.tv\/libramont\/routeverlaine\/la-hache-2\/'><img width=\"225\" height=\"300\" src=\"https:\/\/gsara.tv\/libramont\/routeverlaine\/wp-content\/uploads\/2016\/04\/la-hache-225x300.jpg\" class=\"attachment-medium size-medium\" alt=\"\" decoding=\"async\" loading=\"lazy\" srcset=\"https:\/\/gsara.tv\/libramont\/routeverlaine\/wp-content\/uploads\/2016\/04\/la-hache-225x300.jpg 225w, https:\/\/gsara.tv\/libramont\/routeverlaine\/wp-content\/uploads\/2016\/04\/la-hache.jpg 650w\" sizes=\"(max-width: 225px) 100vw, 225px\" \/><\/a>\n\t\t\t<\/div><\/figure><figure class='gallery-item'>\n\t\t\t<div class='gallery-icon portrait'>\n\t\t\t\t<a href='https:\/\/gsara.tv\/libramont\/routeverlaine\/paliseul\/la-hache\/la-hache-3\/'><img width=\"177\" height=\"300\" src=\"https:\/\/gsara.tv\/libramont\/routeverlaine\/wp-content\/uploads\/2016\/08\/la-hache-177x300.jpg\" class=\"attachment-medium size-medium\" alt=\"\" decoding=\"async\" loading=\"lazy\" srcset=\"https:\/\/gsara.tv\/libramont\/routeverlaine\/wp-content\/uploads\/2016\/08\/la-hache-177x300.jpg 177w, https:\/\/gsara.tv\/libramont\/routeverlaine\/wp-content\/uploads\/2016\/08\/la-hache-768x1304.jpg 768w, https:\/\/gsara.tv\/libramont\/routeverlaine\/wp-content\/uploads\/2016\/08\/la-hache-603x1024.jpg 603w, https:\/\/gsara.tv\/libramont\/routeverlaine\/wp-content\/uploads\/2016\/08\/la-hache-566x960.jpg 566w\" sizes=\"(max-width: 177px) 100vw, 177px\" \/><\/a>\n\t\t\t<\/div><\/figure>\n\t\t<\/div>\n\n<p class=\"western\">Sculpture de Jean-Paul Couvert: l&rsquo;artiste est n\u00e9 \u00e0 Corbion en 1958. Il est peintre, sculpteur et marchand de tabac. Jean-Paul Couvert est un enfant de la Semois. Il repr\u00e9sente ici une hache g\u00e9ante en schiste ardoisier, pour symboliser la for\u00eat ch\u00e8re \u00e0 Verlaine. En dor\u00e9, des feuilles de fr\u00eane scintillent. Le fr\u00eane \u00e9tait le bois s\u00e9lectionn\u00e9 autrefois, pour fabriquer les manches d&rsquo;outils. La lettre H \u00e9voque l&rsquo;humanit\u00e9. Au pied, les c\u00e9l\u00e8bres vers de Verlaine: \u00ab\u00a0Au pays de mon p\u00e8re\u2026\u00a0\u00bb (Amour 1888)La hache est l&rsquo;objet premier de l&rsquo;homme. C&rsquo;est le rapport de l&rsquo;homme \u00e0 la technique et au monde.La hache permet de se d\u00e9fendre mais aussi de construire.<\/p>\n<p class=\"western\"><strong>Paliseul \u00e0 l&rsquo;\u00e9poque de Verlaine. <\/strong>(d&rsquo;apr\u00e8s Jean Istace in T.H.O n\u00b039, p.16 et svtes)<strong><br \/>\n<\/strong><\/p>\n<p class=\"western\">A cette \u00e9poque, Paliseul, bourg chef-lieu de canton appartenant \u00e0 l&rsquo;arrondissement de Neufch\u00e2teau, compte environ 1100 habitants; la majorit\u00e9 de ceux-ci, comme dans tous les villages ardennais, tourn\u00e9s vers l&rsquo;agriculture et l&rsquo;exploitation foresti\u00e8re. Mais on retrouve \u00e9galement dans la bourgade les diff\u00e9rents artisans et corps de m\u00e9tier traditionnels r\u00e9pondant aux n\u00e9cessaires besoins de la population locale: charrons, bourreliers, charpentiers, menuisiers, ma\u00e7ons, vitriers, couvreurs, forgerons, mar\u00e9chaux-ferrants, tanneurs, cordonniers, sabotiers, peintres en b\u00e2timent, tisserands\u2026ainsi que bouquiniers, voituriers, bouchers, horlogers, aubergistes et cabaretiers\u2026..<\/p>\n<div id='gallery-2' class='gallery galleryid-114 gallery-columns-1 gallery-size-medium'><figure class='gallery-item'>\n\t\t\t<div class='gallery-icon landscape'>\n\t\t\t\t<a href='https:\/\/gsara.tv\/libramont\/routeverlaine\/paliseul\/la-hache\/28-ter-la-hache\/'><img width=\"300\" height=\"225\" src=\"https:\/\/gsara.tv\/libramont\/routeverlaine\/wp-content\/uploads\/2016\/05\/28-ter-la-hache-300x225.jpg\" class=\"attachment-medium size-medium\" alt=\"\" decoding=\"async\" loading=\"lazy\" srcset=\"https:\/\/gsara.tv\/libramont\/routeverlaine\/wp-content\/uploads\/2016\/05\/28-ter-la-hache-300x225.jpg 300w, https:\/\/gsara.tv\/libramont\/routeverlaine\/wp-content\/uploads\/2016\/05\/28-ter-la-hache-768x576.jpg 768w, https:\/\/gsara.tv\/libramont\/routeverlaine\/wp-content\/uploads\/2016\/05\/28-ter-la-hache-1024x768.jpg 1024w, https:\/\/gsara.tv\/libramont\/routeverlaine\/wp-content\/uploads\/2016\/05\/28-ter-la-hache-1280x960.jpg 1280w\" sizes=\"(max-width: 300px) 100vw, 300px\" \/><\/a>\n\t\t\t<\/div><\/figure>\n\t\t<\/div>\n\n<p><em>\u00a0<\/em><\/p>\n<div class=\"csRow\">\n<div class=\"csColumn\" style=\"margin: 0px; padding: 0px; float: left; width: 47.6%;\" data-csstartpoint=\"15.000004752929687\" data-csendpoint=\"472.00002001171873\" data-cswidth=\"47.6%\" data-csid=\"81c9cfcf-6db7-73c0-90fe-2962f85c8f79\">\n<p><strong>C&rsquo;est l&rsquo;extase langoureuse<br \/>\n<\/strong><br \/>\nC&rsquo;est l&rsquo;extase langoureuse,<br \/>\nC&rsquo;est la fatigue amoureuse,<br \/>\nC&rsquo;est tous les frissons des bois<br \/>\nParmi l&rsquo;\u00e9treinte des brises,<br \/>\nC&rsquo;est, vers les ramures grises,<br \/>\nLe choeur des petites voix.<\/p>\n<p>O le fr\u00eale et frais murmure!<br \/>\nCela gazouille et susurre,<br \/>\nCela ressemble au cri doux<br \/>\nQue l&rsquo;herbe agit\u00e9e expire&#8230;<br \/>\nTu dirais, sous l&rsquo;eau qui vire,<br \/>\nLe roulis sourd des cailloux.<\/p>\n<p>Cette \u00e2me qui se lamente<br \/>\nEn cette plainte dormante<br \/>\nC&rsquo;est la n\u00f4tre, n&rsquo;est-ce pas?<br \/>\nLa mienne, dis, et la tienne,<br \/>\nDont s&rsquo;exhale l&rsquo;humble antienne<br \/>\nPar ce ti\u00e8de soir, tout bas?<\/p>\n<p>Extrait de<em> Romances sans paroles.<\/em><\/p>\n<\/div>\n<div class=\"csColumnGap\" style=\"margin: 0px; padding: 0px; float: left; width: 1.56%;\"><img decoding=\"async\" src=\"http:\/\/gsara.tv\/libramont\/routeverlaine\/wp-content\/plugins\/advanced-wp-columns\/assets\/js\/plugins\/views\/img\/1x1-pixel.png\" \/><\/div>\n<div class=\"csColumn\" style=\"margin: 0px; padding: 0px; float: left; width: 47.7%;\" data-csstartpoint=\"487.00002001171873\" data-csendpoint=\"945.0000200117188\" data-cswidth=\"47.7%\" data-csid=\"29d77ff8-2adf-4357-863f-0d2158184b42\">\n<figure style=\"width: 367px\" class=\"wp-caption alignnone\"><img decoding=\"async\" loading=\"lazy\" style=\"display: block; margin-left: auto; margin-right: auto;\" src=\"http:\/\/gsara.tv\/libramont\/routeverlaine\/wp-content\/uploads\/2016\/11\/extase-langoureuse.jpg\" width=\"367\" height=\"526\" \/><figcaption class=\"wp-caption-text\">Peinture de Maxine Gadd<\/figcaption><\/figure>\n<p>&nbsp;<\/p>\n<\/div>\n<div class=\"csColumnGap\" style=\"margin: 0px; padding: 0px; float: left; width: 1.56%;\"><img decoding=\"async\" src=\"http:\/\/gsara.tv\/libramont\/routeverlaine\/wp-content\/plugins\/advanced-wp-columns\/assets\/js\/plugins\/views\/img\/1x1-pixel.png\" \/><\/div>\n<div style=\"clear: both; float: none; display: block; visibility: hidden; width: 0px; font-size: 0px; line-height: 0;\"><\/div>\n<\/div>\n<p><iframe loading=\"lazy\" width=\"1000\" height=\"400\" scrolling=\"no\" frameborder=\"no\" src=\"https:\/\/w.soundcloud.com\/player\/?visual=true&#038;url=https%3A%2F%2Fapi.soundcloud.com%2Ftracks%2F276456436&#038;show_artwork=true&#038;maxwidth=1000&#038;maxheight=1000\"><\/iframe><\/p>\n<p><a href=\"https:\/\/gsara.tv\/libramont\/routeverlaine\/paliseul\/\"><img decoding=\"async\" loading=\"lazy\" class=\" wp-image-1841 alignright\" src=\"http:\/\/gsara.tv\/libramont\/routeverlaine\/wp-content\/uploads\/2016\/12\/infoPaliseul-300x264.jpg\" alt=\"\" width=\"230\" height=\"202\" srcset=\"https:\/\/gsara.tv\/libramont\/routeverlaine\/wp-content\/uploads\/2016\/12\/infoPaliseul-300x264.jpg 300w, https:\/\/gsara.tv\/libramont\/routeverlaine\/wp-content\/uploads\/2016\/12\/infoPaliseul.jpg 545w\" sizes=\"(max-width: 230px) 100vw, 230px\" \/><\/a><\/p>\n","protected":false},"excerpt":{"rendered":"<p>&nbsp; Sculpture de Jean-Paul Couvert: l&rsquo;artiste est n\u00e9 \u00e0 Corbion en 1958. Il est peintre, sculpteur et marchand de tabac. Jean-Paul Couvert est un enfant de la Semois. Il repr\u00e9sente ici une hache g\u00e9ante en schiste ardoisier, pour symboliser la for\u00eat ch\u00e8re \u00e0 Verlaine. En dor\u00e9, des feuilles de fr\u00eane scintillent. Le fr\u00eane \u00e9tait le [&hellip;]<\/p>\n","protected":false},"author":3,"featured_media":0,"parent":20,"menu_order":0,"comment_status":"closed","ping_status":"closed","template":"","meta":{"_mi_skip_tracking":false},"_links":{"self":[{"href":"https:\/\/gsara.tv\/libramont\/routeverlaine\/wp-json\/wp\/v2\/pages\/114"}],"collection":[{"href":"https:\/\/gsara.tv\/libramont\/routeverlaine\/wp-json\/wp\/v2\/pages"}],"about":[{"href":"https:\/\/gsara.tv\/libramont\/routeverlaine\/wp-json\/wp\/v2\/types\/page"}],"author":[{"embeddable":true,"href":"https:\/\/gsara.tv\/libramont\/routeverlaine\/wp-json\/wp\/v2\/users\/3"}],"replies":[{"embeddable":true,"href":"https:\/\/gsara.tv\/libramont\/routeverlaine\/wp-json\/wp\/v2\/comments?post=114"}],"version-history":[{"count":51,"href":"https:\/\/gsara.tv\/libramont\/routeverlaine\/wp-json\/wp\/v2\/pages\/114\/revisions"}],"predecessor-version":[{"id":2178,"href":"https:\/\/gsara.tv\/libramont\/routeverlaine\/wp-json\/wp\/v2\/pages\/114\/revisions\/2178"}],"up":[{"embeddable":true,"href":"https:\/\/gsara.tv\/libramont\/routeverlaine\/wp-json\/wp\/v2\/pages\/20"}],"wp:attachment":[{"href":"https:\/\/gsara.tv\/libramont\/routeverlaine\/wp-json\/wp\/v2\/media?parent=114"}],"curies":[{"name":"wp","href":"https:\/\/api.w.org\/{rel}","templated":true}]}}