{"id":12,"date":"2016-01-27T14:01:05","date_gmt":"2016-01-27T13:01:05","guid":{"rendered":"http:\/\/gsara.tv\/libramont\/routeverlaine\/?page_id=12"},"modified":"2017-02-02T11:09:50","modified_gmt":"2017-02-02T10:09:50","slug":"bouillon","status":"publish","type":"page","link":"https:\/\/gsara.tv\/libramont\/routeverlaine\/bouillon\/","title":{"rendered":"Bouillon"},"content":{"rendered":"<p>&nbsp;<\/p>\n<figure id=\"attachment_1920\" aria-describedby=\"caption-attachment-1920\" style=\"width: 7915px\" class=\"wp-caption aligncenter\"><a href=\"http:\/\/gsara.tv\/libramont\/routeverlaine\/wp-content\/uploads\/2016\/12\/Panramabouillon.jpg\"><img decoding=\"async\" loading=\"lazy\" class=\"size-full wp-image-1920\" src=\"http:\/\/gsara.tv\/libramont\/routeverlaine\/wp-content\/uploads\/2016\/12\/Panramabouillon.jpg\" alt=\"SONY DSC\" width=\"7915\" height=\"3440\" srcset=\"https:\/\/gsara.tv\/libramont\/routeverlaine\/wp-content\/uploads\/2016\/12\/Panramabouillon.jpg 7915w, https:\/\/gsara.tv\/libramont\/routeverlaine\/wp-content\/uploads\/2016\/12\/Panramabouillon-300x130.jpg 300w, https:\/\/gsara.tv\/libramont\/routeverlaine\/wp-content\/uploads\/2016\/12\/Panramabouillon-768x334.jpg 768w, https:\/\/gsara.tv\/libramont\/routeverlaine\/wp-content\/uploads\/2016\/12\/Panramabouillon-1024x445.jpg 1024w, https:\/\/gsara.tv\/libramont\/routeverlaine\/wp-content\/uploads\/2016\/12\/Panramabouillon-1440x626.jpg 1440w\" sizes=\"(max-width: 7915px) 100vw, 7915px\" \/><\/a><figcaption id=\"caption-attachment-1920\" class=\"wp-caption-text\"><em>\u00ab\u00a0Bouillon, d\u2019un vert de toutes nuances, en entonnoir avec un horizon comme c\u00e9leste de sapins, de ch\u00eanes, de h\u00eatres, de fr\u00eanes et de tous arbres de ces contr\u00e9es, sur les pentes proches de la toute petite ville, une galopade de jardins paradoxalement pouss\u00e9es l\u00e0 et cultiv\u00e9es, fort bien, ma foi, et fort coquettement, comment? Je me rappelle, comme si j\u2019\u00e9tais, sous le ch\u00e2teau f\u00e9odal ou plut\u00f4t barbare, tout poternes, murs de trois m\u00e8tres d\u2019\u00e9paisseur, oubliettes redevenues des gouffres sans but, et les ruines de l\u2019esp\u00e8ce de prison pour dettes ou se rhumatisaient les officiers frapp\u00e9s d\u2019opposition de Sa Majest\u00e9 le roi des Pays-Bas, avant la r\u00e9volution belge de 1830.\u00a0\u00bb <\/em>Extrait de<em> Croquis de Belgique.<br \/> <\/em><\/figcaption><\/figure>\n<figure id=\"attachment_979\" aria-describedby=\"caption-attachment-979\" style=\"width: 300px\" class=\"wp-caption alignleft\"><a href=\"http:\/\/gsara.tv\/libramont\/routeverlaine\/bouillon\/la-semoy\/\"><img decoding=\"async\" loading=\"lazy\" class=\"wp-image-979 size-medium\" src=\"http:\/\/gsara.tv\/libramont\/routeverlaine\/wp-content\/uploads\/2016\/09\/8-bis-Bouillon-depuis-La-Ramonette-5-300x225.jpg\" alt=\"La Semois\" width=\"300\" height=\"225\" srcset=\"https:\/\/gsara.tv\/libramont\/routeverlaine\/wp-content\/uploads\/2016\/09\/8-bis-Bouillon-depuis-La-Ramonette-5-300x225.jpg 300w, https:\/\/gsara.tv\/libramont\/routeverlaine\/wp-content\/uploads\/2016\/09\/8-bis-Bouillon-depuis-La-Ramonette-5-768x576.jpg 768w, https:\/\/gsara.tv\/libramont\/routeverlaine\/wp-content\/uploads\/2016\/09\/8-bis-Bouillon-depuis-La-Ramonette-5-1024x768.jpg 1024w, https:\/\/gsara.tv\/libramont\/routeverlaine\/wp-content\/uploads\/2016\/09\/8-bis-Bouillon-depuis-La-Ramonette-5-1280x960.jpg 1280w\" sizes=\"(max-width: 300px) 100vw, 300px\" \/><\/a><figcaption id=\"caption-attachment-979\" class=\"wp-caption-text\">La Semois<\/figcaption><\/figure>\n<figure id=\"attachment_989\" aria-describedby=\"caption-attachment-989\" style=\"width: 300px\" class=\"wp-caption aligncenter\"><a href=\"http:\/\/gsara.tv\/libramont\/routeverlaine\/bouillon\/chateau-de-bouillon-le-burg\/\"><img decoding=\"async\" loading=\"lazy\" class=\"wp-image-989 size-medium\" src=\"http:\/\/gsara.tv\/libramont\/routeverlaine\/wp-content\/uploads\/2016\/09\/chateau-de-bouillon-belgique_c-300x225.jpg\" alt=\"Le ch\u00e2teau\" width=\"300\" height=\"225\" srcset=\"https:\/\/gsara.tv\/libramont\/routeverlaine\/wp-content\/uploads\/2016\/09\/chateau-de-bouillon-belgique_c-300x225.jpg 300w, https:\/\/gsara.tv\/libramont\/routeverlaine\/wp-content\/uploads\/2016\/09\/chateau-de-bouillon-belgique_c-768x576.jpg 768w, https:\/\/gsara.tv\/libramont\/routeverlaine\/wp-content\/uploads\/2016\/09\/chateau-de-bouillon-belgique_c.jpg 1020w\" sizes=\"(max-width: 300px) 100vw, 300px\" \/><\/a><figcaption id=\"caption-attachment-989\" class=\"wp-caption-text\">Le ch\u00e2teau<\/figcaption><\/figure>\n<p>&nbsp;<\/p>\n<figure id=\"attachment_1057\" aria-describedby=\"caption-attachment-1057\" style=\"width: 300px\" class=\"wp-caption alignleft\"><a href=\"http:\/\/gsara.tv\/libramont\/routeverlaine\/bouillon\/lhotel-des-ardomphes\/\"><img decoding=\"async\" loading=\"lazy\" class=\"wp-image-1057 size-medium\" src=\"http:\/\/gsara.tv\/libramont\/routeverlaine\/wp-content\/uploads\/2016\/10\/10-Hotel-des-Ardomphes--300x199.jpg\" alt=\"L'h\u00f4tel des &quot;Ardomphes&quot;\" width=\"300\" height=\"199\" srcset=\"https:\/\/gsara.tv\/libramont\/routeverlaine\/wp-content\/uploads\/2016\/10\/10-Hotel-des-Ardomphes--300x199.jpg 300w, https:\/\/gsara.tv\/libramont\/routeverlaine\/wp-content\/uploads\/2016\/10\/10-Hotel-des-Ardomphes--768x510.jpg 768w, https:\/\/gsara.tv\/libramont\/routeverlaine\/wp-content\/uploads\/2016\/10\/10-Hotel-des-Ardomphes--1024x680.jpg 1024w, https:\/\/gsara.tv\/libramont\/routeverlaine\/wp-content\/uploads\/2016\/10\/10-Hotel-des-Ardomphes--1440x957.jpg 1440w\" sizes=\"(max-width: 300px) 100vw, 300px\" \/><\/a><figcaption id=\"caption-attachment-1057\" class=\"wp-caption-text\">L&rsquo;h\u00f4tel des \u00ab\u00a0Ardomphes\u00a0\u00bb<\/figcaption><\/figure>\n<figure id=\"attachment_373\" aria-describedby=\"caption-attachment-373\" style=\"width: 300px\" class=\"wp-caption aligncenter\"><a href=\"http:\/\/gsara.tv\/libramont\/routeverlaine\/bouillon\/la-ramonette\/\"><img decoding=\"async\" loading=\"lazy\" class=\"wp-image-373 size-medium\" src=\"http:\/\/gsara.tv\/libramont\/routeverlaine\/wp-content\/uploads\/2016\/05\/Bouillon-depuis-La-Ramonette-3-e1478084166597-300x204.jpg\" alt=\"La Ramonette\" width=\"300\" height=\"204\" srcset=\"https:\/\/gsara.tv\/libramont\/routeverlaine\/wp-content\/uploads\/2016\/05\/Bouillon-depuis-La-Ramonette-3-e1478084166597-300x204.jpg 300w, https:\/\/gsara.tv\/libramont\/routeverlaine\/wp-content\/uploads\/2016\/05\/Bouillon-depuis-La-Ramonette-3-e1478084166597-768x522.jpg 768w, https:\/\/gsara.tv\/libramont\/routeverlaine\/wp-content\/uploads\/2016\/05\/Bouillon-depuis-La-Ramonette-3-e1478084166597-1024x696.jpg 1024w, https:\/\/gsara.tv\/libramont\/routeverlaine\/wp-content\/uploads\/2016\/05\/Bouillon-depuis-La-Ramonette-3-e1478084166597-1412x960.jpg 1412w\" sizes=\"(max-width: 300px) 100vw, 300px\" \/><\/a><figcaption id=\"caption-attachment-373\" class=\"wp-caption-text\">La Ramonette<\/figcaption><\/figure>\n<p>&nbsp;<\/p>\n<figure id=\"attachment_375\" aria-describedby=\"caption-attachment-375\" style=\"width: 300px\" class=\"wp-caption alignleft\"><a href=\"http:\/\/gsara.tv\/libramont\/routeverlaine\/bouillon\/les-petits-escaliers\/\"><img decoding=\"async\" loading=\"lazy\" class=\"wp-image-375 size-medium\" src=\"http:\/\/gsara.tv\/libramont\/routeverlaine\/wp-content\/uploads\/2016\/05\/Bouillon-Petits-escaliers-300x199.jpg\" alt=\"Les escaliers\" width=\"300\" height=\"199\" srcset=\"https:\/\/gsara.tv\/libramont\/routeverlaine\/wp-content\/uploads\/2016\/05\/Bouillon-Petits-escaliers-300x199.jpg 300w, https:\/\/gsara.tv\/libramont\/routeverlaine\/wp-content\/uploads\/2016\/05\/Bouillon-Petits-escaliers-768x510.jpg 768w, https:\/\/gsara.tv\/libramont\/routeverlaine\/wp-content\/uploads\/2016\/05\/Bouillon-Petits-escaliers-1024x680.jpg 1024w, https:\/\/gsara.tv\/libramont\/routeverlaine\/wp-content\/uploads\/2016\/05\/Bouillon-Petits-escaliers-1440x957.jpg 1440w\" sizes=\"(max-width: 300px) 100vw, 300px\" \/><\/a><figcaption id=\"caption-attachment-375\" class=\"wp-caption-text\">Les petits escaliers<\/figcaption><\/figure>\n<figure id=\"attachment_376\" aria-describedby=\"caption-attachment-376\" style=\"width: 300px\" class=\"wp-caption aligncenter\"><a href=\"http:\/\/gsara.tv\/libramont\/routeverlaine\/bouillon\/le-presbytere-de-labbe-delogne\/\"><img decoding=\"async\" loading=\"lazy\" class=\"wp-image-376 size-medium\" src=\"http:\/\/gsara.tv\/libramont\/routeverlaine\/wp-content\/uploads\/2016\/05\/Bouillon-mus\u00e9e-ducal-300x199.jpg\" alt=\"Le presbyt\u00e8re\" width=\"300\" height=\"199\" srcset=\"https:\/\/gsara.tv\/libramont\/routeverlaine\/wp-content\/uploads\/2016\/05\/Bouillon-mus\u00e9e-ducal-300x199.jpg 300w, https:\/\/gsara.tv\/libramont\/routeverlaine\/wp-content\/uploads\/2016\/05\/Bouillon-mus\u00e9e-ducal-768x510.jpg 768w, https:\/\/gsara.tv\/libramont\/routeverlaine\/wp-content\/uploads\/2016\/05\/Bouillon-mus\u00e9e-ducal-1024x680.jpg 1024w, https:\/\/gsara.tv\/libramont\/routeverlaine\/wp-content\/uploads\/2016\/05\/Bouillon-mus\u00e9e-ducal-1440x957.jpg 1440w\" sizes=\"(max-width: 300px) 100vw, 300px\" \/><\/a><figcaption id=\"caption-attachment-376\" class=\"wp-caption-text\">Le presbyt\u00e8re<\/figcaption><\/figure>\n<p><a href=\"https:\/\/soundcloud.com\/user-203063904\/samir-barris-chante-paul-verlaine-les-soleils-couchants\"><img decoding=\"async\" loading=\"lazy\" class=\" wp-image-2137 alignleft\" src=\"http:\/\/gsara.tv\/libramont\/routeverlaine\/wp-content\/uploads\/2017\/01\/ICONE-MUSIQUE-11.png\" alt=\"\" width=\"134\" height=\"134\" srcset=\"https:\/\/gsara.tv\/libramont\/routeverlaine\/wp-content\/uploads\/2017\/01\/ICONE-MUSIQUE-11.png 256w, https:\/\/gsara.tv\/libramont\/routeverlaine\/wp-content\/uploads\/2017\/01\/ICONE-MUSIQUE-11-150x150.png 150w\" sizes=\"(max-width: 134px) 100vw, 134px\" \/><\/a><\/p>\n","protected":false},"excerpt":{"rendered":"<p>&nbsp; &nbsp; &nbsp;<\/p>\n","protected":false},"author":2,"featured_media":0,"parent":0,"menu_order":0,"comment_status":"closed","ping_status":"closed","template":"","meta":{"_mi_skip_tracking":false},"_links":{"self":[{"href":"https:\/\/gsara.tv\/libramont\/routeverlaine\/wp-json\/wp\/v2\/pages\/12"}],"collection":[{"href":"https:\/\/gsara.tv\/libramont\/routeverlaine\/wp-json\/wp\/v2\/pages"}],"about":[{"href":"https:\/\/gsara.tv\/libramont\/routeverlaine\/wp-json\/wp\/v2\/types\/page"}],"author":[{"embeddable":true,"href":"https:\/\/gsara.tv\/libramont\/routeverlaine\/wp-json\/wp\/v2\/users\/2"}],"replies":[{"embeddable":true,"href":"https:\/\/gsara.tv\/libramont\/routeverlaine\/wp-json\/wp\/v2\/comments?post=12"}],"version-history":[{"count":48,"href":"https:\/\/gsara.tv\/libramont\/routeverlaine\/wp-json\/wp\/v2\/pages\/12\/revisions"}],"predecessor-version":[{"id":2160,"href":"https:\/\/gsara.tv\/libramont\/routeverlaine\/wp-json\/wp\/v2\/pages\/12\/revisions\/2160"}],"wp:attachment":[{"href":"https:\/\/gsara.tv\/libramont\/routeverlaine\/wp-json\/wp\/v2\/media?parent=12"}],"curies":[{"name":"wp","href":"https:\/\/api.w.org\/{rel}","templated":true}]}}