{"id":127,"date":"2016-04-26T08:55:23","date_gmt":"2016-04-26T07:55:23","guid":{"rendered":"http:\/\/gsara.tv\/libramont\/routeverlaine\/?page_id=127"},"modified":"2017-01-28T18:25:09","modified_gmt":"2017-01-28T17:25:09","slug":"stele-perot","status":"publish","type":"page","link":"https:\/\/gsara.tv\/libramont\/routeverlaine\/paliseul\/stele-perot\/","title":{"rendered":"St\u00e8le Perot"},"content":{"rendered":"<p><img decoding=\"async\" loading=\"lazy\" class=\"alignnone wp-image-240 size-large\" src=\"http:\/\/gsara.tv\/libramont\/routeverlaine\/wp-content\/uploads\/2016\/05\/P1000173-768x1024.jpg\" alt=\"St\u00e8le P\u00e9rot\" width=\"768\" height=\"1024\" srcset=\"https:\/\/gsara.tv\/libramont\/routeverlaine\/wp-content\/uploads\/2016\/05\/P1000173-768x1024.jpg 768w, https:\/\/gsara.tv\/libramont\/routeverlaine\/wp-content\/uploads\/2016\/05\/P1000173-225x300.jpg 225w, https:\/\/gsara.tv\/libramont\/routeverlaine\/wp-content\/uploads\/2016\/05\/P1000173-720x960.jpg 720w\" sizes=\"(max-width: 768px) 100vw, 768px\" \/><\/p>\n<p>Hector Perot<\/p>\n<p>Le d\u00e9c\u00e8s de Hector Perot, devenu secr\u00e9taire communal, survenu le 30 d\u00e9cembre 1863, marqua profond\u00e9ment Paul Verlaine qui r\u00e9digea l&rsquo;acrostiche suivant \u00e0 sa m\u00e9moire.<\/p>\n<p><strong><em>H<\/em><\/strong><em>\u00e9las tu fus Hector, au printemps de ta vie,<br \/>\n<strong>E<\/strong>nlev\u00e9 sans espoir \u00e0 ta m\u00e8re ch\u00e9rie,<br \/>\n<strong>C<\/strong>her enfant, re\u00e7ois donc le tribut de nos pleurs,<br \/>\n<strong>T<\/strong>on pieux souvenir est grav\u00e9 dans nos c\u0153urs,<br \/>\n<strong>O<\/strong>\u2026\u00a0 <\/em>vous qu&rsquo;il a laiss\u00e9s sur le mortel rivage<em><br \/>\n<strong>R<\/strong>egarde vers le Ciel, Hector vous dit: Courage.<\/em><\/p>\n<p>(Le cinqui\u00e8me vers\u00a0a \u00e9t\u00e9 perdu c&rsquo;est Paul Humblet qui l&rsquo;a remplac\u00e9.)<\/p>\n<p>&nbsp;<\/p>\n<p><iframe loading=\"lazy\" width=\"1000\" height=\"400\" scrolling=\"no\" frameborder=\"no\" src=\"https:\/\/w.soundcloud.com\/player\/?visual=true&#038;url=https%3A%2F%2Fapi.soundcloud.com%2Ftracks%2F276616384&#038;show_artwork=true&#038;maxwidth=1000&#038;maxheight=1000\"><\/iframe><\/p>\n<p><strong>Sub urbe<\/strong><\/p>\n<p>Les petits ifs du cimeti\u00e8re<br \/>\nFr\u00e9missent au vent hi\u00e9mal,<br \/>\nDans la glaciale lumi\u00e8re.<\/p>\n<p>Avec des bruits sourds qui font mal,<br \/>\nLes croix de bois des tombes neuves<br \/>\nVibrent sur un ton anormal.<\/p>\n<p>Silencieux comme les fleuves,<br \/>\nMais gros de pleurs comme eux de flots,<br \/>\nLes fils, les m\u00e8res et les veuves,<\/p>\n<p>Par les d\u00e9tours du triste enclos,<br \/>\nS\u2019\u00e9coulent, &#8211; lente th\u00e9orie, &#8211;<br \/>\nAu rythme heurt\u00e9 des sanglots.<\/p>\n<p>Le sol sous les pieds glisse et crie,<br \/>\nL\u00e0-haut de grands nuages tors<br \/>\nS\u2019\u00e9chev\u00e8lent avec furie.<\/p>\n<p>P\u00e9n\u00e9trant comme le remords,<br \/>\nTombe un froid lourd qui vous \u00e9c\u0153ure<br \/>\nEt qui doit filtrer chez les morts,<\/p>\n<p>Chez les pauvres morts, \u00e0 toute heure<br \/>\nSeuls, et sans cesse grelottants,<br \/>\n&#8211; Qu\u2019on les oublie ou qu\u2019on les pleure! &#8211;<\/p>\n<p>Ah ! vienne vite le Printemps,<br \/>\nEt son clair soleil qui caresse,<br \/>\nEt ses doux oiseaux caquetants!<\/p>\n<p>Refleurisse l\u2019enchanteresse<br \/>\nGloire des jardins et des champs<br \/>\nQue l\u2019\u00e2pre hiver tient en d\u00e9tresse!<\/p>\n<p>Et que &#8211; des levers aux couchants &#8211;<br \/>\nL\u2019or dilat\u00e9 d\u2019un ciel sans bornes<br \/>\nBerce de parfums et de chants,<\/p>\n<p>Chers endormis, vos sommeils mornes!<\/p>\n<p>Extrait de<em> Po\u00e8mes Saturniens.<\/em><\/p>\n<p><a href=\"http:\/\/gsara.tv\/libramont\/routeverlaine\/wp-content\/uploads\/2017\/01\/cimeti.jpg\"><img decoding=\"async\" loading=\"lazy\" class=\"aligncenter wp-image-2007 size-large\" src=\"http:\/\/gsara.tv\/libramont\/routeverlaine\/wp-content\/uploads\/2017\/01\/cimeti-1024x674.jpg\" width=\"1000\" height=\"658\" srcset=\"https:\/\/gsara.tv\/libramont\/routeverlaine\/wp-content\/uploads\/2017\/01\/cimeti-1024x674.jpg 1024w, https:\/\/gsara.tv\/libramont\/routeverlaine\/wp-content\/uploads\/2017\/01\/cimeti-300x198.jpg 300w, https:\/\/gsara.tv\/libramont\/routeverlaine\/wp-content\/uploads\/2017\/01\/cimeti-768x506.jpg 768w, https:\/\/gsara.tv\/libramont\/routeverlaine\/wp-content\/uploads\/2017\/01\/cimeti.jpg 1200w\" sizes=\"(max-width: 1000px) 100vw, 1000px\" \/><\/a><\/p>\n<p><a href=\"https:\/\/soundcloud.com\/user-203063904\/lenterrement-de-verlaine\"><img decoding=\"async\" loading=\"lazy\" class=\"wp-image-2137 alignleft\" src=\"http:\/\/gsara.tv\/libramont\/routeverlaine\/wp-content\/uploads\/2017\/01\/ICONE-MUSIQUE-11.png\" alt=\"\" width=\"103\" height=\"103\" srcset=\"https:\/\/gsara.tv\/libramont\/routeverlaine\/wp-content\/uploads\/2017\/01\/ICONE-MUSIQUE-11.png 256w, https:\/\/gsara.tv\/libramont\/routeverlaine\/wp-content\/uploads\/2017\/01\/ICONE-MUSIQUE-11-150x150.png 150w\" sizes=\"(max-width: 103px) 100vw, 103px\" \/><\/a><\/p>\n<p>&nbsp;<\/p>\n<p>&nbsp;<\/p>\n<p>&nbsp;<\/p>\n<p><a href=\"http:\/\/gsara.tv\/libramont\/routeverlaine\/paliseul\/\"><img decoding=\"async\" loading=\"lazy\" class=\"alignright wp-image-1841 size-medium\" src=\"http:\/\/gsara.tv\/libramont\/routeverlaine\/wp-content\/uploads\/2016\/12\/infoPaliseul-300x264.jpg\" width=\"300\" height=\"264\" srcset=\"https:\/\/gsara.tv\/libramont\/routeverlaine\/wp-content\/uploads\/2016\/12\/infoPaliseul-300x264.jpg 300w, https:\/\/gsara.tv\/libramont\/routeverlaine\/wp-content\/uploads\/2016\/12\/infoPaliseul.jpg 545w\" sizes=\"(max-width: 300px) 100vw, 300px\" \/><\/a><\/p>\n","protected":false},"excerpt":{"rendered":"<p>Hector Perot Le d\u00e9c\u00e8s de Hector Perot, devenu secr\u00e9taire communal, survenu le 30 d\u00e9cembre 1863, marqua profond\u00e9ment Paul Verlaine qui r\u00e9digea l&rsquo;acrostiche suivant \u00e0 sa m\u00e9moire. H\u00e9las tu fus Hector, au printemps de ta vie, Enlev\u00e9 sans espoir \u00e0 ta m\u00e8re ch\u00e9rie, Cher enfant, re\u00e7ois donc le tribut de nos pleurs, Ton pieux souvenir est [&hellip;]<\/p>\n","protected":false},"author":3,"featured_media":0,"parent":20,"menu_order":0,"comment_status":"closed","ping_status":"closed","template":"","meta":{"_mi_skip_tracking":false},"_links":{"self":[{"href":"https:\/\/gsara.tv\/libramont\/routeverlaine\/wp-json\/wp\/v2\/pages\/127"}],"collection":[{"href":"https:\/\/gsara.tv\/libramont\/routeverlaine\/wp-json\/wp\/v2\/pages"}],"about":[{"href":"https:\/\/gsara.tv\/libramont\/routeverlaine\/wp-json\/wp\/v2\/types\/page"}],"author":[{"embeddable":true,"href":"https:\/\/gsara.tv\/libramont\/routeverlaine\/wp-json\/wp\/v2\/users\/3"}],"replies":[{"embeddable":true,"href":"https:\/\/gsara.tv\/libramont\/routeverlaine\/wp-json\/wp\/v2\/comments?post=127"}],"version-history":[{"count":35,"href":"https:\/\/gsara.tv\/libramont\/routeverlaine\/wp-json\/wp\/v2\/pages\/127\/revisions"}],"predecessor-version":[{"id":2154,"href":"https:\/\/gsara.tv\/libramont\/routeverlaine\/wp-json\/wp\/v2\/pages\/127\/revisions\/2154"}],"up":[{"embeddable":true,"href":"https:\/\/gsara.tv\/libramont\/routeverlaine\/wp-json\/wp\/v2\/pages\/20"}],"wp:attachment":[{"href":"https:\/\/gsara.tv\/libramont\/routeverlaine\/wp-json\/wp\/v2\/media?parent=127"}],"curies":[{"name":"wp","href":"https:\/\/api.w.org\/{rel}","templated":true}]}}