{"id":130,"date":"2016-04-26T08:57:31","date_gmt":"2016-04-26T07:57:31","guid":{"rendered":"http:\/\/gsara.tv\/libramont\/routeverlaine\/?page_id=130"},"modified":"2017-01-30T13:02:40","modified_gmt":"2017-01-30T12:02:40","slug":"maison-jean-joseph-istace","status":"publish","type":"page","link":"https:\/\/gsara.tv\/libramont\/routeverlaine\/paliseul\/maison-jean-joseph-istace\/","title":{"rendered":"Caf\u00e9 brasserie Sur le Pouce (Maison Jean-Joseph Istace)"},"content":{"rendered":"<figure id=\"attachment_220\" aria-describedby=\"caption-attachment-220\" style=\"width: 468px\" class=\"wp-caption alignnone\"><a href=\"http:\/\/gsara.tv\/libramont\/routeverlaine\/wp-content\/uploads\/2016\/05\/sur-le-pouce-photo-e1462266416973.jpg\"><img decoding=\"async\" loading=\"lazy\" class=\"wp-image-220\" src=\"http:\/\/gsara.tv\/libramont\/routeverlaine\/wp-content\/uploads\/2016\/05\/sur-le-pouce-photo-e1462266416973-262x300.jpg\" alt=\"Maison Jean-Joseph Istace\" width=\"468\" height=\"536\" srcset=\"https:\/\/gsara.tv\/libramont\/routeverlaine\/wp-content\/uploads\/2016\/05\/sur-le-pouce-photo-e1462266416973-262x300.jpg 262w, https:\/\/gsara.tv\/libramont\/routeverlaine\/wp-content\/uploads\/2016\/05\/sur-le-pouce-photo-e1462266416973.jpg 435w\" sizes=\"(max-width: 468px) 100vw, 468px\" \/><\/a><figcaption id=\"caption-attachment-220\" class=\"wp-caption-text\">Maison Jean-Joseph Istace<\/figcaption><\/figure>\n<p>Jean-Joseph Istace, \u00e9tait l&rsquo;ami du p\u00e8re de Paul Verlaine. Son fils Eug\u00e8ne est n\u00e9 en 1835. Il est appel\u00e9 \u00ab\u00a0le petit duc\u00a0\u00bb, exer\u00e7ant le m\u00e9tier d&rsquo;agent de commerce pour la cristallerie Baccarat de Clichy. Avec Eug\u00e8ne Istace, Paul Verlaine \u00e9changea une longue correspondance; plusieurs lettres ont \u00e9t\u00e9 conserv\u00e9es dans la famille de M. Jean-Michel Istace, notaire honoraire de Paliseul, on les retrouve au \u00ab\u00a0P\u00f4le\u00a0\u00bb Verlaine, \u00e0 l&rsquo;exposition consacr\u00e9e au po\u00e8te, maison Paul Verlaine.<\/p>\n<div id='gallery-1' class='gallery galleryid-130 gallery-columns-2 gallery-size-full'><figure class='gallery-item'>\n\t\t\t<div class='gallery-icon portrait'>\n\t\t\t\t<a href='https:\/\/gsara.tv\/libramont\/routeverlaine\/wp-content\/uploads\/2016\/10\/eugene-1.jpg'><img width=\"2945\" height=\"4567\" src=\"https:\/\/gsara.tv\/libramont\/routeverlaine\/wp-content\/uploads\/2016\/10\/eugene-1.jpg\" class=\"attachment-full size-full\" alt=\"\" decoding=\"async\" loading=\"lazy\" aria-describedby=\"gallery-1-1074\" srcset=\"https:\/\/gsara.tv\/libramont\/routeverlaine\/wp-content\/uploads\/2016\/10\/eugene-1.jpg 2945w, https:\/\/gsara.tv\/libramont\/routeverlaine\/wp-content\/uploads\/2016\/10\/eugene-1-193x300.jpg 193w, https:\/\/gsara.tv\/libramont\/routeverlaine\/wp-content\/uploads\/2016\/10\/eugene-1-768x1191.jpg 768w, https:\/\/gsara.tv\/libramont\/routeverlaine\/wp-content\/uploads\/2016\/10\/eugene-1-660x1024.jpg 660w, https:\/\/gsara.tv\/libramont\/routeverlaine\/wp-content\/uploads\/2016\/10\/eugene-1-619x960.jpg 619w\" sizes=\"(max-width: 2945px) 100vw, 2945px\" \/><\/a>\n\t\t\t<\/div>\n\t\t\t\t<figcaption class='wp-caption-text gallery-caption' id='gallery-1-1074'>\n\t\t\t\tDimanche 1 juillet  Mon cher Eug\u00e8ne, La permission d&rsquo;aller en cong\u00e9 ne m&rsquo;ayant pas \u00e9t\u00e9 accord\u00e9e, malgr\u00e9 mes instances tr\u00e8s pressantes et celles de maman, au moins pour cette semaine, je dois renoncer au plaisir de voyager avec vous. Peut-\u00eatre nous reverrons nous en Belgique. (Je dis peut-\u00eatre, parce que jusqu\u2019\u00e0 pr\u00e9sent mon chef ne m&rsquo;a pas l&rsquo;air tr\u00e8s dispos\u00e9 \u00e0 me laisser partir, vu la quantit\u00e9 de travail dont se trouve gratifi\u00e9 mon bureau.)\n\t\t\t\t<\/figcaption><\/figure><figure class='gallery-item'>\n\t\t\t<div class='gallery-icon portrait'>\n\t\t\t\t<a href='https:\/\/gsara.tv\/libramont\/routeverlaine\/wp-content\/uploads\/2016\/10\/eugene-2.jpg'><img width=\"2860\" height=\"4523\" src=\"https:\/\/gsara.tv\/libramont\/routeverlaine\/wp-content\/uploads\/2016\/10\/eugene-2.jpg\" class=\"attachment-full size-full\" alt=\"\" decoding=\"async\" loading=\"lazy\" aria-describedby=\"gallery-1-1075\" srcset=\"https:\/\/gsara.tv\/libramont\/routeverlaine\/wp-content\/uploads\/2016\/10\/eugene-2.jpg 2860w, https:\/\/gsara.tv\/libramont\/routeverlaine\/wp-content\/uploads\/2016\/10\/eugene-2-190x300.jpg 190w, https:\/\/gsara.tv\/libramont\/routeverlaine\/wp-content\/uploads\/2016\/10\/eugene-2-768x1215.jpg 768w, https:\/\/gsara.tv\/libramont\/routeverlaine\/wp-content\/uploads\/2016\/10\/eugene-2-647x1024.jpg 647w, https:\/\/gsara.tv\/libramont\/routeverlaine\/wp-content\/uploads\/2016\/10\/eugene-2-607x960.jpg 607w\" sizes=\"(max-width: 2860px) 100vw, 2860px\" \/><\/a>\n\t\t\t<\/div>\n\t\t\t\t<figcaption class='wp-caption-text gallery-caption' id='gallery-1-1075'>\n\t\t\t\tEn tout cas, mon cher Eug\u00e8ne, bon voyage, et nos compliments \u00e0 tout le monde chez Me Gatineau, et \u00e0 Paliseul quand vous irez. Embrassez bien ma tante Grandjean pour moi, et annoncez-lui sans trop pourtant le lui assurer, notre prochain voyage pour l\u00e0-bas. Mille amiti\u00e9s, P. Verlaine.\n\t\t\t\t<\/figcaption><\/figure>\n\t\t<\/div>\n\n<p>&nbsp;<\/p>\n<p><a href=\"https:\/\/soundcloud.com\/user-203063904\/leo-ferre-chante-verlaine-art-poetique\"><img decoding=\"async\" loading=\"lazy\" class=\"wp-image-2137 alignleft\" src=\"http:\/\/gsara.tv\/libramont\/routeverlaine\/wp-content\/uploads\/2017\/01\/ICONE-MUSIQUE-11.png\" alt=\"\" width=\"106\" height=\"106\" srcset=\"https:\/\/gsara.tv\/libramont\/routeverlaine\/wp-content\/uploads\/2017\/01\/ICONE-MUSIQUE-11.png 256w, https:\/\/gsara.tv\/libramont\/routeverlaine\/wp-content\/uploads\/2017\/01\/ICONE-MUSIQUE-11-150x150.png 150w\" sizes=\"(max-width: 106px) 100vw, 106px\" \/><\/a><\/p>\n<div class=\"csRow\">\n<div class=\"csColumnGap\" style=\"margin: 0px; padding: 0px; float: left; width: 0.313%;\"><img decoding=\"async\" src=\"http:\/\/gsara.tv\/libramont\/routeverlaine\/wp-content\/plugins\/advanced-wp-columns\/assets\/js\/plugins\/views\/img\/1x1-pixel.png\" \/><\/div>\n<div class=\"csColumn\" style=\"margin: 0px; padding: 0px; float: left; width: 42.2%;\" data-csid=\"91ff9daa-5937-a641-9e34-902e8614ba5e\" data-cswidth=\"42.2%\" data-csendpoint=\"408.00002001171873\" data-csstartpoint=\"3.000004752929687\"><\/div>\n<\/div>\n<div class=\"csColumn\" style=\"margin: 0px; padding: 0px; float: left; width: 42.2%;\" data-csid=\"91ff9daa-5937-a641-9e34-902e8614ba5e\" data-cswidth=\"42.2%\" data-csendpoint=\"408.00002001171873\" data-csstartpoint=\"3.000004752929687\"><\/div>\n<div class=\"csColumn\" style=\"margin: 0px; padding: 0px; float: left; width: 42.2%;\" data-csid=\"91ff9daa-5937-a641-9e34-902e8614ba5e\" data-cswidth=\"42.2%\" data-csendpoint=\"408.00002001171873\" data-csstartpoint=\"3.000004752929687\"><\/div>\n<div class=\"csRow\">\n<div class=\"csColumnGap\" style=\"margin: 0px; padding: 0px; float: left; width: 9.06%;\"><img decoding=\"async\" src=\"http:\/\/gsara.tv\/libramont\/routeverlaine\/wp-content\/plugins\/advanced-wp-columns\/assets\/js\/plugins\/views\/img\/1x1-pixel.png\" \/><\/div>\n<p><a href=\"http:\/\/gsara.tv\/libramont\/routeverlaine\/paliseul\/\"><img decoding=\"async\" loading=\"lazy\" class=\"alignright wp-image-1841 size-medium\" src=\"http:\/\/gsara.tv\/libramont\/routeverlaine\/wp-content\/uploads\/2016\/12\/infoPaliseul-300x264.jpg\" width=\"300\" height=\"264\" srcset=\"https:\/\/gsara.tv\/libramont\/routeverlaine\/wp-content\/uploads\/2016\/12\/infoPaliseul-300x264.jpg 300w, https:\/\/gsara.tv\/libramont\/routeverlaine\/wp-content\/uploads\/2016\/12\/infoPaliseul.jpg 545w\" sizes=\"(max-width: 300px) 100vw, 300px\" \/><\/a><\/p>\n<\/div>\n<div class=\"csRow\">\n<div class=\"csColumnGap\" style=\"margin: 0px; padding: 0px; float: left; width: 1.56%;\"><img decoding=\"async\" src=\"http:\/\/gsara.tv\/libramont\/routeverlaine\/wp-content\/plugins\/advanced-wp-columns\/assets\/js\/plugins\/views\/img\/1x1-pixel.png\" \/><\/div>\n<div class=\"csColumn\" style=\"margin: 0px; padding: 0px; float: left; width: 47.6%;\" data-csid=\"01bc3332-0487-4caf-bc55-6f340473a03a\" data-cswidth=\"47.6%\" data-csendpoint=\"472.00002001171873\" data-csstartpoint=\"15.000004752929687\"><\/div>\n<div class=\"csColumnGap\" style=\"margin: 0px; margin-right: 10px; padding: 0px; float: left; width: 1.56%;\"><img decoding=\"async\" src=\"http:\/\/gsara.tv\/libramont\/routeverlaine\/wp-content\/plugins\/advanced-wp-columns\/assets\/js\/plugins\/views\/img\/1x1-pixel.png\" \/><\/div>\n<div class=\"csColumn\" style=\"margin: 0px; padding: 0px; float: left; width: 47.7%;\" data-csid=\"689e593c-b08e-dda0-9ef6-39878daff78f\" data-cswidth=\"47.7%\" data-csendpoint=\"945.0000200117188\" data-csstartpoint=\"487.00002001171873\"><\/div>\n<div class=\"csColumnGap\" style=\"margin: 0px; padding: 0px; float: left; width: 1.56%;\"><img decoding=\"async\" src=\"http:\/\/gsara.tv\/libramont\/routeverlaine\/wp-content\/plugins\/advanced-wp-columns\/assets\/js\/plugins\/views\/img\/1x1-pixel.png\" \/><\/div>\n<div style=\"clear: both; float: none; display: block; visibility: hidden; width: 0px; font-size: 0px; line-height: 0;\"><\/div>\n<\/div>\n<div class=\"csRow\">\n<div class=\"csColumnGap\" style=\"margin: 0px; margin-right: 10px; padding: 0px; float: left; width: 1.56%;\"><img decoding=\"async\" src=\"http:\/\/gsara.tv\/libramont\/routeverlaine\/wp-content\/plugins\/advanced-wp-columns\/assets\/js\/plugins\/views\/img\/1x1-pixel.png\" \/><\/div>\n<div class=\"csColumn\" style=\"margin: 0px; padding: 0px; float: left; width: 47.6%;\" data-csid=\"127f336a-eaff-0b09-98a3-a6ef4d165c60\" data-cswidth=\"47.6%\" data-csendpoint=\"472.00002001171873\" data-csstartpoint=\"15.000004752929687\"><\/div>\n<div class=\"csColumnGap\" style=\"margin: 0px; padding: 0px; float: left; width: 1.56%;\"><img decoding=\"async\" src=\"http:\/\/gsara.tv\/libramont\/routeverlaine\/wp-content\/plugins\/advanced-wp-columns\/assets\/js\/plugins\/views\/img\/1x1-pixel.png\" \/><\/div>\n<\/div>\n<p><br class=\"nc\" \/><br class=\"nc\" \/><br class=\"nc\" \/><br class=\"nc\" \/><br class=\"nc\" \/><br class=\"nc\" \/><br class=\"nc\" \/><br class=\"nc\" \/><br class=\"nc\" \/><br class=\"nc\" \/><br class=\"nc\" \/><br class=\"nc\" \/><br class=\"nc\" \/><br class=\"nc\" \/><br class=\"nc\" \/><br class=\"nc\" \/><br class=\"nc\" \/><br class=\"nc\" \/><br class=\"nc\" \/><br class=\"nc\" \/><br class=\"nc\" \/><\/p>\n","protected":false},"excerpt":{"rendered":"<p>Jean-Joseph Istace, \u00e9tait l&rsquo;ami du p\u00e8re de Paul Verlaine. Son fils Eug\u00e8ne est n\u00e9 en 1835. Il est appel\u00e9 \u00ab\u00a0le petit duc\u00a0\u00bb, exer\u00e7ant le m\u00e9tier d&rsquo;agent de commerce pour la cristallerie Baccarat de Clichy. Avec Eug\u00e8ne Istace, Paul Verlaine \u00e9changea une longue correspondance; plusieurs lettres ont \u00e9t\u00e9 conserv\u00e9es dans la famille de M. Jean-Michel Istace, [&hellip;]<\/p>\n","protected":false},"author":3,"featured_media":0,"parent":20,"menu_order":0,"comment_status":"closed","ping_status":"closed","template":"","meta":{"_mi_skip_tracking":false},"_links":{"self":[{"href":"https:\/\/gsara.tv\/libramont\/routeverlaine\/wp-json\/wp\/v2\/pages\/130"}],"collection":[{"href":"https:\/\/gsara.tv\/libramont\/routeverlaine\/wp-json\/wp\/v2\/pages"}],"about":[{"href":"https:\/\/gsara.tv\/libramont\/routeverlaine\/wp-json\/wp\/v2\/types\/page"}],"author":[{"embeddable":true,"href":"https:\/\/gsara.tv\/libramont\/routeverlaine\/wp-json\/wp\/v2\/users\/3"}],"replies":[{"embeddable":true,"href":"https:\/\/gsara.tv\/libramont\/routeverlaine\/wp-json\/wp\/v2\/comments?post=130"}],"version-history":[{"count":51,"href":"https:\/\/gsara.tv\/libramont\/routeverlaine\/wp-json\/wp\/v2\/pages\/130\/revisions"}],"predecessor-version":[{"id":2171,"href":"https:\/\/gsara.tv\/libramont\/routeverlaine\/wp-json\/wp\/v2\/pages\/130\/revisions\/2171"}],"up":[{"embeddable":true,"href":"https:\/\/gsara.tv\/libramont\/routeverlaine\/wp-json\/wp\/v2\/pages\/20"}],"wp:attachment":[{"href":"https:\/\/gsara.tv\/libramont\/routeverlaine\/wp-json\/wp\/v2\/media?parent=130"}],"curies":[{"name":"wp","href":"https:\/\/api.w.org\/{rel}","templated":true}]}}