{"id":134,"date":"2016-04-26T08:59:54","date_gmt":"2016-04-26T07:59:54","guid":{"rendered":"http:\/\/gsara.tv\/libramont\/routeverlaine\/?page_id=134"},"modified":"2016-12-20T11:52:10","modified_gmt":"2016-12-20T10:52:10","slug":"maison-perot","status":"publish","type":"page","link":"https:\/\/gsara.tv\/libramont\/routeverlaine\/paliseul\/maison-perot\/","title":{"rendered":"Maison Paul Verlaine aujourd&rsquo;hui (Maison Perot)"},"content":{"rendered":"<p><strong>Maison Perot<\/strong><\/p>\n<div id='gallery-1' class='gallery galleryid-134 gallery-columns-2 gallery-size-medium'><figure class='gallery-item'>\n\t\t\t<div class='gallery-icon portrait'>\n\t\t\t\t<a href='https:\/\/gsara.tv\/libramont\/routeverlaine\/paliseul\/maison-perot\/maison-paul-verlaine-4b\/'><img width=\"292\" height=\"300\" src=\"https:\/\/gsara.tv\/libramont\/routeverlaine\/wp-content\/uploads\/2016\/05\/maison-paul-verlaine-4B-292x300.jpg\" class=\"attachment-medium size-medium\" alt=\"\" decoding=\"async\" loading=\"lazy\" aria-describedby=\"gallery-1-196\" srcset=\"https:\/\/gsara.tv\/libramont\/routeverlaine\/wp-content\/uploads\/2016\/05\/maison-paul-verlaine-4B-292x300.jpg 292w, https:\/\/gsara.tv\/libramont\/routeverlaine\/wp-content\/uploads\/2016\/05\/maison-paul-verlaine-4B-768x789.jpg 768w, https:\/\/gsara.tv\/libramont\/routeverlaine\/wp-content\/uploads\/2016\/05\/maison-paul-verlaine-4B-997x1024.jpg 997w, https:\/\/gsara.tv\/libramont\/routeverlaine\/wp-content\/uploads\/2016\/05\/maison-paul-verlaine-4B-934x960.jpg 934w, https:\/\/gsara.tv\/libramont\/routeverlaine\/wp-content\/uploads\/2016\/05\/maison-paul-verlaine-4B.jpg 1934w\" sizes=\"(max-width: 292px) 100vw, 292px\" \/><\/a>\n\t\t\t<\/div>\n\t\t\t\t<figcaption class='wp-caption-text gallery-caption' id='gallery-1-196'>\n\t\t\t\tEntr\u00e9e de la salle Paul Verlaine aujourd&rsquo;hui.\n\t\t\t\t<\/figcaption><\/figure><figure class='gallery-item'>\n\t\t\t<div class='gallery-icon portrait'>\n\t\t\t\t<a href='https:\/\/gsara.tv\/libramont\/routeverlaine\/paliseul\/maison-perot\/p1000960\/'><img width=\"236\" height=\"300\" src=\"https:\/\/gsara.tv\/libramont\/routeverlaine\/wp-content\/uploads\/2016\/06\/P1000960-236x300.jpg\" class=\"attachment-medium size-medium\" alt=\"\" decoding=\"async\" loading=\"lazy\" aria-describedby=\"gallery-1-512\" srcset=\"https:\/\/gsara.tv\/libramont\/routeverlaine\/wp-content\/uploads\/2016\/06\/P1000960-236x300.jpg 236w, https:\/\/gsara.tv\/libramont\/routeverlaine\/wp-content\/uploads\/2016\/06\/P1000960-768x975.jpg 768w, https:\/\/gsara.tv\/libramont\/routeverlaine\/wp-content\/uploads\/2016\/06\/P1000960-807x1024.jpg 807w, https:\/\/gsara.tv\/libramont\/routeverlaine\/wp-content\/uploads\/2016\/06\/P1000960-756x960.jpg 756w\" sizes=\"(max-width: 236px) 100vw, 236px\" \/><\/a>\n\t\t\t<\/div>\n\t\t\t\t<figcaption class='wp-caption-text gallery-caption' id='gallery-1-512'>\n\t\t\t\tBuste de Verlaine sculpt\u00e9 par Fernand Tomasi (hall d&rsquo;entr\u00e9e) n\u00e9 \u00e0 Orsainfaing (Habay-La-Neuve) en 1934. Sculpteur, po\u00e8te, nouvelliste, \u00e9crivain, il r\u00e9side \u00e0 Meix-devant-Virton.\n\t\t\t\t<\/figcaption><\/figure>\n\t\t<\/div>\n\n<p>Si l&rsquo;actuel b\u00e2timent n&rsquo;est pas contemporain de l&rsquo;\u00e9poque o\u00f9 le jeune Paul s\u00e9journait dans la bourgade, il a toutefois gard\u00e9 son cachet et son aspect primitif avec notamment sa date de construction sertie dans le mur de la fa\u00e7ade principale: 1850.<br \/>\nCe sont les \u00e9poux Jean-Joseph Perot (receveur des contributions et bourgmestre de Paliseul entre 1867 et 1879) et Jeanne Eug\u00e9nie Poncelet qui firent construire cette b\u00e2tisse; une maison imposante en pierres du pays, attenant de trois c\u00f4t\u00e9s \u00e0 la voirie, qu&rsquo;ils occup\u00e8rent avec leurs deux enfants d\u00e8s 1851.<br \/>\nCe n&rsquo;est donc pas dans cette maison qu&rsquo;a r\u00e9sid\u00e9 le couple Grandjean-Verlaine et que, durant son enfance et son adolescence, Paul Verlaine venait passer ses vacances. (Extrait du d\u00e9pliant de S.I. de Paliseul)<br \/>\nUne pierre de schiste est appos\u00e9e le 26 juin 1932, par la Soci\u00e9t\u00e9 des \u00e9crivains ardennais fond\u00e9e \u00e0 Charleville.<br \/>\nCette plaque rend hommage au grand po\u00e8te qui a partag\u00e9 avec les enfants de cette maison- Hector et Clarisse Perot &#8211; des jeux et une amiti\u00e9 durable.<br \/>\nElle appartient maintenant \u00e0 l\u2019Association des \u0152uvres Paroissiales de Paliseul et abrite entre autre une exposition et un montage audiovisuel consacr\u00e9s au po\u00e8te.<\/p>\n<figure id=\"attachment_699\" aria-describedby=\"caption-attachment-699\" style=\"width: 501px\" class=\"wp-caption alignnone\"><img decoding=\"async\" loading=\"lazy\" class=\"wp-image-699\" src=\"http:\/\/gsara.tv\/libramont\/routeverlaine\/wp-content\/uploads\/2016\/08\/plaque-maison-paul-verlaine-300x212.jpg\" width=\"501\" height=\"354\" srcset=\"https:\/\/gsara.tv\/libramont\/routeverlaine\/wp-content\/uploads\/2016\/08\/plaque-maison-paul-verlaine-300x212.jpg 300w, https:\/\/gsara.tv\/libramont\/routeverlaine\/wp-content\/uploads\/2016\/08\/plaque-maison-paul-verlaine-768x543.jpg 768w, https:\/\/gsara.tv\/libramont\/routeverlaine\/wp-content\/uploads\/2016\/08\/plaque-maison-paul-verlaine-1024x724.jpg 1024w, https:\/\/gsara.tv\/libramont\/routeverlaine\/wp-content\/uploads\/2016\/08\/plaque-maison-paul-verlaine-1359x960.jpg 1359w\" sizes=\"(max-width: 501px) 100vw, 501px\" \/><figcaption id=\"caption-attachment-699\" class=\"wp-caption-text\">Plaque comm\u00e9morative \u00e0 Paliseul.<\/figcaption><\/figure>\n<p><strong><img decoding=\"async\" src=\"http:\/\/gsara.tv\/libramont\/routeverlaine\/wp-content\/plugins\/advanced-wp-columns\/assets\/js\/plugins\/views\/img\/1x1-pixel.png\" \/>Agnus Dei<img decoding=\"async\" loading=\"lazy\" class=\"alignright wp-image-1614 \" src=\"http:\/\/gsara.tv\/libramont\/routeverlaine\/wp-content\/uploads\/2016\/11\/Agneau-dans-bruy\u00e8re.jpg\" width=\"245\" height=\"325\" srcset=\"https:\/\/gsara.tv\/libramont\/routeverlaine\/wp-content\/uploads\/2016\/11\/Agneau-dans-bruy\u00e8re.jpg 380w, https:\/\/gsara.tv\/libramont\/routeverlaine\/wp-content\/uploads\/2016\/11\/Agneau-dans-bruy\u00e8re-226x300.jpg 226w\" sizes=\"(max-width: 245px) 100vw, 245px\" \/><\/strong><\/p>\n<p>L&rsquo;agneau cherche l&rsquo;am\u00e8re bruy\u00e8re<br \/>\nC&rsquo;est le sel et non le sucre qu&rsquo;il pr\u00e9f\u00e8re,<br \/>\nSon pas fait le bruit d&rsquo;une averse sur la poussi\u00e8re<br \/>\nQuand il veut un but rien ne l&rsquo;arr\u00eate,<br \/>\nBrusque il fonce avec des grands coups de sa t\u00eate,<br \/>\nPuis il b\u00eale vers sa m\u00e8re accourue inqui\u00e8te\u2026<\/p>\n<p>Extrait de\u00a0<em>Liturgies intimes.<\/em><\/p>\n<div class=\"csColumnGap\" style=\"margin: 0px; padding: 0px; float: left; width: 1.56%;\"><img decoding=\"async\" src=\"http:\/\/gsara.tv\/libramont\/routeverlaine\/wp-content\/plugins\/advanced-wp-columns\/assets\/js\/plugins\/views\/img\/1x1-pixel.png\" \/><\/div>\n<p><span style=\"font-size: 14.0pt;\">\u00a0<\/span><\/p>\n<p>&nbsp;<\/p>\n<p><iframe loading=\"lazy\" class=\"juxtapose\" src=\"https:\/\/cdn.knightlab.com\/libs\/juxtapose\/latest\/embed\/index.html?uid=3f9893ae-a111-11e6-a80c-0edaf8f81e27\" width=\"100%\" height=\"500\" frameborder=\"0\"><\/iframe><\/p>\n<p><a href=\"http:\/\/gsara.tv\/libramont\/routeverlaine\/paliseul\/\"><img decoding=\"async\" loading=\"lazy\" class=\"alignright wp-image-1841 size-medium\" src=\"http:\/\/gsara.tv\/libramont\/routeverlaine\/wp-content\/uploads\/2016\/12\/infoPaliseul-300x264.jpg\" width=\"300\" height=\"264\" srcset=\"https:\/\/gsara.tv\/libramont\/routeverlaine\/wp-content\/uploads\/2016\/12\/infoPaliseul-300x264.jpg 300w, https:\/\/gsara.tv\/libramont\/routeverlaine\/wp-content\/uploads\/2016\/12\/infoPaliseul.jpg 545w\" sizes=\"(max-width: 300px) 100vw, 300px\" \/><\/a><\/p>\n","protected":false},"excerpt":{"rendered":"<p>Maison Perot Si l&rsquo;actuel b\u00e2timent n&rsquo;est pas contemporain de l&rsquo;\u00e9poque o\u00f9 le jeune Paul s\u00e9journait dans la bourgade, il a toutefois gard\u00e9 son cachet et son aspect primitif avec notamment sa date de construction sertie dans le mur de la fa\u00e7ade principale: 1850. Ce sont les \u00e9poux Jean-Joseph Perot (receveur des contributions et bourgmestre de [&hellip;]<\/p>\n","protected":false},"author":3,"featured_media":0,"parent":20,"menu_order":0,"comment_status":"closed","ping_status":"closed","template":"","meta":{"_mi_skip_tracking":false},"_links":{"self":[{"href":"https:\/\/gsara.tv\/libramont\/routeverlaine\/wp-json\/wp\/v2\/pages\/134"}],"collection":[{"href":"https:\/\/gsara.tv\/libramont\/routeverlaine\/wp-json\/wp\/v2\/pages"}],"about":[{"href":"https:\/\/gsara.tv\/libramont\/routeverlaine\/wp-json\/wp\/v2\/types\/page"}],"author":[{"embeddable":true,"href":"https:\/\/gsara.tv\/libramont\/routeverlaine\/wp-json\/wp\/v2\/users\/3"}],"replies":[{"embeddable":true,"href":"https:\/\/gsara.tv\/libramont\/routeverlaine\/wp-json\/wp\/v2\/comments?post=134"}],"version-history":[{"count":70,"href":"https:\/\/gsara.tv\/libramont\/routeverlaine\/wp-json\/wp\/v2\/pages\/134\/revisions"}],"predecessor-version":[{"id":1996,"href":"https:\/\/gsara.tv\/libramont\/routeverlaine\/wp-json\/wp\/v2\/pages\/134\/revisions\/1996"}],"up":[{"embeddable":true,"href":"https:\/\/gsara.tv\/libramont\/routeverlaine\/wp-json\/wp\/v2\/pages\/20"}],"wp:attachment":[{"href":"https:\/\/gsara.tv\/libramont\/routeverlaine\/wp-json\/wp\/v2\/media?parent=134"}],"curies":[{"name":"wp","href":"https:\/\/api.w.org\/{rel}","templated":true}]}}