{"id":14,"date":"2016-01-27T14:01:46","date_gmt":"2016-01-27T13:01:46","guid":{"rendered":"http:\/\/gsara.tv\/libramont\/routeverlaine\/?page_id=14"},"modified":"2017-05-30T08:39:29","modified_gmt":"2017-05-30T07:39:29","slug":"carlsbourg","status":"publish","type":"page","link":"https:\/\/gsara.tv\/libramont\/routeverlaine\/carlsbourg\/","title":{"rendered":"Carlsbourg"},"content":{"rendered":"<p><iframe loading=\"lazy\" class=\"juxtapose\" src=\"https:\/\/cdn.knightlab.com\/libs\/juxtapose\/latest\/embed\/index.html?uid=c599bd5a-b617-11e6-8803-0edaf8f81e27\" width=\"100%\" height=\"340\" frameborder=\"0\"><\/iframe><\/p>\n<p>Carlsbourg portait le nom de \u00ab\u00a0Saussure\u00a0\u00bb, ce qui voulait dire saussaie, car on y trouvait des saules \u00e0 osier. Son nom actuel lui fut donn\u00e9 par Charles Godefroy de La Tour, duc souverain de Bouillon.<br \/>\nAncienne propri\u00e9t\u00e9 des Latour d&rsquo;Auvergne, ducs de Bouillon aux 18\u00e8me si\u00e8cle, ayant appartenu apr\u00e8s la r\u00e9volution fran\u00e7aise au colonel Grandjean, oncle de Paul Verlaine qui y joua \u00e9tant jeune.<br \/>\nElle devint propri\u00e9t\u00e9 des fr\u00e8res de l&rsquo;\u00e9cole chr\u00e9tienne au milieu du XIX\u00e8me, le coll\u00e8ge Saint Joseph, \u00e0 laquelle Albin-Georges Terrien, grand \u00e9crivain de l&rsquo;Ardenne fait allusion dans son livre <em>La Gl\u00e8be<\/em>. Le nom de Carlsbourg, qui fut la marque de l&rsquo;ancienne laiterie du village, est \u00e9galement toujours utilis\u00e9e commercialement.<br \/>\nLe ch\u00e2teau a conserv\u00e9 un escalier monumental en ch\u00eane et les murs supportent les armoiries des diff\u00e9rentes familles qui se sont succ\u00e9d\u00e9es dans ces lieux, dont les M\u00e9rode, les Rougrave, les Lamock, les d&rsquo;Elbecq et finalement les la Tour d&rsquo;Auvergne, dont les armoiries ont inspir\u00e9 celles de la commune de Paliseul.<\/p>\n<figure id=\"attachment_1724\" aria-describedby=\"caption-attachment-1724\" style=\"width: 242px\" class=\"wp-caption aligncenter\"><a href=\"https:\/\/gsara.tv\/libramont\/routeverlaine\/carlsbourg\/le-chateau-grandjean-verlaine\/\"><img decoding=\"async\" loading=\"lazy\" class=\" wp-image-1724\" src=\"http:\/\/gsara.tv\/libramont\/routeverlaine\/wp-content\/uploads\/2016\/11\/Ancien-chateau-de-Carlsbourg-300x198.jpg\" alt=\"\" width=\"242\" height=\"160\" srcset=\"https:\/\/gsara.tv\/libramont\/routeverlaine\/wp-content\/uploads\/2016\/11\/Ancien-chateau-de-Carlsbourg-300x198.jpg 300w, https:\/\/gsara.tv\/libramont\/routeverlaine\/wp-content\/uploads\/2016\/11\/Ancien-chateau-de-Carlsbourg-768x507.jpg 768w, https:\/\/gsara.tv\/libramont\/routeverlaine\/wp-content\/uploads\/2016\/11\/Ancien-chateau-de-Carlsbourg.jpg 808w\" sizes=\"(max-width: 242px) 100vw, 242px\" \/><\/a><figcaption id=\"caption-attachment-1724\" class=\"wp-caption-text\">Ch\u00e2teau de plaisance de Carlsbourg<\/figcaption><\/figure>\n","protected":false},"excerpt":{"rendered":"<p>Carlsbourg portait le nom de \u00ab\u00a0Saussure\u00a0\u00bb, ce qui voulait dire saussaie, car on y trouvait des saules \u00e0 osier. Son nom actuel lui fut donn\u00e9 par Charles Godefroy de La Tour, duc souverain de Bouillon. Ancienne propri\u00e9t\u00e9 des Latour d&rsquo;Auvergne, ducs de Bouillon aux 18\u00e8me si\u00e8cle, ayant appartenu apr\u00e8s la r\u00e9volution fran\u00e7aise au colonel Grandjean, [&hellip;]<\/p>\n","protected":false},"author":2,"featured_media":0,"parent":0,"menu_order":0,"comment_status":"closed","ping_status":"closed","template":"","meta":{"_mi_skip_tracking":false},"_links":{"self":[{"href":"https:\/\/gsara.tv\/libramont\/routeverlaine\/wp-json\/wp\/v2\/pages\/14"}],"collection":[{"href":"https:\/\/gsara.tv\/libramont\/routeverlaine\/wp-json\/wp\/v2\/pages"}],"about":[{"href":"https:\/\/gsara.tv\/libramont\/routeverlaine\/wp-json\/wp\/v2\/types\/page"}],"author":[{"embeddable":true,"href":"https:\/\/gsara.tv\/libramont\/routeverlaine\/wp-json\/wp\/v2\/users\/2"}],"replies":[{"embeddable":true,"href":"https:\/\/gsara.tv\/libramont\/routeverlaine\/wp-json\/wp\/v2\/comments?post=14"}],"version-history":[{"count":25,"href":"https:\/\/gsara.tv\/libramont\/routeverlaine\/wp-json\/wp\/v2\/pages\/14\/revisions"}],"predecessor-version":[{"id":2314,"href":"https:\/\/gsara.tv\/libramont\/routeverlaine\/wp-json\/wp\/v2\/pages\/14\/revisions\/2314"}],"wp:attachment":[{"href":"https:\/\/gsara.tv\/libramont\/routeverlaine\/wp-json\/wp\/v2\/media?parent=14"}],"curies":[{"name":"wp","href":"https:\/\/api.w.org\/{rel}","templated":true}]}}