{"id":16,"date":"2016-01-27T14:02:17","date_gmt":"2016-01-27T13:02:17","guid":{"rendered":"http:\/\/gsara.tv\/libramont\/routeverlaine\/?page_id=16"},"modified":"2017-01-23T10:47:36","modified_gmt":"2017-01-23T09:47:36","slug":"corbion","status":"publish","type":"page","link":"https:\/\/gsara.tv\/libramont\/routeverlaine\/corbion\/","title":{"rendered":"Corbion"},"content":{"rendered":"<p>&nbsp;<\/p>\n<figure id=\"attachment_1908\" aria-describedby=\"caption-attachment-1908\" style=\"width: 221px\" class=\"wp-caption alignright\"><a href=\"http:\/\/gsara.tv\/libramont\/routeverlaine\/corbion\/la-stele-de-labbe-dewez\/\"><img decoding=\"async\" loading=\"lazy\" class=\"wp-image-1908\" src=\"http:\/\/gsara.tv\/libramont\/routeverlaine\/wp-content\/uploads\/2016\/12\/cimeti\u00e8re-corbion-300x282.png\" width=\"221\" height=\"208\" srcset=\"https:\/\/gsara.tv\/libramont\/routeverlaine\/wp-content\/uploads\/2016\/12\/cimeti\u00e8re-corbion-300x282.png 300w, https:\/\/gsara.tv\/libramont\/routeverlaine\/wp-content\/uploads\/2016\/12\/cimeti\u00e8re-corbion-768x722.png 768w, https:\/\/gsara.tv\/libramont\/routeverlaine\/wp-content\/uploads\/2016\/12\/cimeti\u00e8re-corbion.png 852w\" sizes=\"(max-width: 221px) 100vw, 221px\" \/><\/a><figcaption id=\"caption-attachment-1908\" class=\"wp-caption-text\">St\u00e8le de l&rsquo;abb\u00e9 Dewez<\/figcaption><\/figure>\n<figure id=\"attachment_837\" aria-describedby=\"caption-attachment-837\" style=\"width: 300px\" class=\"wp-caption alignnone\"><a href=\"http:\/\/gsara.tv\/libramont\/routeverlaine\/corbion\/le-presbytere-de-labbe-dewez\/\"><img decoding=\"async\" loading=\"lazy\" class=\"wp-image-837 size-medium\" src=\"http:\/\/gsara.tv\/libramont\/routeverlaine\/wp-content\/uploads\/2016\/08\/IMG_6442-300x200.jpg\" width=\"300\" height=\"200\" srcset=\"https:\/\/gsara.tv\/libramont\/routeverlaine\/wp-content\/uploads\/2016\/08\/IMG_6442-300x200.jpg 300w, https:\/\/gsara.tv\/libramont\/routeverlaine\/wp-content\/uploads\/2016\/08\/IMG_6442-768x512.jpg 768w, https:\/\/gsara.tv\/libramont\/routeverlaine\/wp-content\/uploads\/2016\/08\/IMG_6442-1024x683.jpg 1024w, https:\/\/gsara.tv\/libramont\/routeverlaine\/wp-content\/uploads\/2016\/08\/IMG_6442-1440x960.jpg 1440w\" sizes=\"(max-width: 300px) 100vw, 300px\" \/><\/a><figcaption id=\"caption-attachment-837\" class=\"wp-caption-text\">Presbyt\u00e8re de l&rsquo;abb\u00e9 Dewez<\/figcaption><\/figure>\n<p>&nbsp;<\/p>\n<figure id=\"attachment_717\" aria-describedby=\"caption-attachment-717\" style=\"width: 271px\" class=\"wp-caption alignright\"><a href=\"http:\/\/gsara.tv\/libramont\/routeverlaine\/corbion\/lhotel-le-relais\/\"><img decoding=\"async\" loading=\"lazy\" class=\"wp-image-717 \" src=\"http:\/\/gsara.tv\/libramont\/routeverlaine\/wp-content\/uploads\/2016\/08\/corbion-actuel-78136C-300x188.jpg\" width=\"271\" height=\"170\" srcset=\"https:\/\/gsara.tv\/libramont\/routeverlaine\/wp-content\/uploads\/2016\/08\/corbion-actuel-78136C-300x188.jpg 300w, https:\/\/gsara.tv\/libramont\/routeverlaine\/wp-content\/uploads\/2016\/08\/corbion-actuel-78136C-768x481.jpg 768w, https:\/\/gsara.tv\/libramont\/routeverlaine\/wp-content\/uploads\/2016\/08\/corbion-actuel-78136C.jpg 886w\" sizes=\"(max-width: 271px) 100vw, 271px\" \/><\/a><figcaption id=\"caption-attachment-717\" class=\"wp-caption-text\">H\u00f4tel Le Relais<\/figcaption><\/figure>\n<figure id=\"attachment_1906\" aria-describedby=\"caption-attachment-1906\" style=\"width: 259px\" class=\"wp-caption alignleft\"><a href=\"http:\/\/gsara.tv\/libramont\/routeverlaine\/corbion\/le-clos-des-couleuvres\/\"><img decoding=\"async\" loading=\"lazy\" class=\"wp-image-1906 \" src=\"http:\/\/gsara.tv\/libramont\/routeverlaine\/wp-content\/uploads\/2016\/12\/maison-Verlaine-ruines-300x199.jpg\" width=\"259\" height=\"172\" srcset=\"https:\/\/gsara.tv\/libramont\/routeverlaine\/wp-content\/uploads\/2016\/12\/maison-Verlaine-ruines-300x199.jpg 300w, https:\/\/gsara.tv\/libramont\/routeverlaine\/wp-content\/uploads\/2016\/12\/maison-Verlaine-ruines-768x509.jpg 768w, https:\/\/gsara.tv\/libramont\/routeverlaine\/wp-content\/uploads\/2016\/12\/maison-Verlaine-ruines.jpg 1024w\" sizes=\"(max-width: 259px) 100vw, 259px\" \/><\/a><figcaption id=\"caption-attachment-1906\" class=\"wp-caption-text\">Maison des Couleuvres<\/figcaption><\/figure>\n<p style=\"text-align: left;\">Un village bien ardennais, largement \u00e9tal\u00e9 dans la partie sup\u00e9rieure d&rsquo;un vallonnement, tel est Corbion, avec ses rues en pente o\u00f9 s&rsquo;\u00e9tagent les claires et larges maisons ardennaises aux toits ardois\u00e9s. Sa situation salubre sur la hauteur, ses environs riches en excursions, ses for\u00eats et la proximit\u00e9 de la Semois en font un centre de vill\u00e9giature appr\u00e9ci\u00e9.<br \/>\nSi vous aimez marcher, ne manquez pas d&rsquo;arpenter les chemins de randonn\u00e9es qui entourent Corbion (itin\u00e9raires disponibles \u00e0 l\u2019h\u00f4tel des Ardennes) et de profiter des points de vue: Rocher du pendu, la Chaire \u00e0 pr\u00eacher, la Roche des f\u00e9es. Pour l\u2019anecdote, c&rsquo;est ici \u00e0 Corbion qu&rsquo;est n\u00e9 en 1520 un certains S\u00e9bastien de Corbion, dit S\u00e9bastien Pistolet, inventeur de l&rsquo;arme \u00e0 feu qui porte son nom.<\/p>\n","protected":false},"excerpt":{"rendered":"<p>&nbsp; &nbsp; Un village bien ardennais, largement \u00e9tal\u00e9 dans la partie sup\u00e9rieure d&rsquo;un vallonnement, tel est Corbion, avec ses rues en pente o\u00f9 s&rsquo;\u00e9tagent les claires et larges maisons ardennaises aux toits ardois\u00e9s. Sa situation salubre sur la hauteur, ses environs riches en excursions, ses for\u00eats et la proximit\u00e9 de la Semois en font un [&hellip;]<\/p>\n","protected":false},"author":2,"featured_media":0,"parent":0,"menu_order":0,"comment_status":"closed","ping_status":"closed","template":"","meta":{"_mi_skip_tracking":false},"_links":{"self":[{"href":"https:\/\/gsara.tv\/libramont\/routeverlaine\/wp-json\/wp\/v2\/pages\/16"}],"collection":[{"href":"https:\/\/gsara.tv\/libramont\/routeverlaine\/wp-json\/wp\/v2\/pages"}],"about":[{"href":"https:\/\/gsara.tv\/libramont\/routeverlaine\/wp-json\/wp\/v2\/types\/page"}],"author":[{"embeddable":true,"href":"https:\/\/gsara.tv\/libramont\/routeverlaine\/wp-json\/wp\/v2\/users\/2"}],"replies":[{"embeddable":true,"href":"https:\/\/gsara.tv\/libramont\/routeverlaine\/wp-json\/wp\/v2\/comments?post=16"}],"version-history":[{"count":38,"href":"https:\/\/gsara.tv\/libramont\/routeverlaine\/wp-json\/wp\/v2\/pages\/16\/revisions"}],"predecessor-version":[{"id":2090,"href":"https:\/\/gsara.tv\/libramont\/routeverlaine\/wp-json\/wp\/v2\/pages\/16\/revisions\/2090"}],"wp:attachment":[{"href":"https:\/\/gsara.tv\/libramont\/routeverlaine\/wp-json\/wp\/v2\/media?parent=16"}],"curies":[{"name":"wp","href":"https:\/\/api.w.org\/{rel}","templated":true}]}}