{"id":18,"date":"2016-01-27T14:03:21","date_gmt":"2016-01-27T13:03:21","guid":{"rendered":"http:\/\/gsara.tv\/libramont\/routeverlaine\/?page_id=18"},"modified":"2017-01-14T01:36:11","modified_gmt":"2017-01-14T00:36:11","slug":"jehonville","status":"publish","type":"page","link":"https:\/\/gsara.tv\/libramont\/routeverlaine\/jehonville\/","title":{"rendered":"J\u00e9honville"},"content":{"rendered":"<p><img decoding=\"async\" loading=\"lazy\" class=\"alignnone wp-image-1664 size-full\" src=\"http:\/\/gsara.tv\/libramont\/routeverlaine\/wp-content\/uploads\/2016\/11\/137_001-2.jpg\" width=\"962\" height=\"635\" srcset=\"https:\/\/gsara.tv\/libramont\/routeverlaine\/wp-content\/uploads\/2016\/11\/137_001-2.jpg 962w, https:\/\/gsara.tv\/libramont\/routeverlaine\/wp-content\/uploads\/2016\/11\/137_001-2-300x198.jpg 300w, https:\/\/gsara.tv\/libramont\/routeverlaine\/wp-content\/uploads\/2016\/11\/137_001-2-768x507.jpg 768w\" sizes=\"(max-width: 962px) 100vw, 962px\" \/><br \/>\n<br \/>\nMe voici en pleine campagne ardennaise. 20 maisons, un cabaret, &#8211; et d&rsquo;admirables promenades \u00e0 pied. [&#8230;]<br \/>\nLe village, pareil \u00e0 tant d&rsquo;autres, comptait quelque quatre cents \u00e2mes. Situ\u00e9 entre Bertrix et Paliseul, perdu dans les h\u00eatraies, il culmine \u00e0 une altitude d&rsquo;environ 418 m\u00e8tres. Non loin de l\u00e0, sur l&rsquo;ancienne commune d&rsquo;Ochamps, la Lesse prend sa source.<\/p>\n<p>J\u00e9honville est le v\u00e9ritable fief nourricier, le \u00ab\u00a0terreau\u00a0\u00bb o\u00f9 f\u00fbt \u00e9lev\u00e9, suivant la fortune des alliances et des belles-familles, le p\u00e8re de Paul Verlaine (1798-1865), tr\u00e8s t\u00f4t orphelin du c\u00f4t\u00e9 paternel.<\/p>\n<p><strong>Verlaine \u00e0 J\u00e9honville<\/strong><\/p>\n<p>Le village sert de cadre \u00e0 un conte intitul\u00e9 LE POTEAU, dont nous extrayons les passages suivants:<\/p>\n<p><em>\u00ab\u00a0Les affaires m&rsquo;appelaient dans un petit village assez \u00e9loign\u00e9 de Paris, pour que ce f\u00fbt \u00e0 travers une vraie campagne qu&rsquo;il me fall\u00fbt marcher \u00e0 ma descente de chemin de fer. C&rsquo;\u00e9tait en juin. On fanait, ce qui mettait un parfum gai dans l&rsquo;air qu&rsquo;atti\u00e9dissaient les rayons d&rsquo;un soleil de neuf heures du matin. J&rsquo;atteignis bient\u00f4t un bois assez consid\u00e9rable que traversait une grande all\u00e9e gazonn\u00e9e, piqu\u00e9e, \u00e7\u00e0 et l\u00e0, de lueurs p\u00e2les. Des oiseaux de tout ramage, particuli\u00e8rement des geais, faisaient tapage dans les h\u00eatres doucement agit\u00e9s et de loin on entendait le rire des femmes joyeuses de remuer le foin dont quelques brins s&rsquo;envolaient, bient\u00f4t happ\u00e9s par les hirondelles nombreuses.<\/em><\/p>\n<p><em>Au sortir du bois, j&rsquo;aper\u00e7us un poteau indicateur qui se trouvait l\u00e0 on ne peut mieux; car depuis quelques ann\u00e9es que je n&rsquo;\u00e9tais venu dans le pays, j&rsquo;avais tant soit peu oubli\u00e9 la route. C&rsquo;\u00e9tait un poteau \u00e0 quatre bras se coupant en croix. Sur chacun des bras peints en blanc ainsi que l&rsquo;arbre du poteau, se lisait en lettres noires, un peu effac\u00e9es par les intemp\u00e9ries, le nom du village ainsi que le nombre de kilom\u00e8tres \u00e0 faire pour y arriver.<\/em><\/p>\n<p><em>Je n&rsquo;en avais plus que pour un petit quart d&rsquo;heure, et le chemin que me prescrivait le poteau \u00e9tait charmant.<\/em><\/p>\n<p><em>Je le suivis tout doucement, et j&rsquo;aper\u00e7us bient\u00f4t le clocher du petit village de J\u00e9honville.<\/em><\/p>\n<p><em>Trois mois apr\u00e8s je quittais J\u00e9honville, rebroussant le chemin en question; cette fois je n&rsquo;\u00e9tais pas seul: une histoire d&rsquo;amour banale et charmante avait eu lieu dans ma vie pendant ces trois mois \u00e9coul\u00e9s au milieu des champs. Je vivais ou plut\u00f4t nous vivions heureux dans toutes les conditions de s\u00e9curit\u00e9 d\u00e9sirables que je ne sais quel brutal d\u00e9sir de possession exclusive me d\u00e9termina \u00e0 un \u00ab\u00a0enl\u00e8vement\u00a0\u00bb.<\/em><\/p>\n<p><em>La prudence nous y engageant, nous part\u00eemes de nuit, \u00e0 pied, pareils pour la l\u00e9g\u00e8ret\u00e9 du bagage \u00e0 des voleurs sans butin, et gais comme des pinsons. Nous nous tenions par la main, causant. Tout \u00e0 coup, je me sentis par le corps comme une sueur froide, et mon babil cessa, au grand \u00e9tonnement de mon gentil compagnon. En m\u00eame temps je me pris \u00e0 regarder autour de nous. La nuit \u00e9tait affreuse. Le ciel, d&rsquo;une obscurit\u00e9 plus livide que noire, avait \u00e7\u00e0 et l\u00e0 des points blafards semblables \u00e0 de vastes taches de moisissure. Quelques \u00e9toiles brouill\u00e9es scintillaient vaguement. Farouche, dans un coin, Saturne luisait rouge.<\/em><\/p>\n<p><em>En m\u00eame temps, il se passait quelque chose de singulier en moi: ma conscience me reprochait ce que je faisais l\u00e0, et pour la premi\u00e8re fois ma liaison avec la personne qui m&rsquo;accompagnait m&rsquo;apparut comme une mauvaise action. De plus, l&rsquo;imprudence et la folie de cet enl\u00e8vement me saut\u00e8rent aux yeux. Je pressai le pas serrant plus fortement la main de mon amie, quand le rayonnement de ma lanterne dressa devant mes yeux le spectre blanc de POTEAU dont le bras dirig\u00e9 vers moi me sommait imp\u00e9rieusement de retourner et de rebrousser chemin. Le bras du POTEAU \u00e9tait l\u00e0, terrible et implacable dans son immobilit\u00e9.<\/em><\/p>\n<p><em>N&rsquo;en pouvant plus d&rsquo;immonde terreur et pr\u00e9textant l&rsquo;heure tr\u00e8s prochaine du d\u00e9part du train, j&rsquo;engageai ma compagne \u00e0 courir et courus moi-m\u00eame avec des pieds de cerf. Un horrible choc m&rsquo;arr\u00eata: c&rsquo;\u00e9tait le poteau qui m&rsquo;avait heurt\u00e9 si fort, dernier avertissement!<\/em><\/p>\n<p><em>Nous courions en d\u00e9sesp\u00e9r\u00e9s. La nuit commen\u00e7ait \u00e0 \u00eatre affreuse autour de nous. Nous nous enfon\u00e7\u00e2mes bient\u00f4t dans le bois et dans l&rsquo;inconnu.\u00a0\u00bb<\/em><\/p>\n<p>&nbsp;<\/p>\n<figure id=\"attachment_554\" aria-describedby=\"caption-attachment-554\" style=\"width: 300px\" class=\"wp-caption alignnone\"><a href=\"http:\/\/gsara.tv\/libramont\/routeverlaine\/jehonville\/la-place-paul-verlaine\/\"><img decoding=\"async\" loading=\"lazy\" class=\"wp-image-554 size-medium\" src=\"http:\/\/gsara.tv\/libramont\/routeverlaine\/wp-content\/uploads\/2016\/06\/P1000160-300x225.jpg\" width=\"300\" height=\"225\" srcset=\"https:\/\/gsara.tv\/libramont\/routeverlaine\/wp-content\/uploads\/2016\/06\/P1000160-300x225.jpg 300w, https:\/\/gsara.tv\/libramont\/routeverlaine\/wp-content\/uploads\/2016\/06\/P1000160-768x576.jpg 768w, https:\/\/gsara.tv\/libramont\/routeverlaine\/wp-content\/uploads\/2016\/06\/P1000160-1024x768.jpg 1024w, https:\/\/gsara.tv\/libramont\/routeverlaine\/wp-content\/uploads\/2016\/06\/P1000160-1280x960.jpg 1280w\" sizes=\"(max-width: 300px) 100vw, 300px\" \/><\/a><figcaption id=\"caption-attachment-554\" class=\"wp-caption-text\">Place Paul Verlaine<\/figcaption><\/figure>\n<figure id=\"attachment_297\" aria-describedby=\"caption-attachment-297\" style=\"width: 300px\" class=\"wp-caption alignnone\"><a href=\"http:\/\/gsara.tv\/libramont\/routeverlaine\/jehonville\/letang-noir\/\"><img decoding=\"async\" loading=\"lazy\" class=\"wp-image-297 size-medium\" src=\"http:\/\/gsara.tv\/libramont\/routeverlaine\/wp-content\/uploads\/2016\/05\/P1000157-300x225.jpg\" width=\"300\" height=\"225\" srcset=\"https:\/\/gsara.tv\/libramont\/routeverlaine\/wp-content\/uploads\/2016\/05\/P1000157-300x225.jpg 300w, https:\/\/gsara.tv\/libramont\/routeverlaine\/wp-content\/uploads\/2016\/05\/P1000157-768x576.jpg 768w, https:\/\/gsara.tv\/libramont\/routeverlaine\/wp-content\/uploads\/2016\/05\/P1000157-1024x768.jpg 1024w, https:\/\/gsara.tv\/libramont\/routeverlaine\/wp-content\/uploads\/2016\/05\/P1000157-1280x960.jpg 1280w\" sizes=\"(max-width: 300px) 100vw, 300px\" \/><\/a><figcaption id=\"caption-attachment-297\" class=\"wp-caption-text\">L&rsquo;\u00e9tang noir<\/figcaption><\/figure>\n<figure id=\"attachment_907\" aria-describedby=\"caption-attachment-907\" style=\"width: 300px\" class=\"wp-caption alignnone\"><a href=\"http:\/\/gsara.tv\/libramont\/routeverlaine\/jehonville\/tante-julie\/\"><img decoding=\"async\" loading=\"lazy\" class=\"wp-image-907 size-medium\" src=\"http:\/\/gsara.tv\/libramont\/routeverlaine\/wp-content\/uploads\/2016\/08\/DSC03572maison-tante-julie-modifiee-300x225.jpg\" width=\"300\" height=\"225\" srcset=\"https:\/\/gsara.tv\/libramont\/routeverlaine\/wp-content\/uploads\/2016\/08\/DSC03572maison-tante-julie-modifiee-300x225.jpg 300w, https:\/\/gsara.tv\/libramont\/routeverlaine\/wp-content\/uploads\/2016\/08\/DSC03572maison-tante-julie-modifiee-768x576.jpg 768w, https:\/\/gsara.tv\/libramont\/routeverlaine\/wp-content\/uploads\/2016\/08\/DSC03572maison-tante-julie-modifiee-1024x768.jpg 1024w, https:\/\/gsara.tv\/libramont\/routeverlaine\/wp-content\/uploads\/2016\/08\/DSC03572maison-tante-julie-modifiee-1280x960.jpg 1280w\" sizes=\"(max-width: 300px) 100vw, 300px\" \/><\/a><figcaption id=\"caption-attachment-907\" class=\"wp-caption-text\">Maison tante Julie<\/figcaption><\/figure>\n<figure id=\"attachment_553\" aria-describedby=\"caption-attachment-553\" style=\"width: 300px\" class=\"wp-caption alignnone\"><a href=\"http:\/\/gsara.tv\/libramont\/routeverlaine\/jehonville\/cimetiere\/\"><img decoding=\"async\" loading=\"lazy\" class=\"wp-image-553 size-medium\" src=\"http:\/\/gsara.tv\/libramont\/routeverlaine\/wp-content\/uploads\/2016\/06\/P1000163-300x225.jpg\" width=\"300\" height=\"225\" srcset=\"https:\/\/gsara.tv\/libramont\/routeverlaine\/wp-content\/uploads\/2016\/06\/P1000163-300x225.jpg 300w, https:\/\/gsara.tv\/libramont\/routeverlaine\/wp-content\/uploads\/2016\/06\/P1000163-768x576.jpg 768w, https:\/\/gsara.tv\/libramont\/routeverlaine\/wp-content\/uploads\/2016\/06\/P1000163-1024x768.jpg 1024w, https:\/\/gsara.tv\/libramont\/routeverlaine\/wp-content\/uploads\/2016\/06\/P1000163-1280x960.jpg 1280w\" sizes=\"(max-width: 300px) 100vw, 300px\" \/><\/a><figcaption id=\"caption-attachment-553\" class=\"wp-caption-text\">Le Cimeti\u00e8re<\/figcaption><\/figure>\n","protected":false},"excerpt":{"rendered":"<p>Me voici en pleine campagne ardennaise. 20 maisons, un cabaret, &#8211; et d&rsquo;admirables promenades \u00e0 pied. [&#8230;] Le village, pareil \u00e0 tant d&rsquo;autres, comptait quelque quatre cents \u00e2mes. Situ\u00e9 entre Bertrix et Paliseul, perdu dans les h\u00eatraies, il culmine \u00e0 une altitude d&rsquo;environ 418 m\u00e8tres. Non loin de l\u00e0, sur l&rsquo;ancienne commune d&rsquo;Ochamps, la Lesse [&hellip;]<\/p>\n","protected":false},"author":2,"featured_media":0,"parent":0,"menu_order":0,"comment_status":"closed","ping_status":"closed","template":"","meta":{"_mi_skip_tracking":false},"_links":{"self":[{"href":"https:\/\/gsara.tv\/libramont\/routeverlaine\/wp-json\/wp\/v2\/pages\/18"}],"collection":[{"href":"https:\/\/gsara.tv\/libramont\/routeverlaine\/wp-json\/wp\/v2\/pages"}],"about":[{"href":"https:\/\/gsara.tv\/libramont\/routeverlaine\/wp-json\/wp\/v2\/types\/page"}],"author":[{"embeddable":true,"href":"https:\/\/gsara.tv\/libramont\/routeverlaine\/wp-json\/wp\/v2\/users\/2"}],"replies":[{"embeddable":true,"href":"https:\/\/gsara.tv\/libramont\/routeverlaine\/wp-json\/wp\/v2\/comments?post=18"}],"version-history":[{"count":39,"href":"https:\/\/gsara.tv\/libramont\/routeverlaine\/wp-json\/wp\/v2\/pages\/18\/revisions"}],"predecessor-version":[{"id":2048,"href":"https:\/\/gsara.tv\/libramont\/routeverlaine\/wp-json\/wp\/v2\/pages\/18\/revisions\/2048"}],"wp:attachment":[{"href":"https:\/\/gsara.tv\/libramont\/routeverlaine\/wp-json\/wp\/v2\/media?parent=18"}],"curies":[{"name":"wp","href":"https:\/\/api.w.org\/{rel}","templated":true}]}}