{"id":329,"date":"2016-05-31T08:57:37","date_gmt":"2016-05-31T07:57:37","guid":{"rendered":"http:\/\/gsara.tv\/libramont\/routeverlaine\/?page_id=329"},"modified":"2017-05-19T09:03:37","modified_gmt":"2017-05-19T08:03:37","slug":"la-ramonette","status":"publish","type":"page","link":"https:\/\/gsara.tv\/libramont\/routeverlaine\/bouillon\/la-ramonette\/","title":{"rendered":"La vieille route de France et La Ramonette."},"content":{"rendered":"<div class=\"imgGrid\"><img decoding=\"async\" loading=\"lazy\" class=\"alignnone wp-image-381 size-medium\" src=\"http:\/\/gsara.tv\/libramont\/routeverlaine\/wp-content\/uploads\/2016\/05\/la-patache-e1464694553907-300x213.jpg\" alt=\"la patache\" width=\"300\" height=\"213\" srcset=\"https:\/\/gsara.tv\/libramont\/routeverlaine\/wp-content\/uploads\/2016\/05\/la-patache-e1464694553907-300x213.jpg 300w, https:\/\/gsara.tv\/libramont\/routeverlaine\/wp-content\/uploads\/2016\/05\/la-patache-e1464694553907.jpg 640w\" sizes=\"(max-width: 300px) 100vw, 300px\" \/><\/div>\n<div class=\"imgGrid\"><img decoding=\"async\" loading=\"lazy\" class=\"size-medium wp-image-387 alignnone\" src=\"http:\/\/gsara.tv\/libramont\/routeverlaine\/wp-content\/uploads\/2016\/05\/8-ter-route-de-France-ancienne-300x191.jpg\" alt=\"8 ter route de France ancienne\" width=\"300\" height=\"191\" srcset=\"https:\/\/gsara.tv\/libramont\/routeverlaine\/wp-content\/uploads\/2016\/05\/8-ter-route-de-France-ancienne-300x191.jpg 300w, https:\/\/gsara.tv\/libramont\/routeverlaine\/wp-content\/uploads\/2016\/05\/8-ter-route-de-France-ancienne-768x489.jpg 768w, https:\/\/gsara.tv\/libramont\/routeverlaine\/wp-content\/uploads\/2016\/05\/8-ter-route-de-France-ancienne.jpg 1000w\" sizes=\"(max-width: 300px) 100vw, 300px\" \/><\/div>\n<div class=\"imgGrid\"><img decoding=\"async\" loading=\"lazy\" class=\"size-medium wp-image-403 alignnone\" src=\"http:\/\/gsara.tv\/libramont\/routeverlaine\/wp-content\/uploads\/2016\/05\/Bouillon-depuis-La-Ramonette-4-300x225.jpg\" alt=\"Bouillon depuis La Ramonette (4)\" width=\"300\" height=\"225\" srcset=\"https:\/\/gsara.tv\/libramont\/routeverlaine\/wp-content\/uploads\/2016\/05\/Bouillon-depuis-La-Ramonette-4-300x225.jpg 300w, https:\/\/gsara.tv\/libramont\/routeverlaine\/wp-content\/uploads\/2016\/05\/Bouillon-depuis-La-Ramonette-4-768x576.jpg 768w, https:\/\/gsara.tv\/libramont\/routeverlaine\/wp-content\/uploads\/2016\/05\/Bouillon-depuis-La-Ramonette-4-1024x768.jpg 1024w, https:\/\/gsara.tv\/libramont\/routeverlaine\/wp-content\/uploads\/2016\/05\/Bouillon-depuis-La-Ramonette-4-1280x960.jpg 1280w\" sizes=\"(max-width: 300px) 100vw, 300px\" \/><\/div>\n<div class=\"imgGrid\"><img decoding=\"async\" loading=\"lazy\" class=\"size-medium wp-image-373 alignnone\" src=\"http:\/\/gsara.tv\/libramont\/routeverlaine\/wp-content\/uploads\/2016\/05\/Bouillon-depuis-La-Ramonette-3-300x225.jpg\" alt=\"Bouillon depuis La Ramonette (3)\" width=\"300\" height=\"225\" \/><\/div>\n<p>Nous sommes en 1845, Paul a un an. Pour la premi\u00e8re fois, avec ses parents, Elisa et Auguste, il emprunte la malle poste qui les conduit, au d\u00e9part de Sedan, \u00e0 Paliseul, via Corbion et Bouillon. Jusqu&rsquo;\u00e0 l&rsquo;\u00e2ge de 18 ans, il refera ce chemin chaque ann\u00e9e pour d&rsquo;heureuses vacances d&rsquo;\u00e9t\u00e9.<\/p>\n<p>Verlaine avait maintes fois visit\u00e9 la ville au relief si particulier: <em>Bouillon en entonnoir. <\/em>Que de fois n&rsquo;a-t-il pas emprunt\u00e9 les rampes tr\u00e8s rapides qui d\u00e9valent le long du chemin de France, <em>o\u00f9 d\u00e9gringolaient, versant parfois, les malles-poste venant de Sedan!<\/em><\/p>\n<p><strong>La route mythique des vacances<\/strong><\/p>\n<p>D&rsquo;abord, la route, pour le petit Paul, c&rsquo;est la route de son enfance, avec <em>les souvenirs si amusants des diligences, avec leur impr\u00e9vu!<br \/>\n<\/em>La malle-poste avan\u00e7ait cahin-caha sur des routes qui n&rsquo;en sont pas vraiment, plut\u00f4t sur des voies d\u00e9tourn\u00e9es, souvent caillouteuses ou graveleuses. Tant bien que mal, elle \u00e9vitait les redoutables fondri\u00e8res le long du parcours.<\/p>\n<p>La Ramonette se pr\u00e9sente au bord d&rsquo;un pic dominant le Ch\u00e2teau Fort et la ville. C&rsquo;\u00e9tait une fortification de type classique, appel\u00e9e une \u00ab\u00a0Motte\u00a0\u00bb, peu courante dans la r\u00e9gion. On retrouve une butte de terre, artificielle, de 9 m de diam\u00e8tre, entour\u00e9e de foss\u00e9s taill\u00e9s dans la roche et prot\u00e9g\u00e9e d&rsquo;un rempart annulaire d&rsquo;une quarantaine de m\u00e8tres de diam\u00e8tre. Une tour hexagonale en bois occupait le sommet de l&rsquo;ouvrage, sa base \u00e9tait en pierre. Vers la fin du XI\u00e8me si\u00e8cle se construisait en contrebas un donjon entour\u00e9 de palissades qui deviendra le Ch\u00e2teau Fort de Bouillon.<\/p>\n<p><strong>L&rsquo;histoire de la petite Ramonette, l&rsquo;enfant de pr\u00e9dilection de la d\u00e9licieuse f\u00e9e M\u00e9lusine.<\/strong><\/p>\n<p>A Bouillon, la petite Ramonette dansait au chant des rossignols de la c\u00f4te d&rsquo;Auclin, dans les rayons de la lune, sur la bruy\u00e8re et les gen\u00eats l\u00e0-haut, vers la Gernelle o\u00f9 \u00e9tait son fief.<br \/>\nUn jour, le diable aux pieds fourchus sous son manteau de p\u00e8lerin vint tenter nos gens et leur mignon g\u00e9nie protecteur. De haute lutte, elle le fit d\u00e9gringoler de roche en roche, jusqu&rsquo;\u00e0 la Semoy &#8211; aventure qui le laissa penaud et boiteux &#8211; puis, vaincue par l&rsquo;effroi, Ramonette ferma pour toujours ses yeux rieurs, couleur de la fleur de pervenche.<br \/>\nApr\u00e8s avoir pourchass\u00e9 \u00ab\u00a0Le Malin\u00a0\u00bb, les nutons vinrent ensevelir la fillette en versant des torrents de larmes, parce que c&rsquo;\u00e9tait une petite f\u00e9e aussi bonne que jolie. Son tombeau s&rsquo;appelle la Ramonette. La bruy\u00e8re blanche qui porte bonheur, y fleurit, et une source intarissable pleure toujours, l\u00e0 o\u00f9 fut son petit lit de mousse&#8230;.<\/p>\n<div class=\"entry-content\">\n<div class=\"csRow\">\n<div class=\"csColumnGap\" style=\"margin: 0px; padding: 0px; float: left; width: 0.729%;\"><img decoding=\"async\" src=\"https:\/\/gsara.tv\/libramont\/routeverlaine\/wp-content\/plugins\/advanced-wp-columns\/assets\/js\/plugins\/views\/img\/1x1-pixel.png\" \/><\/div>\n<div class=\"csColumn\" style=\"margin: 0px; padding: 0px; float: left; width: 47.4%;\" data-csstartpoint=\"6.999998701171876\" data-csendpoint=\"461.9999987011719\" data-cswidth=\"47.4%\" data-csid=\"1eca764f-ca01-b860-9762-99799be25ff7\">\n<h3 style=\"text-align: left;\"><strong>Impressions fausses<\/strong><\/h3>\n<p style=\"text-align: left;\">Dame souris trotte,<br \/>\nNoire dans le gris du soir,<br \/>\nDame souris trotte<br \/>\nGrise dans le noir.<\/p>\n<p style=\"text-align: left;\">On sonne la cloche,<br \/>\nDormez les bons prisonniers!<br \/>\nOn sonne la cloche:<br \/>\nFaut que vous dormiez.<\/p>\n<p style=\"text-align: left;\">Pas de mauvais r\u00eave,<br \/>\nNe pensez qu\u2019\u00e0 vos amours.<br \/>\nPas de mauvais r\u00eave:<br \/>\nLes belles toujours!<\/p>\n<p style=\"text-align: left;\">Le grand clair de lune!<br \/>\nOn ronfle ferme \u00e0 c\u00f4t\u00e9.<br \/>\nLe grand clair de lune<br \/>\nEn r\u00e9alit\u00e9!<\/p>\n<p style=\"text-align: left;\">Un nuage passe,<br \/>\nIl fait noir comme en un four,<br \/>\nUn nuage passe.<br \/>\nTiens le petit jour!<\/p>\n<p style=\"text-align: left;\">Dame souris trotte,<br \/>\nRose dans les rayons bleus.<br \/>\nDame souris trotte:<br \/>\nDebout les paresseux!<\/p>\n<p style=\"text-align: left;\">Extrait de <em>Parall\u00e8lement.<\/em><\/p>\n<\/div>\n<div class=\"csColumnGap\" style=\"margin: 0px; padding: 0px; float: left; width: 1.56%;\"><img decoding=\"async\" src=\"https:\/\/gsara.tv\/libramont\/routeverlaine\/wp-content\/plugins\/advanced-wp-columns\/assets\/js\/plugins\/views\/img\/1x1-pixel.png\" \/><\/div>\n<div class=\"csColumn\" style=\"margin: 0px; padding: 0px; float: left; width: 48.4%;\" data-csstartpoint=\"476.9999987011719\" data-csendpoint=\"942.00002921875\" data-cswidth=\"48.4%\" data-csid=\"2501b8e1-88b1-360f-a4ef-1fc88329f55a\">\n<h3 style=\"text-align: left;\">Nevermore<\/h3>\n<p style=\"text-align: left;\">Souvenir, souvenir, que me veux-tu? L&rsquo;automne<br \/>\nFaisait voler la grive \u00e0 travers l&rsquo;air atone,<br \/>\nEt le soleil dardait un rayon monotone<br \/>\nSur le bois jaunissant o\u00f9 la bise d\u00e9tone.<\/p>\n<p style=\"text-align: left;\">Nous \u00e9tions seul \u00e0 seule et marchions en r\u00eavant,<br \/>\nElle et moi, les cheveux et la pens\u00e9e au vent.<br \/>\nSoudain, tournant vers moi son regard \u00e9mouvant<br \/>\n\u00ab\u00a0Quel fut ton plus beau jour?\u00a0\u00bb fit sa voix d&rsquo;or vivant,<\/p>\n<p style=\"text-align: left;\">Sa voix douce et sonore, au frais timbre ang\u00e9lique.<br \/>\nUn sourire discret lui donna la r\u00e9plique,<br \/>\nEt je baisai sa main blanche, d\u00e9votement.<\/p>\n<p style=\"text-align: left;\">&#8211; Ah! les premi\u00e8res fleurs, qu&rsquo;elles sont parfum\u00e9es!<br \/>\nEt qu&rsquo;il bruit avec un murmure charmant<br \/>\nLe premier oui qui sort de l\u00e8vres bien-aim\u00e9es!<\/p>\n<p style=\"text-align: left;\">Extrait de <em>Po\u00e8mes Saturniens.<\/em><\/p>\n<p><img decoding=\"async\" loading=\"lazy\" class=\"\" src=\"http:\/\/gsara.tv\/libramont\/routeverlaine\/wp-content\/uploads\/2016\/11\/20161111_143231-e1479203174907.jpg\" alt=\"\" width=\"352\" height=\"469\" \/><strong><em><br \/>\n<\/em><\/strong><\/p>\n<\/div>\n<div class=\"csColumnGap\" style=\"margin: 0px; padding: 0px; float: left; width: 1.87%;\"><img decoding=\"async\" src=\"https:\/\/gsara.tv\/libramont\/routeverlaine\/wp-content\/plugins\/advanced-wp-columns\/assets\/js\/plugins\/views\/img\/1x1-pixel.png\" \/><\/div>\n<div style=\"clear: both; float: none; display: block; visibility: hidden; width: 0px; font-size: 0px; line-height: 0;\"><\/div>\n<\/div>\n<p><br class=\"nc\" \/><br class=\"nc\" \/><a href=\"https:\/\/gsara.tv\/libramont\/routeverlaine\/nevermorre\/\"><img decoding=\"async\" loading=\"lazy\" class=\" wp-image-2140 alignleft\" src=\"http:\/\/gsara.tv\/libramont\/routeverlaine\/wp-content\/uploads\/2017\/01\/icone-lecture-300x248.png\" alt=\"\" width=\"194\" height=\"160\" srcset=\"https:\/\/gsara.tv\/libramont\/routeverlaine\/wp-content\/uploads\/2017\/01\/icone-lecture-300x248.png 300w, https:\/\/gsara.tv\/libramont\/routeverlaine\/wp-content\/uploads\/2017\/01\/icone-lecture.png 304w\" sizes=\"(max-width: 194px) 100vw, 194px\" \/><\/a><\/p>\n<\/div>\n<div class=\"entry-content\"><\/div>\n<div class=\"entry-content\"><\/div>\n<p style=\"text-align: left;\"><a href=\"http:\/\/gsara.tv\/libramont\/routeverlaine\/bouillon\/\"><img decoding=\"async\" loading=\"lazy\" class=\"alignright wp-image-1838 size-medium\" src=\"http:\/\/gsara.tv\/libramont\/routeverlaine\/wp-content\/uploads\/2016\/12\/infobouillon-300x264.jpg\" width=\"300\" height=\"264\" srcset=\"https:\/\/gsara.tv\/libramont\/routeverlaine\/wp-content\/uploads\/2016\/12\/infobouillon-300x264.jpg 300w, https:\/\/gsara.tv\/libramont\/routeverlaine\/wp-content\/uploads\/2016\/12\/infobouillon.jpg 545w\" sizes=\"(max-width: 300px) 100vw, 300px\" \/><\/a><\/p>\n<p style=\"text-align: left;\">\n","protected":false},"excerpt":{"rendered":"<p>Nous sommes en 1845, Paul a un an. Pour la premi\u00e8re fois, avec ses parents, Elisa et Auguste, il emprunte la malle poste qui les conduit, au d\u00e9part de Sedan, \u00e0 Paliseul, via Corbion et Bouillon. Jusqu&rsquo;\u00e0 l&rsquo;\u00e2ge de 18 ans, il refera ce chemin chaque ann\u00e9e pour d&rsquo;heureuses vacances d&rsquo;\u00e9t\u00e9. Verlaine avait maintes fois [&hellip;]<\/p>\n","protected":false},"author":3,"featured_media":0,"parent":12,"menu_order":0,"comment_status":"closed","ping_status":"closed","template":"","meta":{"_mi_skip_tracking":false},"_links":{"self":[{"href":"https:\/\/gsara.tv\/libramont\/routeverlaine\/wp-json\/wp\/v2\/pages\/329"}],"collection":[{"href":"https:\/\/gsara.tv\/libramont\/routeverlaine\/wp-json\/wp\/v2\/pages"}],"about":[{"href":"https:\/\/gsara.tv\/libramont\/routeverlaine\/wp-json\/wp\/v2\/types\/page"}],"author":[{"embeddable":true,"href":"https:\/\/gsara.tv\/libramont\/routeverlaine\/wp-json\/wp\/v2\/users\/3"}],"replies":[{"embeddable":true,"href":"https:\/\/gsara.tv\/libramont\/routeverlaine\/wp-json\/wp\/v2\/comments?post=329"}],"version-history":[{"count":72,"href":"https:\/\/gsara.tv\/libramont\/routeverlaine\/wp-json\/wp\/v2\/pages\/329\/revisions"}],"predecessor-version":[{"id":2308,"href":"https:\/\/gsara.tv\/libramont\/routeverlaine\/wp-json\/wp\/v2\/pages\/329\/revisions\/2308"}],"up":[{"embeddable":true,"href":"https:\/\/gsara.tv\/libramont\/routeverlaine\/wp-json\/wp\/v2\/pages\/12"}],"wp:attachment":[{"href":"https:\/\/gsara.tv\/libramont\/routeverlaine\/wp-json\/wp\/v2\/media?parent=329"}],"curies":[{"name":"wp","href":"https:\/\/api.w.org\/{rel}","templated":true}]}}