{"id":333,"date":"2016-05-31T09:01:59","date_gmt":"2016-05-31T08:01:59","guid":{"rendered":"http:\/\/gsara.tv\/libramont\/routeverlaine\/?page_id=333"},"modified":"2017-02-02T10:59:13","modified_gmt":"2017-02-02T09:59:13","slug":"les-petits-escaliers","status":"publish","type":"page","link":"https:\/\/gsara.tv\/libramont\/routeverlaine\/bouillon\/les-petits-escaliers\/","title":{"rendered":"Les petits escaliers"},"content":{"rendered":"<p><iframe loading=\"lazy\" class=\"juxtapose\" src=\"https:\/\/cdn.knightlab.com\/libs\/juxtapose\/latest\/embed\/index.html?uid=23c1e8f6-bb97-11e6-8803-0edaf8f81e27\" width=\"100%\" height=\"480\" frameborder=\"0\"><\/iframe><\/p>\n<p>Qui sont les Nutons?<a href=\"http:\/\/gsara.tv\/libramont\/routeverlaine\/wp-content\/uploads\/2016\/11\/nutons.jpg\"><img decoding=\"async\" loading=\"lazy\" class=\"alignright wp-image-1267\" src=\"http:\/\/gsara.tv\/libramont\/routeverlaine\/wp-content\/uploads\/2016\/11\/nutons.jpg\" alt=\"nutons\" width=\"241\" height=\"235\" srcset=\"https:\/\/gsara.tv\/libramont\/routeverlaine\/wp-content\/uploads\/2016\/11\/nutons.jpg 400w, https:\/\/gsara.tv\/libramont\/routeverlaine\/wp-content\/uploads\/2016\/11\/nutons-300x293.jpg 300w\" sizes=\"(max-width: 241px) 100vw, 241px\" \/><\/a><\/p>\n<p>Ces petits g\u00e9nies, ces nains myst\u00e9rieux et malicieux habitent l&rsquo;Ardenne.<br \/>\nEsprits tant\u00f4t protecteurs, tant\u00f4t farceurs, ils \u00e9taient habiles \u00e0 forger, et d\u00e9robaient en catimini diff\u00e9rents objets (casseroles, etc).<br \/>\nIl existe \u00e0 Bouillon l&rsquo;Escalier dit \u00ab\u00a0des Nutons\u00a0\u00bb, que Verlaine emprunta \u00e0 plus d&rsquo;une reprise quand il se rendait au presbyt\u00e8re du doyen Delogne.<\/p>\n<p>Paul Verlaine note, dans Croquis de Belgique: <em>\u00abBouillon est horriblement pav\u00e9e dans ses endroits pav\u00e9s. On dirait, ma parole, des galets, bien qu&rsquo;on soit ici \u00e0 je ne sais combien de lieues de la mer. Petites maisons en pierres d&rsquo;ardoise in\u00e9gales couvertes d&rsquo;ardoises aussi.\u00bb<\/em><\/p>\n<p>&nbsp;<\/p>\n<p>&nbsp;<\/p>\n<p><a href=\"https:\/\/gsara.tv\/libramont\/routeverlaine\/la-neige-a-travers-la-brume\/\"><img decoding=\"async\" loading=\"lazy\" class=\" wp-image-2140 alignleft\" src=\"http:\/\/gsara.tv\/libramont\/routeverlaine\/wp-content\/uploads\/2017\/01\/icone-lecture-300x248.png\" alt=\"\" width=\"156\" height=\"129\" srcset=\"https:\/\/gsara.tv\/libramont\/routeverlaine\/wp-content\/uploads\/2017\/01\/icone-lecture-300x248.png 300w, https:\/\/gsara.tv\/libramont\/routeverlaine\/wp-content\/uploads\/2017\/01\/icone-lecture.png 304w\" sizes=\"(max-width: 156px) 100vw, 156px\" \/><\/a><\/p>\n<p style=\"text-align: left;\"><a href=\"http:\/\/gsara.tv\/libramont\/routeverlaine\/bouillon\/\"><img decoding=\"async\" loading=\"lazy\" class=\"alignright wp-image-1838 size-medium\" src=\"http:\/\/gsara.tv\/libramont\/routeverlaine\/wp-content\/uploads\/2016\/12\/infobouillon-300x264.jpg\" width=\"300\" height=\"264\" srcset=\"https:\/\/gsara.tv\/libramont\/routeverlaine\/wp-content\/uploads\/2016\/12\/infobouillon-300x264.jpg 300w, https:\/\/gsara.tv\/libramont\/routeverlaine\/wp-content\/uploads\/2016\/12\/infobouillon.jpg 545w\" sizes=\"(max-width: 300px) 100vw, 300px\" \/><\/a><\/p>\n","protected":false},"excerpt":{"rendered":"<p>Qui sont les Nutons? Ces petits g\u00e9nies, ces nains myst\u00e9rieux et malicieux habitent l&rsquo;Ardenne. Esprits tant\u00f4t protecteurs, tant\u00f4t farceurs, ils \u00e9taient habiles \u00e0 forger, et d\u00e9robaient en catimini diff\u00e9rents objets (casseroles, etc). Il existe \u00e0 Bouillon l&rsquo;Escalier dit \u00ab\u00a0des Nutons\u00a0\u00bb, que Verlaine emprunta \u00e0 plus d&rsquo;une reprise quand il se rendait au presbyt\u00e8re du doyen [&hellip;]<\/p>\n","protected":false},"author":3,"featured_media":0,"parent":12,"menu_order":0,"comment_status":"closed","ping_status":"closed","template":"","meta":{"_mi_skip_tracking":false},"_links":{"self":[{"href":"https:\/\/gsara.tv\/libramont\/routeverlaine\/wp-json\/wp\/v2\/pages\/333"}],"collection":[{"href":"https:\/\/gsara.tv\/libramont\/routeverlaine\/wp-json\/wp\/v2\/pages"}],"about":[{"href":"https:\/\/gsara.tv\/libramont\/routeverlaine\/wp-json\/wp\/v2\/types\/page"}],"author":[{"embeddable":true,"href":"https:\/\/gsara.tv\/libramont\/routeverlaine\/wp-json\/wp\/v2\/users\/3"}],"replies":[{"embeddable":true,"href":"https:\/\/gsara.tv\/libramont\/routeverlaine\/wp-json\/wp\/v2\/comments?post=333"}],"version-history":[{"count":25,"href":"https:\/\/gsara.tv\/libramont\/routeverlaine\/wp-json\/wp\/v2\/pages\/333\/revisions"}],"predecessor-version":[{"id":2221,"href":"https:\/\/gsara.tv\/libramont\/routeverlaine\/wp-json\/wp\/v2\/pages\/333\/revisions\/2221"}],"up":[{"embeddable":true,"href":"https:\/\/gsara.tv\/libramont\/routeverlaine\/wp-json\/wp\/v2\/pages\/12"}],"wp:attachment":[{"href":"https:\/\/gsara.tv\/libramont\/routeverlaine\/wp-json\/wp\/v2\/media?parent=333"}],"curies":[{"name":"wp","href":"https:\/\/api.w.org\/{rel}","templated":true}]}}