{"id":335,"date":"2016-05-31T09:02:34","date_gmt":"2016-05-31T08:02:34","guid":{"rendered":"http:\/\/gsara.tv\/libramont\/routeverlaine\/?page_id=335"},"modified":"2017-05-19T08:49:27","modified_gmt":"2017-05-19T07:49:27","slug":"lhotel-des-ardomphes","status":"publish","type":"page","link":"https:\/\/gsara.tv\/libramont\/routeverlaine\/bouillon\/lhotel-des-ardomphes\/","title":{"rendered":"L\u2019h\u00f4tel des \u00ab\u00a0Ardomphes\u00a0\u00bb"},"content":{"rendered":"<p style=\"text-align: left;\"><iframe loading=\"lazy\" class=\"juxtapose\" src=\"https:\/\/cdn.knightlab.com\/libs\/juxtapose\/latest\/embed\/index.html?uid=e4a15252-6915-11e6-967d-0edaf8f81e27\" width=\"100%\" height=\"300\" frameborder=\"0\"><\/iframe><\/p>\n<p><a href=\"http:\/\/gsara.tv\/libramont\/routeverlaine\/wp-content\/uploads\/2016\/10\/10-Hotel-des-Ardomphes-.jpg\"><img decoding=\"async\" loading=\"lazy\" class=\"alignleft wp-image-1057\" src=\"http:\/\/gsara.tv\/libramont\/routeverlaine\/wp-content\/uploads\/2016\/10\/10-Hotel-des-Ardomphes--300x199.jpg\" alt=\"SONY DSC\" width=\"405\" height=\"269\" srcset=\"https:\/\/gsara.tv\/libramont\/routeverlaine\/wp-content\/uploads\/2016\/10\/10-Hotel-des-Ardomphes--300x199.jpg 300w, https:\/\/gsara.tv\/libramont\/routeverlaine\/wp-content\/uploads\/2016\/10\/10-Hotel-des-Ardomphes--768x510.jpg 768w, https:\/\/gsara.tv\/libramont\/routeverlaine\/wp-content\/uploads\/2016\/10\/10-Hotel-des-Ardomphes--1024x680.jpg 1024w, https:\/\/gsara.tv\/libramont\/routeverlaine\/wp-content\/uploads\/2016\/10\/10-Hotel-des-Ardomphes--1440x957.jpg 1440w\" sizes=\"(max-width: 405px) 100vw, 405px\" \/><\/a><a href=\"http:\/\/gsara.tv\/libramont\/routeverlaine\/wp-content\/uploads\/2016\/11\/10-bis-hotel-des-ardennes-e1478086150866.jpg\"><img decoding=\"async\" loading=\"lazy\" class=\"alignright wp-image-1238\" src=\"http:\/\/gsara.tv\/libramont\/routeverlaine\/wp-content\/uploads\/2016\/11\/10-bis-hotel-des-ardennes-e1478086150866-214x300.jpg\" width=\"193\" height=\"271\" srcset=\"https:\/\/gsara.tv\/libramont\/routeverlaine\/wp-content\/uploads\/2016\/11\/10-bis-hotel-des-ardennes-e1478086150866-214x300.jpg 214w, https:\/\/gsara.tv\/libramont\/routeverlaine\/wp-content\/uploads\/2016\/11\/10-bis-hotel-des-ardennes-e1478086150866.jpg 362w\" sizes=\"(max-width: 193px) 100vw, 193px\" \/><\/a><\/p>\n<p style=\"text-align: left;\">\u00ab\u00a0D\u00e8s le 20 avril 1873, pr\u00e9cisent Henri Matarasso et Pierre Petitfils dans leur <em>Vie d&rsquo;Arthur Rimbaud<\/em>, s&rsquo;instaura une aimable tradition: la rencontre, chaque dimanche des trois amis.\u00a0\u00bb (Verlaine, Delahaye et Rimbaud)<br \/>\nUn rendez-vous est pr\u00e9vu \u00e0 Sugny, mais le 15, Verlaine pr\u00e9vient Delahaye qu&rsquo;il sera \u00e0 Bouillon le \u00ab\u00a0dix-huitres\u00a0\u00bb, \u00e0 \u00ab\u00a0l&rsquo;hostel des Ardomphes\u00a0\u00bb. Le rendez-vous fut manqu\u00e9. Verlaine\u00a0demeura seul \u00e0 l&rsquo;H\u00f4tel des Ardennes.<\/p>\n<h3><\/h3>\n<h3><\/h3>\n<h3><\/h3>\n<h3><\/h3>\n<h3>Colloque sentimental<\/h3>\n<p class=\"last\">Dans le vieux parc solitaire et glac\u00e9<a href=\"http:\/\/gsara.tv\/libramont\/routeverlaine\/wp-content\/uploads\/2016\/11\/colloque-sentimental.jpg\"><img decoding=\"async\" loading=\"lazy\" class=\"alignright wp-image-1190\" src=\"http:\/\/gsara.tv\/libramont\/routeverlaine\/wp-content\/uploads\/2016\/11\/colloque-sentimental.jpg\" alt=\"colloque-sentimental\" width=\"295\" height=\"202\" srcset=\"https:\/\/gsara.tv\/libramont\/routeverlaine\/wp-content\/uploads\/2016\/11\/colloque-sentimental.jpg 600w, https:\/\/gsara.tv\/libramont\/routeverlaine\/wp-content\/uploads\/2016\/11\/colloque-sentimental-300x206.jpg 300w\" sizes=\"(max-width: 295px) 100vw, 295px\" \/><\/a><br \/>\nDeux formes ont tout \u00e0 l&rsquo;heure pass\u00e9.<\/p>\n<p class=\"last\">Leurs yeux sont morts et leurs l\u00e8vres sont molles,<br \/>\nEt l&rsquo;on entend \u00e0 peine leurs paroles.<\/p>\n<p>Dans le vieux parc solitaire et glac\u00e9<br \/>\nDeux spectres ont \u00e9voqu\u00e9 le pass\u00e9.<\/p>\n<p>&#8211; Te souvient-il de notre extase ancienne?<br \/>\n&#8211; Pourquoi voulez-vous donc qu&rsquo;il m&rsquo;en souvienne?<\/p>\n<p>&#8211; Ton coeur bat-il toujours \u00e0 mon seul nom?<br \/>\nToujours vois-tu mon \u00e2me en r\u00eave? &#8211; Non.<\/p>\n<p>Ah! les beaux jours de bonheur indicible<br \/>\nO\u00f9 nous joignions nos bouches! &#8211; C&rsquo;est possible.<\/p>\n<p>&#8211; Qu&rsquo;il \u00e9tait bleu, le ciel, et grand, l&rsquo;espoir!<br \/>\n&#8211; L&rsquo;espoir a fui, vaincu, vers le ciel noir.<\/p>\n<p>Tels ils marchaient dans les avoines folles,<br \/>\nEt la nuit seule entendit leurs paroles.<\/p>\n<p>Extrait de <em>F\u00eates galantes.<\/em><\/p>\n<p style=\"text-align: left;\"><a href=\"http:\/\/gsara.tv\/libramont\/routeverlaine\/bouillon\/\"><img decoding=\"async\" loading=\"lazy\" class=\"alignright wp-image-1838 size-medium\" src=\"http:\/\/gsara.tv\/libramont\/routeverlaine\/wp-content\/uploads\/2016\/12\/infobouillon-300x264.jpg\" width=\"300\" height=\"264\" srcset=\"https:\/\/gsara.tv\/libramont\/routeverlaine\/wp-content\/uploads\/2016\/12\/infobouillon-300x264.jpg 300w, https:\/\/gsara.tv\/libramont\/routeverlaine\/wp-content\/uploads\/2016\/12\/infobouillon.jpg 545w\" sizes=\"(max-width: 300px) 100vw, 300px\" \/><\/a><a href=\"https:\/\/gsara.tv\/libramont\/routeverlaine\/colloque-sentimental-leo-ferre\/\"><img decoding=\"async\" loading=\"lazy\" class=\" wp-image-2137 alignleft\" src=\"http:\/\/gsara.tv\/libramont\/routeverlaine\/wp-content\/uploads\/2017\/01\/ICONE-MUSIQUE-11.png\" alt=\"\" width=\"83\" height=\"83\" srcset=\"https:\/\/gsara.tv\/libramont\/routeverlaine\/wp-content\/uploads\/2017\/01\/ICONE-MUSIQUE-11.png 256w, https:\/\/gsara.tv\/libramont\/routeverlaine\/wp-content\/uploads\/2017\/01\/ICONE-MUSIQUE-11-150x150.png 150w\" sizes=\"(max-width: 83px) 100vw, 83px\" \/><\/a><\/p>\n","protected":false},"excerpt":{"rendered":"<p>\u00ab\u00a0D\u00e8s le 20 avril 1873, pr\u00e9cisent Henri Matarasso et Pierre Petitfils dans leur Vie d&rsquo;Arthur Rimbaud, s&rsquo;instaura une aimable tradition: la rencontre, chaque dimanche des trois amis.\u00a0\u00bb (Verlaine, Delahaye et Rimbaud) Un rendez-vous est pr\u00e9vu \u00e0 Sugny, mais le 15, Verlaine pr\u00e9vient Delahaye qu&rsquo;il sera \u00e0 Bouillon le \u00ab\u00a0dix-huitres\u00a0\u00bb, \u00e0 \u00ab\u00a0l&rsquo;hostel des Ardomphes\u00a0\u00bb. Le rendez-vous [&hellip;]<\/p>\n","protected":false},"author":3,"featured_media":0,"parent":12,"menu_order":0,"comment_status":"closed","ping_status":"closed","template":"","meta":{"_mi_skip_tracking":false},"_links":{"self":[{"href":"https:\/\/gsara.tv\/libramont\/routeverlaine\/wp-json\/wp\/v2\/pages\/335"}],"collection":[{"href":"https:\/\/gsara.tv\/libramont\/routeverlaine\/wp-json\/wp\/v2\/pages"}],"about":[{"href":"https:\/\/gsara.tv\/libramont\/routeverlaine\/wp-json\/wp\/v2\/types\/page"}],"author":[{"embeddable":true,"href":"https:\/\/gsara.tv\/libramont\/routeverlaine\/wp-json\/wp\/v2\/users\/3"}],"replies":[{"embeddable":true,"href":"https:\/\/gsara.tv\/libramont\/routeverlaine\/wp-json\/wp\/v2\/comments?post=335"}],"version-history":[{"count":60,"href":"https:\/\/gsara.tv\/libramont\/routeverlaine\/wp-json\/wp\/v2\/pages\/335\/revisions"}],"predecessor-version":[{"id":2305,"href":"https:\/\/gsara.tv\/libramont\/routeverlaine\/wp-json\/wp\/v2\/pages\/335\/revisions\/2305"}],"up":[{"embeddable":true,"href":"https:\/\/gsara.tv\/libramont\/routeverlaine\/wp-json\/wp\/v2\/pages\/12"}],"wp:attachment":[{"href":"https:\/\/gsara.tv\/libramont\/routeverlaine\/wp-json\/wp\/v2\/media?parent=335"}],"curies":[{"name":"wp","href":"https:\/\/api.w.org\/{rel}","templated":true}]}}