{"id":337,"date":"2016-05-31T09:03:03","date_gmt":"2016-05-31T08:03:03","guid":{"rendered":"http:\/\/gsara.tv\/libramont\/routeverlaine\/?page_id=337"},"modified":"2017-02-02T11:12:22","modified_gmt":"2017-02-02T10:12:22","slug":"le-presbytere-de-labbe-delogne","status":"publish","type":"page","link":"https:\/\/gsara.tv\/libramont\/routeverlaine\/bouillon\/le-presbytere-de-labbe-delogne\/","title":{"rendered":"Le presbyt\u00e8re de l&rsquo;abb\u00e9 Xavier Delogne"},"content":{"rendered":"<div id='gallery-1' class='gallery galleryid-337 gallery-columns-4 gallery-size-full'><figure class='gallery-item'>\n\t\t\t<div class='gallery-icon landscape'>\n\t\t\t\t<a href='https:\/\/gsara.tv\/libramont\/routeverlaine\/wp-content\/uploads\/2016\/09\/DSC03627.jpg'><img width=\"2592\" height=\"1944\" src=\"https:\/\/gsara.tv\/libramont\/routeverlaine\/wp-content\/uploads\/2016\/09\/DSC03627.jpg\" class=\"attachment-full size-full\" alt=\"\" decoding=\"async\" loading=\"lazy\" srcset=\"https:\/\/gsara.tv\/libramont\/routeverlaine\/wp-content\/uploads\/2016\/09\/DSC03627.jpg 2592w, https:\/\/gsara.tv\/libramont\/routeverlaine\/wp-content\/uploads\/2016\/09\/DSC03627-300x225.jpg 300w, https:\/\/gsara.tv\/libramont\/routeverlaine\/wp-content\/uploads\/2016\/09\/DSC03627-768x576.jpg 768w, https:\/\/gsara.tv\/libramont\/routeverlaine\/wp-content\/uploads\/2016\/09\/DSC03627-1024x768.jpg 1024w, https:\/\/gsara.tv\/libramont\/routeverlaine\/wp-content\/uploads\/2016\/09\/DSC03627-1280x960.jpg 1280w\" sizes=\"(max-width: 2592px) 100vw, 2592px\" \/><\/a>\n\t\t\t<\/div><\/figure><figure class='gallery-item'>\n\t\t\t<div class='gallery-icon landscape'>\n\t\t\t\t<a href='https:\/\/gsara.tv\/libramont\/routeverlaine\/wp-content\/uploads\/2016\/09\/DSC03626.jpg'><img width=\"2592\" height=\"1944\" src=\"https:\/\/gsara.tv\/libramont\/routeverlaine\/wp-content\/uploads\/2016\/09\/DSC03626.jpg\" class=\"attachment-full size-full\" alt=\"\" decoding=\"async\" loading=\"lazy\" srcset=\"https:\/\/gsara.tv\/libramont\/routeverlaine\/wp-content\/uploads\/2016\/09\/DSC03626.jpg 2592w, https:\/\/gsara.tv\/libramont\/routeverlaine\/wp-content\/uploads\/2016\/09\/DSC03626-300x225.jpg 300w, https:\/\/gsara.tv\/libramont\/routeverlaine\/wp-content\/uploads\/2016\/09\/DSC03626-768x576.jpg 768w, https:\/\/gsara.tv\/libramont\/routeverlaine\/wp-content\/uploads\/2016\/09\/DSC03626-1024x768.jpg 1024w, https:\/\/gsara.tv\/libramont\/routeverlaine\/wp-content\/uploads\/2016\/09\/DSC03626-1280x960.jpg 1280w\" sizes=\"(max-width: 2592px) 100vw, 2592px\" \/><\/a>\n\t\t\t<\/div><\/figure><figure class='gallery-item'>\n\t\t\t<div class='gallery-icon landscape'>\n\t\t\t\t<a href='https:\/\/gsara.tv\/libramont\/routeverlaine\/wp-content\/uploads\/2016\/05\/Presbyt\u00e8re-Delogne-actuel.mus\u00e9e-ducal-Bouillon.jpg'><img width=\"2288\" height=\"1520\" src=\"https:\/\/gsara.tv\/libramont\/routeverlaine\/wp-content\/uploads\/2016\/05\/Presbyt\u00e8re-Delogne-actuel.mus\u00e9e-ducal-Bouillon.jpg\" class=\"attachment-full size-full\" alt=\"\" decoding=\"async\" loading=\"lazy\" srcset=\"https:\/\/gsara.tv\/libramont\/routeverlaine\/wp-content\/uploads\/2016\/05\/Presbyt\u00e8re-Delogne-actuel.mus\u00e9e-ducal-Bouillon.jpg 2288w, https:\/\/gsara.tv\/libramont\/routeverlaine\/wp-content\/uploads\/2016\/05\/Presbyt\u00e8re-Delogne-actuel.mus\u00e9e-ducal-Bouillon-300x199.jpg 300w, https:\/\/gsara.tv\/libramont\/routeverlaine\/wp-content\/uploads\/2016\/05\/Presbyt\u00e8re-Delogne-actuel.mus\u00e9e-ducal-Bouillon-768x510.jpg 768w, https:\/\/gsara.tv\/libramont\/routeverlaine\/wp-content\/uploads\/2016\/05\/Presbyt\u00e8re-Delogne-actuel.mus\u00e9e-ducal-Bouillon-1024x680.jpg 1024w, https:\/\/gsara.tv\/libramont\/routeverlaine\/wp-content\/uploads\/2016\/05\/Presbyt\u00e8re-Delogne-actuel.mus\u00e9e-ducal-Bouillon-1440x957.jpg 1440w\" sizes=\"(max-width: 2288px) 100vw, 2288px\" \/><\/a>\n\t\t\t<\/div><\/figure><figure class='gallery-item'>\n\t\t\t<div class='gallery-icon landscape'>\n\t\t\t\t<a href='https:\/\/gsara.tv\/libramont\/routeverlaine\/wp-content\/uploads\/2016\/05\/Bouillon-mus\u00e9e-ducal.jpg'><img width=\"2288\" height=\"1520\" src=\"https:\/\/gsara.tv\/libramont\/routeverlaine\/wp-content\/uploads\/2016\/05\/Bouillon-mus\u00e9e-ducal.jpg\" class=\"attachment-full size-full\" alt=\"\" decoding=\"async\" loading=\"lazy\" srcset=\"https:\/\/gsara.tv\/libramont\/routeverlaine\/wp-content\/uploads\/2016\/05\/Bouillon-mus\u00e9e-ducal.jpg 2288w, https:\/\/gsara.tv\/libramont\/routeverlaine\/wp-content\/uploads\/2016\/05\/Bouillon-mus\u00e9e-ducal-300x199.jpg 300w, https:\/\/gsara.tv\/libramont\/routeverlaine\/wp-content\/uploads\/2016\/05\/Bouillon-mus\u00e9e-ducal-768x510.jpg 768w, https:\/\/gsara.tv\/libramont\/routeverlaine\/wp-content\/uploads\/2016\/05\/Bouillon-mus\u00e9e-ducal-1024x680.jpg 1024w, https:\/\/gsara.tv\/libramont\/routeverlaine\/wp-content\/uploads\/2016\/05\/Bouillon-mus\u00e9e-ducal-1440x957.jpg 1440w\" sizes=\"(max-width: 2288px) 100vw, 2288px\" \/><\/a>\n\t\t\t<\/div><\/figure>\n\t\t<\/div>\n\n<p>\u00ab\u00a0Le cur\u00e9, depuis je crois grand vicaire de Namur, avait un bien beau verger, o\u00f9 d\u2019innombrables fruits, poires, pommes, noix, raisins et, en \u00e9t\u00e9, fraises, cerises, prunes, abricots (au vent, je vous en r\u00e9ponds) \u00e9taient tr\u00e8s bons \u2026 et tr\u00e8s courus.\u00a0\u00bb<\/p>\n<p><em>\u00ab\u00a0Mais les truites de la Semoy!\u00a0\u00bb<\/em> que Verlaine p\u00eache avec ses amis d&rsquo;enfance, Xavier et Jean-Baptiste Delogne, laisseront au po\u00e8te un souvenir imp\u00e9rissable.<\/p>\n<p><em>\u00ab\u00a0Les truites! Que la r\u00e9v\u00e9rence m\u2019emp\u00eachera, cette fois, de qualifier de divines, mais qu\u2019un respect attendri non moins que r\u00e9trospectif et qu\u2019une reconnaissance un peu profane peut-\u00eatre, dans le cas, ne\u00a0<\/em><em>m\u2019emp\u00eachera, mordieu pas! De magnifier de cl\u00e9ricales, les truites de la Semoy, dignifiables m\u00eame de saumon\u00e9es, consomm\u00e9es en toute dilection, en compagnie\u00a0 de plusieurs confr\u00e8res eccl\u00e9siastiques qui r\u00e9sistaient difficilement au p\u00e9ch\u00e9 de gourmandise! Ce bon cur\u00e9, \u00f4 les truites de la Semoy!<\/em><\/p>\n<p><em>Je m\u2019en souviens d\u2019autant plus et, pour en revenir au s\u00e9rieux d\u00fb d\u2019autant mieux que quelque chose de cordial se m\u00eale \u00e0 ces fumets gastronomiques. Quelque chose de cordial, d\u2019intellectuel aussi, et de mieux encore.\u00a0\u00bb<\/em><\/p>\n<p>Avec une fine pointe d&rsquo;humour, Verlaine ne put s&#8217;emp\u00eacher de vanter ces truites exquises: ces <em>truites cl\u00e9ricales, des truites qualifiables vraiment de su<\/em><em>rnaturelles.<\/em><\/p>\n<p>Il gardera toute sa vie des contacts avec son ami Jean-Baptiste.<img decoding=\"async\" loading=\"lazy\" class=\"size-medium wp-image-406 alignright\" src=\"http:\/\/gsara.tv\/libramont\/routeverlaine\/wp-content\/uploads\/2016\/05\/12-L\u2019abb\u00e9-Xavier-Delogne-qui-recevait-Verlaine-200x300.jpg\" alt=\"12 L\u2019abb\u00e9 Xavier Delogne qui recevait Verlaine\" width=\"200\" height=\"300\" srcset=\"https:\/\/gsara.tv\/libramont\/routeverlaine\/wp-content\/uploads\/2016\/05\/12-L\u2019abb\u00e9-Xavier-Delogne-qui-recevait-Verlaine-200x300.jpg 200w, https:\/\/gsara.tv\/libramont\/routeverlaine\/wp-content\/uploads\/2016\/05\/12-L\u2019abb\u00e9-Xavier-Delogne-qui-recevait-Verlaine.jpg 640w\" sizes=\"(max-width: 200px) 100vw, 200px\" \/><\/p>\n<p>Devenu doyen de Bouillon, l&rsquo;abb\u00e9 Delogne \u00e9crit \u00e0 son sujet, en 1863: \u00ab\u00a0Sa nature est rest\u00e9e bonne, je crois. Il m&rsquo;a avou\u00e9 certaines faiblesses&#8230; et m&rsquo;a confi\u00e9 sa peur de Paris.\u00a0\u00bb<\/p>\n<p>C&rsquo;est d&rsquo;ailleurs \u00e0 Bouillon que, le 25 mai 1873, il retrouve son jeune ami Arthur Rimbaud. Ils vont y faire la bringue, avant de prendre la route de Londres.<\/p>\n<p>&nbsp;<\/p>\n<div id='gallery-2' class='gallery galleryid-337 gallery-columns-2 gallery-size-full'><figure class='gallery-item'>\n\t\t\t<div class='gallery-icon portrait'>\n\t\t\t\t<a href='https:\/\/gsara.tv\/libramont\/routeverlaine\/wp-content\/uploads\/2016\/11\/IMG_6456-2.jpg'><img width=\"2681\" height=\"4796\" src=\"https:\/\/gsara.tv\/libramont\/routeverlaine\/wp-content\/uploads\/2016\/11\/IMG_6456-2.jpg\" class=\"attachment-full size-full\" alt=\"\" decoding=\"async\" loading=\"lazy\" aria-describedby=\"gallery-2-1659\" srcset=\"https:\/\/gsara.tv\/libramont\/routeverlaine\/wp-content\/uploads\/2016\/11\/IMG_6456-2.jpg 2681w, https:\/\/gsara.tv\/libramont\/routeverlaine\/wp-content\/uploads\/2016\/11\/IMG_6456-2-168x300.jpg 168w, https:\/\/gsara.tv\/libramont\/routeverlaine\/wp-content\/uploads\/2016\/11\/IMG_6456-2-768x1374.jpg 768w, https:\/\/gsara.tv\/libramont\/routeverlaine\/wp-content\/uploads\/2016\/11\/IMG_6456-2-572x1024.jpg 572w, https:\/\/gsara.tv\/libramont\/routeverlaine\/wp-content\/uploads\/2016\/11\/IMG_6456-2-537x960.jpg 537w\" sizes=\"(max-width: 2681px) 100vw, 2681px\" \/><\/a>\n\t\t\t<\/div>\n\t\t\t\t<figcaption class='wp-caption-text gallery-caption' id='gallery-2-1659'>\n\t\t\t\tPremier jet de Croquis de Belgique expos\u00e9 au mus\u00e9e ducal.\n\t\t\t\t<\/figcaption><\/figure><figure class='gallery-item'>\n\t\t\t<div class='gallery-icon portrait'>\n\t\t\t\t<a href='https:\/\/gsara.tv\/libramont\/routeverlaine\/wp-content\/uploads\/2016\/11\/IMG_6455-2.jpg'><img width=\"2902\" height=\"4548\" src=\"https:\/\/gsara.tv\/libramont\/routeverlaine\/wp-content\/uploads\/2016\/11\/IMG_6455-2.jpg\" class=\"attachment-full size-full\" alt=\"\" decoding=\"async\" loading=\"lazy\" aria-describedby=\"gallery-2-1658\" srcset=\"https:\/\/gsara.tv\/libramont\/routeverlaine\/wp-content\/uploads\/2016\/11\/IMG_6455-2.jpg 2902w, https:\/\/gsara.tv\/libramont\/routeverlaine\/wp-content\/uploads\/2016\/11\/IMG_6455-2-191x300.jpg 191w, https:\/\/gsara.tv\/libramont\/routeverlaine\/wp-content\/uploads\/2016\/11\/IMG_6455-2-768x1204.jpg 768w, https:\/\/gsara.tv\/libramont\/routeverlaine\/wp-content\/uploads\/2016\/11\/IMG_6455-2-653x1024.jpg 653w, https:\/\/gsara.tv\/libramont\/routeverlaine\/wp-content\/uploads\/2016\/11\/IMG_6455-2-613x960.jpg 613w\" sizes=\"(max-width: 2902px) 100vw, 2902px\" \/><\/a>\n\t\t\t<\/div>\n\t\t\t\t<figcaption class='wp-caption-text gallery-caption' id='gallery-2-1658'>\n\t\t\t\tPremier jet de Croquis de Belgique expos\u00e9 au mus\u00e9e ducal.\n\t\t\t\t<\/figcaption><\/figure>\n\t\t<\/div>\n\n<p><em>\u00a0<\/em><\/p>\n<div class=\"entry-content\">\n<p><strong>Sur l&rsquo;herbe<\/strong><\/p>\n<p>\u2013 L\u2019abb\u00e9 divague. \u2013 Et toi, marquis,<br \/>\nTu mets de travers ta perruque.<a href=\"http:\/\/gsara.tv\/libramont\/routeverlaine\/wp-content\/uploads\/2016\/11\/fetes-galantes.jpg\"><img decoding=\"async\" loading=\"lazy\" class=\"alignright wp-image-1265 \" src=\"http:\/\/gsara.tv\/libramont\/routeverlaine\/wp-content\/uploads\/2016\/11\/fetes-galantes.jpg\" alt=\"fetes-galantes\" width=\"300\" height=\"214\" srcset=\"https:\/\/gsara.tv\/libramont\/routeverlaine\/wp-content\/uploads\/2016\/11\/fetes-galantes.jpg 644w, https:\/\/gsara.tv\/libramont\/routeverlaine\/wp-content\/uploads\/2016\/11\/fetes-galantes-300x214.jpg 300w\" sizes=\"(max-width: 300px) 100vw, 300px\" \/><\/a><\/p>\n<p>\u2013 Ce vieux vin de Chypre est exquis<br \/>\nMoins, Camargo, que votre nuque.<\/p>\n<p>\u2013 Ma flamme \u2026 \u2013 Do, mi, sol, la, si.<br \/>\nL\u2019abb\u00e9, ta noirceur se d\u00e9voile!<\/p>\n<p>\u2013 Que je meure, mesdames, si<br \/>\nJe ne vous d\u00e9croche une \u00e9toile!<\/p>\n<p>\u2013 Je voudrais \u00eatre petit chien!<\/p>\n<p>\u2013 Embrassons nos berg\u00e8res, l\u2019une<br \/>\nApr\u00e8s l\u2019autre. \u2013 Messieurs, eh bien?<\/p>\n<p>\u2013 Do, mi, sol. \u2013 H\u00e9! bonsoir la Lune!<\/p>\n<p>Extraits de<em> F\u00eates galantes.<\/em><\/p>\n<h4 class=\"entry-title\"><\/h4>\n<p><em>\u00a0<a href=\"https:\/\/gsara.tv\/libramont\/routeverlaine\/les-soleil-couchants-samir-barris\/\"><img decoding=\"async\" loading=\"lazy\" class=\"alignleft wp-image-2137\" src=\"http:\/\/gsara.tv\/libramont\/routeverlaine\/wp-content\/uploads\/2017\/01\/ICONE-MUSIQUE-11.png\" width=\"139\" height=\"139\" srcset=\"https:\/\/gsara.tv\/libramont\/routeverlaine\/wp-content\/uploads\/2017\/01\/ICONE-MUSIQUE-11.png 256w, https:\/\/gsara.tv\/libramont\/routeverlaine\/wp-content\/uploads\/2017\/01\/ICONE-MUSIQUE-11-150x150.png 150w\" sizes=\"(max-width: 139px) 100vw, 139px\" \/><\/a><\/em><\/p>\n<\/div>\n<p style=\"text-align: left;\"><a href=\"http:\/\/gsara.tv\/libramont\/routeverlaine\/bouillon\/\"><img decoding=\"async\" loading=\"lazy\" class=\"alignright wp-image-1838 size-medium\" src=\"http:\/\/gsara.tv\/libramont\/routeverlaine\/wp-content\/uploads\/2016\/12\/infobouillon-300x264.jpg\" width=\"300\" height=\"264\" srcset=\"https:\/\/gsara.tv\/libramont\/routeverlaine\/wp-content\/uploads\/2016\/12\/infobouillon-300x264.jpg 300w, https:\/\/gsara.tv\/libramont\/routeverlaine\/wp-content\/uploads\/2016\/12\/infobouillon.jpg 545w\" sizes=\"(max-width: 300px) 100vw, 300px\" \/><\/a><\/p>\n","protected":false},"excerpt":{"rendered":"<p>\u00ab\u00a0Le cur\u00e9, depuis je crois grand vicaire de Namur, avait un bien beau verger, o\u00f9 d\u2019innombrables fruits, poires, pommes, noix, raisins et, en \u00e9t\u00e9, fraises, cerises, prunes, abricots (au vent, je vous en r\u00e9ponds) \u00e9taient tr\u00e8s bons \u2026 et tr\u00e8s courus.\u00a0\u00bb \u00ab\u00a0Mais les truites de la Semoy!\u00a0\u00bb que Verlaine p\u00eache avec ses amis d&rsquo;enfance, Xavier [&hellip;]<\/p>\n","protected":false},"author":3,"featured_media":0,"parent":12,"menu_order":0,"comment_status":"closed","ping_status":"closed","template":"","meta":{"_mi_skip_tracking":false},"_links":{"self":[{"href":"https:\/\/gsara.tv\/libramont\/routeverlaine\/wp-json\/wp\/v2\/pages\/337"}],"collection":[{"href":"https:\/\/gsara.tv\/libramont\/routeverlaine\/wp-json\/wp\/v2\/pages"}],"about":[{"href":"https:\/\/gsara.tv\/libramont\/routeverlaine\/wp-json\/wp\/v2\/types\/page"}],"author":[{"embeddable":true,"href":"https:\/\/gsara.tv\/libramont\/routeverlaine\/wp-json\/wp\/v2\/users\/3"}],"replies":[{"embeddable":true,"href":"https:\/\/gsara.tv\/libramont\/routeverlaine\/wp-json\/wp\/v2\/comments?post=337"}],"version-history":[{"count":59,"href":"https:\/\/gsara.tv\/libramont\/routeverlaine\/wp-json\/wp\/v2\/pages\/337\/revisions"}],"predecessor-version":[{"id":2226,"href":"https:\/\/gsara.tv\/libramont\/routeverlaine\/wp-json\/wp\/v2\/pages\/337\/revisions\/2226"}],"up":[{"embeddable":true,"href":"https:\/\/gsara.tv\/libramont\/routeverlaine\/wp-json\/wp\/v2\/pages\/12"}],"wp:attachment":[{"href":"https:\/\/gsara.tv\/libramont\/routeverlaine\/wp-json\/wp\/v2\/media?parent=337"}],"curies":[{"name":"wp","href":"https:\/\/api.w.org\/{rel}","templated":true}]}}