{"id":344,"date":"2016-05-31T09:07:25","date_gmt":"2016-05-31T08:07:25","guid":{"rendered":"http:\/\/gsara.tv\/libramont\/routeverlaine\/?page_id=344"},"modified":"2017-02-07T10:39:56","modified_gmt":"2017-02-07T09:39:56","slug":"le-presbytere-de-labbe-dewez","status":"publish","type":"page","link":"https:\/\/gsara.tv\/libramont\/routeverlaine\/corbion\/le-presbytere-de-labbe-dewez\/","title":{"rendered":"Le presbyt\u00e8re de l&rsquo;abb\u00e9 Dewez"},"content":{"rendered":"<p><a href=\"http:\/\/gsara.tv\/libramont\/routeverlaine\/wp-content\/uploads\/2016\/08\/IMG_6442.jpg\"><img decoding=\"async\" loading=\"lazy\" class=\"alignright wp-image-837 size-medium\" src=\"http:\/\/gsara.tv\/libramont\/routeverlaine\/wp-content\/uploads\/2016\/08\/IMG_6442-300x200.jpg\" alt=\"IMG_6442\" width=\"300\" height=\"200\" srcset=\"https:\/\/gsara.tv\/libramont\/routeverlaine\/wp-content\/uploads\/2016\/08\/IMG_6442-300x200.jpg 300w, https:\/\/gsara.tv\/libramont\/routeverlaine\/wp-content\/uploads\/2016\/08\/IMG_6442-768x512.jpg 768w, https:\/\/gsara.tv\/libramont\/routeverlaine\/wp-content\/uploads\/2016\/08\/IMG_6442-1024x683.jpg 1024w, https:\/\/gsara.tv\/libramont\/routeverlaine\/wp-content\/uploads\/2016\/08\/IMG_6442-1440x960.jpg 1440w\" sizes=\"(max-width: 300px) 100vw, 300px\" \/><\/a>On raconte que Paul Verlaine se rendait le soir chez l&rsquo;abb\u00e9 Dewez pour toujours lui soutirer quelque argent, pr\u00e9textant de faire manger femme et enfants. En r\u00e9alit\u00e9 l&rsquo;argent passait illico dans la dive bouteille, Verlaine \u00e9tant \u00e0 l&rsquo;\u00e9poque alcoolique inv\u00e9t\u00e9r\u00e9.<\/p>\n<h3 style=\"text-align: left;\">La bise se rue \u00e0 travers&#8230;<\/h3>\n<p class=\"last\" style=\"text-align: left;\">La bise se rue \u00e0 travers<br \/>\nLes buissons tout noirs et tout verts,<br \/>\nGla\u00e7ant la neige \u00e9parpill\u00e9e<br \/>\nDans la campagne ensoleill\u00e9e.<a href=\"http:\/\/gsara.tv\/libramont\/routeverlaine\/wp-content\/uploads\/2016\/11\/paysage.jpg\"><img decoding=\"async\" loading=\"lazy\" class=\"alignright wp-image-1315 size-medium\" src=\"http:\/\/gsara.tv\/libramont\/routeverlaine\/wp-content\/uploads\/2016\/11\/paysage-300x200.jpg\" alt=\"paysage\" width=\"300\" height=\"200\" srcset=\"https:\/\/gsara.tv\/libramont\/routeverlaine\/wp-content\/uploads\/2016\/11\/paysage-300x200.jpg 300w, https:\/\/gsara.tv\/libramont\/routeverlaine\/wp-content\/uploads\/2016\/11\/paysage-768x513.jpg 768w, https:\/\/gsara.tv\/libramont\/routeverlaine\/wp-content\/uploads\/2016\/11\/paysage.jpg 800w\" sizes=\"(max-width: 300px) 100vw, 300px\" \/><\/a><br \/>\nL&rsquo;odeur est aigre pr\u00e8s des bois,<br \/>\nL&rsquo;horizon chante avec des voix,<br \/>\nLes coqs des clochers des villages<br \/>\nLuisent cr\u00fbment sur les nuages.<br \/>\nC&rsquo;est d\u00e9licieux de marcher<br \/>\nA travers ce brouillard l\u00e9ger<br \/>\nQu&rsquo;un vent taquin parfois retrousse.<br \/>\nAh! fi de mon vieux feu qui tousse!<br \/>\nJ&rsquo;ai des fourmis plein les talons.<br \/>\nDebout, mon \u00e2me, vite, allons!<br \/>\nC&rsquo;est le printemps s\u00e9v\u00e8re encore,<br \/>\nMais qui par instants s&rsquo;\u00e9dulcore<br \/>\nD&rsquo;un souffle ti\u00e8de juste assez<br \/>\nPour mieux sentir les froids pass\u00e9s<br \/>\nEt penser au Dieu de cl\u00e9mence&#8230;<br \/>\nVa, mon \u00e2me, \u00e0 l&rsquo;espoir immense!<\/p>\n<p class=\"last\" style=\"text-align: left;\">Extrait de<em> Sagesse.<\/em><\/p>\n<p><a href=\"http:\/\/gsara.tv\/libramont\/routeverlaine\/corbion\/\"><img decoding=\"async\" loading=\"lazy\" class=\"alignright wp-image-1852 size-medium\" src=\"http:\/\/gsara.tv\/libramont\/routeverlaine\/wp-content\/uploads\/2016\/12\/infoCorbion-300x264.jpg\" width=\"300\" height=\"264\" srcset=\"https:\/\/gsara.tv\/libramont\/routeverlaine\/wp-content\/uploads\/2016\/12\/infoCorbion-300x264.jpg 300w, https:\/\/gsara.tv\/libramont\/routeverlaine\/wp-content\/uploads\/2016\/12\/infoCorbion.jpg 545w\" sizes=\"(max-width: 300px) 100vw, 300px\" \/><\/a><a href=\"https:\/\/gsara.tv\/libramont\/routeverlaine\/chanson-dautomne-charles-trenet\/\"><img decoding=\"async\" loading=\"lazy\" class=\"wp-image-2137 alignleft\" src=\"http:\/\/gsara.tv\/libramont\/routeverlaine\/wp-content\/uploads\/2017\/01\/ICONE-MUSIQUE-11.png\" alt=\"\" width=\"126\" height=\"126\" srcset=\"https:\/\/gsara.tv\/libramont\/routeverlaine\/wp-content\/uploads\/2017\/01\/ICONE-MUSIQUE-11.png 256w, https:\/\/gsara.tv\/libramont\/routeverlaine\/wp-content\/uploads\/2017\/01\/ICONE-MUSIQUE-11-150x150.png 150w\" sizes=\"(max-width: 126px) 100vw, 126px\" \/><\/a><\/p>\n<p>&nbsp;<\/p>\n<p>&nbsp;<\/p>\n","protected":false},"excerpt":{"rendered":"<p>On raconte que Paul Verlaine se rendait le soir chez l&rsquo;abb\u00e9 Dewez pour toujours lui soutirer quelque argent, pr\u00e9textant de faire manger femme et enfants. En r\u00e9alit\u00e9 l&rsquo;argent passait illico dans la dive bouteille, Verlaine \u00e9tant \u00e0 l&rsquo;\u00e9poque alcoolique inv\u00e9t\u00e9r\u00e9. La bise se rue \u00e0 travers&#8230; La bise se rue \u00e0 travers Les buissons tout [&hellip;]<\/p>\n","protected":false},"author":3,"featured_media":0,"parent":16,"menu_order":0,"comment_status":"closed","ping_status":"closed","template":"","meta":{"_mi_skip_tracking":false},"_links":{"self":[{"href":"https:\/\/gsara.tv\/libramont\/routeverlaine\/wp-json\/wp\/v2\/pages\/344"}],"collection":[{"href":"https:\/\/gsara.tv\/libramont\/routeverlaine\/wp-json\/wp\/v2\/pages"}],"about":[{"href":"https:\/\/gsara.tv\/libramont\/routeverlaine\/wp-json\/wp\/v2\/types\/page"}],"author":[{"embeddable":true,"href":"https:\/\/gsara.tv\/libramont\/routeverlaine\/wp-json\/wp\/v2\/users\/3"}],"replies":[{"embeddable":true,"href":"https:\/\/gsara.tv\/libramont\/routeverlaine\/wp-json\/wp\/v2\/comments?post=344"}],"version-history":[{"count":26,"href":"https:\/\/gsara.tv\/libramont\/routeverlaine\/wp-json\/wp\/v2\/pages\/344\/revisions"}],"predecessor-version":[{"id":2259,"href":"https:\/\/gsara.tv\/libramont\/routeverlaine\/wp-json\/wp\/v2\/pages\/344\/revisions\/2259"}],"up":[{"embeddable":true,"href":"https:\/\/gsara.tv\/libramont\/routeverlaine\/wp-json\/wp\/v2\/pages\/16"}],"wp:attachment":[{"href":"https:\/\/gsara.tv\/libramont\/routeverlaine\/wp-json\/wp\/v2\/media?parent=344"}],"curies":[{"name":"wp","href":"https:\/\/api.w.org\/{rel}","templated":true}]}}