{"id":346,"date":"2016-05-31T09:07:51","date_gmt":"2016-05-31T08:07:51","guid":{"rendered":"http:\/\/gsara.tv\/libramont\/routeverlaine\/?page_id=346"},"modified":"2017-10-27T11:04:21","modified_gmt":"2017-10-27T10:04:21","slug":"lhotel-le-relais","status":"publish","type":"page","link":"https:\/\/gsara.tv\/libramont\/routeverlaine\/corbion\/lhotel-le-relais\/","title":{"rendered":"L&rsquo;h\u00f4tel \u00ab\u00a0le Relais\u00a0\u00bb"},"content":{"rendered":"<p><a href=\"http:\/\/gsara.tv\/libramont\/routeverlaine\/wp-content\/uploads\/2017\/10\/Corbion.jpg\"><img decoding=\"async\" loading=\"lazy\" class=\"size-medium wp-image-2319 alignleft\" src=\"http:\/\/gsara.tv\/libramont\/routeverlaine\/wp-content\/uploads\/2017\/10\/Corbion-300x225.jpg\" alt=\"\" width=\"300\" height=\"225\" srcset=\"https:\/\/gsara.tv\/libramont\/routeverlaine\/wp-content\/uploads\/2017\/10\/Corbion-300x225.jpg 300w, https:\/\/gsara.tv\/libramont\/routeverlaine\/wp-content\/uploads\/2017\/10\/Corbion-768x576.jpg 768w, https:\/\/gsara.tv\/libramont\/routeverlaine\/wp-content\/uploads\/2017\/10\/Corbion-1024x768.jpg 1024w, https:\/\/gsara.tv\/libramont\/routeverlaine\/wp-content\/uploads\/2017\/10\/Corbion-1280x960.jpg 1280w, https:\/\/gsara.tv\/libramont\/routeverlaine\/wp-content\/uploads\/2017\/10\/Corbion.jpg 1890w\" sizes=\"(max-width: 300px) 100vw, 300px\" \/><\/a><\/p>\n<p>&nbsp;<\/p>\n<p>&nbsp;<\/p>\n<p>&nbsp;<\/p>\n<p>&nbsp;<\/p>\n<p>&nbsp;<\/p>\n<p>&nbsp;<\/p>\n<p><strong>Nos repas sont charmants<\/strong><\/p>\n<p>Nos repas sont charmants encore que modestes,<br \/>\nGr\u00e2ce \u00e0 ton art profond d&rsquo;accommoder les restes<br \/>\nDu r\u00f4ti d&rsquo;hier ou de ce r\u00e9cent pot-au-feu<br \/>\nEn hachis et rago\u00fbts comme on n&rsquo;en trouve pas chez Dieu.<\/p>\n<p>Le vin n&rsquo;a pas ce nom, car \u00e0 quoi sert la gloire?<br \/>\nEt puisqu&rsquo;il est tir\u00e9, ne faut-il pas le boire?<br \/>\nPour le pain, comme on n&rsquo;en a pas toujours mang\u00e9,<br \/>\nQu&rsquo;il nous semble excellent me semble un fait archijug\u00e9.<\/p>\n<p>Le l\u00e9gume est pour presque rien, et le fromage:<br \/>\nNous en usons en rois dont ce serait l&rsquo;usage.<br \/>\nQuant aux fruits, leur primeur \u00e7a nous est bien \u00e9gal,<br \/>\nPourvu qu&rsquo;il y en ait dans ce festin vraiment frugal.<\/p>\n<p>Mais le triomphe, au moins pour moi, c&rsquo;est la salade:<br \/>\nComme elle en prend! sans jamais se sentir malade,<br \/>\nPlus forte en cela que d\u00e9funt Tragaldabas,<br \/>\nEt j&rsquo;en b\u00e2fre de c\u0153ur tant elle est belle en ces \u00e9bats,<\/p>\n<p>Et le caf\u00e9, qui pour ma part fort m&rsquo;indiff\u00e8re,<br \/>\nCe qu&rsquo;elle l&rsquo;aime, mes bons amis, quelle affaire!<br \/>\nJe m&rsquo;en amuse et j&rsquo;en jouis pour elle, vrai!<br \/>\nEt puis je sais si bien que la nuit j&rsquo;en profiterai.<\/p>\n<p style=\"text-align: left;\">Je sais si bien que le sommeil fuira sa l\u00e8vre<br \/>\nEt ses yeux allum\u00e9s encor d&rsquo;un brin de fi\u00e8vre<br \/>\nPar la goutte de rhum bue en trinquant ga\u00eement<br \/>\nAvec moi, pr\u00e9sage gentil d&rsquo;un choc bien plus charmant.<br \/>\nExtrait de<em> Odes en son honneur.<br \/>\n<\/em><\/p>\n<p>Paul Verlaine serait probablement pass\u00e9 par l&rsquo;h\u00f4tel des Ardennes lors de son s\u00e9jour \u00e0 Corbion. Face \u00e0 lui, l&rsquo;ancien presbyt\u00e8re de l&rsquo;abb\u00e9 Dewez que fr\u00e9quenta Paul.<\/p>\n<p><a href=\"http:\/\/gsara.tv\/libramont\/routeverlaine\/corbion\/\"><img decoding=\"async\" loading=\"lazy\" class=\"alignright wp-image-1852 size-medium\" src=\"http:\/\/gsara.tv\/libramont\/routeverlaine\/wp-content\/uploads\/2016\/12\/infoCorbion-300x264.jpg\" width=\"300\" height=\"264\" srcset=\"https:\/\/gsara.tv\/libramont\/routeverlaine\/wp-content\/uploads\/2016\/12\/infoCorbion-300x264.jpg 300w, https:\/\/gsara.tv\/libramont\/routeverlaine\/wp-content\/uploads\/2016\/12\/infoCorbion.jpg 545w\" sizes=\"(max-width: 300px) 100vw, 300px\" \/><\/a><\/p>\n<p><a href=\"https:\/\/gsara.tv\/libramont\/routeverlaine\/musiques\/je-fais-souvent-un-reve-etrange-julos-beaucarne\/\"><img decoding=\"async\" loading=\"lazy\" class=\"wp-image-2137 alignleft\" src=\"http:\/\/gsara.tv\/libramont\/routeverlaine\/wp-content\/uploads\/2017\/01\/ICONE-MUSIQUE-11.png\" alt=\"\" width=\"138\" height=\"138\" srcset=\"https:\/\/gsara.tv\/libramont\/routeverlaine\/wp-content\/uploads\/2017\/01\/ICONE-MUSIQUE-11.png 256w, https:\/\/gsara.tv\/libramont\/routeverlaine\/wp-content\/uploads\/2017\/01\/ICONE-MUSIQUE-11-150x150.png 150w\" sizes=\"(max-width: 138px) 100vw, 138px\" \/><\/a><\/p>\n<p>&nbsp;<\/p>\n<p><span style=\"border-radius: 2px; text-indent: 20px; width: auto; padding: 0px 4px 0px 0px; text-align: center; font: bold 11px\/20px 'Helvetica Neue',Helvetica,sans-serif; color: #ffffff; background: #bd081c no-repeat scroll 3px 50% \/ 14px 14px; position: absolute; opacity: 1; z-index: 8675309; display: none; cursor: pointer;\">Enregistrer<\/span><\/p>\n<p><span style=\"border-radius: 2px; text-indent: 20px; width: auto; padding: 0px 4px 0px 0px; text-align: center; font: bold 11px\/20px 'Helvetica Neue',Helvetica,sans-serif; color: #ffffff; background: #bd081c  no-repeat scroll 3px 50% \/ 14px 14px; position: absolute; opacity: 1; z-index: 8675309; display: none; cursor: pointer;\">Enregistrer<\/span><\/p>\n","protected":false},"excerpt":{"rendered":"<p>&nbsp; &nbsp; &nbsp; &nbsp; &nbsp; &nbsp; Nos repas sont charmants Nos repas sont charmants encore que modestes, Gr\u00e2ce \u00e0 ton art profond d&rsquo;accommoder les restes Du r\u00f4ti d&rsquo;hier ou de ce r\u00e9cent pot-au-feu En hachis et rago\u00fbts comme on n&rsquo;en trouve pas chez Dieu. Le vin n&rsquo;a pas ce nom, car \u00e0 quoi sert la [&hellip;]<\/p>\n","protected":false},"author":3,"featured_media":0,"parent":16,"menu_order":0,"comment_status":"closed","ping_status":"closed","template":"","meta":{"_mi_skip_tracking":false},"_links":{"self":[{"href":"https:\/\/gsara.tv\/libramont\/routeverlaine\/wp-json\/wp\/v2\/pages\/346"}],"collection":[{"href":"https:\/\/gsara.tv\/libramont\/routeverlaine\/wp-json\/wp\/v2\/pages"}],"about":[{"href":"https:\/\/gsara.tv\/libramont\/routeverlaine\/wp-json\/wp\/v2\/types\/page"}],"author":[{"embeddable":true,"href":"https:\/\/gsara.tv\/libramont\/routeverlaine\/wp-json\/wp\/v2\/users\/3"}],"replies":[{"embeddable":true,"href":"https:\/\/gsara.tv\/libramont\/routeverlaine\/wp-json\/wp\/v2\/comments?post=346"}],"version-history":[{"count":29,"href":"https:\/\/gsara.tv\/libramont\/routeverlaine\/wp-json\/wp\/v2\/pages\/346\/revisions"}],"predecessor-version":[{"id":2321,"href":"https:\/\/gsara.tv\/libramont\/routeverlaine\/wp-json\/wp\/v2\/pages\/346\/revisions\/2321"}],"up":[{"embeddable":true,"href":"https:\/\/gsara.tv\/libramont\/routeverlaine\/wp-json\/wp\/v2\/pages\/16"}],"wp:attachment":[{"href":"https:\/\/gsara.tv\/libramont\/routeverlaine\/wp-json\/wp\/v2\/media?parent=346"}],"curies":[{"name":"wp","href":"https:\/\/api.w.org\/{rel}","templated":true}]}}