{"id":348,"date":"2016-05-31T09:08:06","date_gmt":"2016-05-31T08:08:06","guid":{"rendered":"http:\/\/gsara.tv\/libramont\/routeverlaine\/?page_id=348"},"modified":"2017-02-07T10:56:10","modified_gmt":"2017-02-07T09:56:10","slug":"le-clos-des-couleuvres","status":"publish","type":"page","link":"https:\/\/gsara.tv\/libramont\/routeverlaine\/corbion\/le-clos-des-couleuvres\/","title":{"rendered":"La maison des Couleuvres"},"content":{"rendered":"<div id='gallery-1' class='gallery galleryid-348 gallery-columns-3 gallery-size-full'><figure class='gallery-item'>\n\t\t\t<div class='gallery-icon landscape'>\n\t\t\t\t<a href='https:\/\/gsara.tv\/libramont\/routeverlaine\/wp-content\/uploads\/2016\/11\/plaque.jpg'><img width=\"2762\" height=\"2458\" src=\"https:\/\/gsara.tv\/libramont\/routeverlaine\/wp-content\/uploads\/2016\/11\/plaque.jpg\" class=\"attachment-full size-full\" alt=\"\" decoding=\"async\" loading=\"lazy\" srcset=\"https:\/\/gsara.tv\/libramont\/routeverlaine\/wp-content\/uploads\/2016\/11\/plaque.jpg 2762w, https:\/\/gsara.tv\/libramont\/routeverlaine\/wp-content\/uploads\/2016\/11\/plaque-300x267.jpg 300w, https:\/\/gsara.tv\/libramont\/routeverlaine\/wp-content\/uploads\/2016\/11\/plaque-768x683.jpg 768w, https:\/\/gsara.tv\/libramont\/routeverlaine\/wp-content\/uploads\/2016\/11\/plaque-1024x911.jpg 1024w, https:\/\/gsara.tv\/libramont\/routeverlaine\/wp-content\/uploads\/2016\/11\/plaque-1079x960.jpg 1079w\" sizes=\"(max-width: 2762px) 100vw, 2762px\" \/><\/a>\n\t\t\t<\/div><\/figure><figure class='gallery-item'>\n\t\t\t<div class='gallery-icon landscape'>\n\t\t\t\t<a href='https:\/\/gsara.tv\/libramont\/routeverlaine\/wp-content\/uploads\/2016\/10\/plaqueruebojaban.jpg'><img width=\"1809\" height=\"1053\" src=\"https:\/\/gsara.tv\/libramont\/routeverlaine\/wp-content\/uploads\/2016\/10\/plaqueruebojaban.jpg\" class=\"attachment-full size-full\" alt=\"\" decoding=\"async\" loading=\"lazy\" srcset=\"https:\/\/gsara.tv\/libramont\/routeverlaine\/wp-content\/uploads\/2016\/10\/plaqueruebojaban.jpg 1809w, https:\/\/gsara.tv\/libramont\/routeverlaine\/wp-content\/uploads\/2016\/10\/plaqueruebojaban-300x175.jpg 300w, https:\/\/gsara.tv\/libramont\/routeverlaine\/wp-content\/uploads\/2016\/10\/plaqueruebojaban-768x447.jpg 768w, https:\/\/gsara.tv\/libramont\/routeverlaine\/wp-content\/uploads\/2016\/10\/plaqueruebojaban-1024x596.jpg 1024w, https:\/\/gsara.tv\/libramont\/routeverlaine\/wp-content\/uploads\/2016\/10\/plaqueruebojaban-1440x838.jpg 1440w\" sizes=\"(max-width: 1809px) 100vw, 1809px\" \/><\/a>\n\t\t\t<\/div><\/figure><figure class='gallery-item'>\n\t\t\t<div class='gallery-icon landscape'>\n\t\t\t\t<a href='https:\/\/gsara.tv\/libramont\/routeverlaine\/wp-content\/uploads\/2016\/11\/IMG_6434.jpg'><img width=\"3616\" height=\"3351\" src=\"https:\/\/gsara.tv\/libramont\/routeverlaine\/wp-content\/uploads\/2016\/11\/IMG_6434.jpg\" class=\"attachment-full size-full\" alt=\"\" decoding=\"async\" loading=\"lazy\" srcset=\"https:\/\/gsara.tv\/libramont\/routeverlaine\/wp-content\/uploads\/2016\/11\/IMG_6434.jpg 3616w, https:\/\/gsara.tv\/libramont\/routeverlaine\/wp-content\/uploads\/2016\/11\/IMG_6434-300x278.jpg 300w, https:\/\/gsara.tv\/libramont\/routeverlaine\/wp-content\/uploads\/2016\/11\/IMG_6434-768x712.jpg 768w, https:\/\/gsara.tv\/libramont\/routeverlaine\/wp-content\/uploads\/2016\/11\/IMG_6434-1024x949.jpg 1024w, https:\/\/gsara.tv\/libramont\/routeverlaine\/wp-content\/uploads\/2016\/11\/IMG_6434-1036x960.jpg 1036w\" sizes=\"(max-width: 3616px) 100vw, 3616px\" \/><\/a>\n\t\t\t<\/div><\/figure>\n\t\t<\/div>\n\n<p><strong>Maison des Couleuvres qui abrita Paul Verlaine <\/strong><\/p>\n<p>Le po\u00e8te Paul Verlaine y s\u00e9journa dans les ann\u00e9es 1880, il venait rejoindre son ami d&rsquo;enfance l&rsquo;abb\u00e9 Dewez. La maison des couleuvres est situ\u00e9e au lieu-dit: Bojaban. Bojaban, au bout du village de Corbion, le long du ruisseau fronti\u00e8re entre la France et la Belgique, lui permettait de rejoindre rapidement la France car il \u00e9tait interdit de s\u00e9jour en Belgique, suite \u00e0 son agression sur Arthur Rimbaud.<\/p>\n<p><a href=\"http:\/\/gsara.tv\/libramont\/routeverlaine\/wp-content\/uploads\/2016\/08\/IMG_6439-e1478254058397.jpg\"><img decoding=\"async\" loading=\"lazy\" class=\"alignright wp-image-836\" src=\"http:\/\/gsara.tv\/libramont\/routeverlaine\/wp-content\/uploads\/2016\/08\/IMG_6439-e1478254058397.jpg\" width=\"251\" height=\"377\" srcset=\"https:\/\/gsara.tv\/libramont\/routeverlaine\/wp-content\/uploads\/2016\/08\/IMG_6439-e1478254058397.jpg 3456w, https:\/\/gsara.tv\/libramont\/routeverlaine\/wp-content\/uploads\/2016\/08\/IMG_6439-e1478254058397-200x300.jpg 200w, https:\/\/gsara.tv\/libramont\/routeverlaine\/wp-content\/uploads\/2016\/08\/IMG_6439-e1478254058397-768x1152.jpg 768w, https:\/\/gsara.tv\/libramont\/routeverlaine\/wp-content\/uploads\/2016\/08\/IMG_6439-e1478254058397-683x1024.jpg 683w, https:\/\/gsara.tv\/libramont\/routeverlaine\/wp-content\/uploads\/2016\/08\/IMG_6439-e1478254058397-640x960.jpg 640w\" sizes=\"(max-width: 251px) 100vw, 251px\" \/><\/a><\/p>\n<p>Dominant ce ruisseau, la Roche des F\u00e9es et le long du ruisseau, les ruines d&rsquo;une maison: la ferme aux couleuvres rebaptis\u00e9e la \u00abMaison Verlaine\u00bb. Sorti de prison en 1875 et ind\u00e9sirable sur le sol belge, Paul Verlaine s<a href=\"http:\/\/gsara.tv\/libramont\/routeverlaine\/wp-content\/uploads\/2016\/08\/Maison-Verlaine.jpg\"><img decoding=\"async\" loading=\"lazy\" class=\"alignleft wp-image-767 size-full\" src=\"http:\/\/gsara.tv\/libramont\/routeverlaine\/wp-content\/uploads\/2016\/08\/Maison-Verlaine.jpg\" alt=\"Maison Verlaine\" width=\"200\" height=\"216\" \/><\/a>e r\u00e9fugie r\u00e9guli\u00e8rement dans les bois de Corbion. Le choix n&rsquo;est pas anodin vu que la ferme aux couleuvres est \u00e0 moins de 10 m\u00e8tres du territoire fran\u00e7ais et que le cur\u00e9 de Corbion, l&rsquo;abb\u00e9 Dewez est une vieille connaissance. Les habitants ne voient pas la pr\u00e9sence de Verlaine d&rsquo;un bon oeil parce qu&rsquo;il est \u00e0 la ferme aux couleuvres avec une femme et deux enfants sans \u00eatre mari\u00e9 et surtout parce que sa r\u00e9putation l&rsquo;a pr\u00e9c\u00e9d\u00e9.<\/p>\n<p><a href=\"http:\/\/gsara.tv\/libramont\/routeverlaine\/wp-content\/uploads\/2016\/10\/montage-maison-des-couleuvres.png\"><img decoding=\"async\" loading=\"lazy\" class=\"alignnone wp-image-1031 size-medium\" src=\"http:\/\/gsara.tv\/libramont\/routeverlaine\/wp-content\/uploads\/2016\/10\/montage-maison-des-couleuvres-300x226.png\" alt=\"montage-maison-des-couleuvres\" width=\"300\" height=\"226\" srcset=\"https:\/\/gsara.tv\/libramont\/routeverlaine\/wp-content\/uploads\/2016\/10\/montage-maison-des-couleuvres-300x226.png 300w, https:\/\/gsara.tv\/libramont\/routeverlaine\/wp-content\/uploads\/2016\/10\/montage-maison-des-couleuvres-768x579.png 768w, https:\/\/gsara.tv\/libramont\/routeverlaine\/wp-content\/uploads\/2016\/10\/montage-maison-des-couleuvres.png 970w\" sizes=\"(max-width: 300px) 100vw, 300px\" \/><\/a><a href=\"http:\/\/gsara.tv\/libramont\/routeverlaine\/wp-content\/uploads\/2016\/08\/maison-couleuvres-corbion-e1471947601386.jpg\"><img decoding=\"async\" loading=\"lazy\" class=\"alignnone wp-image-879 size-full\" src=\"http:\/\/gsara.tv\/libramont\/routeverlaine\/wp-content\/uploads\/2016\/08\/maison-couleuvres-corbion-e1471947601386.jpg\" alt=\"maison couleuvres corbion\" width=\"236\" height=\"222\" \/><\/a><\/p>\n<p>L&rsquo;endroit en soi ne m\u00e9rite pas le d\u00e9tour: de la maison des couleuvres, il ne reste aujourd&rsquo;hui qu&rsquo;un muret de pierres de schiste baignant dans le ruisseau Joly. Plus de murs, plus de chemin\u00e9e, plus de chemin, juste un coin envahi par les broussailles o\u00f9 le sous-bois reprend ses droits. L&rsquo;endroit n&rsquo;est certes pas joli mais il garde le souvenir des nombreux passages d&rsquo;un des trois po\u00e8tes maudits, \u00e0 savoir Paul Verlaine, \u00e0 Corbion.<\/p>\n<p>&nbsp;<\/p>\n<p><strong>Clair de lune<\/strong><\/p>\n<p>Au calme clair de lune triste et beau,<br \/>\nQui fait r\u00eaver les oiseaux dans les arbres<br \/>\nEt sangloter d&rsquo;extase les jets d&rsquo;eau,<br \/>\nLes grands jets d&rsquo;eau sveltes parmi les marbres.<\/p>\n<p>Tout en chantant sur le mode mineur<br \/>\nL&rsquo;amour vainqueur et la vie opportune<br \/>\nIls n&rsquo;ont pas l&rsquo;air de croire \u00e0 leur bonheur<a href=\"http:\/\/gsara.tv\/libramont\/routeverlaine\/wp-content\/uploads\/2016\/11\/peinture-claude-Debussy.jpg\"><img decoding=\"async\" loading=\"lazy\" class=\"alignright wp-image-1450 \" src=\"http:\/\/gsara.tv\/libramont\/routeverlaine\/wp-content\/uploads\/2016\/11\/peinture-claude-Debussy.jpg\" alt=\"peinture-claude-debussy\" width=\"348\" height=\"261\" \/><\/a><br \/>\nEt leur chanson se m\u00eale au clair de lune,<\/p>\n<p>Votre \u00e2me est un paysage choisi<br \/>\nQue vont charmant masques et bergamasques<br \/>\nJouant du luth et dansant et quasi<br \/>\nTristes sous leurs d\u00e9guisements fantasques.<\/p>\n<p>Extrait de <em>F\u00eates Galantes.<\/em><\/p>\n<p>&nbsp;<\/p>\n<p><strong>\u00d4 triste, triste \u00e9tait mon \u00e2me<\/strong><\/p>\n<p>\u00d4 triste, triste \u00e9tait mon \u00e2me<br \/>\nA cause, \u00e0 cause d&rsquo;une femme.<\/p>\n<p>Je ne me suis pas consol\u00e9<br \/>\nBien que mon coeur s&rsquo;en soit all\u00e9,<\/p>\n<p>Bien que mon coeur, bien que mon \u00e2me<br \/>\nEussent fui loin de cette femme.<\/p>\n<p>Je ne me suis pas consol\u00e9,<br \/>\nBien que mon coeur s&rsquo;en soit all\u00e9.<\/p>\n<p>Et mon coeur, mon coeur trop sensible<br \/>\nDit \u00e0 mon \u00e2me: Est-il possible,<br \/>\n<a href=\"http:\/\/gsara.tv\/libramont\/routeverlaine\/wp-content\/uploads\/2016\/11\/o-triste-etait-mon-ame.jpg\"><img decoding=\"async\" loading=\"lazy\" class=\"alignright wp-image-1449\" style=\"float: right;\" src=\"http:\/\/gsara.tv\/libramont\/routeverlaine\/wp-content\/uploads\/2016\/11\/o-triste-etait-mon-ame.jpg\" alt=\"o-triste-etait-mon-ame\" width=\"382\" height=\"254\" srcset=\"https:\/\/gsara.tv\/libramont\/routeverlaine\/wp-content\/uploads\/2016\/11\/o-triste-etait-mon-ame.jpg 1280w, https:\/\/gsara.tv\/libramont\/routeverlaine\/wp-content\/uploads\/2016\/11\/o-triste-etait-mon-ame-300x200.jpg 300w, https:\/\/gsara.tv\/libramont\/routeverlaine\/wp-content\/uploads\/2016\/11\/o-triste-etait-mon-ame-768x511.jpg 768w, https:\/\/gsara.tv\/libramont\/routeverlaine\/wp-content\/uploads\/2016\/11\/o-triste-etait-mon-ame-1024x682.jpg 1024w\" sizes=\"(max-width: 382px) 100vw, 382px\" \/><\/a><br \/>\nEst-il possible, &#8211; le f\u00fbt-il,<br \/>\nCe fier exil, ce triste exil?<\/p>\n<p>Mon \u00e2me dit \u00e0 mon coeur: Sais-je,<br \/>\nMoi-m\u00eame, que nous veut ce pi\u00e8ge<\/p>\n<p>D&rsquo;\u00eatre pr\u00e9sents bien qu&rsquo;exil\u00e9s<br \/>\nEncore que loin en all\u00e9s?<\/p>\n<p>Extrait de <em>Romances sans Paroles.<\/em><\/p>\n<p>&nbsp;<\/p>\n<p>&nbsp;<\/p>\n<p><a href=\"https:\/\/gsara.tv\/libramont\/routeverlaine\/il-patinait-merveilleusement-leo-ferre\/\"><img decoding=\"async\" loading=\"lazy\" class=\" wp-image-2137 alignleft\" src=\"http:\/\/gsara.tv\/libramont\/routeverlaine\/wp-content\/uploads\/2017\/01\/ICONE-MUSIQUE-11.png\" alt=\"\" width=\"155\" height=\"155\" srcset=\"https:\/\/gsara.tv\/libramont\/routeverlaine\/wp-content\/uploads\/2017\/01\/ICONE-MUSIQUE-11.png 256w, https:\/\/gsara.tv\/libramont\/routeverlaine\/wp-content\/uploads\/2017\/01\/ICONE-MUSIQUE-11-150x150.png 150w\" sizes=\"(max-width: 155px) 100vw, 155px\" \/><\/a><\/p>\n<p>&nbsp;<\/p>\n<p><a href=\"http:\/\/gsara.tv\/libramont\/routeverlaine\/corbion\/\"><img decoding=\"async\" loading=\"lazy\" class=\"alignright wp-image-1852 size-medium\" src=\"http:\/\/gsara.tv\/libramont\/routeverlaine\/wp-content\/uploads\/2016\/12\/infoCorbion-300x264.jpg\" width=\"300\" height=\"264\" srcset=\"https:\/\/gsara.tv\/libramont\/routeverlaine\/wp-content\/uploads\/2016\/12\/infoCorbion-300x264.jpg 300w, https:\/\/gsara.tv\/libramont\/routeverlaine\/wp-content\/uploads\/2016\/12\/infoCorbion.jpg 545w\" sizes=\"(max-width: 300px) 100vw, 300px\" \/><\/a><\/p>\n","protected":false},"excerpt":{"rendered":"<p>Maison des Couleuvres qui abrita Paul Verlaine Le po\u00e8te Paul Verlaine y s\u00e9journa dans les ann\u00e9es 1880, il venait rejoindre son ami d&rsquo;enfance l&rsquo;abb\u00e9 Dewez. La maison des couleuvres est situ\u00e9e au lieu-dit: Bojaban. Bojaban, au bout du village de Corbion, le long du ruisseau fronti\u00e8re entre la France et la Belgique, lui permettait de [&hellip;]<\/p>\n","protected":false},"author":3,"featured_media":0,"parent":16,"menu_order":0,"comment_status":"closed","ping_status":"closed","template":"","meta":{"_mi_skip_tracking":false},"_links":{"self":[{"href":"https:\/\/gsara.tv\/libramont\/routeverlaine\/wp-json\/wp\/v2\/pages\/348"}],"collection":[{"href":"https:\/\/gsara.tv\/libramont\/routeverlaine\/wp-json\/wp\/v2\/pages"}],"about":[{"href":"https:\/\/gsara.tv\/libramont\/routeverlaine\/wp-json\/wp\/v2\/types\/page"}],"author":[{"embeddable":true,"href":"https:\/\/gsara.tv\/libramont\/routeverlaine\/wp-json\/wp\/v2\/users\/3"}],"replies":[{"embeddable":true,"href":"https:\/\/gsara.tv\/libramont\/routeverlaine\/wp-json\/wp\/v2\/comments?post=348"}],"version-history":[{"count":70,"href":"https:\/\/gsara.tv\/libramont\/routeverlaine\/wp-json\/wp\/v2\/pages\/348\/revisions"}],"predecessor-version":[{"id":2263,"href":"https:\/\/gsara.tv\/libramont\/routeverlaine\/wp-json\/wp\/v2\/pages\/348\/revisions\/2263"}],"up":[{"embeddable":true,"href":"https:\/\/gsara.tv\/libramont\/routeverlaine\/wp-json\/wp\/v2\/pages\/16"}],"wp:attachment":[{"href":"https:\/\/gsara.tv\/libramont\/routeverlaine\/wp-json\/wp\/v2\/media?parent=348"}],"curies":[{"name":"wp","href":"https:\/\/api.w.org\/{rel}","templated":true}]}}