{"id":350,"date":"2016-05-31T09:08:21","date_gmt":"2016-05-31T08:08:21","guid":{"rendered":"http:\/\/gsara.tv\/libramont\/routeverlaine\/?page_id=350"},"modified":"2017-01-23T10:54:31","modified_gmt":"2017-01-23T09:54:31","slug":"la-stele-de-labbe-dewez","status":"publish","type":"page","link":"https:\/\/gsara.tv\/libramont\/routeverlaine\/corbion\/la-stele-de-labbe-dewez\/","title":{"rendered":"La st\u00e8le de l&rsquo;abb\u00e9 Dewez"},"content":{"rendered":"<p>Le cimeti\u00e8re de Corbion, le long de la route Corbion-Bouillon, abrite contre le mur d&rsquo;enceinte, \u00e0 mi-parcours c\u00f4t\u00e9 nord, un vaste tertre couvert de graviers blancs et surmont\u00e9 d&rsquo;une st\u00e8le monumentale. L\u00e0, reposent plusieurs cur\u00e9s de la paroisse dont l&rsquo;abb\u00e9 Dewez, un ami d&rsquo;enfance de Paul Verlaine.<\/p>\n<div id='gallery-1' class='gallery galleryid-350 gallery-columns-2 gallery-size-large'><figure class='gallery-item'>\n\t\t\t<div class='gallery-icon portrait'>\n\t\t\t\t<a href='https:\/\/gsara.tv\/libramont\/routeverlaine\/wp-content\/uploads\/2016\/08\/st\u00e8le-ab-dewez-1.jpg'><img width=\"781\" height=\"1024\" src=\"https:\/\/gsara.tv\/libramont\/routeverlaine\/wp-content\/uploads\/2016\/08\/st\u00e8le-ab-dewez-1-781x1024.jpg\" class=\"attachment-large size-large\" alt=\"\" decoding=\"async\" loading=\"lazy\" srcset=\"https:\/\/gsara.tv\/libramont\/routeverlaine\/wp-content\/uploads\/2016\/08\/st\u00e8le-ab-dewez-1-781x1024.jpg 781w, https:\/\/gsara.tv\/libramont\/routeverlaine\/wp-content\/uploads\/2016\/08\/st\u00e8le-ab-dewez-1-229x300.jpg 229w, https:\/\/gsara.tv\/libramont\/routeverlaine\/wp-content\/uploads\/2016\/08\/st\u00e8le-ab-dewez-1-768x1007.jpg 768w, https:\/\/gsara.tv\/libramont\/routeverlaine\/wp-content\/uploads\/2016\/08\/st\u00e8le-ab-dewez-1-732x960.jpg 732w\" sizes=\"(max-width: 781px) 100vw, 781px\" \/><\/a>\n\t\t\t<\/div><\/figure><figure class='gallery-item'>\n\t\t\t<div class='gallery-icon portrait'>\n\t\t\t\t<a href='https:\/\/gsara.tv\/libramont\/routeverlaine\/wp-content\/uploads\/2016\/08\/st\u00e8le.jpg'><img width=\"724\" height=\"1024\" src=\"https:\/\/gsara.tv\/libramont\/routeverlaine\/wp-content\/uploads\/2016\/08\/st\u00e8le-724x1024.jpg\" class=\"attachment-large size-large\" alt=\"\" decoding=\"async\" loading=\"lazy\" srcset=\"https:\/\/gsara.tv\/libramont\/routeverlaine\/wp-content\/uploads\/2016\/08\/st\u00e8le-724x1024.jpg 724w, https:\/\/gsara.tv\/libramont\/routeverlaine\/wp-content\/uploads\/2016\/08\/st\u00e8le-212x300.jpg 212w, https:\/\/gsara.tv\/libramont\/routeverlaine\/wp-content\/uploads\/2016\/08\/st\u00e8le-768x1086.jpg 768w, https:\/\/gsara.tv\/libramont\/routeverlaine\/wp-content\/uploads\/2016\/08\/st\u00e8le-679x960.jpg 679w, https:\/\/gsara.tv\/libramont\/routeverlaine\/wp-content\/uploads\/2016\/08\/st\u00e8le.jpg 1254w\" sizes=\"(max-width: 724px) 100vw, 724px\" \/><\/a>\n\t\t\t<\/div><\/figure>\n\t\t<\/div>\n\n<div class=\"pw-hidden-cp\">\n<div class=\"csRow\">\n<div class=\"csColumn\" style=\"margin: 0px; padding: 0px; float: left; width: 52%;\" data-csstartpoint=\"0\" data-csendpoint=\"499\" data-cswidth=\"52.0%\" data-csid=\"e4ca8a92-ed13-2838-840b-8f3af7c7934d\">\n<h2>\u00a0In initio<\/h2>\n<p><span style=\"color: #333300;\">Chez mes pays, qui sont rustiques<\/span><br \/>\n<span style=\"color: #333300;\"> Dans tel cas simplement pieux,<\/span><br \/>\n<span style=\"color: #333300;\"> Voire un peu superstitieux,<\/span><br \/>\n<span style=\"color: #333300;\"> Entre autres pratiques antiques,<\/span><\/p>\n<p><span style=\"color: #333300;\">Sur la t\u00eate du paysan,<\/span><br \/>\n<span style=\"color: #333300;\"> Rite profond, vaste symbole,<\/span><br \/>\n<span style=\"color: #333300;\"> Le pr\u00eatre, \u00e9tendant son \u00e9tole,<\/span><br \/>\n<span style=\"color: #333300;\"> Dit l&rsquo;\u00e9vangile de saint Jean:<\/span><\/p>\n<p><span style=\"color: #333300;\">\u00abAu commencement \u00e9tait le Verbe<\/span><br \/>\n<span style=\"color: #333300;\"> Et le Verbe \u00e9tait en Dieu.<\/span><br \/>\n<span style=\"color: #333300;\"> Et le verbe \u00e9tait Dieu.\u00bb<\/span><br \/>\n<span style=\"color: #333300;\"> Ainsi va le texte superbe,<\/span><\/p>\n<p><span style=\"color: #333300;\">S&rsquo;\u00e9panchant en ondes de claire<\/span><br \/>\n<span style=\"color: #333300;\"> V\u00e9rit\u00e9 sur l&rsquo;humaine erreur,<\/span><br \/>\n<span style=\"color: #333300;\"> Lavant l&rsquo;immondice et l&rsquo;horreur,<\/span><br \/>\n<span style=\"color: #333300;\"> Et la luxure et la col\u00e8re,<\/span><\/p>\n<p><span style=\"color: #333300;\">Et les sept p\u00e9ch\u00e9s, et d&rsquo;un flux<\/span><br \/>\n<span style=\"color: #333300;\"> Tout parfum\u00e9 d&rsquo;odeurs divines,<\/span><br \/>\n<span style=\"color: #333300;\"> Rafra\u00eechissant jusqu&rsquo;aux racines<\/span><br \/>\n<span style=\"color: #333300;\"> L&rsquo;arbre du bien, sec et perclus,<\/span><\/p>\n<p><span style=\"color: #333300;\">Et d\u00e9racinant sous sa force<\/span><br \/>\n<span style=\"color: #333300;\"> L&rsquo;arbre du mal et du malheur<\/span><br \/>\n<span style=\"color: #333300;\"> Nagu\u00e8re tout en s\u00e8ve, en fleur,<\/span><br \/>\n<span style=\"color: #333300;\"> En fruit, du feuillage \u00e0 l&rsquo;\u00e9corce.<\/span><\/p>\n<p><span style=\"color: #333300;\">Jean, le plus grand, apr\u00e8s l&rsquo;autre<\/span><br \/>\n<span style=\"color: #333300;\"> Jean, le Baptiste, des grands saints,<\/span><br \/>\n<span style=\"color: #333300;\"> Priez pour moi le Sein des seins<\/span><br \/>\n<span style=\"color: #333300;\"> O\u00f9 vous dormiez, \u00e9tant ap\u00f4tre!<\/span><\/p>\n<p><span style=\"color: #333300;\">\u00d4, comme pour le paysan,<\/span><br \/>\n<span style=\"color: #333300;\"> Sur ma t\u00eate frivole et folle,<\/span><br \/>\n<span style=\"color: #333300;\"> Bon pr\u00eatre \u00e9tendant ton \u00e9tole,<\/span><br \/>\n<span style=\"color: #333300;\"> Dis l&rsquo;\u00e9vangile de saint Jean.<\/span><\/p>\n<p><span style=\"color: #333300;\">Extrait de<em> Liturgies intimes (1892).<\/em><\/span><\/p>\n<\/div>\n<div class=\"csColumn\" style=\"margin: 0px; padding: 0px; float: left; width: 48%;\" data-csstartpoint=\"499\" data-csendpoint=\"960\" data-cswidth=\"48.0%\" data-csid=\"56b24fcf-1725-da70-abbe-a1ac25efef1f\">\n<h2>\u00a0Toussaint<\/h2>\n<div class=\"postpoetique\">\n<p>Ces vrais vivants qui sont les saints,<br \/>\nEt les vrais morts qui seront nous,<br \/>\nC&rsquo;est notre double f\u00eate \u00e0 tous,<br \/>\nComme la fleur de nos desseins,<\/p>\n<p>Comme le drapeau symbolique<br \/>\nQue l&rsquo;ouvrier plante ga\u00eement<br \/>\nAu faite neuf du b\u00e2timent,<br \/>\nMais, au lieu de pierre et de brique,<\/p>\n<p>C&rsquo;est de notre chair qu&rsquo;il s&rsquo;agit,<br \/>\nEt de notre \u00e2me en ce n\u00f4tre \u0153uvre<br \/>\nQui, narguant la vieille couleuvre,<br \/>\nA force de travaux surgit.<\/p>\n<p>Notre \u00e2me et notre chair dompt\u00e9es<br \/>\nPar la truelle et le ciment<br \/>\nDu patient renoncement<br \/>\nEt des heures d\u00fbment compt\u00e9es.<\/p>\n<p>Mais il est des \u00e2mes encor,<br \/>\nIl est des chairs encore comme<br \/>\nEn chantier, qu&rsquo;\u00e0 tort on d\u00e9nomme<br \/>\nLes morts, puisqu&rsquo;ils vivent, tr\u00e9sor<\/p>\n<p>Au repos, mais que nos pri\u00e8res<br \/>\nSeulement peuvent monnayer<br \/>\nPour, l&rsquo;architecte, l&#8217;employer<br \/>\nAux grandes d\u00e9penses derni\u00e8res.<\/p>\n<p>Prions, entre les morts, pour maints<br \/>\nDe la terre et du Purgatoire,<br \/>\nPrions de fa\u00e7on m\u00e9ritoire<br \/>\nCeux de l\u00e0-haut qui sont les saints.<\/p>\n<p>Extrait de <em>Liturgies intimes (1892).<\/em><\/p>\n<\/div>\n<\/div>\n<div style=\"clear: both; float: none; display: block; visibility: hidden; width: 0px; font-size: 0px; line-height: 0;\"><\/div>\n<\/div>\n<\/div>\n<p><a href=\"http:\/\/gsara.tv\/libramont\/routeverlaine\/corbion\/\"><img decoding=\"async\" loading=\"lazy\" class=\"alignright wp-image-1852 size-medium\" src=\"http:\/\/gsara.tv\/libramont\/routeverlaine\/wp-content\/uploads\/2016\/12\/infoCorbion-300x264.jpg\" width=\"300\" height=\"264\" srcset=\"https:\/\/gsara.tv\/libramont\/routeverlaine\/wp-content\/uploads\/2016\/12\/infoCorbion-300x264.jpg 300w, https:\/\/gsara.tv\/libramont\/routeverlaine\/wp-content\/uploads\/2016\/12\/infoCorbion.jpg 545w\" sizes=\"(max-width: 300px) 100vw, 300px\" \/><\/a><\/p>\n","protected":false},"excerpt":{"rendered":"<p>Le cimeti\u00e8re de Corbion, le long de la route Corbion-Bouillon, abrite contre le mur d&rsquo;enceinte, \u00e0 mi-parcours c\u00f4t\u00e9 nord, un vaste tertre couvert de graviers blancs et surmont\u00e9 d&rsquo;une st\u00e8le monumentale. L\u00e0, reposent plusieurs cur\u00e9s de la paroisse dont l&rsquo;abb\u00e9 Dewez, un ami d&rsquo;enfance de Paul Verlaine. \u00a0In initio Chez mes pays, qui sont rustiques [&hellip;]<\/p>\n","protected":false},"author":3,"featured_media":0,"parent":16,"menu_order":0,"comment_status":"closed","ping_status":"closed","template":"","meta":{"_mi_skip_tracking":false},"_links":{"self":[{"href":"https:\/\/gsara.tv\/libramont\/routeverlaine\/wp-json\/wp\/v2\/pages\/350"}],"collection":[{"href":"https:\/\/gsara.tv\/libramont\/routeverlaine\/wp-json\/wp\/v2\/pages"}],"about":[{"href":"https:\/\/gsara.tv\/libramont\/routeverlaine\/wp-json\/wp\/v2\/types\/page"}],"author":[{"embeddable":true,"href":"https:\/\/gsara.tv\/libramont\/routeverlaine\/wp-json\/wp\/v2\/users\/3"}],"replies":[{"embeddable":true,"href":"https:\/\/gsara.tv\/libramont\/routeverlaine\/wp-json\/wp\/v2\/comments?post=350"}],"version-history":[{"count":29,"href":"https:\/\/gsara.tv\/libramont\/routeverlaine\/wp-json\/wp\/v2\/pages\/350\/revisions"}],"predecessor-version":[{"id":2094,"href":"https:\/\/gsara.tv\/libramont\/routeverlaine\/wp-json\/wp\/v2\/pages\/350\/revisions\/2094"}],"up":[{"embeddable":true,"href":"https:\/\/gsara.tv\/libramont\/routeverlaine\/wp-json\/wp\/v2\/pages\/16"}],"wp:attachment":[{"href":"https:\/\/gsara.tv\/libramont\/routeverlaine\/wp-json\/wp\/v2\/media?parent=350"}],"curies":[{"name":"wp","href":"https:\/\/api.w.org\/{rel}","templated":true}]}}