{"id":356,"date":"2016-05-31T09:10:18","date_gmt":"2016-05-31T08:10:18","guid":{"rendered":"http:\/\/gsara.tv\/libramont\/routeverlaine\/?page_id=356"},"modified":"2017-02-07T11:18:28","modified_gmt":"2017-02-07T10:18:28","slug":"le-chateau-grandjean-verlaine","status":"publish","type":"page","link":"https:\/\/gsara.tv\/libramont\/routeverlaine\/carlsbourg\/le-chateau-grandjean-verlaine\/","title":{"rendered":"Le ch\u00e2teau Grandjean-Verlaine"},"content":{"rendered":"<div class=\"imgGrid\">\n<div id='gallery-1' class='gallery galleryid-356 gallery-columns-1 gallery-size-full'><figure class='gallery-item'>\n\t\t\t<div class='gallery-icon landscape'>\n\t\t\t\t<a href='https:\/\/gsara.tv\/libramont\/routeverlaine\/wp-content\/uploads\/2016\/11\/Ancien-chateau-de-Carlsbourg.jpg'><img width=\"808\" height=\"533\" src=\"https:\/\/gsara.tv\/libramont\/routeverlaine\/wp-content\/uploads\/2016\/11\/Ancien-chateau-de-Carlsbourg.jpg\" class=\"attachment-full size-full\" alt=\"\" decoding=\"async\" loading=\"lazy\" aria-describedby=\"gallery-1-1724\" srcset=\"https:\/\/gsara.tv\/libramont\/routeverlaine\/wp-content\/uploads\/2016\/11\/Ancien-chateau-de-Carlsbourg.jpg 808w, https:\/\/gsara.tv\/libramont\/routeverlaine\/wp-content\/uploads\/2016\/11\/Ancien-chateau-de-Carlsbourg-300x198.jpg 300w, https:\/\/gsara.tv\/libramont\/routeverlaine\/wp-content\/uploads\/2016\/11\/Ancien-chateau-de-Carlsbourg-768x507.jpg 768w\" sizes=\"(max-width: 808px) 100vw, 808px\" \/><\/a>\n\t\t\t<\/div>\n\t\t\t\t<figcaption class='wp-caption-text gallery-caption' id='gallery-1-1724'>\n\t\t\t\tCh\u00e2teau de plaisance de Carlsbourg\n\t\t\t\t<\/figcaption><\/figure>\n\t\t<\/div>\n\n<\/div>\n<p>Le ch\u00e2teau de plaisance de Carlsbourg- avec cour d&rsquo;honneur- fut en fait la prestigieuse demeure du grand-oncle et en m\u00eame temps oncle par alliance de Paul Verlaine. (Louise-Henriette, l&rsquo;a\u00een\u00e9e, \u00e9pousa son oncle et tuteur en l&rsquo;occurrence le colonel Nicolas Grandjean 1821.)<\/p>\n<p><strong>La famille Grandjean-Verlaine au ch\u00e2teau de Carlsbourg (1825 &#8211; 1844)<\/strong><br \/>\nEn 1825, bien apr\u00e8s la R\u00e9volution fran\u00e7aise et le Premier Empire, Nicolas Grandjean et son \u00e9pouse Henriette Verlaine s&rsquo;\u00e9tablirent dans le ch\u00e2teau de Carlsbourg, une grande b\u00e2tisse classique, actuellement \u00e0 deux ailes, avec cour d&rsquo;honneur. Malheureusement, en 1844, quelques ann\u00e9es avant son d\u00e9c\u00e8s, le lieutenant colonel dut revendre, non sans regret, l&rsquo;ensemble de la propri\u00e9t\u00e9 &#8211; comme infiniment trop grande, car l&rsquo;entretien d\u00e9passait largement ses moyens. L&rsquo;acqu\u00e9reur fut l&rsquo;\u00e9v\u00eaque de Namur, Mgr Dehesselle qui, \u00e0 son tour, le c\u00e9da \u00e0 la congr\u00e9gation des Fr\u00e8res des \u00e9coles chr\u00e9tiennes. (d&rsquo;apr\u00e8s Danielle Chanteux-Van Gottom, <em>Paul Verlaine et l&rsquo;Ardenne)<\/em><\/p>\n<p><strong>\u00a0Ce qu&rsquo;en dit Paul Verlaine:<br \/>\n<\/strong>\u00ab\u00a0<em>D&rsquo;immenses jardins, entourent cette seigneuriale demeure dont j&rsquo;eusse pu, si l&rsquo;avaient voulu les destin\u00e9es, me voir le ch\u00e2telain!. \u00ab\u00a0<\/em><\/p>\n<div id='gallery-2' class='gallery galleryid-356 gallery-columns-4 gallery-size-full'><figure class='gallery-item'>\n\t\t\t<div class='gallery-icon landscape'>\n\t\t\t\t<a href='https:\/\/gsara.tv\/libramont\/routeverlaine\/wp-content\/uploads\/2016\/05\/Chateau-de-Carslbourg-vue-du-p\u00e9ron.jpg'><img width=\"600\" height=\"374\" src=\"https:\/\/gsara.tv\/libramont\/routeverlaine\/wp-content\/uploads\/2016\/05\/Chateau-de-Carslbourg-vue-du-p\u00e9ron.jpg\" class=\"attachment-full size-full\" alt=\"\" decoding=\"async\" loading=\"lazy\" srcset=\"https:\/\/gsara.tv\/libramont\/routeverlaine\/wp-content\/uploads\/2016\/05\/Chateau-de-Carslbourg-vue-du-p\u00e9ron.jpg 600w, https:\/\/gsara.tv\/libramont\/routeverlaine\/wp-content\/uploads\/2016\/05\/Chateau-de-Carslbourg-vue-du-p\u00e9ron-300x187.jpg 300w\" sizes=\"(max-width: 600px) 100vw, 600px\" \/><\/a>\n\t\t\t<\/div><\/figure><figure class='gallery-item'>\n\t\t\t<div class='gallery-icon landscape'>\n\t\t\t\t<a href='https:\/\/gsara.tv\/libramont\/routeverlaine\/wp-content\/uploads\/2016\/10\/photo-ancienne-chateau-carlsbourg.jpg'><img width=\"2827\" height=\"1932\" src=\"https:\/\/gsara.tv\/libramont\/routeverlaine\/wp-content\/uploads\/2016\/10\/photo-ancienne-chateau-carlsbourg.jpg\" class=\"attachment-full size-full\" alt=\"\" decoding=\"async\" loading=\"lazy\" srcset=\"https:\/\/gsara.tv\/libramont\/routeverlaine\/wp-content\/uploads\/2016\/10\/photo-ancienne-chateau-carlsbourg.jpg 2827w, https:\/\/gsara.tv\/libramont\/routeverlaine\/wp-content\/uploads\/2016\/10\/photo-ancienne-chateau-carlsbourg-300x205.jpg 300w, https:\/\/gsara.tv\/libramont\/routeverlaine\/wp-content\/uploads\/2016\/10\/photo-ancienne-chateau-carlsbourg-768x525.jpg 768w, https:\/\/gsara.tv\/libramont\/routeverlaine\/wp-content\/uploads\/2016\/10\/photo-ancienne-chateau-carlsbourg-1024x700.jpg 1024w, https:\/\/gsara.tv\/libramont\/routeverlaine\/wp-content\/uploads\/2016\/10\/photo-ancienne-chateau-carlsbourg-1405x960.jpg 1405w\" sizes=\"(max-width: 2827px) 100vw, 2827px\" \/><\/a>\n\t\t\t<\/div><\/figure><figure class='gallery-item'>\n\t\t\t<div class='gallery-icon landscape'>\n\t\t\t\t<a href='https:\/\/gsara.tv\/libramont\/routeverlaine\/wp-content\/uploads\/2016\/05\/30-ch\u00e2teau-de-Carlsbourg-dessin-001.jpg'><img width=\"2878\" height=\"1970\" src=\"https:\/\/gsara.tv\/libramont\/routeverlaine\/wp-content\/uploads\/2016\/05\/30-ch\u00e2teau-de-Carlsbourg-dessin-001.jpg\" class=\"attachment-full size-full\" alt=\"\" decoding=\"async\" loading=\"lazy\" aria-describedby=\"gallery-2-432\" srcset=\"https:\/\/gsara.tv\/libramont\/routeverlaine\/wp-content\/uploads\/2016\/05\/30-ch\u00e2teau-de-Carlsbourg-dessin-001.jpg 2878w, https:\/\/gsara.tv\/libramont\/routeverlaine\/wp-content\/uploads\/2016\/05\/30-ch\u00e2teau-de-Carlsbourg-dessin-001-300x205.jpg 300w, https:\/\/gsara.tv\/libramont\/routeverlaine\/wp-content\/uploads\/2016\/05\/30-ch\u00e2teau-de-Carlsbourg-dessin-001-768x526.jpg 768w, https:\/\/gsara.tv\/libramont\/routeverlaine\/wp-content\/uploads\/2016\/05\/30-ch\u00e2teau-de-Carlsbourg-dessin-001-1024x701.jpg 1024w, https:\/\/gsara.tv\/libramont\/routeverlaine\/wp-content\/uploads\/2016\/05\/30-ch\u00e2teau-de-Carlsbourg-dessin-001-1402x960.jpg 1402w\" sizes=\"(max-width: 2878px) 100vw, 2878px\" \/><\/a>\n\t\t\t<\/div>\n\t\t\t\t<figcaption class='wp-caption-text gallery-caption' id='gallery-2-432'>\n\t\t\t\tDurant toutes les vicissitudes de sa vie et jusqu&rsquo;\u00e0 la fin de ses jours, Paul ne se d\u00e9partit jamais du lavis de Carlsbourg trac\u00e9 \u00e0 la r\u00e8gle par son p\u00e8re, le capitaine Nicolas Auguste Verlaine, ce avec forte minutie \u00ab\u00a0brique apr\u00e8s brique et ardoise apr\u00e8s ardoise\u00a0\u00bb.\n\t\t\t\t<\/figcaption><\/figure><figure class='gallery-item'>\n\t\t\t<div class='gallery-icon landscape'>\n\t\t\t\t<a href='https:\/\/gsara.tv\/libramont\/routeverlaine\/wp-content\/uploads\/2016\/05\/30-bis-ch\u00e2teau-de-Carlsbourg.jpg'><img width=\"1512\" height=\"1125\" src=\"https:\/\/gsara.tv\/libramont\/routeverlaine\/wp-content\/uploads\/2016\/05\/30-bis-ch\u00e2teau-de-Carlsbourg.jpg\" class=\"attachment-full size-full\" alt=\"\" decoding=\"async\" loading=\"lazy\" srcset=\"https:\/\/gsara.tv\/libramont\/routeverlaine\/wp-content\/uploads\/2016\/05\/30-bis-ch\u00e2teau-de-Carlsbourg.jpg 1512w, https:\/\/gsara.tv\/libramont\/routeverlaine\/wp-content\/uploads\/2016\/05\/30-bis-ch\u00e2teau-de-Carlsbourg-300x223.jpg 300w, https:\/\/gsara.tv\/libramont\/routeverlaine\/wp-content\/uploads\/2016\/05\/30-bis-ch\u00e2teau-de-Carlsbourg-768x571.jpg 768w, https:\/\/gsara.tv\/libramont\/routeverlaine\/wp-content\/uploads\/2016\/05\/30-bis-ch\u00e2teau-de-Carlsbourg-1024x762.jpg 1024w, https:\/\/gsara.tv\/libramont\/routeverlaine\/wp-content\/uploads\/2016\/05\/30-bis-ch\u00e2teau-de-Carlsbourg-1290x960.jpg 1290w\" sizes=\"(max-width: 1512px) 100vw, 1512px\" \/><\/a>\n\t\t\t<\/div><\/figure>\n\t\t<\/div>\n\n<p>R\u00e9sidence de pr\u00e9dilection, Carlsbourg avait nourri l&rsquo;esprit de famille chez les Verlaine, et aussi chez le jeune Paul. Il repr\u00e9sentait le r\u00eave surann\u00e9 d&rsquo;une vie de ch\u00e2teau et le souvenir d&rsquo;une certaine grandeur d\u00e9chue, ostentatoire, avec les d\u00e9sirs inavou\u00e9s de magnificence et les bruits de palais. Serait-ce l\u00e0 une des demeures familiales grav\u00e9es au tr\u00e9fonds de la m\u00e9moire ou de l&rsquo;imagination?<\/p>\n<div class=\"csRow\">\n<div class=\"csColumnGap\" style=\"margin: 0px; padding: 0px; float: left; width: 1.46%;\"><img decoding=\"async\" src=\"http:\/\/gsara.tv\/libramont\/routeverlaine\/wp-content\/plugins\/advanced-wp-columns\/assets\/js\/plugins\/views\/img\/1x1-pixel.png\" \/><\/div>\n<div class=\"csColumn\" style=\"margin: 0px; padding: 0px; float: left; width: 47.6%;\" data-csstartpoint=\"13.999998701171876\" data-csendpoint=\"470.9999987011719\" data-cswidth=\"47.6%\" data-csid=\"67e0ff62-00ef-194a-9d36-c81e478568d3\">\n<p style=\"text-align: left;\"><strong>C&rsquo;est la f\u00eate du bl\u00e9, c&rsquo;est la f\u00eate du pain<br \/>\n<\/strong><br \/>\nC&rsquo;est la f\u00eate du bl\u00e9, c&rsquo;est la f\u00eate du pain<br \/>\nAux chers lieux d&rsquo;autrefois revus apr\u00e8s ces choses!<br \/>\nTout bruit, la nature et l&rsquo;homme, dans un bain<br \/>\nDe lumi\u00e8re si blanc que les ombres sont roses.<\/p>\n<p style=\"text-align: left;\">L&rsquo;or des pailles s&rsquo;effondre au vol siffleur des faux<br \/>\nDont l&rsquo;\u00e9clair plonge, et va luire, et se r\u00e9verb\u00e8re.<br \/>\nLa plaine, tout au loin couverte de travaux.<br \/>\nChange de face \u00e0 chaque instant, gaie et s\u00e9v\u00e8re.<\/p>\n<p style=\"text-align: left;\">Tout hal\u00e8te, tout n&rsquo;est qu&rsquo;effort et mouvement<br \/>\nSous le soleil, tranquille auteur des moissons m\u00fbres,<br \/>\nEt qui travaille encore imperturbablement<br \/>\nA gonfler, \u00e0 sucrer l\u00e0-bas les grappes sures.<\/p>\n<p style=\"text-align: left;\">Travaille, vieux soleil, pour le pain et le vin,<br \/>\nNourris l&rsquo;homme du lait de la terre, et lui donne<br \/>\nL&rsquo;honn\u00eate verre o\u00f9 rit un peu d&rsquo;oubli divin, &#8211;<br \/>\nMoissonneurs, vendangeurs l\u00e0-bas votre heure est bonne!<\/p>\n<p style=\"text-align: left;\">Car sur la fleur des pains et sur la fleur des vins,<br \/>\nFruit de la force humaine en tous lieux r\u00e9partie,<br \/>\nDieu moissonne, et vendange, et dispose \u00e0 ses fins<br \/>\nLa Chair et le Sang pour le calice et l&rsquo;hostie!<\/p>\n<p style=\"text-align: left;\">Extrait de<em> Sagesses.<\/em><\/p>\n<\/div>\n<div class=\"csColumnGap\" style=\"margin: 0px; padding: 0px; float: left; width: 1.67%;\"><img decoding=\"async\" src=\"http:\/\/gsara.tv\/libramont\/routeverlaine\/wp-content\/plugins\/advanced-wp-columns\/assets\/js\/plugins\/views\/img\/1x1-pixel.png\" \/><\/div>\n<div class=\"csColumn\" style=\"margin: 0px; padding: 0px; float: left; width: 47.7%;\" data-csstartpoint=\"487.00002921875\" data-csendpoint=\"945.00002921875\" data-cswidth=\"47.7%\" data-csid=\"d4ce9179-be71-e7c9-b509-e31bbff765fa\">\n<p><img decoding=\"async\" loading=\"lazy\" class=\"alignright\" style=\"display: block; margin-left: auto; margin-right: auto; float: right;\" src=\"http:\/\/gsara.tv\/libramont\/routeverlaine\/wp-content\/uploads\/2016\/11\/les-moissonneurs.jpg\" alt=\"\" width=\"327\" height=\"450\" \/><\/p>\n<\/div>\n<div class=\"csColumnGap\" style=\"margin: 0px; padding: 0px; float: left; width: 1.56%;\"><img decoding=\"async\" src=\"http:\/\/gsara.tv\/libramont\/routeverlaine\/wp-content\/plugins\/advanced-wp-columns\/assets\/js\/plugins\/views\/img\/1x1-pixel.png\" \/><\/div>\n<div style=\"clear: both; float: none; display: block; visibility: hidden; width: 0px; font-size: 0px; line-height: 0;\"><\/div>\n<\/div>\n<p><a href=\"https:\/\/gsara.tv\/libramont\/routeverlaine\/je-vous-vois-encore-leo-ferre\/\"><img decoding=\"async\" loading=\"lazy\" class=\"wp-image-2137 alignleft\" src=\"http:\/\/gsara.tv\/libramont\/routeverlaine\/wp-content\/uploads\/2017\/01\/ICONE-MUSIQUE-11.png\" alt=\"\" width=\"128\" height=\"128\" srcset=\"https:\/\/gsara.tv\/libramont\/routeverlaine\/wp-content\/uploads\/2017\/01\/ICONE-MUSIQUE-11.png 256w, https:\/\/gsara.tv\/libramont\/routeverlaine\/wp-content\/uploads\/2017\/01\/ICONE-MUSIQUE-11-150x150.png 150w\" sizes=\"(max-width: 128px) 100vw, 128px\" \/><\/a><br class=\"nc\" \/><br class=\"nc\" \/><br class=\"nc\" \/><br class=\"nc\" \/><a href=\"http:\/\/gsara.tv\/libramont\/routeverlaine\/carlsbourg\/\"><img decoding=\"async\" loading=\"lazy\" class=\"alignright wp-image-1839 size-medium\" src=\"http:\/\/gsara.tv\/libramont\/routeverlaine\/wp-content\/uploads\/2016\/12\/infoCarlsbourg-300x264.jpg\" width=\"300\" height=\"264\" srcset=\"https:\/\/gsara.tv\/libramont\/routeverlaine\/wp-content\/uploads\/2016\/12\/infoCarlsbourg-300x264.jpg 300w, https:\/\/gsara.tv\/libramont\/routeverlaine\/wp-content\/uploads\/2016\/12\/infoCarlsbourg.jpg 545w\" sizes=\"(max-width: 300px) 100vw, 300px\" \/><\/a><br class=\"nc\" \/><br class=\"nc\" \/><br class=\"nc\" \/><br class=\"nc\" \/><\/p>\n","protected":false},"excerpt":{"rendered":"<p>Le ch\u00e2teau de plaisance de Carlsbourg- avec cour d&rsquo;honneur- fut en fait la prestigieuse demeure du grand-oncle et en m\u00eame temps oncle par alliance de Paul Verlaine. (Louise-Henriette, l&rsquo;a\u00een\u00e9e, \u00e9pousa son oncle et tuteur en l&rsquo;occurrence le colonel Nicolas Grandjean 1821.) La famille Grandjean-Verlaine au ch\u00e2teau de Carlsbourg (1825 &#8211; 1844) En 1825, bien apr\u00e8s [&hellip;]<\/p>\n","protected":false},"author":3,"featured_media":0,"parent":14,"menu_order":0,"comment_status":"closed","ping_status":"closed","template":"","meta":{"_mi_skip_tracking":false},"_links":{"self":[{"href":"https:\/\/gsara.tv\/libramont\/routeverlaine\/wp-json\/wp\/v2\/pages\/356"}],"collection":[{"href":"https:\/\/gsara.tv\/libramont\/routeverlaine\/wp-json\/wp\/v2\/pages"}],"about":[{"href":"https:\/\/gsara.tv\/libramont\/routeverlaine\/wp-json\/wp\/v2\/types\/page"}],"author":[{"embeddable":true,"href":"https:\/\/gsara.tv\/libramont\/routeverlaine\/wp-json\/wp\/v2\/users\/3"}],"replies":[{"embeddable":true,"href":"https:\/\/gsara.tv\/libramont\/routeverlaine\/wp-json\/wp\/v2\/comments?post=356"}],"version-history":[{"count":66,"href":"https:\/\/gsara.tv\/libramont\/routeverlaine\/wp-json\/wp\/v2\/pages\/356\/revisions"}],"predecessor-version":[{"id":2271,"href":"https:\/\/gsara.tv\/libramont\/routeverlaine\/wp-json\/wp\/v2\/pages\/356\/revisions\/2271"}],"up":[{"embeddable":true,"href":"https:\/\/gsara.tv\/libramont\/routeverlaine\/wp-json\/wp\/v2\/pages\/14"}],"wp:attachment":[{"href":"https:\/\/gsara.tv\/libramont\/routeverlaine\/wp-json\/wp\/v2\/media?parent=356"}],"curies":[{"name":"wp","href":"https:\/\/api.w.org\/{rel}","templated":true}]}}