{"id":360,"date":"2016-05-31T09:12:42","date_gmt":"2016-05-31T08:12:42","guid":{"rendered":"http:\/\/gsara.tv\/libramont\/routeverlaine\/?page_id=360"},"modified":"2017-05-19T08:46:55","modified_gmt":"2017-05-19T07:46:55","slug":"maison-du-notaire-henri-verlaine","status":"publish","type":"page","link":"https:\/\/gsara.tv\/libramont\/routeverlaine\/bertrix\/maison-du-notaire-henri-verlaine\/","title":{"rendered":"Etude du notaire Henri-Joseph Verlaine"},"content":{"rendered":"<h3><span style=\"color: #000000;\">Le grand-p\u00e8re fut notaire \u00e0 Bertrix.<\/span><\/h3>\n<p><iframe loading=\"lazy\" class=\"juxtapose\" src=\"https:\/\/cdn.knightlab.com\/libs\/juxtapose\/latest\/embed\/index.html?uid=05a1e7a2-2f08-11e6-a524-0e7075bba956\" width=\"960\" height=\"125\" frameborder=\"0\"><\/iframe><\/p>\n<p>Le c\u00e9l\u00e8bre abb\u00e9 Dom Nicolas Spirlet, qui fondait dans son Fourneau Saint-Michel les canons de l&#8217;empereur d&rsquo;Autriche, e\u00fbt voulu que son repr\u00e9sentant \u00e0 Bertrix se transform\u00e2t en agent de Joseph II.<br \/>\nMais, quand l&rsquo;arm\u00e9e des sans-culotte entra sur notre territoire, Henry-Joseph se d\u00e9clara jacobin et anticl\u00e9rical.<br \/>\nFrott\u00e9 de litt\u00e9rature, il fit plusieurs fois acte de pr\u00e9sence aux r\u00e9unions de l&rsquo;Acad\u00e9mie des Baudets. Ladite Acad\u00e9mie, au nom cocasse, ce sont les Bertrigeois qui l&rsquo;avaient instaur\u00e9e par d\u00e9rision et par hostilit\u00e9 vis-\u00e0-vis de l&rsquo;Autriche, et donc en r\u00e9action contre l&rsquo;Acad\u00e9mie officielle sise \u00e0 Bruxelles.<br \/>\nPilier de cabaret et bambocheur, Henry-Joseph Verlaine commit plus d&rsquo;un sacril\u00e8ge, ce qui lui valut la convocation du procureur g\u00e9n\u00e9ral \u00e0 Luxembourg. Dans un \u00e9tat d&rsquo;\u00e9bri\u00e9t\u00e9, il avait en effet prononc\u00e9 une diatribe publique d&rsquo;une rare violence contre l\u2019Empereur de France.<\/p>\n<p><img decoding=\"async\" loading=\"lazy\" class=\"wp-image-1161 size-medium alignleft\" src=\"http:\/\/gsara.tv\/libramont\/routeverlaine\/wp-content\/uploads\/2016\/11\/plaque-pour-bertrix-300x194.jpg\" alt=\"plaque-pour-bertrix\" width=\"300\" height=\"194\" srcset=\"https:\/\/gsara.tv\/libramont\/routeverlaine\/wp-content\/uploads\/2016\/11\/plaque-pour-bertrix-300x194.jpg 300w, https:\/\/gsara.tv\/libramont\/routeverlaine\/wp-content\/uploads\/2016\/11\/plaque-pour-bertrix-768x497.jpg 768w, https:\/\/gsara.tv\/libramont\/routeverlaine\/wp-content\/uploads\/2016\/11\/plaque-pour-bertrix-1024x662.jpg 1024w, https:\/\/gsara.tv\/libramont\/routeverlaine\/wp-content\/uploads\/2016\/11\/plaque-pour-bertrix-1440x931.jpg 1440w\" sizes=\"(max-width: 300px) 100vw, 300px\" \/>Le p\u00e8re Nicolas-Auguste Verlaine, vit le jour \u00e0 Bertrix en 1798, dans le d\u00e9partement des For\u00eats &#8211; l&rsquo;un des d\u00e9partements form\u00e9s \u00e0 la suite de la conqu\u00eate de la Belgique par la France, qui les conserva de 1795 jusqu&rsquo;au congr\u00e8s de Vienne en 1815. Il \u00e9tait ardennais (d&rsquo;au-del\u00e0 de la fronti\u00e8re), s\u2019enr\u00f4la \u00e0 l&rsquo;\u00e2ge de seize ans et gravit tous les \u00e9chelons de la carri\u00e8re militaire au service de la France. D\u00e9sign\u00e9 caporal en 1816, sous-lieutenant en 1824, il acc\u00e9da au grade de lieutenant en 1828. Promu capitaine en 1833, il servit principalement dans les r\u00e9giments du g\u00e9nie, o\u00f9 il fut nomm\u00e9 capitaine-adjudant-major le 10 janvier 1844. Il \u00e9pousa en 1831 Elisa Deh\u00e9e de Fampoux (d\u00e9partement du Pas-de-Calais), dont il eut un fils, Paul-Marie, treize ans plus tard. Il d\u00e9c\u00e9da en 1865. Paul est fier de l&rsquo;uniforme paternel: habit \u00e0 la fran\u00e7aise avec, sur le plastron de velours, deux d\u00e9corations (l&rsquo;une pour la prise d&rsquo;Alger, l&rsquo;autre pour celle du Trocadero), bicorne \u00e0 plumes tricolores de capitaine-adjudant-major, pantalon bleu fonc\u00e9 \u00e0 bandes rouges et noires, tir\u00e9 par des sous-pieds, \u00e9p\u00e9e battant la cuisse. Grand et droit, le regard direct, Nicolas-Auguste cache sa bont\u00e9 naturelle sous un air de force et de d\u00e9cision.<\/p>\n<p>Dans son livre: <em>Verlaine d&rsquo;ardoise et de pluie<\/em>, Guy Goffette nous dresse un portrait truculent du notaire bertrigeois.<br \/>\nBertrix, 7 janvier 1804. L&rsquo;homme qui vient de rouler dans la neige d&rsquo;Ardenne ne sait pas qu&rsquo;il est ivre mort. Des passants se sont pr\u00e9cipit\u00e9s pour le relever, il les a repouss\u00e9s, insult\u00e9s.<br \/>\nC&rsquo;est Henri-Joseph Verlaine, le grand p\u00e8re de Paul. Il est notaire ici, dans ce gros village belge et gris o\u00f9 l&rsquo;ardoise triomphe, qui nourrit mieux son homme que la terre.<br \/>\nH\u00e2bleur, tonitruant, Henry-Joseph est connu pour ses col\u00e8res et ses cuites. C&rsquo;est \u00e0 ces derni\u00e8res, du reste, qu&rsquo;il doit d&rsquo;avoir \u00e9t\u00e9 d\u00e9plac\u00e9 sur cette ancienne \u00ab\u00a0terre franche\u00a0\u00bb du Luxembourg o\u00f9 il s&rsquo;ennuie ferme.<br \/>\nR\u00e9volutionnaire en 1789, il est jacobin sous l&rsquo;Empire.<\/p>\n<p>Sa femme et ses trois enfants, Louise, Nicolas-Auguste, Julie, redoutent de le voir rentrer, chaque soir, rue de Burhaimont, sale et saoul, jurant et gesticulant comme un forcen\u00e9.<br \/>\nLa rue du Buhaimont est en pente, il n&rsquo;y a qu&rsquo;\u00e0 se laisser aller. Henry-Joseph Verlaine quitte souvent son \u00e9tude bertrigeoise: un notaire a toujours quelqu&rsquo;un \u00e0 relancer, des tas d&rsquo;affaires qui tra\u00eenent. Il faut battre le fer tant qu&rsquo;il est chaud.<br \/>\nLa marche \u00e0 pied aussi donne chaud. Sur la place, les estaminets fourmillent autour de l&rsquo;\u00e9glise de schiste. Henry-Joseph entre au Caf\u00e9 belge o\u00f9 l&rsquo;on sert dans l&rsquo;arri\u00e8re-cuisine du geni\u00e8vre et de la gn\u00f4le.<br \/>\nLes heures passent vite et le notaire parle de plus en plus haut. Sous ses \u00e9pais sourcils de crin noir, ses yeux gris-bleu piquent comme des \u00e9pingles. Bonaparte est son papillon pr\u00e9f\u00e9r\u00e9, il en prend aujourd&rsquo;hui pour son grade: un sacr\u00e9 voleur, qu&rsquo;il crie, un sacripant, un <em>jeanfout!<\/em>.<br \/>\nToutes les oreilles ne sont pas des murs, il s&rsquo;en faut, mais il y en a quand m\u00eame dans la salle qui se retournent, et s&rsquo;ils ne peuvent apercevoir le visage piqu\u00e9 de v\u00e9role et la barbe broussailleuse du notable, ils reconnaissent bien sa voix. \u00ab\u00a0<em>Devrait penser \u00e0 ses gosses, le Verlaine et fermer son clapet!\u00a0\u00bb<br \/>\n<\/em>Cette remarque-l\u00e0 n&rsquo;ira pas jusqu&rsquo;\u00e0 la pr\u00e9fecture, mais elle fit des petits en silence. Judas, assis pr\u00e8s de la fen\u00eatre est sorti \u00e0 la d\u00e9rob\u00e9e.<br \/>\nHenry-Joseph, compl\u00e9tement noir \u00e0 pr\u00e9sent, crie qu&rsquo;il s&rsquo;en balance, de sa marmaille, et de sa bonne femme, et de l&rsquo;\u00e9tude, et de Napol\u00e9on!<a href=\"http:\/\/gsara.tv\/libramont\/routeverlaine\/wp-content\/uploads\/2016\/06\/eglise-e1481017142607.jpg\"><img decoding=\"async\" loading=\"lazy\" class=\"alignright wp-image-542 size-medium\" src=\"http:\/\/gsara.tv\/libramont\/routeverlaine\/wp-content\/uploads\/2016\/06\/eglise-e1481017142607-300x201.jpg\" width=\"300\" height=\"201\" srcset=\"https:\/\/gsara.tv\/libramont\/routeverlaine\/wp-content\/uploads\/2016\/06\/eglise-e1481017142607-300x201.jpg 300w, https:\/\/gsara.tv\/libramont\/routeverlaine\/wp-content\/uploads\/2016\/06\/eglise-e1481017142607-768x514.jpg 768w, https:\/\/gsara.tv\/libramont\/routeverlaine\/wp-content\/uploads\/2016\/06\/eglise-e1481017142607.jpg 985w\" sizes=\"(max-width: 300px) 100vw, 300px\" \/><\/a><br \/>\nIl boit \u00e0 la bouteille et insulte les mouches.<br \/>\nLouise, Nicolas-Auguste, Julie ne reverront pas leur p\u00e8re. La mar\u00e9chauss\u00e9e l&rsquo;a ramass\u00e9 dans le caniveau et jet\u00e9 sur la paille humide de la maison d&rsquo;arr\u00eat de Luxembourg, o\u00f9 il attend d&rsquo;\u00eatre jug\u00e9 pour \u00ab\u00a0faux en \u00e9critures authentiques\u00a0\u00bb.<br \/>\nLe pot aux roses notarial a \u00e9t\u00e9 d\u00e9couvert lors des enqu\u00eates men\u00e9es \u00e0 Bertrix, suite aux injures prof\u00e9r\u00e9es en public contre l&rsquo;Empereur.<\/p>\n<p><span style=\"color: #000000;\"><strong>Henry-Joseph attend.<\/strong><\/span><\/p>\n<p>Il vocif\u00e8re contre tout et tous, puis s&rsquo;effondre d&rsquo;un coup et pleurniche dans sa barbe emm\u00eal\u00e9e.<br \/>\nGrelottant, il r\u00e9clame une goutte de geni\u00e8vre.<br \/>\nC&rsquo;est le sieur Dutrieux, m\u00e9decin des prisons, qu\u2019on appelle au chevet de ce braillard de trente-six ans qu&rsquo;on ma\u00eetrise \u00e0 grand peine sur sa paillasse. Il prescrit une tisane.<br \/>\nCamomille, verveine, euphorbe, fumeterre? Allez savoir. Toujours est-il que le corps ne r\u00e9siste pas \u00e0 cette boisson \u00e9trang\u00e8re.<br \/>\nHenry-Joseph d\u00e9c\u00e8de le 5 vent\u00f4se de l&rsquo;an treize ou 25 f\u00e9vrier 1805, d&rsquo;une crise aigu\u00eb d&rsquo;apoplexie.<\/p>\n<p>S&rsquo;il est vrai comme on l&rsquo;affirme que Verlaine s&#8217;emploie pour verveine dans les patois de Li\u00e8ge, Henry-Joseph est mort d&rsquo;une infusion de verlaine.<br \/>\nLe malheur avec les infusions, c&rsquo;est qu&rsquo;\u00e0 force d&rsquo;infuser, elles se d\u00e9naturent et ont souvent sur l&rsquo;organisme un effet contraire \u00e0 celui qu&rsquo;on attendait. Jaunes et l\u00e9nifiantes au d\u00e9part, les voici vertes et toxiques.<\/p>\n<p>Paul ne se serait certainement pas attard\u00e9 sur la personne de son grand-p\u00e8re si on avait consenti \u00e0 lui en dire quelques mots. Henry-Joseph, bien qu&rsquo;escroc, n&rsquo;avait rien d&rsquo;exceptionnel. Il a emp\u00each\u00e9 Paul de se tenir droit dans sa vie d&rsquo;adulte, il lui a donn\u00e9 la nostalgie des premiers temps de l&rsquo;enfance, ainsi qu&rsquo;une ind\u00e9finissable tristesse.<br \/>\n<a href=\"http:\/\/gsara.tv\/libramont\/routeverlaine\/bertrix\/\"><img decoding=\"async\" loading=\"lazy\" class=\"alignright wp-image-1836 size-medium\" src=\"http:\/\/gsara.tv\/libramont\/routeverlaine\/wp-content\/uploads\/2016\/12\/infoBertrix-300x264.jpg\" width=\"300\" height=\"264\" srcset=\"https:\/\/gsara.tv\/libramont\/routeverlaine\/wp-content\/uploads\/2016\/12\/infoBertrix-300x264.jpg 300w, https:\/\/gsara.tv\/libramont\/routeverlaine\/wp-content\/uploads\/2016\/12\/infoBertrix.jpg 545w\" sizes=\"(max-width: 300px) 100vw, 300px\" \/><\/a><a href=\"https:\/\/gsara.tv\/libramont\/routeverlaine\/femme-et-chatte\/\"><img decoding=\"async\" loading=\"lazy\" class=\"wp-image-2140 alignleft\" src=\"http:\/\/gsara.tv\/libramont\/routeverlaine\/wp-content\/uploads\/2017\/01\/icone-lecture-300x248.png\" alt=\"\" width=\"127\" height=\"105\" srcset=\"https:\/\/gsara.tv\/libramont\/routeverlaine\/wp-content\/uploads\/2017\/01\/icone-lecture-300x248.png 300w, https:\/\/gsara.tv\/libramont\/routeverlaine\/wp-content\/uploads\/2017\/01\/icone-lecture.png 304w\" sizes=\"(max-width: 127px) 100vw, 127px\" \/><\/a><\/p>\n","protected":false},"excerpt":{"rendered":"<p>Le grand-p\u00e8re fut notaire \u00e0 Bertrix. Le c\u00e9l\u00e8bre abb\u00e9 Dom Nicolas Spirlet, qui fondait dans son Fourneau Saint-Michel les canons de l&#8217;empereur d&rsquo;Autriche, e\u00fbt voulu que son repr\u00e9sentant \u00e0 Bertrix se transform\u00e2t en agent de Joseph II. Mais, quand l&rsquo;arm\u00e9e des sans-culotte entra sur notre territoire, Henry-Joseph se d\u00e9clara jacobin et anticl\u00e9rical. Frott\u00e9 de litt\u00e9rature, [&hellip;]<\/p>\n","protected":false},"author":3,"featured_media":0,"parent":8,"menu_order":0,"comment_status":"closed","ping_status":"closed","template":"","meta":{"_mi_skip_tracking":false},"_links":{"self":[{"href":"https:\/\/gsara.tv\/libramont\/routeverlaine\/wp-json\/wp\/v2\/pages\/360"}],"collection":[{"href":"https:\/\/gsara.tv\/libramont\/routeverlaine\/wp-json\/wp\/v2\/pages"}],"about":[{"href":"https:\/\/gsara.tv\/libramont\/routeverlaine\/wp-json\/wp\/v2\/types\/page"}],"author":[{"embeddable":true,"href":"https:\/\/gsara.tv\/libramont\/routeverlaine\/wp-json\/wp\/v2\/users\/3"}],"replies":[{"embeddable":true,"href":"https:\/\/gsara.tv\/libramont\/routeverlaine\/wp-json\/wp\/v2\/comments?post=360"}],"version-history":[{"count":62,"href":"https:\/\/gsara.tv\/libramont\/routeverlaine\/wp-json\/wp\/v2\/pages\/360\/revisions"}],"predecessor-version":[{"id":2304,"href":"https:\/\/gsara.tv\/libramont\/routeverlaine\/wp-json\/wp\/v2\/pages\/360\/revisions\/2304"}],"up":[{"embeddable":true,"href":"https:\/\/gsara.tv\/libramont\/routeverlaine\/wp-json\/wp\/v2\/pages\/8"}],"wp:attachment":[{"href":"https:\/\/gsara.tv\/libramont\/routeverlaine\/wp-json\/wp\/v2\/media?parent=360"}],"curies":[{"name":"wp","href":"https:\/\/api.w.org\/{rel}","templated":true}]}}