{"id":364,"date":"2016-05-31T09:15:03","date_gmt":"2016-05-31T08:15:03","guid":{"rendered":"http:\/\/gsara.tv\/libramont\/routeverlaine\/?page_id=364"},"modified":"2017-02-07T11:27:22","modified_gmt":"2017-02-07T10:27:22","slug":"letang-noir","status":"publish","type":"page","link":"https:\/\/gsara.tv\/libramont\/routeverlaine\/jehonville\/letang-noir\/","title":{"rendered":"L&rsquo;\u00e9tang noir"},"content":{"rendered":"<p><strong>L&rsquo;\u00e9tang noir.<\/strong><\/p>\n<p>A c\u00f4t\u00e9 des eaux vives, Verlaine aimait l&rsquo;eau dormante. Au cours d&rsquo;une <em>Promenade sentimentale,<\/em> il exprime sa m\u00e9lancolie &#8211; et plus g\u00e9n\u00e9ralement celle de l&rsquo;existence -, avec le temps dilu\u00e9 dans les eaux mortes.<br \/>\nPourtant, l&rsquo;eau au repos n&rsquo;est pas compl\u00e8tement fig\u00e9e, immobile; elle semble vouloir perp\u00e9tuer une pr\u00e9sence.<br \/>\nGr\u00e2ce \u00e0 la magie de la transparence, les profondes eaux cristallines procurent des sensations et des images de la min\u00e9ralit\u00e9, d&rsquo;autant que la roche est partout visible en Ardenne; l&rsquo;eau de la rivi\u00e8re appara\u00eet de temps en temps mercurielle.<br \/>\n<em>L&rsquo;\u00e9tang noir <\/em>se situe plus que probablement sur l&rsquo;entit\u00e9 de Paliseul, le long de la route vers Sart, pr\u00e8s du fameux Bois Solmon.<br \/>\nL&rsquo;\u00e9tang permet un jeu de miroir au naturel. Il capte un instant tr\u00e8s pr\u00e9cis et le refl\u00e8te, si bri\u00e8vement soit-il, sous la forme d&rsquo;une image \u2013 m\u00eame \u00e9ph\u00e9m\u00e8re \u2013 qui survit dans le temps. Et le po\u00e8te n&rsquo;a de cesse de demander aux miroirs leurs secrets!<\/p>\n<p>Extrait du livre Verlaine et l&rsquo;Ardenne de Danielle Chanteux-Van Gottom.<\/p>\n<p>&nbsp;<\/p>\n<p><strong>Dans les bois<\/strong><\/p>\n<p>D&rsquo;autres, &#8211; des innocents ou bien des lymphatiques -,<br \/>\nNe trouvent dans les bois que charmes langoureux,<br \/>\nSouffles frais et parfums ti\u00e8des. Ils sont heureux!<img decoding=\"async\" loading=\"lazy\" class=\" wp-image-548 alignright\" src=\"http:\/\/gsara.tv\/libramont\/routeverlaine\/wp-content\/uploads\/2016\/06\/P1000158-300x225.jpg\" alt=\"P1000158\" width=\"303\" height=\"227\" srcset=\"https:\/\/gsara.tv\/libramont\/routeverlaine\/wp-content\/uploads\/2016\/06\/P1000158-300x225.jpg 300w, https:\/\/gsara.tv\/libramont\/routeverlaine\/wp-content\/uploads\/2016\/06\/P1000158-768x576.jpg 768w, https:\/\/gsara.tv\/libramont\/routeverlaine\/wp-content\/uploads\/2016\/06\/P1000158-1024x768.jpg 1024w, https:\/\/gsara.tv\/libramont\/routeverlaine\/wp-content\/uploads\/2016\/06\/P1000158-1280x960.jpg 1280w\" sizes=\"(max-width: 303px) 100vw, 303px\" \/><br \/>\nD&rsquo;autres s&rsquo;y sentent pris &#8211; r\u00eaveurs &#8211; d&rsquo;effrois mystiques.<\/p>\n<p>Ils sont heureux! Pour moi, nerveux, et qu&rsquo;un remords<br \/>\n\u00c9pouvantable et vague affole sans rel\u00e2che,<br \/>\nPar les for\u00eats je tremble \u00e0 la fa\u00e7on d&rsquo;un l\u00e2che<br \/>\nQui craindrait une emb\u00fbche ou qui verrait des morts.<\/p>\n<p>Ces grands rameaux jamais apais\u00e9s, comme l&rsquo;onde,<br \/>\nD&rsquo;o\u00f9 tombe un noir silence avec une ombre encore<br \/>\nPlus noire, tout ce morne et sinistre d\u00e9cor<br \/>\nMe remplit d&rsquo;une horreur triviale et profonde.<\/p>\n<p>Surtout les soirs d&rsquo;\u00e9t\u00e9: la rougeur du couchant<br \/>\nSe fond dans le gris bleu des brumes qu&rsquo;elle teinte<br \/>\nD&rsquo;incendie et de sang; et l&rsquo;ang\u00e9lus qui tinte<br \/>\nAu lointain semble un cri plaintif se rapprochant.<\/p>\n<p>Le vent se l\u00e8ve chaud et lourd, un frisson passe<br \/>\nEt repasse, toujours plus fort, dans l&rsquo;\u00e9paisseur<br \/>\nToujours plus sombre des hauts ch\u00eanes, obsesseur,<br \/>\nEt s&rsquo;\u00e9parpille, ainsi qu&rsquo;un miasme, dans l&rsquo;espace.<\/p>\n<p>La nuit vient. Le hibou s&rsquo;envole; C&rsquo;est l&rsquo;instant<br \/>\nO\u00f9 l&rsquo;on songe aux r\u00e9cits des a\u00efeules na\u00efves&#8230;<br \/>\nSous un fourr\u00e9, l\u00e0-bas, des sources vives<br \/>\nFont un bruit d\u2019assassins post\u00e9s se concertant.<\/p>\n<p>Extrait des <em>Po\u00e8mes saturniens.<br \/>\n<a href=\"https:\/\/gsara.tv\/libramont\/routeverlaine\/au-clair-de-lune\/\"><img decoding=\"async\" loading=\"lazy\" class=\"wp-image-2140 alignleft\" src=\"http:\/\/gsara.tv\/libramont\/routeverlaine\/wp-content\/uploads\/2017\/01\/icone-lecture-300x248.png\" alt=\"\" width=\"212\" height=\"175\" srcset=\"https:\/\/gsara.tv\/libramont\/routeverlaine\/wp-content\/uploads\/2017\/01\/icone-lecture-300x248.png 300w, https:\/\/gsara.tv\/libramont\/routeverlaine\/wp-content\/uploads\/2017\/01\/icone-lecture.png 304w\" sizes=\"(max-width: 212px) 100vw, 212px\" \/><\/a><br \/>\n<\/em><\/p>\n<p>&nbsp;<\/p>\n<p>&nbsp;<\/p>\n<p>&nbsp;<\/p>\n<p>&nbsp;<\/p>\n<p><strong>La Lune blanche<\/strong><\/p>\n<p>La lune blanche<br \/>\nLuit dans les bois;<br \/>\nDe chaque branche<img decoding=\"async\" loading=\"lazy\" class=\"alignright wp-image-1336\" src=\"http:\/\/gsara.tv\/libramont\/routeverlaine\/wp-content\/uploads\/2016\/11\/luneblanche.jpg\" alt=\"luneblanche\" width=\"241\" height=\"594\" srcset=\"https:\/\/gsara.tv\/libramont\/routeverlaine\/wp-content\/uploads\/2016\/11\/luneblanche.jpg 200w, https:\/\/gsara.tv\/libramont\/routeverlaine\/wp-content\/uploads\/2016\/11\/luneblanche-122x300.jpg 122w\" sizes=\"(max-width: 241px) 100vw, 241px\" \/><br \/>\nPart une voix<br \/>\nSous la ram\u00e9e&#8230;<\/p>\n<p>\u00d4 bien-aim\u00e9e.<\/p>\n<p>L&rsquo;\u00e9tang refl\u00e8te,<br \/>\nProfond miroir,<br \/>\nLa silhouette<br \/>\nDu saule noir<br \/>\nO\u00f9 le vent pleure&#8230;<\/p>\n<p>R\u00eavons, c&rsquo;est l&rsquo;heure.<\/p>\n<p>Un vaste et tendre<br \/>\nApaisement<br \/>\nSemble monter<br \/>\nDu firmament<br \/>\nQue l&rsquo;astre irise&#8230;<\/p>\n<p>C&rsquo;est l&rsquo;heure exquise.<\/p>\n<p>Extrait de <em>La Bonne Chanson.<\/em><\/p>\n<p>&nbsp;<\/p>\n<p>&nbsp;<\/p>\n<h3 style=\"text-align: left;\" align=\"center\">Promenade sentimentale<\/h3>\n<div align=\"left\">Le couchant dardait ses rayons supr\u00eames<br \/>\nEt le vent ber\u00e7ait les n\u00e9nuphars bl\u00eames;<a href=\"http:\/\/gsara.tv\/libramont\/routeverlaine\/wp-content\/uploads\/2017\/01\/20161230_141100-1.jpg\"><img decoding=\"async\" loading=\"lazy\" class=\"size-medium wp-image-2029 alignright\" src=\"http:\/\/gsara.tv\/libramont\/routeverlaine\/wp-content\/uploads\/2017\/01\/20161230_141100-1-228x300.jpg\" alt=\"\" width=\"228\" height=\"300\" srcset=\"https:\/\/gsara.tv\/libramont\/routeverlaine\/wp-content\/uploads\/2017\/01\/20161230_141100-1-228x300.jpg 228w, https:\/\/gsara.tv\/libramont\/routeverlaine\/wp-content\/uploads\/2017\/01\/20161230_141100-1-768x1011.jpg 768w, https:\/\/gsara.tv\/libramont\/routeverlaine\/wp-content\/uploads\/2017\/01\/20161230_141100-1-778x1024.jpg 778w, https:\/\/gsara.tv\/libramont\/routeverlaine\/wp-content\/uploads\/2017\/01\/20161230_141100-1-729x960.jpg 729w\" sizes=\"(max-width: 228px) 100vw, 228px\" \/><\/a><br \/>\nLes grands n\u00e9nuphars entre les roseaux<br \/>\nTristement luisaient sur les calmes eaux.<br \/>\nMoi j&rsquo;errais tout seul, promenant ma plaie<br \/>\nAu long de l&rsquo;\u00e9tang, parmi la saulaie<br \/>\nO\u00f9 la brume vague \u00e9voquait un grand<br \/>\nFant\u00f4me laiteux se d\u00e9sesp\u00e9rant<br \/>\nEt pleurant avec la voix des sarcelles<br \/>\nQui se rappelaient en battant des ailes<br \/>\nParmi la saulaie o\u00f9 j&rsquo;errais tout seul<br \/>\nPromenant ma plaie; et l&rsquo;\u00e9pais linceul<br \/>\nDes t\u00e9n\u00e8bres vint noyer les supr\u00eames<br \/>\nRayons du couchant dans ses ondes bl\u00eames<br \/>\nEt les n\u00e9nuphars, parmi les roseaux,<br \/>\nLes grands n\u00e9nuphars sur les calmes eaux.<\/div>\n<div align=\"left\"><\/div>\n<div align=\"left\">Extrait de <em>Po\u00e8me Saturniens.<\/em><\/div>\n<p>&nbsp;<\/p>\n<div align=\"left\"><\/div>\n<div align=\"left\"><\/div>\n<div align=\"left\"><\/div>\n<div align=\"left\"><\/div>\n<div align=\"left\"><\/div>\n<div align=\"left\"><a href=\"http:\/\/gsara.tv\/libramont\/routeverlaine\/jehonville\/\"><img decoding=\"async\" loading=\"lazy\" class=\"alignright wp-image-1840 size-medium\" src=\"http:\/\/gsara.tv\/libramont\/routeverlaine\/wp-content\/uploads\/2016\/12\/infoJ\u00e9honville-300x264.jpg\" width=\"300\" height=\"264\" srcset=\"https:\/\/gsara.tv\/libramont\/routeverlaine\/wp-content\/uploads\/2016\/12\/infoJ\u00e9honville-300x264.jpg 300w, https:\/\/gsara.tv\/libramont\/routeverlaine\/wp-content\/uploads\/2016\/12\/infoJ\u00e9honville.jpg 545w\" sizes=\"(max-width: 300px) 100vw, 300px\" \/><\/a><\/div>\n<div align=\"left\"><\/div>\n<div align=\"left\"><\/div>\n","protected":false},"excerpt":{"rendered":"<p>L&rsquo;\u00e9tang noir. A c\u00f4t\u00e9 des eaux vives, Verlaine aimait l&rsquo;eau dormante. Au cours d&rsquo;une Promenade sentimentale, il exprime sa m\u00e9lancolie &#8211; et plus g\u00e9n\u00e9ralement celle de l&rsquo;existence -, avec le temps dilu\u00e9 dans les eaux mortes. Pourtant, l&rsquo;eau au repos n&rsquo;est pas compl\u00e8tement fig\u00e9e, immobile; elle semble vouloir perp\u00e9tuer une pr\u00e9sence. Gr\u00e2ce \u00e0 la magie [&hellip;]<\/p>\n","protected":false},"author":3,"featured_media":0,"parent":18,"menu_order":0,"comment_status":"closed","ping_status":"closed","template":"","meta":{"_mi_skip_tracking":false},"_links":{"self":[{"href":"https:\/\/gsara.tv\/libramont\/routeverlaine\/wp-json\/wp\/v2\/pages\/364"}],"collection":[{"href":"https:\/\/gsara.tv\/libramont\/routeverlaine\/wp-json\/wp\/v2\/pages"}],"about":[{"href":"https:\/\/gsara.tv\/libramont\/routeverlaine\/wp-json\/wp\/v2\/types\/page"}],"author":[{"embeddable":true,"href":"https:\/\/gsara.tv\/libramont\/routeverlaine\/wp-json\/wp\/v2\/users\/3"}],"replies":[{"embeddable":true,"href":"https:\/\/gsara.tv\/libramont\/routeverlaine\/wp-json\/wp\/v2\/comments?post=364"}],"version-history":[{"count":37,"href":"https:\/\/gsara.tv\/libramont\/routeverlaine\/wp-json\/wp\/v2\/pages\/364\/revisions"}],"predecessor-version":[{"id":2275,"href":"https:\/\/gsara.tv\/libramont\/routeverlaine\/wp-json\/wp\/v2\/pages\/364\/revisions\/2275"}],"up":[{"embeddable":true,"href":"https:\/\/gsara.tv\/libramont\/routeverlaine\/wp-json\/wp\/v2\/pages\/18"}],"wp:attachment":[{"href":"https:\/\/gsara.tv\/libramont\/routeverlaine\/wp-json\/wp\/v2\/media?parent=364"}],"curies":[{"name":"wp","href":"https:\/\/api.w.org\/{rel}","templated":true}]}}