{"id":367,"date":"2016-05-31T09:16:44","date_gmt":"2016-05-31T08:16:44","guid":{"rendered":"http:\/\/gsara.tv\/libramont\/routeverlaine\/?page_id=367"},"modified":"2017-01-23T11:06:49","modified_gmt":"2017-01-23T10:06:49","slug":"la-place-paul-verlaine","status":"publish","type":"page","link":"https:\/\/gsara.tv\/libramont\/routeverlaine\/jehonville\/la-place-paul-verlaine\/","title":{"rendered":"La place Paul Verlaine"},"content":{"rendered":"<p>Tout comme Paliseul et Bertrix, J\u00e9honville a abrit\u00e9 des parents de Verlaine. En t\u00e9moigne la place Paul Verlaine \u00e0 J\u00e9honville.<b><\/b><i><\/i><u><\/u><\/p>\n<div id='gallery-1' class='gallery galleryid-367 gallery-columns-4 gallery-size-full'><figure class='gallery-item'>\n\t\t\t<div class='gallery-icon landscape'>\n\t\t\t\t<a href='https:\/\/gsara.tv\/libramont\/routeverlaine\/wp-content\/uploads\/2016\/06\/eglise-de-Jehonville-2.jpg'><img width=\"3330\" height=\"2306\" src=\"https:\/\/gsara.tv\/libramont\/routeverlaine\/wp-content\/uploads\/2016\/06\/eglise-de-Jehonville-2.jpg\" class=\"attachment-full size-full\" alt=\"\" decoding=\"async\" loading=\"lazy\" srcset=\"https:\/\/gsara.tv\/libramont\/routeverlaine\/wp-content\/uploads\/2016\/06\/eglise-de-Jehonville-2.jpg 3330w, https:\/\/gsara.tv\/libramont\/routeverlaine\/wp-content\/uploads\/2016\/06\/eglise-de-Jehonville-2-300x208.jpg 300w, https:\/\/gsara.tv\/libramont\/routeverlaine\/wp-content\/uploads\/2016\/06\/eglise-de-Jehonville-2-768x532.jpg 768w, https:\/\/gsara.tv\/libramont\/routeverlaine\/wp-content\/uploads\/2016\/06\/eglise-de-Jehonville-2-1024x709.jpg 1024w, https:\/\/gsara.tv\/libramont\/routeverlaine\/wp-content\/uploads\/2016\/06\/eglise-de-Jehonville-2-1386x960.jpg 1386w\" sizes=\"(max-width: 3330px) 100vw, 3330px\" \/><\/a>\n\t\t\t<\/div><\/figure><figure class='gallery-item'>\n\t\t\t<div class='gallery-icon landscape'>\n\t\t\t\t<a href='https:\/\/gsara.tv\/libramont\/routeverlaine\/wp-content\/uploads\/2016\/07\/site-j\u00e9honville-autour-de-l\u00e9glise.jpg'><img width=\"628\" height=\"407\" src=\"https:\/\/gsara.tv\/libramont\/routeverlaine\/wp-content\/uploads\/2016\/07\/site-j\u00e9honville-autour-de-l\u00e9glise.jpg\" class=\"attachment-full size-full\" alt=\"\" decoding=\"async\" loading=\"lazy\" srcset=\"https:\/\/gsara.tv\/libramont\/routeverlaine\/wp-content\/uploads\/2016\/07\/site-j\u00e9honville-autour-de-l\u00e9glise.jpg 628w, https:\/\/gsara.tv\/libramont\/routeverlaine\/wp-content\/uploads\/2016\/07\/site-j\u00e9honville-autour-de-l\u00e9glise-300x194.jpg 300w\" sizes=\"(max-width: 628px) 100vw, 628px\" \/><\/a>\n\t\t\t<\/div><\/figure><figure class='gallery-item'>\n\t\t\t<div class='gallery-icon landscape'>\n\t\t\t\t<a href='https:\/\/gsara.tv\/libramont\/routeverlaine\/wp-content\/uploads\/2016\/06\/P1000160.jpg'><img width=\"4608\" height=\"3456\" src=\"https:\/\/gsara.tv\/libramont\/routeverlaine\/wp-content\/uploads\/2016\/06\/P1000160.jpg\" class=\"attachment-full size-full\" alt=\"\" decoding=\"async\" loading=\"lazy\" srcset=\"https:\/\/gsara.tv\/libramont\/routeverlaine\/wp-content\/uploads\/2016\/06\/P1000160.jpg 4608w, https:\/\/gsara.tv\/libramont\/routeverlaine\/wp-content\/uploads\/2016\/06\/P1000160-300x225.jpg 300w, https:\/\/gsara.tv\/libramont\/routeverlaine\/wp-content\/uploads\/2016\/06\/P1000160-768x576.jpg 768w, https:\/\/gsara.tv\/libramont\/routeverlaine\/wp-content\/uploads\/2016\/06\/P1000160-1024x768.jpg 1024w, https:\/\/gsara.tv\/libramont\/routeverlaine\/wp-content\/uploads\/2016\/06\/P1000160-1280x960.jpg 1280w\" sizes=\"(max-width: 4608px) 100vw, 4608px\" \/><\/a>\n\t\t\t<\/div><\/figure><figure class='gallery-item'>\n\t\t\t<div class='gallery-icon landscape'>\n\t\t\t\t<a href='https:\/\/gsara.tv\/libramont\/routeverlaine\/wp-content\/uploads\/2016\/08\/DSC03576.jpg'><img width=\"2592\" height=\"1944\" src=\"https:\/\/gsara.tv\/libramont\/routeverlaine\/wp-content\/uploads\/2016\/08\/DSC03576.jpg\" class=\"attachment-full size-full\" alt=\"\" decoding=\"async\" loading=\"lazy\" srcset=\"https:\/\/gsara.tv\/libramont\/routeverlaine\/wp-content\/uploads\/2016\/08\/DSC03576.jpg 2592w, https:\/\/gsara.tv\/libramont\/routeverlaine\/wp-content\/uploads\/2016\/08\/DSC03576-300x225.jpg 300w, https:\/\/gsara.tv\/libramont\/routeverlaine\/wp-content\/uploads\/2016\/08\/DSC03576-768x576.jpg 768w, https:\/\/gsara.tv\/libramont\/routeverlaine\/wp-content\/uploads\/2016\/08\/DSC03576-1024x768.jpg 1024w, https:\/\/gsara.tv\/libramont\/routeverlaine\/wp-content\/uploads\/2016\/08\/DSC03576-1280x960.jpg 1280w\" sizes=\"(max-width: 2592px) 100vw, 2592px\" \/><\/a>\n\t\t\t<\/div><\/figure>\n\t\t<\/div>\n\n<p>L\u2019\u00e9glise actuelle, surtout son clocher, est bien diff\u00e9rente. C\u2019est que le 25 juillet 1946, l\u2019\u00e9difice visible sur cette photo, fut d\u00e9truit par la foudre. Voici la description de ce sinistre faite par Jules Boulard dans son livre: <em>Les naufrag\u00e9s de l\u2019orage<\/em>, \u00e9ditions Weyrich, pages 294 et 295.<\/p>\n<p>\u00ab\u00a0Eclairs et tonnerre se suivent sans r\u00e9pit en une confusion de lueurs et de vacarme effrayants. Parfois, l\u2019\u00e9clairage revient pour quelques dixi\u00e8mes de secondes, mais ce n\u2019est que pour s\u2019\u00e9teindre aussit\u00f4t. Les juments que Jamet et Rouanel retiennent par le licol et tentent d\u2019apaiser en caressant leur chanfrein, soufflent et tremblent. Bruno, le poulain se blottit contre Fina. Les deux hommes s\u2019efforcent au plus grand calme, car ils savent que toute panique est contagieuse. Il faut parler. \u00c7a rassure.<br \/>\nJe me doutais bien que tu n\u2019irais pas jusqu\u2019\u00e0 la soutane. On en a trop vu pour croire qu\u2019il y a quelqu\u2019un l\u00e0-haut. Ou alors un jean-foutre insensible devant toute cette mis\u00e8re.<br \/>\nOn te r\u00e9pondra que ce n\u2019est pas lui qui mitraille, qui bombarde, ou qui torture.<\/p>\n<p>Un \u00e9norme coup de tonnerre fait sursauter les b\u00eates, toute la maison en tremble.<br \/>\nQui est-ce qui joue avec les orages, alors?<br \/>\nAndr\u00e9 n\u2019a pas le temps de r\u00e9pondre.<\/p>\n<p>Il passe soudain dans l\u2019air quelque chose qui ressemble \u00e0 un gr\u00e9sillement et se faufile entre les l\u00e8vres pour glisser dans la bouche, sur le bout de la langue: un l\u00e9ger pincement au go\u00fbt de fer.<\/p>\n<p>Puis d\u2019un coup, brutalement, la lueur intense d\u2019un \u00e9clair terrible et aveuglant transperce les murs dans un fracas assourdissant, un craquement tel qu\u2019on dirait que c\u2019est la terre qui se fend!<\/p>\n<p>La foudre! hurle Rouanel. Sortons!<br \/>\nIls emm\u00e8nent les chevaux au-dehors et les l\u00e2chent vers la prairie voisine, parmi veaux et vaches en d\u00e9bandade.<br \/>\nCe n\u2019est pas pour nous, crie Jamet \u00e0 son tour, comme sous les bombardements. Regarde!<br \/>\nEt il d\u00e9signe l\u2019\u00e9glise voisine dont la charpente flambe d\u00e9j\u00e0 comme une torche.<br \/>\nEn un rien de temps, sous la pluie et dans le vent, des gens sortis de partout courent vers l\u2019\u00e9difice. Certains, par la porte de la sacristie, se sont pr\u00e9cipit\u00e9s pour enlever les objets du culte qu\u2019ils abandonnent de l\u2019autre c\u00f4t\u00e9 du chemin. Ils ont r\u00e9ussi \u00e0 sauver le grand tableau qui repr\u00e9sente la crucifixion, des statues de pl\u00e2tre, des ornements sacerdotaux\u2026..<br \/>\nMais des craquements de plus en plus sinistres ont pris le pas sur ceux du tonnerre qui, lui, s\u2019\u00e9loigne.<br \/>\nLe haut du clocher para\u00eet fl\u00e9chir, puis il s\u2019effondre lentement sur le jub\u00e9, sur les orgues, entra\u00eenant cloches et carillon qui tintent et r\u00e9sonnent en s\u2019\u00e9crasant sur le dallage en pierre, parmi les moignons de charpente et des brandons de mobilier.<br \/>\nLe brasier \u00e9claire la nuit en agitant une fantasmagorie d\u2019enfer.\u00a0\u00bb<\/p>\n<div class=\"entry-content\">\n<p><strong>L&rsquo;Et\u00e9<br \/>\n<\/strong><br \/>\nEt l\u2019enfant r\u00e9pondit, p\u00e2m\u00e9e<br \/>\nSous la fourmillante caresse<br \/>\nDe sa pantelante ma\u00eetresse:<br \/>\n\u00abJe me meurs, \u00f4 ma bien-aim\u00e9e!<\/p>\n<p>\u00abJe me meurs: ta gorge enflamm\u00e9e<br \/>\nEt lourde me so\u00fble et m\u2019oppresse;<br \/>\nTa forte chair d\u2019o\u00f9 sort l\u2019ivresse<br \/>\nEst \u00e9trangement parfum\u00e9e;<\/p>\n<p>\u00abElle a, ta chair, le charme sombre<br \/>\nDes maturit\u00e9s estivales, \u2014<br \/>\nElle en a l\u2019ambre, elle en a l\u2019ombre;<\/p>\n<p>\u00abTa voix tonne dans les rafales,<br \/>\nEt ta chevelure sanglante<br \/>\nFuit brusquement dans la nuit lente.\u00bb<\/p>\n<p>Extrait de <em>Parall\u00e8lement.<\/em><\/p>\n<\/div>\n<p><strong>L&rsquo;espoir luit comme un brin de paille dans l&rsquo;\u00e9table.<br \/>\n<\/strong><br \/>\nL&rsquo;espoir luit comme un brin de paille dans l&rsquo;\u00e9table.<br \/>\nQue crains-tu de la gu\u00eape ivre de son vol fou?<br \/>\nVois, le soleil toujours poudroie \u00e0 quelque trou.<br \/>\nQue ne t&rsquo;endormais-tu, le coude sur la table?<br \/>\nPauvre \u00e2me p\u00e2le, au moins cette eau du puits glac\u00e9,<br \/>\nBois-la. Puis dors apr\u00e8s. Allons, tu vois, je reste,<br \/>\nEt je dorloterai les r\u00eaves de ta sieste,<br \/>\nEt tu chantonneras comme un enfant berc\u00e9.<br \/>\nMidi sonne. De gr\u00e2ce, \u00e9loignez-vous, madame.<br \/>\nIl dort. C&rsquo;est \u00e9tonnant comme les pas de femme<br \/>\nR\u00e9sonnent au cerveau des pauvres malheureux.<br \/>\nMidi sonne. J&rsquo;ai fait arroser dans la chambre.<br \/>\nVa, dors! L&rsquo;espoir luit comme un caillou dans un creux.<br \/>\nAh, quand refleuriront les roses de septembre!<\/p>\n<p>Extrait de <em>Sagesse.<\/em><\/p>\n<p><a href=\"http:\/\/gsara.tv\/libramont\/routeverlaine\/jehonville\/\"><img decoding=\"async\" loading=\"lazy\" class=\"alignright wp-image-1840 size-medium\" src=\"http:\/\/gsara.tv\/libramont\/routeverlaine\/wp-content\/uploads\/2016\/12\/infoJ\u00e9honville-300x264.jpg\" width=\"300\" height=\"264\" srcset=\"https:\/\/gsara.tv\/libramont\/routeverlaine\/wp-content\/uploads\/2016\/12\/infoJ\u00e9honville-300x264.jpg 300w, https:\/\/gsara.tv\/libramont\/routeverlaine\/wp-content\/uploads\/2016\/12\/infoJ\u00e9honville.jpg 545w\" sizes=\"(max-width: 300px) 100vw, 300px\" \/><\/a><\/p>\n","protected":false},"excerpt":{"rendered":"<p>Tout comme Paliseul et Bertrix, J\u00e9honville a abrit\u00e9 des parents de Verlaine. En t\u00e9moigne la place Paul Verlaine \u00e0 J\u00e9honville. L\u2019\u00e9glise actuelle, surtout son clocher, est bien diff\u00e9rente. C\u2019est que le 25 juillet 1946, l\u2019\u00e9difice visible sur cette photo, fut d\u00e9truit par la foudre. Voici la description de ce sinistre faite par Jules Boulard dans [&hellip;]<\/p>\n","protected":false},"author":3,"featured_media":0,"parent":18,"menu_order":0,"comment_status":"closed","ping_status":"closed","template":"","meta":{"_mi_skip_tracking":false},"_links":{"self":[{"href":"https:\/\/gsara.tv\/libramont\/routeverlaine\/wp-json\/wp\/v2\/pages\/367"}],"collection":[{"href":"https:\/\/gsara.tv\/libramont\/routeverlaine\/wp-json\/wp\/v2\/pages"}],"about":[{"href":"https:\/\/gsara.tv\/libramont\/routeverlaine\/wp-json\/wp\/v2\/types\/page"}],"author":[{"embeddable":true,"href":"https:\/\/gsara.tv\/libramont\/routeverlaine\/wp-json\/wp\/v2\/users\/3"}],"replies":[{"embeddable":true,"href":"https:\/\/gsara.tv\/libramont\/routeverlaine\/wp-json\/wp\/v2\/comments?post=367"}],"version-history":[{"count":62,"href":"https:\/\/gsara.tv\/libramont\/routeverlaine\/wp-json\/wp\/v2\/pages\/367\/revisions"}],"predecessor-version":[{"id":2096,"href":"https:\/\/gsara.tv\/libramont\/routeverlaine\/wp-json\/wp\/v2\/pages\/367\/revisions\/2096"}],"up":[{"embeddable":true,"href":"https:\/\/gsara.tv\/libramont\/routeverlaine\/wp-json\/wp\/v2\/pages\/18"}],"wp:attachment":[{"href":"https:\/\/gsara.tv\/libramont\/routeverlaine\/wp-json\/wp\/v2\/media?parent=367"}],"curies":[{"name":"wp","href":"https:\/\/api.w.org\/{rel}","templated":true}]}}