{"id":370,"date":"2016-05-31T09:19:00","date_gmt":"2016-05-31T08:19:00","guid":{"rendered":"http:\/\/gsara.tv\/libramont\/routeverlaine\/?page_id=370"},"modified":"2017-02-07T12:09:12","modified_gmt":"2017-02-07T11:09:12","slug":"les-abbys","status":"publish","type":"page","link":"https:\/\/gsara.tv\/libramont\/routeverlaine\/beth\/les-abbys\/","title":{"rendered":"Les Abbys"},"content":{"rendered":"<p><img decoding=\"async\" loading=\"lazy\" class=\"wp-image-447 alignright\" src=\"http:\/\/gsara.tv\/libramont\/routeverlaine\/wp-content\/uploads\/2016\/05\/chateau-des-Abbys-300x199.jpg\" alt=\"chateau des Abbys\" width=\"432\" height=\"287\" srcset=\"https:\/\/gsara.tv\/libramont\/routeverlaine\/wp-content\/uploads\/2016\/05\/chateau-des-Abbys-300x199.jpg 300w, https:\/\/gsara.tv\/libramont\/routeverlaine\/wp-content\/uploads\/2016\/05\/chateau-des-Abbys-768x510.jpg 768w, https:\/\/gsara.tv\/libramont\/routeverlaine\/wp-content\/uploads\/2016\/05\/chateau-des-Abbys.jpg 1024w\" sizes=\"(max-width: 432px) 100vw, 432px\" \/><\/p>\n<p><img decoding=\"async\" loading=\"lazy\" class=\"wp-image-448 alignright\" src=\"http:\/\/gsara.tv\/libramont\/routeverlaine\/wp-content\/uploads\/2016\/05\/chateau-des-abbys-\u00e0-carlsbourg-ancienne-2-e1478082993500-200x300.jpg\" alt=\"chateau des abbys \u00e0 carlsbourg ancienne 2\" width=\"192\" height=\"287\" srcset=\"https:\/\/gsara.tv\/libramont\/routeverlaine\/wp-content\/uploads\/2016\/05\/chateau-des-abbys-\u00e0-carlsbourg-ancienne-2-e1478082993500-200x300.jpg 200w, https:\/\/gsara.tv\/libramont\/routeverlaine\/wp-content\/uploads\/2016\/05\/chateau-des-abbys-\u00e0-carlsbourg-ancienne-2-e1478082993500.jpg 541w\" sizes=\"(max-width: 192px) 100vw, 192px\" \/><\/p>\n<p>Ancienne propri\u00e9t\u00e9 des abbayes de Stavelot et de Saint-Hubert d\u00e9j\u00e0 mentionn\u00e9e dans une charte en 1268. L&rsquo;ancien ch\u00e2teau des Abbys est achet\u00e9 en 1872 par les<\/p>\n<p>Visitandines venues d\u2019Allemagne,\u00a0pour en faire un monast\u00e8re. La chapelle est b\u00e9nite en 1885. La communaut\u00e9 transf\u00e9r\u00e9e \u00e0 Carlsbourg en 1958, l\u2019ancien ch\u00e2teau devient la propri\u00e9t\u00e9 de l&rsquo;entrepreneur Monsieur Delbrassine, avant d&rsquo;\u00eatre<br \/>\ntransform\u00e9 en centre d\u2019accueil pour enfants \u201cLes Gla\u00efeuls\u201d, en 1984. Des origines de l&rsquo;ancien manoir subsistent encore une tour-porche de 1777, une puissante tour carr\u00e9e ardois\u00e9e \u00e0 trois niveaux et une haute tour circulaire en gr\u00e8s. Ferme avec colombier rarissime.<\/p>\n<p><iframe loading=\"lazy\" class=\"juxtapose\" src=\"https:\/\/cdn.knightlab.com\/libs\/juxtapose\/latest\/embed\/index.html?uid=1b8f758c-a0e8-11e6-9008-0edaf8f81e27\" width=\"100%\" height=\"205\" frameborder=\"0\"><\/iframe><\/p>\n<p>Ce domaine, aux arbres s\u00e9culaires et jolie pi\u00e8ce d&rsquo;eau \u00e9tait, \u00e0 l&rsquo;\u00e9poque du po\u00e8te, propri\u00e9t\u00e9 du comte de Gourcy-Serinchamps. Il y recevait les notables de la r\u00e9gion pour de m\u00e9morables parties de chasse. Nicolas Auguste Verlaine, capitaine de l&rsquo;arm\u00e9e fran\u00e7aise et p\u00e8re du po\u00e8te faisait souvent partie des invit\u00e9s. D\u00e9j\u00e0 petit gar\u00e7on, Paul accompagnait son p\u00e8re. <em>\u00ab\u00a0Mon p\u00e8re \u00e9tait un bon fusil, la r\u00e9gion tr\u00e8s giboyeuse et de fr\u00e9quentes parties de chasse, voire des traques aux loups, alors nombreux, s&rsquo;organisaient. J&rsquo;avais l&rsquo;habitude, d\u00e9j\u00e0 grandelet, d&rsquo;assister, comme convive officieux, au d\u00eener de ces messieurs parmi lesquels se trouvaient des personnages consid\u00e9rables de l\u00e0-bas\u00a0\u00bb.<\/em><\/p>\n<div class=\"csRow\">\n<div class=\"csColumnGap\" style=\"margin: 0px; padding: 0px; float: left; width: 1.15%;\"><img decoding=\"async\" src=\"http:\/\/gsara.tv\/libramont\/routeverlaine\/wp-content\/plugins\/advanced-wp-columns\/assets\/js\/plugins\/views\/img\/1x1-pixel.png\" \/><\/div>\n<div class=\"csColumn\" style=\"margin: 0px; padding: 0px; float: left; width: 47.7%;\" data-csstartpoint=\"10.999998701171876\" data-csendpoint=\"468.9999987011719\" data-cswidth=\"47.7%\" data-csid=\"7a63a27b-edfc-0eef-8271-4cd991eab982\">\n<p style=\"text-align: left;\">\u00a0<strong>Le son du cor s&rsquo;afflige vers les bois<\/strong><\/p>\n<p style=\"text-align: left;\">Le son du cor s&rsquo;afflige vers les bois<br \/>\nD&rsquo;une douleur on veut croire orpheline<br \/>\nQui vient mourir au bas de la colline<br \/>\nParmi la bise errant en courts abois.<\/p>\n<p style=\"text-align: left;\">L&rsquo;\u00e2me du loup pleure dans cette voix<br \/>\nQui monte avec le soleil qui d\u00e9cline<br \/>\nD&rsquo;une agonie on veut croire c\u00e2line<br \/>\nEt qui ravit et qui navre \u00e0 la fois.<\/p>\n<p style=\"text-align: left;\">Pour faire mieux cette plainte assoupie,<br \/>\nLa neige tombe \u00e0 longs traits de charpie<br \/>\nA travers le couchant sanguinolent,<\/p>\n<p style=\"text-align: left;\">Et l&rsquo;air a l&rsquo;air d&rsquo;\u00eatre un soupir d&rsquo;automne,<br \/>\nTant il fait doux par ce soir monotone<br \/>\nO\u00f9 se dorlote un paysage lent.<\/p>\n<p style=\"text-align: left;\">Extrait de <em>Sagesse.<\/em><\/p>\n<\/div>\n<div class=\"csColumnGap\" style=\"margin: 0px; padding: 0px; float: left; width: 1.88%;\"><img decoding=\"async\" src=\"http:\/\/gsara.tv\/libramont\/routeverlaine\/wp-content\/plugins\/advanced-wp-columns\/assets\/js\/plugins\/views\/img\/1x1-pixel.png\" \/><\/div>\n<div class=\"csColumn\" style=\"margin: 0px; padding: 0px; float: left; width: 47.7%;\" data-csstartpoint=\"487.00002921875\" data-csendpoint=\"945.00002921875\" data-cswidth=\"47.7%\" data-csid=\"d8ca9b6f-d295-f3a7-894c-6538c2e55a52\">\n<p><img decoding=\"async\" loading=\"lazy\" style=\"float: left;\" src=\"http:\/\/gsara.tv\/libramont\/routeverlaine\/wp-content\/uploads\/2016\/11\/loup-hurlant-a-la-lune.jpg\" alt=\"\" width=\"366\" height=\"488\" \/><\/p>\n<\/div>\n<div class=\"csColumnGap\" style=\"margin: 0px; padding: 0px; float: left; width: 1.56%;\"><img decoding=\"async\" src=\"http:\/\/gsara.tv\/libramont\/routeverlaine\/wp-content\/plugins\/advanced-wp-columns\/assets\/js\/plugins\/views\/img\/1x1-pixel.png\" \/><\/div>\n<div style=\"clear: both; float: none; display: block; visibility: hidden; width: 0px; font-size: 0px; line-height: 0;\"><\/div>\n<\/div>\n<p><br class=\"nc\" \/><br class=\"nc\" \/><a href=\"https:\/\/gsara.tv\/libramont\/routeverlaine\/musiques\/chanson-dautomne-leo-ferre\/\"><img decoding=\"async\" loading=\"lazy\" class=\" wp-image-2137 alignleft\" src=\"http:\/\/gsara.tv\/libramont\/routeverlaine\/wp-content\/uploads\/2017\/01\/ICONE-MUSIQUE-11.png\" alt=\"\" width=\"152\" height=\"152\" srcset=\"https:\/\/gsara.tv\/libramont\/routeverlaine\/wp-content\/uploads\/2017\/01\/ICONE-MUSIQUE-11.png 256w, https:\/\/gsara.tv\/libramont\/routeverlaine\/wp-content\/uploads\/2017\/01\/ICONE-MUSIQUE-11-150x150.png 150w\" sizes=\"(max-width: 152px) 100vw, 152px\" \/><\/a><br class=\"nc\" \/><a href=\"http:\/\/gsara.tv\/libramont\/routeverlaine\/beth\/\"><img decoding=\"async\" loading=\"lazy\" class=\"alignright wp-image-1837 size-medium\" src=\"http:\/\/gsara.tv\/libramont\/routeverlaine\/wp-content\/uploads\/2016\/12\/infoBeth-300x264.jpg\" width=\"300\" height=\"264\" srcset=\"https:\/\/gsara.tv\/libramont\/routeverlaine\/wp-content\/uploads\/2016\/12\/infoBeth-300x264.jpg 300w, https:\/\/gsara.tv\/libramont\/routeverlaine\/wp-content\/uploads\/2016\/12\/infoBeth.jpg 545w\" sizes=\"(max-width: 300px) 100vw, 300px\" \/><\/a><\/p>\n<p>&nbsp;<\/p>\n","protected":false},"excerpt":{"rendered":"<p>Ancienne propri\u00e9t\u00e9 des abbayes de Stavelot et de Saint-Hubert d\u00e9j\u00e0 mentionn\u00e9e dans une charte en 1268. L&rsquo;ancien ch\u00e2teau des Abbys est achet\u00e9 en 1872 par les Visitandines venues d\u2019Allemagne,\u00a0pour en faire un monast\u00e8re. La chapelle est b\u00e9nite en 1885. La communaut\u00e9 transf\u00e9r\u00e9e \u00e0 Carlsbourg en 1958, l\u2019ancien ch\u00e2teau devient la propri\u00e9t\u00e9 de l&rsquo;entrepreneur Monsieur Delbrassine, [&hellip;]<\/p>\n","protected":false},"author":3,"featured_media":0,"parent":10,"menu_order":0,"comment_status":"closed","ping_status":"closed","template":"","meta":{"_mi_skip_tracking":false},"_links":{"self":[{"href":"https:\/\/gsara.tv\/libramont\/routeverlaine\/wp-json\/wp\/v2\/pages\/370"}],"collection":[{"href":"https:\/\/gsara.tv\/libramont\/routeverlaine\/wp-json\/wp\/v2\/pages"}],"about":[{"href":"https:\/\/gsara.tv\/libramont\/routeverlaine\/wp-json\/wp\/v2\/types\/page"}],"author":[{"embeddable":true,"href":"https:\/\/gsara.tv\/libramont\/routeverlaine\/wp-json\/wp\/v2\/users\/3"}],"replies":[{"embeddable":true,"href":"https:\/\/gsara.tv\/libramont\/routeverlaine\/wp-json\/wp\/v2\/comments?post=370"}],"version-history":[{"count":65,"href":"https:\/\/gsara.tv\/libramont\/routeverlaine\/wp-json\/wp\/v2\/pages\/370\/revisions"}],"predecessor-version":[{"id":2287,"href":"https:\/\/gsara.tv\/libramont\/routeverlaine\/wp-json\/wp\/v2\/pages\/370\/revisions\/2287"}],"up":[{"embeddable":true,"href":"https:\/\/gsara.tv\/libramont\/routeverlaine\/wp-json\/wp\/v2\/pages\/10"}],"wp:attachment":[{"href":"https:\/\/gsara.tv\/libramont\/routeverlaine\/wp-json\/wp\/v2\/media?parent=370"}],"curies":[{"name":"wp","href":"https:\/\/api.w.org\/{rel}","templated":true}]}}