{"id":419,"date":"2016-05-31T10:28:55","date_gmt":"2016-05-31T09:28:55","guid":{"rendered":"http:\/\/gsara.tv\/libramont\/routeverlaine\/?page_id=419"},"modified":"2017-02-02T10:34:20","modified_gmt":"2017-02-02T09:34:20","slug":"chateau-de-bouillon-le-burg","status":"publish","type":"page","link":"https:\/\/gsara.tv\/libramont\/routeverlaine\/bouillon\/chateau-de-bouillon-le-burg\/","title":{"rendered":"Ch\u00e2teau de Bouillon \u00ab\u00a0le burg\u00a0\u00bb"},"content":{"rendered":"<p>&nbsp;<\/p>\n<div id='gallery-1' class='gallery galleryid-419 gallery-columns-3 gallery-size-full'><figure class='gallery-item'>\n\t\t\t<div class='gallery-icon landscape'>\n\t\t\t\t<a href='https:\/\/gsara.tv\/libramont\/routeverlaine\/wp-content\/uploads\/2016\/09\/chateau-cartepostal.jpg'><img width=\"986\" height=\"623\" src=\"https:\/\/gsara.tv\/libramont\/routeverlaine\/wp-content\/uploads\/2016\/09\/chateau-cartepostal.jpg\" class=\"attachment-full size-full\" alt=\"\" decoding=\"async\" loading=\"lazy\" srcset=\"https:\/\/gsara.tv\/libramont\/routeverlaine\/wp-content\/uploads\/2016\/09\/chateau-cartepostal.jpg 986w, https:\/\/gsara.tv\/libramont\/routeverlaine\/wp-content\/uploads\/2016\/09\/chateau-cartepostal-300x190.jpg 300w, https:\/\/gsara.tv\/libramont\/routeverlaine\/wp-content\/uploads\/2016\/09\/chateau-cartepostal-768x485.jpg 768w\" sizes=\"(max-width: 986px) 100vw, 986px\" \/><\/a>\n\t\t\t<\/div><\/figure><figure class='gallery-item'>\n\t\t\t<div class='gallery-icon landscape'>\n\t\t\t\t<a href='https:\/\/gsara.tv\/libramont\/routeverlaine\/wp-content\/uploads\/2016\/09\/chateau-de-bouillon-belgique_c.jpg'><img width=\"1020\" height=\"765\" src=\"https:\/\/gsara.tv\/libramont\/routeverlaine\/wp-content\/uploads\/2016\/09\/chateau-de-bouillon-belgique_c.jpg\" class=\"attachment-full size-full\" alt=\"\" decoding=\"async\" loading=\"lazy\" aria-describedby=\"gallery-1-989\" srcset=\"https:\/\/gsara.tv\/libramont\/routeverlaine\/wp-content\/uploads\/2016\/09\/chateau-de-bouillon-belgique_c.jpg 1020w, https:\/\/gsara.tv\/libramont\/routeverlaine\/wp-content\/uploads\/2016\/09\/chateau-de-bouillon-belgique_c-300x225.jpg 300w, https:\/\/gsara.tv\/libramont\/routeverlaine\/wp-content\/uploads\/2016\/09\/chateau-de-bouillon-belgique_c-768x576.jpg 768w\" sizes=\"(max-width: 1020px) 100vw, 1020px\" \/><\/a>\n\t\t\t<\/div>\n\t\t\t\t<figcaption class='wp-caption-text gallery-caption' id='gallery-1-989'>\n\t\t\t\tLe ch\u00e2teau\n\t\t\t\t<\/figcaption><\/figure><figure class='gallery-item'>\n\t\t\t<div class='gallery-icon landscape'>\n\t\t\t\t<a href='https:\/\/gsara.tv\/libramont\/routeverlaine\/wp-content\/uploads\/2016\/11\/chateau-bouillon.jpg'><img width=\"5184\" height=\"3456\" src=\"https:\/\/gsara.tv\/libramont\/routeverlaine\/wp-content\/uploads\/2016\/11\/chateau-bouillon.jpg\" class=\"attachment-full size-full\" alt=\"\" decoding=\"async\" loading=\"lazy\" srcset=\"https:\/\/gsara.tv\/libramont\/routeverlaine\/wp-content\/uploads\/2016\/11\/chateau-bouillon.jpg 5184w, https:\/\/gsara.tv\/libramont\/routeverlaine\/wp-content\/uploads\/2016\/11\/chateau-bouillon-300x200.jpg 300w, https:\/\/gsara.tv\/libramont\/routeverlaine\/wp-content\/uploads\/2016\/11\/chateau-bouillon-768x512.jpg 768w, https:\/\/gsara.tv\/libramont\/routeverlaine\/wp-content\/uploads\/2016\/11\/chateau-bouillon-1024x683.jpg 1024w, https:\/\/gsara.tv\/libramont\/routeverlaine\/wp-content\/uploads\/2016\/11\/chateau-bouillon-1440x960.jpg 1440w\" sizes=\"(max-width: 5184px) 100vw, 5184px\" \/><\/a>\n\t\t\t<\/div><\/figure>\n\t\t<\/div>\n\n<p>Le ch\u00e2teau fort domine la vall\u00e9e et toute la localit\u00e9, sur des rochers extr\u00eamement abrupts. Il est plant\u00e9 &#8211; comme \u00ab\u00a0enracin\u00e9\u00a0\u00bb au sens premier &#8211; sur un \u00e9peron imprenable. Voil\u00e0 le pr\u00e9texte pour de m\u00e9morables ascensions vers de vieux ch\u00e2teaux fantastiques perch\u00e9s sur les cimes!<\/p>\n<p>Dans les <em>Croquis de Belgique, <\/em>Verlaine livre sa vision de Bouillon, <em>son \u00ab\u00a0burg\u00a0\u00bb plut\u00f4t taill\u00e9 en plein granit parmi des bois sans fin, croirait-on.<br \/>\n<\/em>Dress\u00e9 sur trois pitons rocheux surplombant la Semois, le ch\u00e2teau fort de Bouillon, avec le d\u00e9dale de ses couloirs et ses immenses salles vo\u00fbt\u00e9es, est consid\u00e9r\u00e9 comme le plus ancien et le plus int\u00e9ressant vestige de la f\u00e9odalit\u00e9 en Belgique.<br \/>\nLes origines des premi\u00e8res fortifications remonteraient au VIIIe si\u00e8cle.<br \/>\nIl fut immortalis\u00e9 par Godefroid, chef de la premi\u00e8re croisade (1096) et avou\u00e9 du Saint S\u00e9pulcre qui engagea le ch\u00e2teau aupr\u00e8s de l&rsquo;archev\u00each\u00e9 de Li\u00e8ge pour financer son exp\u00e9dition en Terre Sainte.<br \/>\nEnfin, il conna\u00eetra, sous les guerres de Louis XIV, de grands travaux d&rsquo;am\u00e9nagements r\u00e9alis\u00e9s par Vauban et sera occup\u00e9 militairement jusqu&rsquo;en 1830.<\/p>\n<p><a href=\"https:\/\/gsara.tv\/libramont\/routeverlaine\/dame-souris-trotte\/\"><img decoding=\"async\" loading=\"lazy\" class=\"wp-image-2140 alignleft\" src=\"http:\/\/gsara.tv\/libramont\/routeverlaine\/wp-content\/uploads\/2017\/01\/icone-lecture-300x248.png\" alt=\"\" width=\"192\" height=\"159\" srcset=\"https:\/\/gsara.tv\/libramont\/routeverlaine\/wp-content\/uploads\/2017\/01\/icone-lecture-300x248.png 300w, https:\/\/gsara.tv\/libramont\/routeverlaine\/wp-content\/uploads\/2017\/01\/icone-lecture.png 304w\" sizes=\"(max-width: 192px) 100vw, 192px\" \/><\/a><\/p>\n<p>&nbsp;<\/p>\n<p style=\"text-align: left;\"><a href=\"http:\/\/gsara.tv\/libramont\/routeverlaine\/bouillon\/\"><img decoding=\"async\" loading=\"lazy\" class=\"alignright wp-image-1838 size-medium\" src=\"http:\/\/gsara.tv\/libramont\/routeverlaine\/wp-content\/uploads\/2016\/12\/infobouillon-300x264.jpg\" width=\"300\" height=\"264\" srcset=\"https:\/\/gsara.tv\/libramont\/routeverlaine\/wp-content\/uploads\/2016\/12\/infobouillon-300x264.jpg 300w, https:\/\/gsara.tv\/libramont\/routeverlaine\/wp-content\/uploads\/2016\/12\/infobouillon.jpg 545w\" sizes=\"(max-width: 300px) 100vw, 300px\" \/><\/a><\/p>\n","protected":false},"excerpt":{"rendered":"<p>&nbsp; Le ch\u00e2teau fort domine la vall\u00e9e et toute la localit\u00e9, sur des rochers extr\u00eamement abrupts. Il est plant\u00e9 &#8211; comme \u00ab\u00a0enracin\u00e9\u00a0\u00bb au sens premier &#8211; sur un \u00e9peron imprenable. Voil\u00e0 le pr\u00e9texte pour de m\u00e9morables ascensions vers de vieux ch\u00e2teaux fantastiques perch\u00e9s sur les cimes! Dans les Croquis de Belgique, Verlaine livre sa vision [&hellip;]<\/p>\n","protected":false},"author":3,"featured_media":0,"parent":12,"menu_order":0,"comment_status":"closed","ping_status":"closed","template":"","meta":{"_mi_skip_tracking":false},"_links":{"self":[{"href":"https:\/\/gsara.tv\/libramont\/routeverlaine\/wp-json\/wp\/v2\/pages\/419"}],"collection":[{"href":"https:\/\/gsara.tv\/libramont\/routeverlaine\/wp-json\/wp\/v2\/pages"}],"about":[{"href":"https:\/\/gsara.tv\/libramont\/routeverlaine\/wp-json\/wp\/v2\/types\/page"}],"author":[{"embeddable":true,"href":"https:\/\/gsara.tv\/libramont\/routeverlaine\/wp-json\/wp\/v2\/users\/3"}],"replies":[{"embeddable":true,"href":"https:\/\/gsara.tv\/libramont\/routeverlaine\/wp-json\/wp\/v2\/comments?post=419"}],"version-history":[{"count":51,"href":"https:\/\/gsara.tv\/libramont\/routeverlaine\/wp-json\/wp\/v2\/pages\/419\/revisions"}],"predecessor-version":[{"id":2210,"href":"https:\/\/gsara.tv\/libramont\/routeverlaine\/wp-json\/wp\/v2\/pages\/419\/revisions\/2210"}],"up":[{"embeddable":true,"href":"https:\/\/gsara.tv\/libramont\/routeverlaine\/wp-json\/wp\/v2\/pages\/12"}],"wp:attachment":[{"href":"https:\/\/gsara.tv\/libramont\/routeverlaine\/wp-json\/wp\/v2\/media?parent=419"}],"curies":[{"name":"wp","href":"https:\/\/api.w.org\/{rel}","templated":true}]}}