{"id":425,"date":"2016-05-31T10:37:19","date_gmt":"2016-05-31T09:37:19","guid":{"rendered":"http:\/\/gsara.tv\/libramont\/routeverlaine\/?page_id=425"},"modified":"2017-05-19T09:01:37","modified_gmt":"2017-05-19T08:01:37","slug":"la-semoy","status":"publish","type":"page","link":"https:\/\/gsara.tv\/libramont\/routeverlaine\/bouillon\/la-semoy\/","title":{"rendered":"La \u00ab\u00a0Semoy\u00a0\u00bb"},"content":{"rendered":"<p><img decoding=\"async\" loading=\"lazy\" class=\"wp-image-754 aligncenter\" src=\"http:\/\/gsara.tv\/libramont\/routeverlaine\/wp-content\/uploads\/2016\/08\/50-SemoisA-FTLB-P-1024x766.jpg\" alt=\"50-SemoisA-FTLB-P\" width=\"658\" height=\"492\" srcset=\"https:\/\/gsara.tv\/libramont\/routeverlaine\/wp-content\/uploads\/2016\/08\/50-SemoisA-FTLB-P-1024x766.jpg 1024w, https:\/\/gsara.tv\/libramont\/routeverlaine\/wp-content\/uploads\/2016\/08\/50-SemoisA-FTLB-P-300x224.jpg 300w, https:\/\/gsara.tv\/libramont\/routeverlaine\/wp-content\/uploads\/2016\/08\/50-SemoisA-FTLB-P-768x575.jpg 768w, https:\/\/gsara.tv\/libramont\/routeverlaine\/wp-content\/uploads\/2016\/08\/50-SemoisA-FTLB-P-1283x960.jpg 1283w, https:\/\/gsara.tv\/libramont\/routeverlaine\/wp-content\/uploads\/2016\/08\/50-SemoisA-FTLB-P.jpg 1680w\" sizes=\"(max-width: 658px) 100vw, 658px\" \/><\/p>\n<p><strong>Bouillon<\/strong><\/p>\n<p><em>\u00ab\u00a0La Semoy, noire sur son lit de cailloux bavards, ses truites qualifiables vraiment de surnaturelles et son \u00ab\u00a0ch\u00e2teau\u00a0\u00bb, son burg plut\u00f4t, taill\u00e9 en plein granit parmi des bois sans fin, croirait-on; ses rampes rapides o\u00f9 d\u00e9gringolaient, versant parfois, les malles-poste venant de Sedan.<\/em><\/p>\n<p><em>Son coll\u00e8ge en contre-bas, (ce pass\u00e9 le pont unique), un peu sur une colline, sa caserne aux soldats jaunes et verts, actuellement, je pense, \u00e9cole de sous-officiers, entre l&rsquo;H\u00f4tel de la Poste, tenu \u00e0 cette \u00e9poque de mon enfance jusqu&rsquo;apr\u00e8s guerre de 1870 par le p\u00e8re Cheydron, qui eut le destin de recevoir dans sa salle \u00e0 manger et dans ses chambres l&#8217;empereur Napol\u00e9on III conduit prisonnier en Allemagne et son \u00e9tat-major des deux nations\u2026<\/em><\/p>\n<p><em>Le cur\u00e9 avait un bien beau verger o\u00f9 d&rsquo;innombrables fruits, poires, pommes, noix, raisins et, en \u00e9t\u00e9, fraises, cerises, prunes, abricots \u00e9taient tr\u00e8s bons\u2026et tr\u00e8s courus. Mais les truites de la Semoy! Les truites! Que la r\u00e9v\u00e9rence m&#8217;emp\u00eachera, cette fois, de qualifier de divines, mais qu&rsquo;un respect attendri non moins que r\u00e9trospectif et qu&rsquo;une reconnaissance un peu profane, peut-\u00eatre, dans le cas, ne m&#8217;emp\u00eachera, mordieu pas! De magnifier de cl\u00e9ricales, les truites de la Semoy, dignifiables m\u00eame saumon\u00e9es, consomm\u00e9es en toute dilection, en compagnie des bons coll\u00e8gues de ce bon cur\u00e9, \u00f4 les truites de la Semoy!..<\/em><br \/>\n<em> Bouillon est horriblement pav\u00e9e dans ses endroits pav\u00e9s. On dirait, ma parole, des galets, bien qu&rsquo;on soit ici \u00e0 je ne sais combien de lieues de la mer. Petites maisons en pierres d&rsquo;ardoise in\u00e9gales, couvertes d&rsquo;ardoises aussi, rues o\u00f9 conduire une voiture, au plus, avec prudence, o\u00f9 une rencontre de voitures est tout de suite un encombrement, \u00e0 moins, pour l&rsquo;un des v\u00e9hicules, de monter sur le trottoir, tr\u00e8s bas, il est vrai.\u00a0\u00bb<\/em><\/p>\n<p>Extraits de <em>Croquis de Belgique.<\/em><\/p>\n<figure id=\"attachment_452\" aria-describedby=\"caption-attachment-452\" style=\"width: 473px\" class=\"wp-caption aligncenter\"><a href=\"http:\/\/gsara.tv\/libramont\/routeverlaine\/wp-content\/uploads\/2016\/05\/dessin-de-Verlaine-001-e1464694004647.jpg\"><img decoding=\"async\" loading=\"lazy\" class=\"wp-image-452\" src=\"http:\/\/gsara.tv\/libramont\/routeverlaine\/wp-content\/uploads\/2016\/05\/dessin-de-Verlaine-001-e1464694004647-300x236.jpg\" alt=\"dessin de Verlaine 001\" width=\"473\" height=\"373\" srcset=\"https:\/\/gsara.tv\/libramont\/routeverlaine\/wp-content\/uploads\/2016\/05\/dessin-de-Verlaine-001-e1464694004647-300x236.jpg 300w, https:\/\/gsara.tv\/libramont\/routeverlaine\/wp-content\/uploads\/2016\/05\/dessin-de-Verlaine-001-e1464694004647-768x604.jpg 768w, https:\/\/gsara.tv\/libramont\/routeverlaine\/wp-content\/uploads\/2016\/05\/dessin-de-Verlaine-001-e1464694004647-1024x805.jpg 1024w, https:\/\/gsara.tv\/libramont\/routeverlaine\/wp-content\/uploads\/2016\/05\/dessin-de-Verlaine-001-e1464694004647-1221x960.jpg 1221w, https:\/\/gsara.tv\/libramont\/routeverlaine\/wp-content\/uploads\/2016\/05\/dessin-de-Verlaine-001-e1464694004647.jpg 1853w\" sizes=\"(max-width: 473px) 100vw, 473px\" \/><\/a><figcaption id=\"caption-attachment-452\" class=\"wp-caption-text\">Autoportrait<\/figcaption><\/figure>\n<h4><\/h4>\n<h4>L&rsquo;Heure du berger<\/h4>\n<p class=\"last\">La lune est rouge au brumeux horizon;<br \/>\nDans un brouillard qui danse, la prairie<br \/>\nS&rsquo;endort fumeuse, et la grenouille crie<a href=\"http:\/\/gsara.tv\/libramont\/routeverlaine\/wp-content\/uploads\/2016\/11\/lune_rouge.jpg\"><img decoding=\"async\" loading=\"lazy\" class=\"alignright wp-image-1204\" src=\"http:\/\/gsara.tv\/libramont\/routeverlaine\/wp-content\/uploads\/2016\/11\/lune_rouge.jpg\" alt=\"lune_rouge\" width=\"288\" height=\"192\" srcset=\"https:\/\/gsara.tv\/libramont\/routeverlaine\/wp-content\/uploads\/2016\/11\/lune_rouge.jpg 450w, https:\/\/gsara.tv\/libramont\/routeverlaine\/wp-content\/uploads\/2016\/11\/lune_rouge-300x200.jpg 300w\" sizes=\"(max-width: 288px) 100vw, 288px\" \/><\/a><br \/>\nPar les joncs verts o\u00f9 circule un frisson;<\/p>\n<p>Les fleurs des eaux referment leurs corolles;<br \/>\nDes peupliers profilent aux lointains,<br \/>\nDroits et serr\u00e9s, leurs spectres incertains;<br \/>\nVers les buissons errent les lucioles;<\/p>\n<p>Les chats-huants s&rsquo;\u00e9veillent, et sans bruit<br \/>\nRament l&rsquo;air noir avec leurs ailes lourdes,<br \/>\nEt le z\u00e9nith s&#8217;emplit de lueurs sourdes.<br \/>\nBlanche, V\u00e9nus \u00e9merge, et c&rsquo;est la Nuit.<\/p>\n<p>Extrait des <em>Po\u00e8mes Saturniens.<\/em><\/p>\n<p><a href=\"https:\/\/gsara.tv\/libramont\/routeverlaine\/o-triste-etait-mon-ame\/\"><img decoding=\"async\" loading=\"lazy\" class=\"wp-image-2137 alignleft\" src=\"http:\/\/gsara.tv\/libramont\/routeverlaine\/wp-content\/uploads\/2017\/01\/ICONE-MUSIQUE-11.png\" alt=\"\" width=\"81\" height=\"81\" srcset=\"https:\/\/gsara.tv\/libramont\/routeverlaine\/wp-content\/uploads\/2017\/01\/ICONE-MUSIQUE-11.png 256w, https:\/\/gsara.tv\/libramont\/routeverlaine\/wp-content\/uploads\/2017\/01\/ICONE-MUSIQUE-11-150x150.png 150w\" sizes=\"(max-width: 81px) 100vw, 81px\" \/><\/a><\/p>\n<p>&nbsp;<\/p>\n<p style=\"text-align: left;\"><a href=\"http:\/\/gsara.tv\/libramont\/routeverlaine\/bouillon\/\"><img decoding=\"async\" loading=\"lazy\" class=\"alignright wp-image-1838 size-medium\" src=\"http:\/\/gsara.tv\/libramont\/routeverlaine\/wp-content\/uploads\/2016\/12\/infobouillon-300x264.jpg\" width=\"300\" height=\"264\" srcset=\"https:\/\/gsara.tv\/libramont\/routeverlaine\/wp-content\/uploads\/2016\/12\/infobouillon-300x264.jpg 300w, https:\/\/gsara.tv\/libramont\/routeverlaine\/wp-content\/uploads\/2016\/12\/infobouillon.jpg 545w\" sizes=\"(max-width: 300px) 100vw, 300px\" \/><\/a><\/p>\n","protected":false},"excerpt":{"rendered":"<p>Bouillon \u00ab\u00a0La Semoy, noire sur son lit de cailloux bavards, ses truites qualifiables vraiment de surnaturelles et son \u00ab\u00a0ch\u00e2teau\u00a0\u00bb, son burg plut\u00f4t, taill\u00e9 en plein granit parmi des bois sans fin, croirait-on; ses rampes rapides o\u00f9 d\u00e9gringolaient, versant parfois, les malles-poste venant de Sedan. Son coll\u00e8ge en contre-bas, (ce pass\u00e9 le pont unique), un peu [&hellip;]<\/p>\n","protected":false},"author":3,"featured_media":0,"parent":12,"menu_order":0,"comment_status":"closed","ping_status":"closed","template":"","meta":{"_mi_skip_tracking":false},"_links":{"self":[{"href":"https:\/\/gsara.tv\/libramont\/routeverlaine\/wp-json\/wp\/v2\/pages\/425"}],"collection":[{"href":"https:\/\/gsara.tv\/libramont\/routeverlaine\/wp-json\/wp\/v2\/pages"}],"about":[{"href":"https:\/\/gsara.tv\/libramont\/routeverlaine\/wp-json\/wp\/v2\/types\/page"}],"author":[{"embeddable":true,"href":"https:\/\/gsara.tv\/libramont\/routeverlaine\/wp-json\/wp\/v2\/users\/3"}],"replies":[{"embeddable":true,"href":"https:\/\/gsara.tv\/libramont\/routeverlaine\/wp-json\/wp\/v2\/comments?post=425"}],"version-history":[{"count":37,"href":"https:\/\/gsara.tv\/libramont\/routeverlaine\/wp-json\/wp\/v2\/pages\/425\/revisions"}],"predecessor-version":[{"id":2307,"href":"https:\/\/gsara.tv\/libramont\/routeverlaine\/wp-json\/wp\/v2\/pages\/425\/revisions\/2307"}],"up":[{"embeddable":true,"href":"https:\/\/gsara.tv\/libramont\/routeverlaine\/wp-json\/wp\/v2\/pages\/12"}],"wp:attachment":[{"href":"https:\/\/gsara.tv\/libramont\/routeverlaine\/wp-json\/wp\/v2\/media?parent=425"}],"curies":[{"name":"wp","href":"https:\/\/api.w.org\/{rel}","templated":true}]}}