{"id":502,"date":"2016-06-10T09:15:47","date_gmt":"2016-06-10T08:15:47","guid":{"rendered":"http:\/\/gsara.tv\/libramont\/routeverlaine\/?page_id=502"},"modified":"2017-01-23T11:55:57","modified_gmt":"2017-01-23T10:55:57","slug":"maison-douret-et-la-poste-anciennement-hotel-du-lion-dor-et-lhotel-des-ardennes","status":"publish","type":"page","link":"https:\/\/gsara.tv\/libramont\/routeverlaine\/paliseul\/maison-douret-et-la-poste-anciennement-hotel-du-lion-dor-et-lhotel-des-ardennes\/","title":{"rendered":"Maison Douret et la Poste (anciennement h\u00f4tel du Lion d&rsquo;Or et l\u2019h\u00f4tel des Ardennes)"},"content":{"rendered":"<p>&nbsp;<\/p>\n<p><iframe loading=\"lazy\" class=\"juxtapose\" src=\"https:\/\/cdn.knightlab.com\/libs\/juxtapose\/latest\/embed\/index.html?uid=ae57c58a-2ee3-11e6-a524-0e7075bba956\" width=\"960\" height=\"250\" frameborder=\"0\"><\/iframe><br \/>\nL&rsquo;h\u00f4tel des Ardennes, actuellement maison Douret,\u00e9tait \u00e0 l&rsquo;\u00e9poque de Verlaine un relais de malle-poste. C&rsquo;est l\u00e0 que, venant de Sedan et apr\u00e8s un arr\u00eat \u00e0 Bouillon, d\u00e9barquait Paul pour ses vacances d&rsquo;\u00e9t\u00e9 chez sa tante Henriette.<br \/>\nS&rsquo;en aller l\u00e0-bas, l\u00e0 haut, au pays des m\u00e9andres diaboliques, chez les Ardennais du massif, en Haute Ardenne! Cette terre \u00e9tait impr\u00e9gn\u00e9e des r\u00eaves de vacances, tout aux confins de la vaste plaine champenoise morne, unie, presque d\u00e9serte!<\/p>\n<p>Terra incognita.<br \/>\nLes distances s&rsquo;exag\u00e9raient brusquement, les lointains fuyaient \u00e0 mille lieues. Le pays de la Semois demeurait une terre secr\u00e8te et jadis fort excentr\u00e9e, ce jusqu&rsquo;\u00e0 la fin du XIXe si\u00e8cle. A cette \u00e9poque, le tourisme n&rsquo;\u00e9tait point mouvement\u00e9 comme aujourd&rsquo;hui. Souvent, les vacanciers, recrus de fatigue, venaient en Ardenne pour d&rsquo;assez longues estives, la plupart du temps accueillis par leurs familles respectives.<\/p>\n<p>&nbsp;<\/p>\n<p><a href=\"http:\/\/gsara.tv\/libramont\/routeverlaine\/wp-content\/uploads\/2016\/11\/fumeur.gif\"><img decoding=\"async\" loading=\"lazy\" class=\"alignleft wp-image-1600\" src=\"http:\/\/gsara.tv\/libramont\/routeverlaine\/wp-content\/uploads\/2016\/11\/fumeur.gif\" alt=\"fumeur\" width=\"223\" height=\"280\" \/><\/a><br \/>\nEt pour gagner la bourgade de Paliseul en Belgique et poursuivre la route apr\u00e8s Sedan, il n&rsquo;existait aucune autre possibilit\u00e9 que la diligence, seul moyen de transport disponible! La diligence? Voici un bien beau vocable, derri\u00e8re lequel se cache en r\u00e9alit\u00e9 <em>la patache <\/em>de Sedan, qui va chalter, en langage argotique! Paul Verlaine embarquait donc dans une aust\u00e8re malle-poste <em>chez Opsore sur la place Turenne o\u00f9 il y avait un marchand de tabac<\/em>.<br \/>\nDe quel tabac s&rsquo;agissait-il? Du tabac mythique de la Semois? Comme il \u00e9tait convoit\u00e9, ce fameux tabac, pour qu&rsquo;il fasse l&rsquo;objet d&rsquo;un tel trafic de contrebande s\u00e9v\u00e8rement r\u00e9prim\u00e9 \u00e0 la fronti\u00e8re!<br \/>\nEt, selon une source iconographique int\u00e9ressante, Paul Verlaine fut m\u00eame repr\u00e9sent\u00e9 en train de fumer!<br \/>\nIl fallait jusqu&rsquo;\u00e0 quatre heures et demie pour acheminer le courrier et parcourir la distance entre Sedan et Bouillon, soit quelque vingt-cinq kilom\u00e8tres.<br \/>\nEt, en ce temps l\u00e0, la <em>patache <\/em>roulait deux jours entiers, ainsi que la nuit, pour effectuer le trajet complet entre Sedan et Paris.<br \/>\nExtrait de <em>Diligence et douane franco-belge<\/em>, P. Verlaine et l&rsquo;Ardenne. Danielle Chanteux-Van Gottom<\/p>\n<div class=\"csRow\">\n<div class=\"csColumnGap\" style=\"margin: 0px; padding: 0px; float: left; width: 1.56%;\"><img decoding=\"async\" src=\"http:\/\/gsara.tv\/libramont\/routeverlaine\/wp-content\/plugins\/advanced-wp-columns\/assets\/js\/plugins\/views\/img\/1x1-pixel.png\" \/><\/div>\n<div class=\"csColumn\" style=\"margin: 0px; padding: 0px; float: left; width: 53.1%;\" data-csstartpoint=\"15\" data-csendpoint=\"525\" data-cswidth=\"53.1%\" data-csid=\"60c72b0b-9e30-53a2-b0fa-70569589d1b6\">\n<p><strong>La route mythique des vacances.<br \/>\n<\/strong><\/p>\n<p>Ce nom Sedan!, Ce mot, Sedan!<br \/>\nCe nom Sedan! Me dit de vacances d&rsquo;enfance,<br \/>\nDe passages en \u00ab\u00a0diligence\u00a0\u00bb dans un bruit<br \/>\nJoyeux de clics-clacs et de vitraille qui fuit<br \/>\nVers un horizon gai qu&rsquo;on dirait qui s&rsquo;avance!<\/p>\n<p>Extrait de<em> Croquis de Belgique.<\/em><\/p>\n<\/div>\n<div class=\"csColumnGap\" style=\"margin: 0px; padding: 0px; float: left; width: 2.29%;\"><img decoding=\"async\" src=\"http:\/\/gsara.tv\/libramont\/routeverlaine\/wp-content\/plugins\/advanced-wp-columns\/assets\/js\/plugins\/views\/img\/1x1-pixel.png\" \/><\/div>\n<div class=\"csColumn\" style=\"margin: 0px; padding: 0px; float: left; width: 41.5%;\" data-csstartpoint=\"547\" data-csendpoint=\"945\" data-cswidth=\"41.5%\" data-csid=\"cc87d292-90fd-51d2-b517-77b6aaf4e12c\">\n<p><img decoding=\"async\" loading=\"lazy\" class=\"alignnone\" style=\"float: right;\" src=\"http:\/\/gsara.tv\/libramont\/routeverlaine\/wp-content\/uploads\/2016\/05\/la-patache-e1464694553907.jpg\" width=\"285\" height=\"202\" \/><\/p>\n<\/div>\n<div class=\"csColumnGap\" style=\"margin: 0px; padding: 0px; float: left; width: 1.56%;\"><img decoding=\"async\" src=\"http:\/\/gsara.tv\/libramont\/routeverlaine\/wp-content\/plugins\/advanced-wp-columns\/assets\/js\/plugins\/views\/img\/1x1-pixel.png\" \/><\/div>\n<div style=\"clear: both; float: none; display: block; visibility: hidden; width: 0px; font-size: 0px; line-height: 0;\"><\/div>\n<\/div>\n<p><br class=\"nc\" \/><br class=\"nc\" \/><br class=\"nc\" \/><\/p>\n<p>&nbsp;<\/p>\n<p><a href=\"http:\/\/gsara.tv\/libramont\/routeverlaine\/paliseul\/\"><img decoding=\"async\" loading=\"lazy\" class=\"alignright wp-image-1841 size-medium\" src=\"http:\/\/gsara.tv\/libramont\/routeverlaine\/wp-content\/uploads\/2016\/12\/infoPaliseul-300x264.jpg\" width=\"300\" height=\"264\" srcset=\"https:\/\/gsara.tv\/libramont\/routeverlaine\/wp-content\/uploads\/2016\/12\/infoPaliseul-300x264.jpg 300w, https:\/\/gsara.tv\/libramont\/routeverlaine\/wp-content\/uploads\/2016\/12\/infoPaliseul.jpg 545w\" sizes=\"(max-width: 300px) 100vw, 300px\" \/><\/a><\/p>\n","protected":false},"excerpt":{"rendered":"<p>&nbsp; L&rsquo;h\u00f4tel des Ardennes, actuellement maison Douret,\u00e9tait \u00e0 l&rsquo;\u00e9poque de Verlaine un relais de malle-poste. C&rsquo;est l\u00e0 que, venant de Sedan et apr\u00e8s un arr\u00eat \u00e0 Bouillon, d\u00e9barquait Paul pour ses vacances d&rsquo;\u00e9t\u00e9 chez sa tante Henriette. S&rsquo;en aller l\u00e0-bas, l\u00e0 haut, au pays des m\u00e9andres diaboliques, chez les Ardennais du massif, en Haute Ardenne! [&hellip;]<\/p>\n","protected":false},"author":3,"featured_media":0,"parent":20,"menu_order":0,"comment_status":"closed","ping_status":"closed","template":"","meta":{"_mi_skip_tracking":false},"_links":{"self":[{"href":"https:\/\/gsara.tv\/libramont\/routeverlaine\/wp-json\/wp\/v2\/pages\/502"}],"collection":[{"href":"https:\/\/gsara.tv\/libramont\/routeverlaine\/wp-json\/wp\/v2\/pages"}],"about":[{"href":"https:\/\/gsara.tv\/libramont\/routeverlaine\/wp-json\/wp\/v2\/types\/page"}],"author":[{"embeddable":true,"href":"https:\/\/gsara.tv\/libramont\/routeverlaine\/wp-json\/wp\/v2\/users\/3"}],"replies":[{"embeddable":true,"href":"https:\/\/gsara.tv\/libramont\/routeverlaine\/wp-json\/wp\/v2\/comments?post=502"}],"version-history":[{"count":28,"href":"https:\/\/gsara.tv\/libramont\/routeverlaine\/wp-json\/wp\/v2\/pages\/502\/revisions"}],"predecessor-version":[{"id":2115,"href":"https:\/\/gsara.tv\/libramont\/routeverlaine\/wp-json\/wp\/v2\/pages\/502\/revisions\/2115"}],"up":[{"embeddable":true,"href":"https:\/\/gsara.tv\/libramont\/routeverlaine\/wp-json\/wp\/v2\/pages\/20"}],"wp:attachment":[{"href":"https:\/\/gsara.tv\/libramont\/routeverlaine\/wp-json\/wp\/v2\/media?parent=502"}],"curies":[{"name":"wp","href":"https:\/\/api.w.org\/{rel}","templated":true}]}}