{"id":6,"date":"2016-01-27T13:54:53","date_gmt":"2016-01-27T12:54:53","guid":{"rendered":"http:\/\/gsara.tv\/libramont\/routeverlaine\/?page_id=6"},"modified":"2017-05-18T12:04:24","modified_gmt":"2017-05-18T11:04:24","slug":"6-2","status":"publish","type":"page","link":"https:\/\/gsara.tv\/libramont\/routeverlaine\/","title":{"rendered":""},"content":{"rendered":"<p><iframe loading=\"lazy\" src=\"https:\/\/www.google.com\/maps\/d\/u\/1\/embed?mid=1L6LGRWeaDEjQ0N1MelHbWn-Pk8s\" width=\"640\" height=\"480\"><\/iframe><\/p>\n<p><em>\u00ab\u00a0Dans nos savoureuses Ardennes<br \/>\nO\u00f9 je fis le mal et le bien,<br \/>\nIci, mortifi\u00e9 chr\u00e9tien<br \/>\nL\u00e0, perp\u00e9trant quelles fredaines!<\/em><\/p>\n<p><em>J&rsquo;ai, par le cours aventureux<\/em><br \/>\n<em> De mes m\u00e9rites et&#8230; du reste,<\/em><br \/>\n<em> Coul\u00e9, d&rsquo;un flot l\u00e9ger et leste,<\/em><br \/>\n<em> Quelques jours tout de m\u00eame heureux.\u00a0\u00bb<\/em><br \/>\nPaul Verlaine. (1890: A Charles Vesseron.)<\/p>\n<p>Viens voyageur mon ami, viens red\u00e9couvrir ces lieux o\u00f9 le<em> Prince des Po\u00e8te<\/em>s trouva, au gr\u00e9 de ses p\u00e9r\u00e9grinations, d&rsquo;\u00e9ph\u00e9m\u00e8res moments de pl\u00e9nitude.<br \/>\nPrends ton b\u00e2ton, arpente les chemins improbables. Laisse-toi surprendre par les sentiers fatigu\u00e9s. Hume la senteur \u00e2cre de l&rsquo;ail des ours. D\u00e9lecte-toi du parfum discret de l&rsquo;\u00e9glantine. Vogue au fil des eaux claires des rus, rivi\u00e8res et cascatelles. <em>\u00c9coute le roulis sourd des cailloux<\/em>. R\u00e9fl\u00e9chis ton image dans les eaux sombres des \u00e9tangs. Aux d\u00e9tours <em>des bois sans nombre<\/em> et<em> des clairi\u00e8res bellement sonores<\/em>, fl\u00e2ne<em> dans les villages de pierres ardoisi\u00e8res aux toits bleus<\/em>. Arr\u00eate-toi \u00e0 l&rsquo;auberge et fais tiennes<em> les chairs<\/em> <em>friandes, les truites pour ainsi dire surnaturelles.<\/em><br \/>\nAinsi, peut-\u00eatre, voyageur mon ami, couleras-tu, \u00e0 l&rsquo;instar du po\u00e8te, <em>d&rsquo;un flot l\u00e9ger et leste, quelques jours tout de m\u00eame heureux<\/em>.<\/p>\n<p>Bon vent!<\/p>\n","protected":false},"excerpt":{"rendered":"<p>\u00ab\u00a0Dans nos savoureuses Ardennes O\u00f9 je fis le mal et le bien, Ici, mortifi\u00e9 chr\u00e9tien L\u00e0, perp\u00e9trant quelles fredaines! J&rsquo;ai, par le cours aventureux De mes m\u00e9rites et&#8230; du reste, Coul\u00e9, d&rsquo;un flot l\u00e9ger et leste, Quelques jours tout de m\u00eame heureux.\u00a0\u00bb Paul Verlaine. (1890: A Charles Vesseron.) Viens voyageur mon ami, viens red\u00e9couvrir ces [&hellip;]<\/p>\n","protected":false},"author":2,"featured_media":0,"parent":0,"menu_order":0,"comment_status":"closed","ping_status":"closed","template":"","meta":{"_mi_skip_tracking":false},"_links":{"self":[{"href":"https:\/\/gsara.tv\/libramont\/routeverlaine\/wp-json\/wp\/v2\/pages\/6"}],"collection":[{"href":"https:\/\/gsara.tv\/libramont\/routeverlaine\/wp-json\/wp\/v2\/pages"}],"about":[{"href":"https:\/\/gsara.tv\/libramont\/routeverlaine\/wp-json\/wp\/v2\/types\/page"}],"author":[{"embeddable":true,"href":"https:\/\/gsara.tv\/libramont\/routeverlaine\/wp-json\/wp\/v2\/users\/2"}],"replies":[{"embeddable":true,"href":"https:\/\/gsara.tv\/libramont\/routeverlaine\/wp-json\/wp\/v2\/comments?post=6"}],"version-history":[{"count":12,"href":"https:\/\/gsara.tv\/libramont\/routeverlaine\/wp-json\/wp\/v2\/pages\/6\/revisions"}],"predecessor-version":[{"id":2300,"href":"https:\/\/gsara.tv\/libramont\/routeverlaine\/wp-json\/wp\/v2\/pages\/6\/revisions\/2300"}],"wp:attachment":[{"href":"https:\/\/gsara.tv\/libramont\/routeverlaine\/wp-json\/wp\/v2\/media?parent=6"}],"curies":[{"name":"wp","href":"https:\/\/api.w.org\/{rel}","templated":true}]}}