{"id":608,"date":"2016-06-15T10:51:33","date_gmt":"2016-06-15T09:51:33","guid":{"rendered":"http:\/\/gsara.tv\/libramont\/routeverlaine\/?page_id=608"},"modified":"2017-05-30T08:35:39","modified_gmt":"2017-05-30T07:35:39","slug":"arbre-genealogique","status":"publish","type":"page","link":"https:\/\/gsara.tv\/libramont\/routeverlaine\/arbre-genealogique\/","title":{"rendered":"Arbre g\u00e9n\u00e9alogique"},"content":{"rendered":"<p><a href=\"http:\/\/gsara.tv\/libramont\/routeverlaine\/wp-content\/uploads\/2016\/09\/arbre-g\u00e9n\u00e9.png\"><img decoding=\"async\" loading=\"lazy\" class=\"alignright wp-image-953 size-full\" src=\"http:\/\/gsara.tv\/libramont\/routeverlaine\/wp-content\/uploads\/2016\/09\/arbre-g\u00e9n\u00e9.png\" width=\"1500\" height=\"1125\" srcset=\"https:\/\/gsara.tv\/libramont\/routeverlaine\/wp-content\/uploads\/2016\/09\/arbre-g\u00e9n\u00e9.png 1500w, https:\/\/gsara.tv\/libramont\/routeverlaine\/wp-content\/uploads\/2016\/09\/arbre-g\u00e9n\u00e9-300x225.png 300w, https:\/\/gsara.tv\/libramont\/routeverlaine\/wp-content\/uploads\/2016\/09\/arbre-g\u00e9n\u00e9-768x576.png 768w, https:\/\/gsara.tv\/libramont\/routeverlaine\/wp-content\/uploads\/2016\/09\/arbre-g\u00e9n\u00e9-1024x768.png 1024w, https:\/\/gsara.tv\/libramont\/routeverlaine\/wp-content\/uploads\/2016\/09\/arbre-g\u00e9n\u00e9-1280x960.png 1280w\" sizes=\"(max-width: 1500px) 100vw, 1500px\" \/><\/a><\/p>\n<div style=\"width: 500px;\">\n<figure id=\"attachment_942\" aria-describedby=\"caption-attachment-942\" style=\"width: 206px\" class=\"wp-caption alignleft\"><img decoding=\"async\" loading=\"lazy\" class=\"wp-image-942 size-full\" style=\"float: left;\" src=\"http:\/\/gsara.tv\/libramont\/routeverlaine\/wp-content\/uploads\/2016\/09\/papa-verlaine.jpg\" alt=\"papa-verlaine\" width=\"206\" height=\"281\" \/><figcaption id=\"caption-attachment-942\" class=\"wp-caption-text\"><em>Nicolas Auguste Verlaine p\u00e8re du po\u00e8te (officier de l&rsquo;arm\u00e9e fran\u00e7aise)<\/em><\/figcaption><\/figure>\n<figure id=\"attachment_943\" aria-describedby=\"caption-attachment-943\" style=\"width: 190px\" class=\"wp-caption alignright\"><img decoding=\"async\" loading=\"lazy\" class=\"wp-image-943 size-full\" style=\"float: right;\" src=\"http:\/\/gsara.tv\/libramont\/routeverlaine\/wp-content\/uploads\/2016\/09\/Elisa-Verlaine-m\u00e8re-de-du-o\u00e8te.jpg\" alt=\"elisa-verlaine-mere-de-du-oete\" width=\"190\" height=\"287\" \/><figcaption id=\"caption-attachment-943\" class=\"wp-caption-text\"><em>Elisa St\u00e9phanie Deh\u00e9e m\u00e8re du po\u00e8te<\/em>.<\/figcaption><\/figure>\n<\/div>\n<h3 style=\"text-align: left;\"><span style=\"color: #333300;\">Une grossesse difficile<\/span><\/h3>\n<p>H\u00e9las! En d\u00e9pit des pri\u00e8res d&rsquo;Elisa, l&rsquo;impossibilit\u00e9 d&rsquo;une naissance normale semble peser comme une mal\u00e9diction sur le couple. Or, en 1836, une soeur d&rsquo; Elisa, Catherine-Ad\u00e9la\u00efde, femme du mar\u00e9chal-ferrant Augustin Moncomble, meurt, laissant un gar\u00e7on de douze ans, Victor, et une petite Elisa, qui vient de voir le jour. Le p\u00e8re est manifestement incapable de s&rsquo;occuper d&rsquo;un nourrisson dans ses langes. Aussit\u00f4t, Elisa d\u00e9cide de prendre en charge le b\u00e9b\u00e9. Puisque Dieu lui refuse un enfant tir\u00e9 de sa chair, elle reportera toute son affection sur sa ni\u00e8ce et la traitera en fille adoptive. Le suppl\u00e9ment de d\u00e9pense qui en r\u00e9sultera ne pose aucun probl\u00e8me: la situation des Verlaine est ais\u00e9e, car, \u00e0 la solde du capitaine, s&rsquo;ajoutent les revenus de la dot de son \u00e9pouse. Elisa n&rsquo;abandonne pas l&rsquo;espoir d&rsquo;avoir un jour son propre rejeton \u00e0 soigner et \u00e0 ch\u00e9rir. Et le miracle se produit. Apr\u00e8s bient\u00f4t douze ans de mariage et deux fausses couches, elle s&rsquo;aper\u00e7oit qu&rsquo;elle est de nouveau enceinte. Faudra-t-il rajouter, dans l&rsquo;armoire fun\u00e8bre, un troisi\u00e8me bocal avec son homoncule avort\u00e9 baignant dans l&rsquo;esprit-de-vin?<br \/>\nDans le modeste appartement des Verlaine, au num\u00e9ro 2 de la rue Haute-Pierre, \u00e0 Metz, r\u00e8gne une atmosph\u00e8re de pr\u00e9paratifs et d&rsquo;implorations. Bien que lourdement d\u00e9form\u00e9e par la grossesse, Elisa s&rsquo;agenouille dix fois par jour sur le prie-Dieu.<\/p>\n<h3 style=\"text-align: left;\"><span style=\"color: #333300;\">Enfin!<\/span><\/h3>\n<p>Enfin,le 30 mars 1844, \u00e0 neuf heures du soir, elle accouche d&rsquo;un gar\u00e7on qui semble solidement constitu\u00e9. Vivant, il est vivant, et il crie! Le p\u00e8re et la m\u00e8re versent des larmes de gratitude devant ce cadeau de la Providence. Imm\u00e9diatement, Elisa d\u00e9cr\u00e8te que le nouveau-n\u00e9 sera l&rsquo;enfant de la Sainte Vierge, se pr\u00e9nommera Paul-Marie et se verra vou\u00e9 au bleu et au blanc jusqu&rsquo;\u00e0 l&rsquo;\u00e2ge de sept ans. Pench\u00e9e sur le berceau, elle veut se persuader que son b\u00e9b\u00e9 est le plus beau de la terre. Mais elle doit se forcer un peu pour reconna\u00eetre\u00a0 un ange dans ce poupon au teint livide, au front bomb\u00e9 et au nez camard. Quand il sommeille, les yeux clos, la bouche entrouverte, on dirait une petite t\u00eate de mort dont le poids creuse \u00e0 peine l&rsquo;oreiller de dentelle. Survivra-t-il aux maladies infantiles? Ce n&rsquo;est pas tout de mettre un b\u00e9b\u00e9 au monde, songe Elisa, il faut encore le pr\u00e9server, l&rsquo;\u00e9lever, le sauver&#8230;. D\u00e9j\u00e0 elle sent que, m\u00eame d\u00e9tach\u00e9 d&rsquo;elle en apparence, il ne quittera jamais la chaleur de son ventre. Il fut baptis\u00e9 en l&rsquo;\u00e9glise Notre-Dame de Metz. Son parrain est le lieutenant-colonel Grandjean, celui-l\u00e0 m\u00eame qui a pouss\u00e9 Nicolas-Auguste \u00e0 embrasser la carri\u00e8re militaire; sa marraine est sa tante Louise, n\u00e9e Verlaine. Tous deux sont respectables et de bon conseil. Mais, emp\u00each\u00e9s, ils se sont fait repr\u00e9senter \u00e0 la c\u00e9r\u00e9monie. Qu&rsquo;importe, on pourra compter sur eux dans les moments difficiles.<\/p>\n<figure id=\"attachment_445\" aria-describedby=\"caption-attachment-445\" style=\"width: 228px\" class=\"wp-caption alignleft\"><img decoding=\"async\" loading=\"lazy\" class=\"wp-image-445\" src=\"http:\/\/gsara.tv\/libramont\/routeverlaine\/wp-content\/uploads\/2016\/05\/enfant-270x300.png\" alt=\"enfant\" width=\"228\" height=\"253\" srcset=\"https:\/\/gsara.tv\/libramont\/routeverlaine\/wp-content\/uploads\/2016\/05\/enfant-270x300.png 270w, https:\/\/gsara.tv\/libramont\/routeverlaine\/wp-content\/uploads\/2016\/05\/enfant.png 316w\" sizes=\"(max-width: 228px) 100vw, 228px\" \/><figcaption id=\"caption-attachment-445\" class=\"wp-caption-text\">Verlaine enfant.<\/figcaption><\/figure>\n<p>Rendu \u00e0 la vie civile, Nicolas Auguste commence par prendre un peu de repos avec sa famille, \u00e0 Paliseul, chez sa s\u0153ur Louise-Henriette Grandjean, devenue veuve l&rsquo;ann\u00e9e pr\u00e9c\u00e9dente. D\u00e8s le d\u00e9but de ce s\u00e9jour, Louise et ses amis, les P\u00e9rot, sont stup\u00e9faits de la tyrannie que Paul exerce sur ses parents. Il n&rsquo;\u00e9coute personne et on lui passe tout. Habitu\u00e9 \u00e0 \u00eatre le centre du monde, il pique des fureurs tr\u00e9pignantes d\u00e8s qu&rsquo;on le contrarie et ne se calme que si les grandes personnes c\u00e8dent \u00e0 sa volont\u00e9. Ainsi, apprenant un jour que son p\u00e8re a d\u00e9cid\u00e9 de ne pas l&#8217;emmener en excursion aux grottes de Han, il pousse de tels hurlements et se convulse si fort que cet homme, qui a pourtant command\u00e9 des troupes sous le feu de l&rsquo;ennemi, bat en retraite et promet au \u00ab\u00a0petit\u00a0\u00bb qu&rsquo;il sera de la promenade. Une autre fois, en visite chez des amis, le \u00ab\u00a0petit\u00a0\u00bb se r\u00e9fugie dans le jardin et s&rsquo;amuse \u00e0 d\u00e9couper en menus morceaux le haut-de-forme de son p\u00e8re. Surpris dans cette occupation sacril\u00e8ge, il d\u00e9signe les lambeaux de soie noire et d\u00e9clare: \u00ab\u00a0<em>\u00c7a, c&rsquo;est des carottes, \u00e7a des poireaux, \u00e7a des haricots! \u00a0\u00bb <\/em> Puis, comme on vient de parler \u00e0 table du r\u00e9gime alimentaire des pensionnaires de l\u2019institution des Invalides \u00e0 Paris, il brandit la coiffe d\u00e9chiquet\u00e9e du chapeau et s&rsquo;\u00e9crie: <em>\u00ab\u00a0\u00c7a, c&rsquo;est la marmite des Invalides!\u00a0\u00bb <\/em> Au lieu de se f\u00e2cher, Nicolas-Auguste, qui est d\u00e9cid\u00e9ment dans un bon jour, prend le parti de rire. St\u00e9phanie est soulag\u00e9e, Louise est constern\u00e9e. Pour la premi\u00e8re, l&rsquo;enfant \u00e0 toujours raison; pour la seconde, il n&rsquo;y a pas d&rsquo;\u00e9ducation sans autorit\u00e9.<\/p>\n<p>&nbsp;<\/p>\n<p><img decoding=\"async\" loading=\"lazy\" class=\"wp-image-814 aligncenter\" src=\"http:\/\/gsara.tv\/libramont\/routeverlaine\/wp-content\/uploads\/2016\/08\/Maison-natale-verlaine-300x169.jpg\" alt=\"Maison natale verlaine\" width=\"533\" height=\"358\" \/><\/p>\n<p style=\"text-align: center;\">Paul Verlaine est n\u00e9 ici au n\u00b02, rue de la Haute- Pierre \u00e0 Metz, le 30 mars 1844.<\/p>\n","protected":false},"excerpt":{"rendered":"<p>Une grossesse difficile H\u00e9las! En d\u00e9pit des pri\u00e8res d&rsquo;Elisa, l&rsquo;impossibilit\u00e9 d&rsquo;une naissance normale semble peser comme une mal\u00e9diction sur le couple. Or, en 1836, une soeur d&rsquo; Elisa, Catherine-Ad\u00e9la\u00efde, femme du mar\u00e9chal-ferrant Augustin Moncomble, meurt, laissant un gar\u00e7on de douze ans, Victor, et une petite Elisa, qui vient de voir le jour. Le p\u00e8re est [&hellip;]<\/p>\n","protected":false},"author":3,"featured_media":0,"parent":0,"menu_order":0,"comment_status":"closed","ping_status":"closed","template":"","meta":{"_mi_skip_tracking":false},"_links":{"self":[{"href":"https:\/\/gsara.tv\/libramont\/routeverlaine\/wp-json\/wp\/v2\/pages\/608"}],"collection":[{"href":"https:\/\/gsara.tv\/libramont\/routeverlaine\/wp-json\/wp\/v2\/pages"}],"about":[{"href":"https:\/\/gsara.tv\/libramont\/routeverlaine\/wp-json\/wp\/v2\/types\/page"}],"author":[{"embeddable":true,"href":"https:\/\/gsara.tv\/libramont\/routeverlaine\/wp-json\/wp\/v2\/users\/3"}],"replies":[{"embeddable":true,"href":"https:\/\/gsara.tv\/libramont\/routeverlaine\/wp-json\/wp\/v2\/comments?post=608"}],"version-history":[{"count":66,"href":"https:\/\/gsara.tv\/libramont\/routeverlaine\/wp-json\/wp\/v2\/pages\/608\/revisions"}],"predecessor-version":[{"id":2313,"href":"https:\/\/gsara.tv\/libramont\/routeverlaine\/wp-json\/wp\/v2\/pages\/608\/revisions\/2313"}],"wp:attachment":[{"href":"https:\/\/gsara.tv\/libramont\/routeverlaine\/wp-json\/wp\/v2\/media?parent=608"}],"curies":[{"name":"wp","href":"https:\/\/api.w.org\/{rel}","templated":true}]}}