{"id":61,"date":"2016-04-22T10:20:52","date_gmt":"2016-04-22T09:20:52","guid":{"rendered":"http:\/\/gsara.tv\/libramont\/routeverlaine\/?page_id=61"},"modified":"2017-02-07T12:00:33","modified_gmt":"2017-02-07T11:00:33","slug":"eglise-saint-eutrope","status":"publish","type":"page","link":"https:\/\/gsara.tv\/libramont\/routeverlaine\/paliseul\/eglise-saint-eutrope\/","title":{"rendered":"Eglise Saint-Eutrope"},"content":{"rendered":"<p><iframe loading=\"lazy\" class=\"juxtapose\" src=\"https:\/\/cdn.knightlab.com\/libs\/juxtapose\/latest\/embed\/index.html?uid=4311dace-a105-11e6-81ab-0edaf8f81e27\" width=\"100%\" height=\"200\" frameborder=\"0\"><\/iframe><\/p>\n<p class=\"western\">D\u00e8s la fondation de la paroisse de Paliseul, une des plus anciennes et des plus vastes de la r\u00e9gion, un lieu de culte avait \u00e9t\u00e9 \u00e9rig\u00e9 pour accueillir les r\u00e9unions pastorales des premiers chr\u00e9tiens et c\u00e9l\u00e9brer les offices divins. On peut supposer, bien qu\u2019aucune fouille arch\u00e9ologique n\u2019ait jamais \u00e9t\u00e9 entreprise pour retrouver les vestiges, que le b\u00e2timent primitif \u00e9tait construit \u00e0 l\u2019emplacement de l\u2019Eglise actuelle sur la colline surplombant l\u2019entr\u00e9e dans la bourgade par les chemins de Bouillon, Merny et Opont. Ce sanctuaire \u00e9tait orient\u00e9 ouest-est, l\u2019entr\u00e9e se faisant donc par l\u2019actuelle rue Saint-Eutrope, et son architecture tenait tout autant de l\u2019ouvrage militaire que du lieu de culte; ses murs \u00e9pais et ses tours massives servaient de protection \u00e0 la population locale contre les multiples raids guerriers et autres actes de brigandage.<\/p>\n<p class=\"western\">Les nombreuses restaurations, dues aux d\u00e9gradations du temps mais surtout aux funestes cons\u00e9quences de nombreux conflits, modifi\u00e8rent son aspect primitif.<\/p>\n<p class=\"western\">L\u2019\u00e9glise fr\u00e9quent\u00e9e par Paul Verlaine lors de ses s\u00e9jours daterait de 1567; on rel\u00e8ve en effet dans une sentence promulgu\u00e9e le 25 mai 1566 \u00e0 Li\u00e8ge par l\u2019archidiacre de Famenne, que\u2026. <em>Les parochiens dudit Palizeux sont tenus aux corv\u00e9es et forces pour la r\u00e9paration de leur m\u00e8re-\u00e9glise ruin\u00e9e aux guerres derni\u00e8res\u2026<\/em><\/p>\n<p class=\"western\">Ce v\u00e9n\u00e9rable \u00e9difice, mena\u00e7ant ruine et devenu trop exigu fut d\u00e9moli au tournant du XX<sup>e<\/sup> si\u00e8cle et remplac\u00e9 par l&rsquo;\u00e9glise actuelle. Remarquez le changement d&rsquo;orientation: orientation est- ouest et non plus ouest- est.\u00a0 (d&rsquo;apr\u00e8s Jean Istace in T.H.O n\u00b039)<\/p>\n<p><strong>V\u00eapres rustiques<\/strong><\/p>\n<p>Le dernier coup de v\u00eapres a sonn\u00e9: l&rsquo;on tinte.<br \/>\nEntrons donc dans l\u2019\u00c9glise et couvrons-nous d&rsquo;eau sainte.<a href=\"http:\/\/gsara.tv\/libramont\/routeverlaine\/wp-content\/uploads\/2016\/11\/officedivin.jpg\"><img decoding=\"async\" loading=\"lazy\" class=\"alignright wp-image-1367\" src=\"http:\/\/gsara.tv\/libramont\/routeverlaine\/wp-content\/uploads\/2016\/11\/officedivin.jpg\" alt=\"officedivin\" width=\"356\" height=\"472\" srcset=\"https:\/\/gsara.tv\/libramont\/routeverlaine\/wp-content\/uploads\/2016\/11\/officedivin.jpg 282w, https:\/\/gsara.tv\/libramont\/routeverlaine\/wp-content\/uploads\/2016\/11\/officedivin-226x300.jpg 226w\" sizes=\"(max-width: 356px) 100vw, 356px\" \/><\/a><\/p>\n<p>Il y a peu de monde encore. Qu&rsquo;il fait frais!<br \/>\nC&rsquo;est bon par ces temps lourds, \u00e7a semble fait expr\u00e8s.<\/p>\n<p>On allume les six grands cierges, l&rsquo;on apporte<br \/>\nLe ciboire pour le Salut. Voici la porte<\/p>\n<p>De la sacristie entr&rsquo;ouverte, et l&rsquo;on voit bien<br \/>\nS&rsquo;habiller les enfants de ch\u0153ur et le doyen.<\/p>\n<p>Voici venir le court cort\u00e8ge et les deux chantres<br \/>\nTiennent de gros antiphonaires sur leurs ventres.<\/p>\n<p>Une clochette retentit et le clerg\u00e9<br \/>\nS&rsquo;agenouille devant l&rsquo;autel, d\u00fbment rang\u00e9.<\/p>\n<p>Une pri\u00e8re est murmur\u00e9e \u00e0 voix si basse<br \/>\nQu&rsquo;on entend comme un vol de bons anges qui passe.<\/p>\n<p>Le pr\u00eatre, se signant, adjure le Seigneur,<br \/>\nEt les clercs, se signant, appellent le Seigneur.<br \/>\n&#8230;.<br \/>\nExtrait de <em>Liturgies intimes (1892)<\/em><\/p>\n<p>&nbsp;<\/p>\n<p><a href=\"http:\/\/gsara.tv\/libramont\/routeverlaine\/paliseul\/\"><img decoding=\"async\" loading=\"lazy\" class=\"alignright wp-image-1841 size-medium\" src=\"http:\/\/gsara.tv\/libramont\/routeverlaine\/wp-content\/uploads\/2016\/12\/infoPaliseul-300x264.jpg\" width=\"300\" height=\"264\" srcset=\"https:\/\/gsara.tv\/libramont\/routeverlaine\/wp-content\/uploads\/2016\/12\/infoPaliseul-300x264.jpg 300w, https:\/\/gsara.tv\/libramont\/routeverlaine\/wp-content\/uploads\/2016\/12\/infoPaliseul.jpg 545w\" sizes=\"(max-width: 300px) 100vw, 300px\" \/><\/a><\/p>\n","protected":false},"excerpt":{"rendered":"<p>D\u00e8s la fondation de la paroisse de Paliseul, une des plus anciennes et des plus vastes de la r\u00e9gion, un lieu de culte avait \u00e9t\u00e9 \u00e9rig\u00e9 pour accueillir les r\u00e9unions pastorales des premiers chr\u00e9tiens et c\u00e9l\u00e9brer les offices divins. On peut supposer, bien qu\u2019aucune fouille arch\u00e9ologique n\u2019ait jamais \u00e9t\u00e9 entreprise pour retrouver les vestiges, que [&hellip;]<\/p>\n","protected":false},"author":3,"featured_media":0,"parent":20,"menu_order":0,"comment_status":"closed","ping_status":"closed","template":"","meta":{"_mi_skip_tracking":false},"_links":{"self":[{"href":"https:\/\/gsara.tv\/libramont\/routeverlaine\/wp-json\/wp\/v2\/pages\/61"}],"collection":[{"href":"https:\/\/gsara.tv\/libramont\/routeverlaine\/wp-json\/wp\/v2\/pages"}],"about":[{"href":"https:\/\/gsara.tv\/libramont\/routeverlaine\/wp-json\/wp\/v2\/types\/page"}],"author":[{"embeddable":true,"href":"https:\/\/gsara.tv\/libramont\/routeverlaine\/wp-json\/wp\/v2\/users\/3"}],"replies":[{"embeddable":true,"href":"https:\/\/gsara.tv\/libramont\/routeverlaine\/wp-json\/wp\/v2\/comments?post=61"}],"version-history":[{"count":43,"href":"https:\/\/gsara.tv\/libramont\/routeverlaine\/wp-json\/wp\/v2\/pages\/61\/revisions"}],"predecessor-version":[{"id":2283,"href":"https:\/\/gsara.tv\/libramont\/routeverlaine\/wp-json\/wp\/v2\/pages\/61\/revisions\/2283"}],"up":[{"embeddable":true,"href":"https:\/\/gsara.tv\/libramont\/routeverlaine\/wp-json\/wp\/v2\/pages\/20"}],"wp:attachment":[{"href":"https:\/\/gsara.tv\/libramont\/routeverlaine\/wp-json\/wp\/v2\/media?parent=61"}],"curies":[{"name":"wp","href":"https:\/\/api.w.org\/{rel}","templated":true}]}}