{"id":644,"date":"2016-07-19T08:32:54","date_gmt":"2016-07-19T07:32:54","guid":{"rendered":"http:\/\/gsara.tv\/libramont\/routeverlaine\/?page_id=644"},"modified":"2017-05-19T08:40:49","modified_gmt":"2017-05-19T07:40:49","slug":"arville","status":"publish","type":"page","link":"https:\/\/gsara.tv\/libramont\/routeverlaine\/arville\/","title":{"rendered":"Arville"},"content":{"rendered":"<h3 style=\"text-align: center;\"><img decoding=\"async\" loading=\"lazy\" class=\"wp-image-964 alignnone\" src=\"http:\/\/gsara.tv\/libramont\/routeverlaine\/wp-content\/uploads\/2016\/09\/titre.jpg\" alt=\"titre\" width=\"676\" height=\"66\" srcset=\"https:\/\/gsara.tv\/libramont\/routeverlaine\/wp-content\/uploads\/2016\/09\/titre.jpg 4942w, https:\/\/gsara.tv\/libramont\/routeverlaine\/wp-content\/uploads\/2016\/09\/titre-300x29.jpg 300w, https:\/\/gsara.tv\/libramont\/routeverlaine\/wp-content\/uploads\/2016\/09\/titre-768x75.jpg 768w, https:\/\/gsara.tv\/libramont\/routeverlaine\/wp-content\/uploads\/2016\/09\/titre-1024x100.jpg 1024w, https:\/\/gsara.tv\/libramont\/routeverlaine\/wp-content\/uploads\/2016\/09\/titre-1440x141.jpg 1440w\" sizes=\"(max-width: 676px) 100vw, 676px\" \/><\/h3>\n<h3 style=\"text-align: center;\"><\/h3>\n<h3 style=\"text-align: center;\"><img decoding=\"async\" loading=\"lazy\" class=\"wp-image-965 size-medium alignleft\" src=\"http:\/\/gsara.tv\/libramont\/routeverlaine\/wp-content\/uploads\/2016\/09\/cuisine-231x300.jpg\" alt=\"cuisine\" width=\"231\" height=\"300\" srcset=\"https:\/\/gsara.tv\/libramont\/routeverlaine\/wp-content\/uploads\/2016\/09\/cuisine-231x300.jpg 231w, https:\/\/gsara.tv\/libramont\/routeverlaine\/wp-content\/uploads\/2016\/09\/cuisine-768x997.jpg 768w, https:\/\/gsara.tv\/libramont\/routeverlaine\/wp-content\/uploads\/2016\/09\/cuisine-789x1024.jpg 789w, https:\/\/gsara.tv\/libramont\/routeverlaine\/wp-content\/uploads\/2016\/09\/cuisine-740x960.jpg 740w, https:\/\/gsara.tv\/libramont\/routeverlaine\/wp-content\/uploads\/2016\/09\/cuisine.jpg 1151w\" sizes=\"(max-width: 231px) 100vw, 231px\" \/> <img decoding=\"async\" loading=\"lazy\" class=\"alignright wp-image-649\" src=\"http:\/\/gsara.tv\/libramont\/routeverlaine\/wp-content\/uploads\/2016\/07\/maison-des-deux-grands-peres-verlaine.png\" alt=\"maison des deux grands-peres verlaine\" width=\"297\" height=\"300\" \/><\/h3>\n<h3 style=\"text-align: center;\">\u00a0<img decoding=\"async\" loading=\"lazy\" class=\"wp-image-972 aligncenter\" src=\"http:\/\/gsara.tv\/libramont\/routeverlaine\/wp-content\/uploads\/2016\/09\/texte.jpg\" alt=\"texte\" width=\"559\" height=\"400\" srcset=\"https:\/\/gsara.tv\/libramont\/routeverlaine\/wp-content\/uploads\/2016\/09\/texte.jpg 1190w, https:\/\/gsara.tv\/libramont\/routeverlaine\/wp-content\/uploads\/2016\/09\/texte-300x215.jpg 300w, https:\/\/gsara.tv\/libramont\/routeverlaine\/wp-content\/uploads\/2016\/09\/texte-768x549.jpg 768w, https:\/\/gsara.tv\/libramont\/routeverlaine\/wp-content\/uploads\/2016\/09\/texte-1024x732.jpg 1024w\" sizes=\"(max-width: 559px) 100vw, 559px\" \/><\/h3>\n<h3 style=\"text-align: center;\"><span style=\"color: #000000;\">Jean Verlaine, l&rsquo;arri\u00e8re-grand-p\u00e8re d&rsquo;Arville, un noblion d\u00e9chu?<\/span><\/h3>\n<p><img decoding=\"async\" loading=\"lazy\" class=\"wp-image-647 alignnone\" src=\"http:\/\/gsara.tv\/libramont\/routeverlaine\/wp-content\/uploads\/2016\/07\/blason-verlaine-1024x202.png\" alt=\"blason verlaine\" width=\"663\" height=\"131\" srcset=\"https:\/\/gsara.tv\/libramont\/routeverlaine\/wp-content\/uploads\/2016\/07\/blason-verlaine-1024x202.png 1024w, https:\/\/gsara.tv\/libramont\/routeverlaine\/wp-content\/uploads\/2016\/07\/blason-verlaine-300x59.png 300w, https:\/\/gsara.tv\/libramont\/routeverlaine\/wp-content\/uploads\/2016\/07\/blason-verlaine-768x152.png 768w, https:\/\/gsara.tv\/libramont\/routeverlaine\/wp-content\/uploads\/2016\/07\/blason-verlaine.png 1144w\" sizes=\"(max-width: 663px) 100vw, 663px\" \/><\/p>\n<p><span style=\"color: #000000;\"><strong>Conna\u00eet-il seulement son grand-p\u00e8re, Henry-Joseph d&rsquo;Arville?<\/strong><\/span><\/p>\n<p>Paul sait-il que son grand-p\u00e8re, quelques ann\u00e9es plus t\u00f4t dans le coin d&rsquo;Ardenne o\u00f9 il a \u00e9chou\u00e9, apr\u00e8s avoir \u00e9t\u00e9 clerc \u00e0 l&rsquo;abbaye de Saint-Hubert et notaire \u00e0 Bertrix, renie les pr\u00eatres, renie sa charge, applaudit \u00e0 la R\u00e9volution, scandalise puis injurie l&rsquo;Empereur? Il allait cependant ressembler \u00e0 cet a\u00efeul par l&rsquo;anarchie de sa vie, oscillant perp\u00e9tuellement entre la tonsure et le caboulot. Rien ne pr\u00e9disposait pourtant Henry-Joseph \u00e0 tant de fantaisies. Son p\u00e8re, Jean Verlaine, noblion sans doute d\u00e9chu, s&rsquo;\u00e9tait install\u00e9 paisiblement, en 1745, \u00e0 la cour Picard, berceau des Verlaine, dans le creux d&rsquo;un vallonnement de Haute-Ardennes, cern\u00e9 de bois et de bruy\u00e8res. L&rsquo;appel de l&rsquo;inconnu lui avait fait prendre la route, la sagesse a interrompu son invasion, il s&rsquo;est fix\u00e9. Cet homme qui paradait en uniforme, sabre au clair, \u00e0 la basilique de Saint-Hubert est donc \u00e0 l&rsquo;origine d&rsquo;une famille, ramifi\u00e9e qui se d\u00e9veloppe comme un \u00e9ventail dont il serait le sommet. Las de suivre les arm\u00e9es de France pendant la guerre de Succession d&rsquo;Autriche, il s&rsquo;installe sans chercher plus loin le bonheur. Arville, berceau privil\u00e9gi\u00e9 qu&rsquo;un homme a choisi pour nid. Arville qui garde jalousement le nom des Verlaine pourquoi le po\u00e8te n&rsquo;est-il pas venu te saluer?<\/p>\n<p><span style=\"color: #000000;\"><strong>Pourquoi Paul Verlaine ne revint-il jamais \u00e0 Arville?<\/strong><\/span><\/p>\n<p>Pourquoi? Verlaine a ferm\u00e9 la porte de son foyer. Il a tourn\u00e9 le dos \u00e0 jamais \u00e0 sa vie de bourgeois rang\u00e9 pour suivre la route tourment\u00e9e o\u00f9 le pousse son affectivit\u00e9 vagabonde. Il a pris son vol vers les immensit\u00e9s inconnues. Comme son p\u00e8re suit les arm\u00e9es imp\u00e9riales, Paul suit ses chim\u00e8res.<\/p>\n<p>Verlaine a ferm\u00e9 la porte de son foyer en d\u00e9truisant sa vie qui e\u00fbt pu devenir une vie sans histoire. De sa main large et velue, il d\u00e9grade tout ce qu\u2019il touche. Il renie sa maison, il reniera Paris, puis Londres; il reniera Rimbaud, il se reniera lui-m\u00eame.<\/p>\n<p>Perp\u00e9tuels retours, suivis d\u2019autant de s\u00e9parations fatales. S\u00e9parations de plus en plus violentes que sa folie compense par de larges p\u00e9riodes de paradis artificiels. Il boit pour avoir le courage de scandaliser, le courage d\u2019\u00e9tonner. Le pauvre L\u00e9lian (anagramme de Paul Verlaine) pose sa personne en r\u00e9volte <span style=\"color: #000000;\">avec<\/span> l\u2019Humanit\u00e9; il la bafoue apr\u00e8s l\u2019avoir chant\u00e9e. Il bafoue tout: l\u2019ordre et la loi. Lui, dont le c\u0153ur heurte parfois les \u00e9toiles, s\u2019ing\u00e9nie \u00e0 heurter ses semblables de son corps souill\u00e9 de boue.<\/p>\n<p><span style=\"color: #000000;\"><strong>Le vieux p\u00e2tre Jean-Hubert-Joseph Verlaine, dit:<\/strong><\/span><\/p>\n<p>\u00ab\u00a0Mon bisa\u00efeul le premier Verlaine arrive \u00e0 Braz, une paroisse pr\u00e8s de Saint-Hubert. Il se fixe \u00e0 Arville et devient propri\u00e9taire de la ferme dite \u00ab\u00a0Cour Picard\u00a0\u00bb Il eut une fille et deux fils Michel et Henri. Michel \u00e9pouse la plus belle fille des Ardennes et en a deux enfants, dont l\u2019un Fran\u00e7ois est mon p\u00e8re. Henri, lui, a deux filles et un fils Auguste, qui, par la suite, devint en France Capitaine du g\u00e9nie. Auguste eut un fils unique Paul.<\/p>\n<p>J\u2019ai vu ce dernier il y a trente ans\u00a0chez la Colonelle Grandjean, not\u2019parente en ce sens que le colonel avait mari\u00e9 sa \u00abneveuse\u00bb \u00e0 Auguste. La tante m\u2019a pr\u00e9sent\u00e9 son neveu Paul, un \u00e9tudiant de seize ans, sans barbe, v\u00eatu en bourgeois et tr\u00e8s maigre\u00a0\u00bb.<\/p>\n<p>Grave, il murmure: \u00ab\u00a0Paul et moi nous sommes les deux chefs au m\u00eame degr\u00e9 du nom de Verlaine, seulement lui est un grand monsieur de Paris et moi un paysan, un petit rien-du-tout de la for\u00eat des Ardennes.\u00a0\u00bb<\/p>\n<p>\u00ab\u00a0Voyez-vous, la famille Verlaine s\u2019est cass\u00e9e en deux: une moiti\u00e9 s\u2019en est all\u00e9e l\u00e0-bas qui ne conna\u00eet pas l\u2019autre \u2013 entre parents on est comme des morts \u2013 mais vous pouvez m\u2019en croire, c\u2019est ben d\u2019ici, c\u2019est ben d\u2019Arville que partent les Verlaine.<\/p>\n<p>Ah! J\u00e9sus-Maria, qu\u2019il vienne voir la maison paternelle- vous savez la maison \u00e0 vieille porte &#8211; qu\u2019il vienne voir la maison des deux grands-p\u00e8res!<\/p>\n<p>Cher po\u00e8te, viendras-tu jamais embrasser le bon p\u00e2tre d\u2019Ardennes\u00a0\u00bb?<\/p>\n<p><img decoding=\"async\" loading=\"lazy\" class=\"size-full wp-image-975 alignnone\" src=\"http:\/\/gsara.tv\/libramont\/routeverlaine\/wp-content\/uploads\/2016\/09\/arville-centre.jpg\" alt=\"arville-centre\" width=\"500\" height=\"309\" srcset=\"https:\/\/gsara.tv\/libramont\/routeverlaine\/wp-content\/uploads\/2016\/09\/arville-centre.jpg 500w, https:\/\/gsara.tv\/libramont\/routeverlaine\/wp-content\/uploads\/2016\/09\/arville-centre-300x185.jpg 300w\" sizes=\"(max-width: 500px) 100vw, 500px\" \/><a href=\"https:\/\/gsara.tv\/libramont\/routeverlaine\/musiques\/green-leo-ferre\/\"><img decoding=\"async\" loading=\"lazy\" class=\"wp-image-2137 alignright\" src=\"http:\/\/gsara.tv\/libramont\/routeverlaine\/wp-content\/uploads\/2017\/01\/ICONE-MUSIQUE-11.png\" alt=\"\" width=\"155\" height=\"155\" srcset=\"https:\/\/gsara.tv\/libramont\/routeverlaine\/wp-content\/uploads\/2017\/01\/ICONE-MUSIQUE-11.png 256w, https:\/\/gsara.tv\/libramont\/routeverlaine\/wp-content\/uploads\/2017\/01\/ICONE-MUSIQUE-11-150x150.png 150w\" sizes=\"(max-width: 155px) 100vw, 155px\" \/><\/a><\/p>\n","protected":false},"excerpt":{"rendered":"<p>\u00a0 Jean Verlaine, l&rsquo;arri\u00e8re-grand-p\u00e8re d&rsquo;Arville, un noblion d\u00e9chu? Conna\u00eet-il seulement son grand-p\u00e8re, Henry-Joseph d&rsquo;Arville? Paul sait-il que son grand-p\u00e8re, quelques ann\u00e9es plus t\u00f4t dans le coin d&rsquo;Ardenne o\u00f9 il a \u00e9chou\u00e9, apr\u00e8s avoir \u00e9t\u00e9 clerc \u00e0 l&rsquo;abbaye de Saint-Hubert et notaire \u00e0 Bertrix, renie les pr\u00eatres, renie sa charge, applaudit \u00e0 la R\u00e9volution, scandalise puis [&hellip;]<\/p>\n","protected":false},"author":3,"featured_media":0,"parent":0,"menu_order":0,"comment_status":"closed","ping_status":"closed","template":"","meta":{"_mi_skip_tracking":false},"_links":{"self":[{"href":"https:\/\/gsara.tv\/libramont\/routeverlaine\/wp-json\/wp\/v2\/pages\/644"}],"collection":[{"href":"https:\/\/gsara.tv\/libramont\/routeverlaine\/wp-json\/wp\/v2\/pages"}],"about":[{"href":"https:\/\/gsara.tv\/libramont\/routeverlaine\/wp-json\/wp\/v2\/types\/page"}],"author":[{"embeddable":true,"href":"https:\/\/gsara.tv\/libramont\/routeverlaine\/wp-json\/wp\/v2\/users\/3"}],"replies":[{"embeddable":true,"href":"https:\/\/gsara.tv\/libramont\/routeverlaine\/wp-json\/wp\/v2\/comments?post=644"}],"version-history":[{"count":61,"href":"https:\/\/gsara.tv\/libramont\/routeverlaine\/wp-json\/wp\/v2\/pages\/644\/revisions"}],"predecessor-version":[{"id":2302,"href":"https:\/\/gsara.tv\/libramont\/routeverlaine\/wp-json\/wp\/v2\/pages\/644\/revisions\/2302"}],"wp:attachment":[{"href":"https:\/\/gsara.tv\/libramont\/routeverlaine\/wp-json\/wp\/v2\/media?parent=644"}],"curies":[{"name":"wp","href":"https:\/\/api.w.org\/{rel}","templated":true}]}}