{"id":73,"date":"2016-04-22T10:36:13","date_gmt":"2016-04-22T09:36:13","guid":{"rendered":"http:\/\/gsara.tv\/libramont\/routeverlaine\/?page_id=73"},"modified":"2017-05-19T09:12:13","modified_gmt":"2017-05-19T08:12:13","slug":"grand-place","status":"publish","type":"page","link":"https:\/\/gsara.tv\/libramont\/routeverlaine\/paliseul\/grand-place\/","title":{"rendered":"Grand-Place"},"content":{"rendered":"<p>&nbsp;<\/p>\n<p><iframe loading=\"lazy\" class=\"juxtapose\" src=\"https:\/\/cdn.knightlab.com\/libs\/juxtapose\/latest\/embed\/index.html?uid=65091b62-a103-11e6-81ab-0edaf8f81e27\" width=\"100%\" height=\"450\" frameborder=\"0\"><\/iframe><\/p>\n<p class=\"western\">C&rsquo;est de la malle poste venant de Sedan, et apr\u00e8s un arr\u00eat \u00e0 Bouillon, que d\u00e9barque, sur la Grand-Place paliseuloise, notre vacancier. Tr\u00e8s vite, il se lie d&rsquo;amiti\u00e9 avec les enfants du voisinage qui deviennent ses compagnons de jeux: Hector P\u00e9rot et sa s\u0153ur Clarisse, Henriette Istace et ses fr\u00e8res Philippe et Eug\u00e8ne, et Jean-Baptiste Dewez, orphelin bruxellois n\u00e9 le 3 d\u00e9cembre 1841, confi\u00e9 \u00e0 son oncle Charles, greffier de la Justice de Paix; les retrouvailles annuelles renfor\u00e7ant les liens \u00e9troits entre les quatre amis.<\/p>\n<p><strong>Paysages<\/strong><\/p>\n<p>Au pays de mon p\u00e8re on voit des bois sans nombre.<br \/>\nL\u00e0 des loups font parfois luire leurs yeux dans l&rsquo;ombre<br \/>\nEt la myrtille est noire au pied du ch\u00eane vert.<br \/>\nNoire de profondeur, sur l&rsquo;\u00e9tang d\u00e9couvert,<br \/>\nSous la bise soufflant balsamiquement dure<a href=\"http:\/\/gsara.tv\/libramont\/routeverlaine\/wp-content\/uploads\/2016\/11\/Paysage-de-Paliseul-1.jpg\"><img decoding=\"async\" loading=\"lazy\" class=\"alignright wp-image-1682 \" src=\"http:\/\/gsara.tv\/libramont\/routeverlaine\/wp-content\/uploads\/2016\/11\/Paysage-de-Paliseul-1-300x208.jpg\" alt=\"paysage-de-paliseul-1\" width=\"301\" height=\"208\" srcset=\"https:\/\/gsara.tv\/libramont\/routeverlaine\/wp-content\/uploads\/2016\/11\/Paysage-de-Paliseul-1-300x208.jpg 300w, https:\/\/gsara.tv\/libramont\/routeverlaine\/wp-content\/uploads\/2016\/11\/Paysage-de-Paliseul-1-768x532.jpg 768w, https:\/\/gsara.tv\/libramont\/routeverlaine\/wp-content\/uploads\/2016\/11\/Paysage-de-Paliseul-1-1024x709.jpg 1024w, https:\/\/gsara.tv\/libramont\/routeverlaine\/wp-content\/uploads\/2016\/11\/Paysage-de-Paliseul-1-1386x960.jpg 1386w\" sizes=\"(max-width: 301px) 100vw, 301px\" \/><\/a><br \/>\nL&rsquo;eau saute \u00e0 petits flots, min\u00e9ralement pure.<br \/>\nLes villages de pierre ardoisi\u00e8re aux toits bleus<br \/>\nOnt leur pacage et leur labourage autour d&rsquo;eux.<br \/>\nDu b\u00e9tail non pareil s&rsquo;y fait des chairs friandes<br \/>\nSauvagement un peu parmi les hautes viandes;<br \/>\nEt l&rsquo;habitant, gr\u00e2ce \u00e0 la Foi sauve, est heureux.<\/p>\n<p>Au pays de ma m\u00e8re est un sol plantureux<br \/>\nO\u00f9 l&rsquo;homme, doux et fort, vit prince de la plaine<br \/>\nDe patients travaux pour quelles moissons pleine,<br \/>\nAvec, rares, des bouquets d&rsquo;arbres et de l&rsquo;eau.<a href=\"http:\/\/gsara.tv\/libramont\/routeverlaine\/wp-content\/uploads\/2016\/11\/paliseul-1.jpg\"><img decoding=\"async\" loading=\"lazy\" class=\"alignright wp-image-1523 \" src=\"http:\/\/gsara.tv\/libramont\/routeverlaine\/wp-content\/uploads\/2016\/11\/paliseul-1-300x225.jpg\" alt=\"paliseul-1\" width=\"300\" height=\"225\" srcset=\"https:\/\/gsara.tv\/libramont\/routeverlaine\/wp-content\/uploads\/2016\/11\/paliseul-1-300x225.jpg 300w, https:\/\/gsara.tv\/libramont\/routeverlaine\/wp-content\/uploads\/2016\/11\/paliseul-1-768x576.jpg 768w, https:\/\/gsara.tv\/libramont\/routeverlaine\/wp-content\/uploads\/2016\/11\/paliseul-1-1024x768.jpg 1024w, https:\/\/gsara.tv\/libramont\/routeverlaine\/wp-content\/uploads\/2016\/11\/paliseul-1-1280x960.jpg 1280w\" sizes=\"(max-width: 300px) 100vw, 300px\" \/><\/a><br \/>\nL&rsquo;industrie a sali par places ce tableau<br \/>\nDe paix patriarcale et de campagne dense<br \/>\nEt compromis jusqu&rsquo;\u00e0 des points cette abondance,<br \/>\nMais l&rsquo;ensemble est rest\u00e9, somme toute, tr\u00e8s bien.<br \/>\nLe peuple est froid et chaud, non sans un fond chr\u00e9tien.<br \/>\nBelle, tr\u00e8s au-dessus de toute la contr\u00e9e,<br \/>\nSe dresse \u00e9perdument la tour d\u00e9mesur\u00e9e<br \/>\nD&rsquo;un gothique beffroi sur le ciel balanc\u00e9<br \/>\nAttestant les devoirs et les droits du pass\u00e9,<br \/>\nEt tout en haut de lui le grand lion de Flandre<br \/>\nHurle en cris d&rsquo;or dans l&rsquo;air moderne: \u00ab\u00a0Osez les prendre!\u00a0\u00bb&#8230;<\/p>\n<p>Extrait de <em>Amour.<\/em><\/p>\n<p><a href=\"https:\/\/soundcloud.com\/user-203063904\/charles-trenet-chanson-dautomne-poeme-de-paul-verlaine\"><img decoding=\"async\" loading=\"lazy\" class=\"wp-image-2137 alignleft\" src=\"http:\/\/gsara.tv\/libramont\/routeverlaine\/wp-content\/uploads\/2017\/01\/ICONE-MUSIQUE-11.png\" alt=\"\" width=\"105\" height=\"105\" srcset=\"https:\/\/gsara.tv\/libramont\/routeverlaine\/wp-content\/uploads\/2017\/01\/ICONE-MUSIQUE-11.png 256w, https:\/\/gsara.tv\/libramont\/routeverlaine\/wp-content\/uploads\/2017\/01\/ICONE-MUSIQUE-11-150x150.png 150w\" sizes=\"(max-width: 105px) 100vw, 105px\" \/><\/a><\/p>\n<p>&nbsp;<\/p>\n<p><a href=\"http:\/\/gsara.tv\/libramont\/routeverlaine\/paliseul\/\"><img decoding=\"async\" loading=\"lazy\" class=\"alignright wp-image-1841 size-medium\" src=\"http:\/\/gsara.tv\/libramont\/routeverlaine\/wp-content\/uploads\/2016\/12\/infoPaliseul-300x264.jpg\" width=\"300\" height=\"264\" srcset=\"https:\/\/gsara.tv\/libramont\/routeverlaine\/wp-content\/uploads\/2016\/12\/infoPaliseul-300x264.jpg 300w, https:\/\/gsara.tv\/libramont\/routeverlaine\/wp-content\/uploads\/2016\/12\/infoPaliseul.jpg 545w\" sizes=\"(max-width: 300px) 100vw, 300px\" \/><\/a><\/p>\n","protected":false},"excerpt":{"rendered":"<p>&nbsp; C&rsquo;est de la malle poste venant de Sedan, et apr\u00e8s un arr\u00eat \u00e0 Bouillon, que d\u00e9barque, sur la Grand-Place paliseuloise, notre vacancier. Tr\u00e8s vite, il se lie d&rsquo;amiti\u00e9 avec les enfants du voisinage qui deviennent ses compagnons de jeux: Hector P\u00e9rot et sa s\u0153ur Clarisse, Henriette Istace et ses fr\u00e8res Philippe et Eug\u00e8ne, et [&hellip;]<\/p>\n","protected":false},"author":3,"featured_media":0,"parent":20,"menu_order":0,"comment_status":"closed","ping_status":"closed","template":"","meta":{"_mi_skip_tracking":false},"_links":{"self":[{"href":"https:\/\/gsara.tv\/libramont\/routeverlaine\/wp-json\/wp\/v2\/pages\/73"}],"collection":[{"href":"https:\/\/gsara.tv\/libramont\/routeverlaine\/wp-json\/wp\/v2\/pages"}],"about":[{"href":"https:\/\/gsara.tv\/libramont\/routeverlaine\/wp-json\/wp\/v2\/types\/page"}],"author":[{"embeddable":true,"href":"https:\/\/gsara.tv\/libramont\/routeverlaine\/wp-json\/wp\/v2\/users\/3"}],"replies":[{"embeddable":true,"href":"https:\/\/gsara.tv\/libramont\/routeverlaine\/wp-json\/wp\/v2\/comments?post=73"}],"version-history":[{"count":58,"href":"https:\/\/gsara.tv\/libramont\/routeverlaine\/wp-json\/wp\/v2\/pages\/73\/revisions"}],"predecessor-version":[{"id":287,"href":"https:\/\/gsara.tv\/libramont\/routeverlaine\/wp-json\/wp\/v2\/pages\/73\/revisions\/287"}],"up":[{"embeddable":true,"href":"https:\/\/gsara.tv\/libramont\/routeverlaine\/wp-json\/wp\/v2\/pages\/20"}],"wp:attachment":[{"href":"https:\/\/gsara.tv\/libramont\/routeverlaine\/wp-json\/wp\/v2\/media?parent=73"}],"curies":[{"name":"wp","href":"https:\/\/api.w.org\/{rel}","templated":true}]}}