{"id":91,"date":"2016-04-22T12:02:26","date_gmt":"2016-04-22T11:02:26","guid":{"rendered":"http:\/\/gsara.tv\/libramont\/routeverlaine\/?page_id=91"},"modified":"2017-05-19T09:17:27","modified_gmt":"2017-05-19T08:17:27","slug":"maison-francken","status":"publish","type":"page","link":"https:\/\/gsara.tv\/libramont\/routeverlaine\/paliseul\/maison-francken\/","title":{"rendered":"Optique Douret (Maison Grandjean Verlaine dite Maison Francken)"},"content":{"rendered":"<p>&nbsp;<\/p>\n<p><iframe loading=\"lazy\" class=\"juxtapose\" src=\"https:\/\/cdn.knightlab.com\/libs\/juxtapose\/latest\/embed\/index.html?uid=54f987c0-2ee4-11e6-a524-0e7075bba956\" width=\"100%\" height=\"280\" frameborder=\"0\"><\/iframe><\/p>\n<p>Cette maison cossue construite en 1827 au lendemain de l&rsquo;incendie qui ravagea tout ce quartier, appartenait \u00e0 Marie Jeanne Dupuis veuve Philippe Hennequin et \u00e9tait lou\u00e9e depuis 1846 par le couple Grandjean-Verlaine: c&rsquo;est donc l\u00e0 qu&rsquo;a s\u00e9journ\u00e9 Paul Verlaine durant ses vacances paliseuloises.<\/p>\n<p>Dans la description de cette habitation lors de l&rsquo;\u00e9tablissement de l&rsquo;acte de location, on rel\u00e8ve qu&rsquo;elle comprenait \u00e9galement une \u00e9curie et une grange. De cette demeure, le po\u00e8te en donne aussi de nombreux d\u00e9tails. Parfois d\u00e9nomm\u00e9 par les Paliseulois \u00ab\u00a0Maison Franken\u00a0\u00bb, ce b\u00e2timent a toujours servi de maison d&rsquo;habitation, mais les derni\u00e8res transformations entreprises par son propri\u00e9taire, l&rsquo;ont profond\u00e9ment modifi\u00e9 lui faisant ainsi perdre son cachet originel. Actuellement, deux commerces occupent son rez-de-chauss\u00e9e.<\/p>\n<p><strong>Tante Henriette<\/strong><\/p>\n<p class=\"western\"><span style=\"font-family: Bookman Old Style,serif;\"><span style=\"font-size: medium;\">En 1849,<\/span><\/span> fuyant une \u00e9pid\u00e9mie de chol\u00e9ra qui s\u00e9vissait \u00e0 Metz, le jeune Paul et ses parents viennent s\u00e9journer quelques temps chez la tante Louise Henriette, veuve depuis quelques mois; \u00e0 partir de cette date, c&rsquo;est presque annuellement que le futur po\u00e8te viendra r\u00e9guli\u00e8rement passer ses vacances dans <em>ce coin d&rsquo;Ardenne\u2026 sauvage en diable avec des habitants tr\u00e8s doux<\/em>\u2026 qu &lsquo;il appr\u00e9ciera beaucoup et qui l&rsquo;inspirera dans bon nombre de ses \u0153uvres.<br \/>\n<em>Je me souviens de la grange parfum\u00e9e des foins d&rsquo;il y a 2 ou 3 mois et de la bonne odeur de l&rsquo;\u00e9table o\u00f9 ruminaient et mugissaient de belles vaches donneuses de quel lait!<\/em><\/p>\n<p>Mais o\u00f9 \u00e9tait situ\u00e9e la demeure de la tante Louise Henriette \u2026 ma tante, s\u00e9v\u00e8re et de toute bont\u00e9? Un bail de location, r\u00e9dig\u00e9 le 18 octobre 1846, l\u00e8ve toute ambigu\u00eft\u00e9 et apporte toutes les pr\u00e9cisions sur l&#8217;emplacement de cette maison.<\/p>\n<p>Les fr\u00e9quentations tant religieuses que la\u00efques de la tante Henriette Grandjean-Verlaine la pla\u00e7aient dans la \u00ab\u00a0bonne soci\u00e9t\u00e9\u00a0\u00bb, ce que laisse deviner la correspondance priv\u00e9e. Avec son fr\u00e8re Nicolas Verlaine, elle entretenait l&rsquo;amiti\u00e9 des \u00e9poux P\u00e9rot, synonyme de relations de bon aloi.<\/p>\n<p><em>Ils se tenaient assez haut et habitaient une belle maison dans la large rue de l&rsquo;\u00e9glise \u00e0 Paliseul.<\/em><\/p>\n<p>D&rsquo;abord receveur des postes, Joseph P\u00e9rot fut nomm\u00e9 bourgmestre de Paliseul; il avait \u00e9pous\u00e9 Eug\u00e9nie Poncelet, dont la famille ne manquait pas d&rsquo;honorabilit\u00e9.<\/p>\n<p>&nbsp;<\/p>\n<p>&nbsp;<\/p>\n<div class=\"csRow\">\n<div class=\"csColumnGap\" style=\"margin: 0px; padding: 0px; float: left; width: 1.56%;\"><img decoding=\"async\" src=\"http:\/\/gsara.tv\/libramont\/routeverlaine\/wp-content\/plugins\/advanced-wp-columns\/assets\/js\/plugins\/views\/img\/1x1-pixel.png\" \/><\/div>\n<div class=\"csColumn\" style=\"margin: 0px; padding: 0px; float: left; width: 47.7%;\" data-csstartpoint=\"14.999998701171876\" data-csendpoint=\"472.4999987011719\" data-cswidth=\"47.7%\" data-csid=\"90980e75-5670-33c5-a2bd-65537ebc7ecb\"><\/div>\n<div class=\"csColumnGap\" style=\"margin: 0px; padding: 0px; float: left; width: 1.56%;\"><img decoding=\"async\" src=\"http:\/\/gsara.tv\/libramont\/routeverlaine\/wp-content\/plugins\/advanced-wp-columns\/assets\/js\/plugins\/views\/img\/1x1-pixel.png\" \/><\/div>\n<div class=\"csColumn\" style=\"margin: 0px; padding: 0px; float: left; width: 47.7%;\" data-csstartpoint=\"487.50002921875\" data-csendpoint=\"945.00002921875\" data-cswidth=\"47.7%\" data-csid=\"37602a61-33f6-ea43-b372-473d2a5bc31f\">\n<p>L&rsquo;un des fr\u00e8res de Mme P\u00e9rot, Eug\u00e9nius Poncelet, avait \u00e9tudi\u00e9 la philosophie et l&rsquo;histoire \u00e0 l&rsquo;Universit\u00e9, tant \u00e0 Louvain qu&rsquo;\u00e0 Li\u00e8ge. Il fut d&rsquo;abord inspecteur cantonal \u00e0 Paliseul, Bouillon et Wellin, puis devint conseiller provincial en m\u00eame temps que secr\u00e9taire communal d&rsquo;Offagne, l\u00e0 o\u00f9 il r\u00e9sidait.<\/p>\n<p>\u00ab\u00a0Portraitur\u00e9e par Trouillet, photographe \u00e0 Paris-Batignolles lors d&rsquo;un s\u00e9jour chez son fr\u00e8re, tante Henriette est une dame aust\u00e8re mais bienveillante. Cheveux en torsades sous le bonnet blanc, elle tr\u00f4ne, assise bien droite, le bras droit appuy\u00e9 sur le gu\u00e9ridon, la jupe de l&rsquo;ample robe noire \u00e0 capeline en pointe majestueusement \u00e9tal\u00e9e. Elle porte fi\u00e8rement \u00e0 Paris la dignit\u00e9 de Paliseul.\u00a0\u00bb<\/p>\n<p>Tante Henriette semblait encore vivre dans l&rsquo;aisance ancienne, en adoptant certaines attitudes de douairi\u00e8re, pr\u00f4nant les pr\u00e9ceptes en vigueur dans ce si\u00e8cle moraliste. Veuve sans enfant, elle avait d\u00e9sign\u00e9 son neveu et filleul Paul comme l\u00e9gataire universel. (d&rsquo;apr\u00e8s Danielle Chanteux- Van Gottom, <em>Paul Verlaine et l&rsquo;Ardenne<\/em>)<\/p>\n<p>Le d\u00e9c\u00e8s de sa tante\u00a0 le 23 mars 1869, le voit revenir \u00e0 Paliseul pour assister aux obs\u00e8ques. Pendant deux jours, il fr\u00e9quente les cabarets, s&rsquo;enivrant en compagnie de quelques jeunes hommes du village. Avant de quitter Paliseul, il fait et constitue, par un acte pass\u00e9 le 25 mars devant Ma\u00eetre Eug\u00e8ne Poncelet, notaire \u00e0 r\u00e9sidence de Paliseul, Jean Joseph P\u00e9rot bourgmestre du lieu, pour son mandataire g\u00e9n\u00e9ral dans le r\u00e8glement de la succession de sa tante; les quelques biens de la d\u00e9funte lui revenant pour moiti\u00e9, l&rsquo;autre part \u00e0 sa tante Julie de J\u00e9honville.<\/p>\n<\/div>\n<div class=\"csColumnGap\" style=\"margin: 0px; padding: 0px; float: left; width: 1.56%;\"><img decoding=\"async\" src=\"http:\/\/gsara.tv\/libramont\/routeverlaine\/wp-content\/plugins\/advanced-wp-columns\/assets\/js\/plugins\/views\/img\/1x1-pixel.png\" \/><\/div>\n<div style=\"clear: both; float: none; display: block; visibility: hidden; width: 0px; font-size: 0px; line-height: 0;\">\n<div class=\"wp-menu-arrow\"><\/div>\n<div class=\"wp-menu-image dashicons-before dashicons-admin-page\"><\/div>\n<div class=\"wp-menu-name\">Pages<\/div>\n<\/div>\n<\/div>\n<p>&nbsp;<\/p>\n<p>&nbsp;<\/p>\n<div class=\"entry-content\">\n<p><iframe loading=\"lazy\" width=\"1000\" height=\"400\" scrolling=\"no\" frameborder=\"no\" src=\"https:\/\/w.soundcloud.com\/player\/?visual=true&#038;url=https%3A%2F%2Fapi.soundcloud.com%2Ftracks%2F276612968&#038;show_artwork=true&#038;maxwidth=1000&#038;maxheight=1000\"><\/iframe><\/p>\n<p><a href=\"http:\/\/gsara.tv\/libramont\/routeverlaine\/paliseul\/\"><img decoding=\"async\" loading=\"lazy\" class=\"alignright wp-image-1841 size-medium\" src=\"http:\/\/gsara.tv\/libramont\/routeverlaine\/wp-content\/uploads\/2016\/12\/infoPaliseul-300x264.jpg\" width=\"300\" height=\"264\" srcset=\"https:\/\/gsara.tv\/libramont\/routeverlaine\/wp-content\/uploads\/2016\/12\/infoPaliseul-300x264.jpg 300w, https:\/\/gsara.tv\/libramont\/routeverlaine\/wp-content\/uploads\/2016\/12\/infoPaliseul.jpg 545w\" sizes=\"(max-width: 300px) 100vw, 300px\" \/><\/a><\/p>\n<\/div>\n","protected":false},"excerpt":{"rendered":"<p>&nbsp; Cette maison cossue construite en 1827 au lendemain de l&rsquo;incendie qui ravagea tout ce quartier, appartenait \u00e0 Marie Jeanne Dupuis veuve Philippe Hennequin et \u00e9tait lou\u00e9e depuis 1846 par le couple Grandjean-Verlaine: c&rsquo;est donc l\u00e0 qu&rsquo;a s\u00e9journ\u00e9 Paul Verlaine durant ses vacances paliseuloises. Dans la description de cette habitation lors de l&rsquo;\u00e9tablissement de l&rsquo;acte [&hellip;]<\/p>\n","protected":false},"author":3,"featured_media":0,"parent":20,"menu_order":0,"comment_status":"closed","ping_status":"closed","template":"","meta":{"_mi_skip_tracking":false},"_links":{"self":[{"href":"https:\/\/gsara.tv\/libramont\/routeverlaine\/wp-json\/wp\/v2\/pages\/91"}],"collection":[{"href":"https:\/\/gsara.tv\/libramont\/routeverlaine\/wp-json\/wp\/v2\/pages"}],"about":[{"href":"https:\/\/gsara.tv\/libramont\/routeverlaine\/wp-json\/wp\/v2\/types\/page"}],"author":[{"embeddable":true,"href":"https:\/\/gsara.tv\/libramont\/routeverlaine\/wp-json\/wp\/v2\/users\/3"}],"replies":[{"embeddable":true,"href":"https:\/\/gsara.tv\/libramont\/routeverlaine\/wp-json\/wp\/v2\/comments?post=91"}],"version-history":[{"count":63,"href":"https:\/\/gsara.tv\/libramont\/routeverlaine\/wp-json\/wp\/v2\/pages\/91\/revisions"}],"predecessor-version":[{"id":2311,"href":"https:\/\/gsara.tv\/libramont\/routeverlaine\/wp-json\/wp\/v2\/pages\/91\/revisions\/2311"}],"up":[{"embeddable":true,"href":"https:\/\/gsara.tv\/libramont\/routeverlaine\/wp-json\/wp\/v2\/pages\/20"}],"wp:attachment":[{"href":"https:\/\/gsara.tv\/libramont\/routeverlaine\/wp-json\/wp\/v2\/media?parent=91"}],"curies":[{"name":"wp","href":"https:\/\/api.w.org\/{rel}","templated":true}]}}