{"id":251,"date":"2020-12-06T11:16:22","date_gmt":"2020-12-06T10:16:22","guid":{"rendered":"https:\/\/gsara.tv\/teletravailler\/?page_id=251"},"modified":"2020-12-06T12:27:19","modified_gmt":"2020-12-06T11:27:19","slug":"outils","status":"publish","type":"page","link":"https:\/\/gsara.tv\/teletravailler\/outils\/","title":{"rendered":"Outils"},"content":{"rendered":"\n<figure class=\"wp-block-image size-large\"><img loading=\"lazy\" decoding=\"async\" width=\"753\" height=\"1024\" src=\"https:\/\/gsara.tv\/teletravailler\/wp-content\/uploads\/2020\/11\/DIAGRAMME-03-753x1024.png\" alt=\"\" class=\"wp-image-205\" srcset=\"https:\/\/gsara.tv\/teletravailler\/wp-content\/uploads\/2020\/11\/DIAGRAMME-03-753x1024.png 753w, https:\/\/gsara.tv\/teletravailler\/wp-content\/uploads\/2020\/11\/DIAGRAMME-03-221x300.png 221w, https:\/\/gsara.tv\/teletravailler\/wp-content\/uploads\/2020\/11\/DIAGRAMME-03-768x1044.png 768w, https:\/\/gsara.tv\/teletravailler\/wp-content\/uploads\/2020\/11\/DIAGRAMME-03-1129x1536.png 1129w, https:\/\/gsara.tv\/teletravailler\/wp-content\/uploads\/2020\/11\/DIAGRAMME-03.png 1200w\" sizes=\"(max-width: 706px) 89vw, (max-width: 767px) 82vw, 740px\" \/><\/figure>\n\n\n\n<p>Plusieurs solutions existent depuis plusieurs ann\u00e9es et r\u00e9pondent \u00e0 diff\u00e9rents besoins.<br><br> <strong><a rel=\"noreferrer noopener\" href=\"https:\/\/jitsi.org\" target=\"_blank\">Jitsi Meet<\/a><\/strong>, par exemple, permet de cr\u00e9er des visioconf\u00e9rences dans un simple navigateur web et sans besoin de cr\u00e9er un compte sur la plateforme. <br><\/p>\n\n\n\n<p><strong><a rel=\"noreferrer noopener\" href=\"https:\/\/bigbluebutton.org\/\" target=\"_blank\">BigBlueButton<\/a><\/strong> est \u00e9galement une solution de visioconf\u00e9rence pens\u00e9e pour les cours en ligne qui permet aux professeurs d\u2019interagir avec les \u00e9l\u00e8ves de diff\u00e9rentes mani\u00e8res : sondages, annotations sur l\u2019\u00e9cran, sous-salles de r\u00e9unions temporaires, prise de notes collectives\u2026 <br><br><strong><a rel=\"noreferrer noopener\" href=\"https:\/\/nextcloud.org\/\" target=\"_blank\">Nextcloud<\/a><\/strong> est un logiciel complet de \u00ab\u202fcloud\u202f\u00bb qui permet de stocker, de partager et aussi d\u2019\u00e9diter des documents en ligne gr\u00e2ce \u00e0 <em><a rel=\"noreferrer noopener\" href=\"https:\/\/www.libreoffice.org\/download\/libreoffice-online\/\" target=\"_blank\">LibreOffice Online<\/a><\/em> , <a rel=\"noreferrer noopener\" href=\"https:\/\/www.collaboraoffice.com\/\" data-type=\"URL\" data-id=\"https:\/\/www.collaboraoffice.com\/\" target=\"_blank\"><em>Collabora<\/em> <\/a>ou <em><a rel=\"noreferrer noopener\" href=\"https:\/\/www.onlyoffice.com\/fr\/\" target=\"_blank\">OnlyOffice<\/a><\/em>, qui peuvent l\u2019un ou l\u2019autre \u00eatre int\u00e9gr\u00e9s dans Nextcloud, tout comme d\u2019autres \u00ab\u202fapps\u202f\u00bb qui en \u00e9tendent les possibilit\u00e9s. <br><br><strong><a rel=\"noreferrer noopener\" href=\"https:\/\/etherpad.org\/\" target=\"_blank\">Etherpad<\/a> <\/strong>est un bloc-notes l\u00e9ger, participatif, en temps r\u00e9el et en ligne qui permet \u00e0 plusieurs personnes d\u2019\u00e9crire et travailler en m\u00eame temps sur une m\u00eame page. <br><br>Pour le courrier \u00e9lectronique, <strong><a rel=\"noreferrer noopener\" href=\"https:\/\/mailcow.email\/\" target=\"_blank\">Mailcow<\/a> <\/strong>est un serveur mail complet qui permet, c\u00f4t\u00e9 \u00ab\u202fadministration\u202f\u00bb, de g\u00e9rer facilement des boites aux lettres utilisateurs, les outils de s\u00e9curit\u00e9, filtres de spam, antivirus\u2026 et qui, c\u00f4t\u00e9 \u00ab\u202futilisation\u202f\u00bb, int\u00e8gre <strong><a rel=\"noreferrer noopener\" href=\"https:\/\/sogo.nu\/\" target=\"_blank\">SOGo<\/a><\/strong> une interface compl\u00e8te de webmail avec toutes les fonctionnalit\u00e9s n\u00e9cessaires : dossiers, filtres, fils de discussions, alias, identit\u00e9s et une gestion fine des calendriers et carnets d\u2019adresses et de leurs partages.<br><br> <strong><a rel=\"noreferrer noopener\" href=\"https:\/\/mattermost.org\/\" target=\"_blank\">Mattermost<\/a><\/strong>, quant \u00e0 lui, permet de communiquer en direct dans des canaux publics ou priv\u00e9s, de g\u00e9rer des \u00e9quipes, joindre des liens, images, documents et d\u2019envoyer des notifications \u00e0 ses membres. <br><br>Il existe \u00e9galement <strong><a rel=\"noreferrer noopener\" href=\"https:\/\/element.io\/\" target=\"_blank\">Element<\/a><\/strong>, un syst\u00e8me de messagerie instantan\u00e9e, qui permet, tant sur t\u00e9l\u00e9phone que depuis n\u2019importe quel ordinateur, des conversations de pair \u00e0 pair ou dans des groupes avec la possibilit\u00e9 de chiffrer les conversations et de s\u2019\u00e9changer des fichiers, il permet aussi, en y int\u00e9grant Jitsi Meet, de passer des appels audio ou vid\u00e9o directement depuis son interface.<\/p>\n","protected":false},"excerpt":{"rendered":"<p>Plusieurs solutions existent depuis plusieurs ann\u00e9es et r\u00e9pondent \u00e0 diff\u00e9rents besoins. Jitsi Meet, par exemple, permet de cr\u00e9er des visioconf\u00e9rences dans un simple navigateur web et sans besoin de cr\u00e9er un compte sur la plateforme. BigBlueButton est \u00e9galement une solution de visioconf\u00e9rence pens\u00e9e pour les cours en ligne qui permet aux professeurs d\u2019interagir avec les &hellip; <\/p>\n<p class=\"link-more\"><a href=\"https:\/\/gsara.tv\/teletravailler\/outils\/\" class=\"more-link\">Continuer la lecture<span class=\"screen-reader-text\"> de &laquo;&nbsp;Outils&nbsp;&raquo;<\/span><\/a><\/p>\n","protected":false},"author":2,"featured_media":0,"parent":0,"menu_order":0,"comment_status":"closed","ping_status":"closed","template":"","meta":{"footnotes":""},"_links":{"self":[{"href":"https:\/\/gsara.tv\/teletravailler\/wp-json\/wp\/v2\/pages\/251"}],"collection":[{"href":"https:\/\/gsara.tv\/teletravailler\/wp-json\/wp\/v2\/pages"}],"about":[{"href":"https:\/\/gsara.tv\/teletravailler\/wp-json\/wp\/v2\/types\/page"}],"author":[{"embeddable":true,"href":"https:\/\/gsara.tv\/teletravailler\/wp-json\/wp\/v2\/users\/2"}],"replies":[{"embeddable":true,"href":"https:\/\/gsara.tv\/teletravailler\/wp-json\/wp\/v2\/comments?post=251"}],"version-history":[{"count":2,"href":"https:\/\/gsara.tv\/teletravailler\/wp-json\/wp\/v2\/pages\/251\/revisions"}],"predecessor-version":[{"id":263,"href":"https:\/\/gsara.tv\/teletravailler\/wp-json\/wp\/v2\/pages\/251\/revisions\/263"}],"wp:attachment":[{"href":"https:\/\/gsara.tv\/teletravailler\/wp-json\/wp\/v2\/media?parent=251"}],"curies":[{"name":"wp","href":"https:\/\/api.w.org\/{rel}","templated":true}]}}