{"id":71,"date":"2020-12-01T18:50:07","date_gmt":"2020-12-01T17:50:07","guid":{"rendered":"https:\/\/gsara.tv\/campagne2020\/?page_id=71"},"modified":"2020-12-05T13:11:13","modified_gmt":"2020-12-05T12:11:13","slug":"qui-sommes-nous","status":"publish","type":"page","link":"https:\/\/gsara.tv\/teletravailler\/qui-sommes-nous\/","title":{"rendered":"Qui sommes-nous ?"},"content":{"rendered":"\n<p>Le GSARA, en tant que mouvement d\u2019\u00c9ducation permanente, travaille \u00e0 la mise en place de campagnes de sensibilisation afin d\u2019agiter la pens\u00e9e critique, de cr\u00e9er du d\u00e9bat, de soulever des doutes, d\u2019enrayer la m\u00e9canique du pr\u00eat-\u00e0-penser et de se r\u00e9approprier les possibilit\u00e9s de changement. De mani\u00e8re g\u00e9n\u00e9rale, le GSARA construit une r\u00e9flexion sur l\u2019audiovisuel, les m\u00e9dias et le num\u00e9rique. <br><\/p>\n\n\n\n<p>Pour en savoir plus sur nos campagnes et nos activit\u00e9s :<br><a rel=\"noreferrer noopener\" href=\"https:\/\/www.gsara.be\/category\/opinionsetdecryptage\/\" target=\"_blank\">gsara.be<\/a><\/p>\n\n\n\n<p><br><\/p>\n","protected":false},"excerpt":{"rendered":"<p>Le GSARA, en tant que mouvement d\u2019\u00c9ducation permanente, travaille \u00e0 la mise en place de campagnes de sensibilisation afin d\u2019agiter la pens\u00e9e critique, de cr\u00e9er du d\u00e9bat, de soulever des doutes, d\u2019enrayer la m\u00e9canique du pr\u00eat-\u00e0-penser et de se r\u00e9approprier les possibilit\u00e9s de changement. De mani\u00e8re g\u00e9n\u00e9rale, le GSARA construit une r\u00e9flexion sur l\u2019audiovisuel, les &hellip; <\/p>\n<p class=\"link-more\"><a href=\"https:\/\/gsara.tv\/teletravailler\/qui-sommes-nous\/\" class=\"more-link\">Continuer la lecture<span class=\"screen-reader-text\"> de &laquo;&nbsp;Qui sommes-nous ?&nbsp;&raquo;<\/span><\/a><\/p>\n","protected":false},"author":2,"featured_media":0,"parent":0,"menu_order":0,"comment_status":"closed","ping_status":"closed","template":"","meta":{"footnotes":""},"_links":{"self":[{"href":"https:\/\/gsara.tv\/teletravailler\/wp-json\/wp\/v2\/pages\/71"}],"collection":[{"href":"https:\/\/gsara.tv\/teletravailler\/wp-json\/wp\/v2\/pages"}],"about":[{"href":"https:\/\/gsara.tv\/teletravailler\/wp-json\/wp\/v2\/types\/page"}],"author":[{"embeddable":true,"href":"https:\/\/gsara.tv\/teletravailler\/wp-json\/wp\/v2\/users\/2"}],"replies":[{"embeddable":true,"href":"https:\/\/gsara.tv\/teletravailler\/wp-json\/wp\/v2\/comments?post=71"}],"version-history":[{"count":4,"href":"https:\/\/gsara.tv\/teletravailler\/wp-json\/wp\/v2\/pages\/71\/revisions"}],"predecessor-version":[{"id":243,"href":"https:\/\/gsara.tv\/teletravailler\/wp-json\/wp\/v2\/pages\/71\/revisions\/243"}],"wp:attachment":[{"href":"https:\/\/gsara.tv\/teletravailler\/wp-json\/wp\/v2\/media?parent=71"}],"curies":[{"name":"wp","href":"https:\/\/api.w.org\/{rel}","templated":true}]}}